{"id":8795,"date":"2023-03-27T16:05:35","date_gmt":"2023-03-27T14:05:35","guid":{"rendered":"https:\/\/labeltech.ch\/groupe-armor\/"},"modified":"2023-03-29T15:58:18","modified_gmt":"2023-03-29T13:58:18","slug":"groupe-armor","status":"publish","type":"page","link":"https:\/\/labeltech.ch\/fr\/partenaire\/groupe-armor\/","title":{"rendered":"Groupe Armor"},"content":{"rendered":"<p><div class=\"fusion-fullwidth fullwidth-box fusion-builder-row-1 fusion-flex-container has-pattern-background has-mask-background nonhundred-percent-fullwidth non-hundred-percent-height-scrolling\" style=\"--awb-border-radius-top-left:0px;--awb-border-radius-top-right:0px;--awb-border-radius-bottom-right:0px;--awb-border-radius-bottom-left:0px;--awb-padding-top:20px;--awb-padding-bottom:20px;--awb-margin-top:-60px;--awb-background-color:#f8f8f8;--awb-flex-wrap:wrap;\" ><div class=\"fusion-builder-row fusion-row fusion-flex-align-items-center fusion-flex-content-wrap\" style=\"max-width:1248px;margin-left: calc(-4% \/ 2 );margin-right: calc(-4% \/ 2 );\"><div class=\"fusion-layout-column fusion_builder_column fusion-builder-column-0 fusion_builder_column_2_3 2_3 fusion-flex-column\" style=\"--awb-bg-size:cover;--awb-width-large:66.666666666667%;--awb-margin-top-large:20px;--awb-spacing-right-large:2.88%;--awb-margin-bottom-large:20px;--awb-spacing-left-large:2.88%;--awb-width-medium:100%;--awb-order-medium:0;--awb-spacing-right-medium:1.92%;--awb-spacing-left-medium:1.92%;--awb-width-small:100%;--awb-order-small:0;--awb-spacing-right-small:1.92%;--awb-spacing-left-small:1.92%;\"><div class=\"fusion-column-wrapper fusion-column-has-shadow fusion-flex-justify-content-flex-start fusion-content-layout-column\"><div class=\"fusion-title title fusion-title-1 fusion-sep-none fusion-title-text fusion-title-size-one\" style=\"--awb-margin-top-small:10px;--awb-margin-right-small:0px;--awb-margin-bottom-small:10px;--awb-margin-left-small:0px;\"><h1 class=\"fusion-title-heading title-heading-left fusion-responsive-typography-calculated\" style=\"margin:0;--fontSize:54;line-height:1.16;\">Groupe Armor<\/h1><\/div><div class=\"fusion-text fusion-text-1\"><p><strong>Leader du march\u00e9 des films \u00e0 transfert thermique<\/strong><\/p>\n<\/div><\/div><\/div><div class=\"fusion-layout-column fusion_builder_column fusion-builder-column-1 fusion_builder_column_1_3 1_3 fusion-flex-column\" style=\"--awb-bg-size:cover;--awb-width-large:33.333333333333%;--awb-margin-top-large:20px;--awb-spacing-right-large:5.76%;--awb-margin-bottom-large:20px;--awb-spacing-left-large:5.76%;--awb-width-medium:100%;--awb-order-medium:0;--awb-spacing-right-medium:1.92%;--awb-spacing-left-medium:1.92%;--awb-width-small:100%;--awb-order-small:0;--awb-spacing-right-small:1.92%;--awb-spacing-left-small:1.92%;\"><div class=\"fusion-column-wrapper fusion-column-has-shadow fusion-flex-justify-content-flex-start fusion-content-layout-column\"><div class=\"fusion-image-element \" style=\"--awb-caption-title-font-family:var(--h2_typography-font-family);--awb-caption-title-font-weight:var(--h2_typography-font-weight);--awb-caption-title-font-style:var(--h2_typography-font-style);--awb-caption-title-size:var(--h2_typography-font-size);--awb-caption-title-transform:var(--h2_typography-text-transform);--awb-caption-title-line-height:var(--h2_typography-line-height);--awb-caption-title-letter-spacing:var(--h2_typography-letter-spacing);\"><span class=\" fusion-imageframe imageframe-none imageframe-1 hover-type-none\" style=\"border-radius:15px;\"><img decoding=\"async\" width=\"400\" height=\"239\" alt=\"Armor\" title=\"armor-logo\" src=\"https:\/\/labeltech.ch\/wp-content\/uploads\/2019\/08\/armor-logo.png\" class=\"img-responsive wp-image-1922\" srcset=\"https:\/\/labeltech.ch\/wp-content\/uploads\/2019\/08\/armor-logo-200x120.png 200w, https:\/\/labeltech.ch\/wp-content\/uploads\/2019\/08\/armor-logo.png 400w\" sizes=\"(max-width: 1024px) 100vw, (max-width: 640px) 100vw, 400px\" \/><\/span><\/div><\/div><\/div><\/div><\/div><div class=\"fusion-fullwidth fullwidth-box fusion-builder-row-2 fusion-flex-container has-pattern-background has-mask-background nonhundred-percent-fullwidth non-hundred-percent-height-scrolling\" style=\"--awb-border-radius-top-left:0px;--awb-border-radius-top-right:0px;--awb-border-radius-bottom-right:0px;--awb-border-radius-bottom-left:0px;--awb-margin-top:50px;--awb-flex-wrap:wrap;\" ><div class=\"fusion-builder-row fusion-row fusion-flex-align-items-flex-start fusion-flex-content-wrap\" style=\"max-width:1248px;margin-left: calc(-4% \/ 2 );margin-right: calc(-4% \/ 2 );\"><div class=\"fusion-layout-column fusion_builder_column fusion-builder-column-2 fusion_builder_column_1_1 1_1 fusion-flex-column\" style=\"--awb-bg-size:cover;--awb-width-large:100%;--awb-margin-top-large:20px;--awb-spacing-right-large:1.92%;--awb-margin-bottom-large:20px;--awb-spacing-left-large:1.92%;--awb-width-medium:100%;--awb-order-medium:0;--awb-spacing-right-medium:1.92%;--awb-spacing-left-medium:1.92%;--awb-width-small:100%;--awb-order-small:0;--awb-spacing-right-small:1.92%;--awb-spacing-left-small:1.92%;\"><div class=\"fusion-column-wrapper fusion-column-has-shadow fusion-flex-justify-content-flex-start fusion-content-layout-column\"><div class=\"fusion-text fusion-text-2\"><p>Le groupe Armor se distingue par 90 ans d&#8217;exp\u00e9rience dans les technologies d&#8217;impression et de rev\u00eatement. La soci\u00e9t\u00e9 a \u00e9t\u00e9 fond\u00e9e en 1922 sous le nom de Galland &amp;amp ; Brochard \u00e0 Nantes, en France. La marque Armor est alors cr\u00e9\u00e9e en 1925, qui est la premi\u00e8re \u00e0 produire des films carbone en France en 1964. Quelques ann\u00e9es plus tard, Armor est devenue la premi\u00e8re entreprise en Europe \u00e0 poss\u00e9der la technologie du transfert thermique. Cela a donn\u00e9 le succ\u00e8s n\u00e9cessaire pour ouvrir un nouveau site de production \u00e0 La Chevroli\u00e8re, en France, 7 ans plus tard. Cela a \u00e9galement jet\u00e9 les bases du succ\u00e8s international de l&#8217;entreprise. En 1993, le groupe Armor a lanc\u00e9 les premi\u00e8res cartouches \u00e0 jet d&#8217;encre Armor. Au cours des ann\u00e9es suivantes, de plus en plus de sites Armor sp\u00e9cifiques \u00e0 un pays ont \u00e9t\u00e9 cr\u00e9\u00e9s, comme Armor USA et Armor Asia.<\/p>\n<\/div><\/div><\/div><div class=\"fusion-layout-column fusion_builder_column fusion-builder-column-3 fusion_builder_column_2_3 2_3 fusion-flex-column\" style=\"--awb-bg-size:cover;--awb-width-large:66.666666666667%;--awb-margin-top-large:20px;--awb-spacing-right-large:2.88%;--awb-margin-bottom-large:20px;--awb-spacing-left-large:2.88%;--awb-width-medium:100%;--awb-order-medium:0;--awb-spacing-right-medium:1.92%;--awb-spacing-left-medium:1.92%;--awb-width-small:100%;--awb-order-small:0;--awb-spacing-right-small:1.92%;--awb-spacing-left-small:1.92%;\"><div class=\"fusion-column-wrapper fusion-column-has-shadow fusion-flex-justify-content-flex-start fusion-content-layout-column\"><div class=\"fusion-title title fusion-title-2 fusion-sep-none fusion-title-text fusion-title-size-two\" style=\"--awb-margin-top-small:10px;--awb-margin-right-small:0px;--awb-margin-bottom-small:10px;--awb-margin-left-small:0px;\"><h2 class=\"fusion-title-heading title-heading-left fusion-responsive-typography-calculated\" style=\"margin:0;--fontSize:40;line-height:1.2;\">Autres \u00e9tapes<\/h2><\/div><div class=\"fusion-text fusion-text-3\"><p>En 2009, le groupe Armor a publi\u00e9 le processus Solfree. Il s&#8217;agit d&#8217;un processus de production sans solvant. Un an plus tard, l&#8217;entreprise a lanc\u00e9 un programme permettant de produire des films photovolta\u00efques organiques, fins et flexibles. En 2015, la gamme OWA a suivi, qui a \u00e9t\u00e9 la premi\u00e8re solution tout-en-un pour les cartouches d&#8217;imprimante \u00e9cologiques. Aujourd&#8217;hui, l&#8217;entreprise est le leader du march\u00e9 des films de transfert thermique et compte plus de 2 000 employ\u00e9s dans le monde. En tant que partenaire d&#8217;Armor, nous distribuons \u00e9galement certains des produits du fabricant et nous les connaissons bien. Si vous avez des questions ou besoin d&#8217;informations suppl\u00e9mentaires, n&#8217;h\u00e9sitez pas \u00e0 nous contacter.<\/p>\n<\/div><\/div><\/div><div class=\"fusion-layout-column fusion_builder_column fusion-builder-column-4 fusion_builder_column_1_3 1_3 fusion-flex-column fusion-flex-align-self-center\" style=\"--awb-bg-size:cover;--awb-width-large:33.333333333333%;--awb-margin-top-large:20px;--awb-spacing-right-large:5.76%;--awb-margin-bottom-large:20px;--awb-spacing-left-large:5.76%;--awb-width-medium:100%;--awb-order-medium:0;--awb-spacing-right-medium:1.92%;--awb-spacing-left-medium:1.92%;--awb-width-small:100%;--awb-order-small:0;--awb-spacing-right-small:1.92%;--awb-spacing-left-small:1.92%;\"><div class=\"fusion-column-wrapper fusion-column-has-shadow fusion-flex-justify-content-flex-start fusion-content-layout-column\"><div class=\"fusion-image-element \" style=\"--awb-caption-title-font-family:var(--h2_typography-font-family);--awb-caption-title-font-weight:var(--h2_typography-font-weight);--awb-caption-title-font-style:var(--h2_typography-font-style);--awb-caption-title-size:var(--h2_typography-font-size);--awb-caption-title-transform:var(--h2_typography-text-transform);--awb-caption-title-line-height:var(--h2_typography-line-height);--awb-caption-title-letter-spacing:var(--h2_typography-letter-spacing);\"><span class=\" fusion-imageframe imageframe-none imageframe-2 hover-type-none\" style=\"border-radius:15px;\"><img decoding=\"async\" width=\"600\" height=\"600\" alt=\"Film de transfert thermique DNP\" title=\"DNP_ribbons_color\" src=\"https:\/\/labeltech.ch\/wp-content\/uploads\/2019\/07\/DNP_ribbons_color.png\" class=\"img-responsive wp-image-1877\" srcset=\"https:\/\/labeltech.ch\/wp-content\/uploads\/2019\/07\/DNP_ribbons_color-200x200.png 200w, https:\/\/labeltech.ch\/wp-content\/uploads\/2019\/07\/DNP_ribbons_color-400x400.png 400w, https:\/\/labeltech.ch\/wp-content\/uploads\/2019\/07\/DNP_ribbons_color.png 600w\" sizes=\"(max-width: 1024px) 100vw, (max-width: 640px) 100vw, 400px\" \/><\/span><\/div><\/div><\/div><div class=\"fusion-layout-column fusion_builder_column fusion-builder-column-5 fusion_builder_column_1_1 1_1 fusion-flex-column\" style=\"--awb-bg-size:cover;--awb-width-large:100%;--awb-margin-top-large:20px;--awb-spacing-right-large:1.92%;--awb-margin-bottom-large:20px;--awb-spacing-left-large:1.92%;--awb-width-medium:100%;--awb-order-medium:0;--awb-spacing-right-medium:1.92%;--awb-spacing-left-medium:1.92%;--awb-width-small:100%;--awb-order-small:0;--awb-spacing-right-small:1.92%;--awb-spacing-left-small:1.92%;\"><div class=\"fusion-column-wrapper fusion-column-has-shadow fusion-flex-justify-content-flex-start fusion-content-layout-column\"><div class=\"fusion-title title fusion-title-3 fusion-sep-none fusion-title-text fusion-title-size-two\" style=\"--awb-margin-top-small:10px;--awb-margin-right-small:0px;--awb-margin-bottom-small:10px;--awb-margin-left-small:0px;\"><h2 class=\"fusion-title-heading title-heading-left fusion-responsive-typography-calculated\" style=\"margin:0;--fontSize:40;line-height:1.2;\">Les produits<\/h2><\/div><div class=\"fusion-text fusion-text-4\"><p>Le <a href=\"https:\/\/labeltech.ch\/fr\/produkt\/transfert-thermique\/\">film \u00e0 transfert thermique<\/a> du fabricant, en particulier, a convaincu de nombreux clients gr\u00e2ce \u00e0 sa technologie sans solvant. Ils sont utilis\u00e9s dans le domaine des \u00e9tiquettes et des labels pour imprimer des codes \u00e0 barres, des logos ou d&#8217;autres textes et informations sur les produits. De cette mani\u00e8re, le suivi global est possible. Il est donc n\u00e9cessaire que les mat\u00e9riaux soient particuli\u00e8rement robustes et durables. En outre, Armor Group propose des encres industrielles pour permettre l&#8217;impression sur des mat\u00e9riaux plus r\u00e9cents. Il s&#8217;agit par exemple de l&#8217;impression sur le verre, le plancher en bois ou les meubles, rendue possible gr\u00e2ce \u00e0 l&#8217;encre sp\u00e9ciale. De cette mani\u00e8re, diverses <a href=\"https:\/\/labeltech.ch\/fr\/solutions-dimpression\/\">solutions d&#8217;impression sont possibles pour de nombreux secteurs<\/a>.<\/p>\n<\/div><\/div><\/div><div class=\"fusion-layout-column fusion_builder_column fusion-builder-column-6 fusion_builder_column_1_1 1_1 fusion-flex-column\" style=\"--awb-bg-size:cover;--awb-width-large:100%;--awb-margin-top-large:20px;--awb-spacing-right-large:1.92%;--awb-margin-bottom-large:20px;--awb-spacing-left-large:1.92%;--awb-width-medium:100%;--awb-order-medium:0;--awb-spacing-right-medium:1.92%;--awb-spacing-left-medium:1.92%;--awb-width-small:100%;--awb-order-small:0;--awb-spacing-right-small:1.92%;--awb-spacing-left-small:1.92%;\"><div class=\"fusion-column-wrapper fusion-column-has-shadow fusion-flex-justify-content-flex-start fusion-content-layout-column\"><div class=\"fusion-title title fusion-title-4 fusion-sep-none fusion-title-text fusion-title-size-two\" style=\"--awb-margin-top-small:10px;--awb-margin-right-small:0px;--awb-margin-bottom-small:10px;--awb-margin-left-small:0px;\"><h2 class=\"fusion-title-heading title-heading-left fusion-responsive-typography-calculated\" style=\"margin:0;--fontSize:40;line-height:1.2;\">D\u00e9couvrez des solutions individuelles<\/h2><\/div><div class=\"fusion-text fusion-text-5\"><p>Si vous avez besoin des solutions sp\u00e9cifiques d&#8217;Armor pour votre syst\u00e8me d\u00e9j\u00e0 actif, nous sommes \u00e0 votre disposition pour vous conseiller. Mais si vous avez besoin d&#8217;un nouveau syst\u00e8me compos\u00e9 d&#8217;<a href=\"https:\/\/labeltech.ch\/produkte\/druckersysteme\/\">imprimantes d&#8217;\u00e9tiquettes<\/a> ou d&#8217;imprimantes industrielles, nous sommes \u00e9galement votre interlocuteur comp\u00e9tent. Vous avez besoin de cartes d&#8217;acc\u00e8s ou d&#8217;autres cartes pour votre entreprise ? Alors d\u00e9couvrez d\u00e8s maintenant nos <a href=\"https:\/\/labeltech.ch\/produkte\/kartendrucker\/\">imprimantes \u00e0 cartes<\/a>. Contactez-nous d\u00e8s maintenant et demandez une offre personnalis\u00e9e !<\/p>\n<\/div><div ><a class=\"fusion-button button-flat fusion-button-default-size button-default fusion-button-default button-1 fusion-button-default-span fusion-button-default-type\" target=\"_self\" href=\"https:\/\/labeltech.ch\/fr\/contact\/\"><span class=\"fusion-button-text awb-button__text awb-button__text--default\">Contactez-nous d\u00e8s maintenant pour une consultation individuelle !<\/span><\/a><\/div><\/div><\/div><\/div><\/div><\/p>\n","protected":false},"excerpt":{"rendered":"","protected":false},"author":2,"featured_media":0,"parent":8980,"menu_order":0,"comment_status":"closed","ping_status":"closed","template":"100-width.php","meta":{"footnotes":""},"class_list":["post-8795","page","type-page","status-publish","hentry"],"_links":{"self":[{"href":"https:\/\/labeltech.ch\/fr\/wp-json\/wp\/v2\/pages\/8795","targetHints":{"allow":["GET"]}}],"collection":[{"href":"https:\/\/labeltech.ch\/fr\/wp-json\/wp\/v2\/pages"}],"about":[{"href":"https:\/\/labeltech.ch\/fr\/wp-json\/wp\/v2\/types\/page"}],"author":[{"embeddable":true,"href":"https:\/\/labeltech.ch\/fr\/wp-json\/wp\/v2\/users\/2"}],"replies":[{"embeddable":true,"href":"https:\/\/labeltech.ch\/fr\/wp-json\/wp\/v2\/comments?post=8795"}],"version-history":[{"count":0,"href":"https:\/\/labeltech.ch\/fr\/wp-json\/wp\/v2\/pages\/8795\/revisions"}],"up":[{"embeddable":true,"href":"https:\/\/labeltech.ch\/fr\/wp-json\/wp\/v2\/pages\/8980"}],"wp:attachment":[{"href":"https:\/\/labeltech.ch\/fr\/wp-json\/wp\/v2\/media?parent=8795"}],"curies":[{"name":"wp","href":"https:\/\/api.w.org\/{rel}","templated":true}]}}