{"id":8803,"date":"2023-03-27T16:05:41","date_gmt":"2023-03-27T14:05:41","guid":{"rendered":"https:\/\/labeltech.ch\/calor-rtt\/"},"modified":"2025-01-20T14:36:31","modified_gmt":"2025-01-20T13:36:31","slug":"calor-rtt","status":"publish","type":"page","link":"https:\/\/labeltech.ch\/fr\/partenaire\/calor-rtt\/","title":{"rendered":"Calor RTT"},"content":{"rendered":"<p><div class=\"fusion-fullwidth fullwidth-box fusion-builder-row-1 fusion-flex-container has-pattern-background has-mask-background nonhundred-percent-fullwidth non-hundred-percent-height-scrolling\" style=\"--awb-border-radius-top-left:0px;--awb-border-radius-top-right:0px;--awb-border-radius-bottom-right:0px;--awb-border-radius-bottom-left:0px;--awb-padding-top:20px;--awb-padding-bottom:20px;--awb-margin-top:-60px;--awb-background-color:#f8f8f8;--awb-flex-wrap:wrap;\" ><div class=\"fusion-builder-row fusion-row fusion-flex-align-items-center fusion-flex-content-wrap\" style=\"max-width:1248px;margin-left: calc(-4% \/ 2 );margin-right: calc(-4% \/ 2 );\"><div class=\"fusion-layout-column fusion_builder_column fusion-builder-column-0 fusion_builder_column_2_3 2_3 fusion-flex-column\" style=\"--awb-bg-size:cover;--awb-width-large:66.666666666667%;--awb-margin-top-large:20px;--awb-spacing-right-large:2.88%;--awb-margin-bottom-large:20px;--awb-spacing-left-large:2.88%;--awb-width-medium:100%;--awb-order-medium:0;--awb-spacing-right-medium:1.92%;--awb-spacing-left-medium:1.92%;--awb-width-small:100%;--awb-order-small:0;--awb-spacing-right-small:1.92%;--awb-spacing-left-small:1.92%;\"><div class=\"fusion-column-wrapper fusion-column-has-shadow fusion-flex-justify-content-flex-start fusion-content-layout-column\"><div class=\"fusion-title title fusion-title-1 fusion-sep-none fusion-title-text fusion-title-size-one\" style=\"--awb-margin-top-small:10px;--awb-margin-right-small:0px;--awb-margin-bottom-small:10px;--awb-margin-left-small:0px;\"><h1 class=\"fusion-title-heading title-heading-left fusion-responsive-typography-calculated\" style=\"margin:0;--fontSize:54;line-height:1.16;\">Calor RTT<\/h1><\/div><div class=\"fusion-text fusion-text-1\"><p><strong>Les meilleurs fabricants, enducteurs et fournisseurs de rubans \u00e0 transfert thermique<\/strong><\/p>\n<\/div><\/div><\/div><div class=\"fusion-layout-column fusion_builder_column fusion-builder-column-1 fusion_builder_column_1_3 1_3 fusion-flex-column\" style=\"--awb-bg-size:cover;--awb-width-large:33.333333333333%;--awb-margin-top-large:20px;--awb-spacing-right-large:5.76%;--awb-margin-bottom-large:20px;--awb-spacing-left-large:5.76%;--awb-width-medium:100%;--awb-order-medium:0;--awb-spacing-right-medium:1.92%;--awb-spacing-left-medium:1.92%;--awb-width-small:100%;--awb-order-small:0;--awb-spacing-right-small:1.92%;--awb-spacing-left-small:1.92%;\"><div class=\"fusion-column-wrapper fusion-column-has-shadow fusion-flex-justify-content-flex-start fusion-content-layout-column\"><div class=\"fusion-image-element \" style=\"--awb-caption-title-font-family:var(--h2_typography-font-family);--awb-caption-title-font-weight:var(--h2_typography-font-weight);--awb-caption-title-font-style:var(--h2_typography-font-style);--awb-caption-title-size:var(--h2_typography-font-size);--awb-caption-title-transform:var(--h2_typography-text-transform);--awb-caption-title-line-height:var(--h2_typography-line-height);--awb-caption-title-letter-spacing:var(--h2_typography-letter-spacing);\"><span class=\" fusion-imageframe imageframe-none imageframe-1 hover-type-none\" style=\"border-radius:15px;\"><img decoding=\"async\" width=\"400\" height=\"239\" alt=\"Calor Regma\" title=\"calor-regma-logo\" src=\"https:\/\/labeltech.ch\/wp-content\/uploads\/2019\/08\/calor-regma-logo.png\" class=\"img-responsive wp-image-1936\" srcset=\"https:\/\/labeltech.ch\/wp-content\/uploads\/2019\/08\/calor-regma-logo-350x209.png 350w, https:\/\/labeltech.ch\/wp-content\/uploads\/2019\/08\/calor-regma-logo.png 400w\" sizes=\"(max-width: 400px) 100vw, 400px\" \/><\/span><\/div><\/div><\/div><\/div><\/div><div class=\"fusion-fullwidth fullwidth-box fusion-builder-row-2 fusion-flex-container has-pattern-background has-mask-background nonhundred-percent-fullwidth non-hundred-percent-height-scrolling\" style=\"--awb-border-radius-top-left:0px;--awb-border-radius-top-right:0px;--awb-border-radius-bottom-right:0px;--awb-border-radius-bottom-left:0px;--awb-margin-top:50px;--awb-flex-wrap:wrap;\" ><div class=\"fusion-builder-row fusion-row fusion-flex-align-items-flex-start fusion-flex-content-wrap\" style=\"max-width:1248px;margin-left: calc(-4% \/ 2 );margin-right: calc(-4% \/ 2 );\"><div class=\"fusion-layout-column fusion_builder_column fusion-builder-column-2 fusion_builder_column_1_1 1_1 fusion-flex-column\" style=\"--awb-bg-size:cover;--awb-width-large:100%;--awb-margin-top-large:20px;--awb-spacing-right-large:1.92%;--awb-margin-bottom-large:20px;--awb-spacing-left-large:1.92%;--awb-width-medium:100%;--awb-order-medium:0;--awb-spacing-right-medium:1.92%;--awb-spacing-left-medium:1.92%;--awb-width-small:100%;--awb-order-small:0;--awb-spacing-right-small:1.92%;--awb-spacing-left-small:1.92%;\"><div class=\"fusion-column-wrapper fusion-column-has-shadow fusion-flex-justify-content-flex-start fusion-content-layout-column\"><div class=\"fusion-text fusion-text-2\"><p>Avec REGMA, CALOR forme un groupe d&#8217;entreprises franco-allemand qui s&#8217;occupe exclusivement du d\u00e9veloppement, de la production et de la distribution de rubans de transfert thermique. Ce film est constitu\u00e9 de plusieurs couches empil\u00e9es et est utilis\u00e9 dans l&#8217;impression thermique, o\u00f9 l&#8217;encre est transf\u00e9r\u00e9e sur l&#8217;\u00e9tiquette \u00e0 l&#8217;aide de la chaleur de la t\u00eate thermique. Calor RTT attache une importance particuli\u00e8re \u00e0 la haute qualit\u00e9 de ses rubans et ceci \u00e0 des prix avantageux.<\/p>\n<\/div><\/div><\/div><div class=\"fusion-layout-column fusion_builder_column fusion-builder-column-3 fusion_builder_column_1_1 1_1 fusion-flex-column\" style=\"--awb-bg-size:cover;--awb-width-large:100%;--awb-margin-top-large:20px;--awb-spacing-right-large:1.92%;--awb-margin-bottom-large:20px;--awb-spacing-left-large:1.92%;--awb-width-medium:100%;--awb-order-medium:0;--awb-spacing-right-medium:1.92%;--awb-spacing-left-medium:1.92%;--awb-width-small:100%;--awb-order-small:0;--awb-spacing-right-small:1.92%;--awb-spacing-left-small:1.92%;\"><div class=\"fusion-column-wrapper fusion-column-has-shadow fusion-flex-justify-content-flex-start fusion-content-layout-column\"><div class=\"fusion-title title fusion-title-2 fusion-sep-none fusion-title-text fusion-title-size-two\" style=\"--awb-margin-top-small:10px;--awb-margin-right-small:0px;--awb-margin-bottom-small:10px;--awb-margin-left-small:0px;\"><h2 class=\"fusion-title-heading title-heading-left fusion-responsive-typography-calculated\" style=\"margin:0;--fontSize:40;line-height:1.2;\">Histoire<\/h2><\/div><div class=\"fusion-text fusion-text-3\"><p>Depuis 1986, les premiers rubans enduits sont d\u00e9velopp\u00e9s en Normandie chez REGMA. Entre-temps, l&#8217;entreprise se concentre principalement sur les <a href=\"https:\/\/labeltech.ch\/fr\/produkt\/transfert-thermique\/\">films \u00e0 transfert thermique<\/a> pour des applications sp\u00e9ciales dans diff\u00e9rents domaines, comme l&#8217;impression de tickets ou d&#8217;\u00e9tiquettes.<\/p>\n<p>Calor, quant \u00e0 lui, n&#8217;est pr\u00e9sent sur le march\u00e9 que depuis 1991, mais a su s&#8217;imposer sur le march\u00e9 mondial et compte aujourd&#8217;hui parmi ses partenaires de nombreuses entreprises reconnues et respect\u00e9es, \u00e9galement actives dans le domaine des rev\u00eatements.<\/p>\n<\/div><\/div><\/div><div class=\"fusion-layout-column fusion_builder_column fusion-builder-column-4 fusion_builder_column_1_1 1_1 fusion-flex-column\" style=\"--awb-bg-size:cover;--awb-width-large:100%;--awb-margin-top-large:20px;--awb-spacing-right-large:1.92%;--awb-margin-bottom-large:20px;--awb-spacing-left-large:1.92%;--awb-width-medium:100%;--awb-order-medium:0;--awb-spacing-right-medium:1.92%;--awb-spacing-left-medium:1.92%;--awb-width-small:100%;--awb-order-small:0;--awb-spacing-right-small:1.92%;--awb-spacing-left-small:1.92%;\"><div class=\"fusion-column-wrapper fusion-column-has-shadow fusion-flex-justify-content-flex-start fusion-content-layout-column\"><div class=\"fusion-title title fusion-title-3 fusion-sep-none fusion-title-text fusion-title-size-two\" style=\"--awb-margin-top-small:10px;--awb-margin-right-small:0px;--awb-margin-bottom-small:10px;--awb-margin-left-small:0px;\"><h2 class=\"fusion-title-heading title-heading-left fusion-responsive-typography-calculated\" style=\"margin:0;--fontSize:40;line-height:1.2;\">Les rubans de transfert thermique contribuent \u00e0 la s\u00e9curit\u00e9<\/h2><\/div><div class=\"fusion-text fusion-text-4\"><p>Il y a quelques ann\u00e9es, la soci\u00e9t\u00e9 a pr\u00e9sent\u00e9 de nouveaux types de rubans pour les applications de s\u00e9curit\u00e9 lors d&#8217;un Labelexpo. Il s&#8217;agit de pigments de qualit\u00e9 r\u00e9sine qui sont fluorescents sous la lumi\u00e8re UV. Ce ruban sp\u00e9cial est utilis\u00e9 dans le secteur de la sant\u00e9, pour les produits de marque, les billets d&#8217;entr\u00e9e et, d&#8217;une mani\u00e8re g\u00e9n\u00e9rale, partout pour faciliter la d\u00e9tection des contrefa\u00e7ons et renforcer ainsi la s\u00e9curit\u00e9. La fluorescence s&#8217;est d&#8217;abord traduite par une encre noire, qui brille en jaune\/vert sous l&#8217;effet de la lumi\u00e8re UV, mais le processus a donn\u00e9 naissance \u00e0 diff\u00e9rentes qualit\u00e9s de r\u00e9sistance ainsi qu&#8217;\u00e0 diff\u00e9rentes couleurs, qui sont utilis\u00e9es pour stimuler le d\u00e9veloppement de nouvelles variantes de produits.<\/p>\n<\/div><\/div><\/div><\/div><\/div><div class=\"fusion-fullwidth fullwidth-box fusion-builder-row-3 fusion-flex-container has-pattern-background has-mask-background nonhundred-percent-fullwidth non-hundred-percent-height-scrolling\" style=\"--awb-border-radius-top-left:0px;--awb-border-radius-top-right:0px;--awb-border-radius-bottom-right:0px;--awb-border-radius-bottom-left:0px;--awb-padding-top:20px;--awb-padding-bottom:20px;--awb-background-color:#f8f8f8;--awb-flex-wrap:wrap;\" ><div class=\"fusion-builder-row fusion-row fusion-flex-align-items-flex-start fusion-flex-content-wrap\" style=\"max-width:1248px;margin-left: calc(-4% \/ 2 );margin-right: calc(-4% \/ 2 );\"><div class=\"fusion-layout-column fusion_builder_column fusion-builder-column-5 fusion_builder_column_1_1 1_1 fusion-flex-column\" style=\"--awb-bg-size:cover;--awb-width-large:100%;--awb-margin-top-large:20px;--awb-spacing-right-large:1.92%;--awb-margin-bottom-large:20px;--awb-spacing-left-large:1.92%;--awb-width-medium:100%;--awb-order-medium:0;--awb-spacing-right-medium:1.92%;--awb-spacing-left-medium:1.92%;--awb-width-small:100%;--awb-order-small:0;--awb-spacing-right-small:1.92%;--awb-spacing-left-small:1.92%;\"><div class=\"fusion-column-wrapper fusion-column-has-shadow fusion-flex-justify-content-flex-start fusion-content-layout-column\"><div class=\"fusion-title title fusion-title-4 fusion-sep-none fusion-title-text fusion-title-size-two\" style=\"--awb-margin-top-small:10px;--awb-margin-right-small:0px;--awb-margin-bottom-small:10px;--awb-margin-left-small:0px;\"><h2 class=\"fusion-title-heading title-heading-left fusion-responsive-typography-calculated\" style=\"margin:0;--fontSize:40;line-height:1.2;\">Les produits<\/h2><\/div><div class=\"fusion-text fusion-text-5\"><p>La gamme de produits de l&#8217;entreprise dirig\u00e9e par Andreas Emonts-pohl comprend des rubans de transfert thermique dans les qualit\u00e9s cire, cire-r\u00e9sine et r\u00e9sine pour les imprimantes \u00e9quip\u00e9es de t\u00eates d&#8217;impression \u00e0 t\u00eate plate ou \u00e0 bords rapproch\u00e9s. Les rubans peuvent tous \u00eatre utilis\u00e9s de diff\u00e9rentes mani\u00e8res et convainquent notamment les clients par le fait que l&#8217;impression sur diverses surfaces, par exemple le papier ou les cartes en PVC, est tr\u00e8s durable. L&#8217;essuyage, les rayures et divers liquides et produits chimiques n&#8217;endommagent pas les films enduits de qualit\u00e9 r\u00e9sine.<\/p>\n<p>Gr\u00e2ce \u00e0 des ann\u00e9es d&#8217;exp\u00e9rience, Calor RTT sait quels sont les souhaits sp\u00e9cifiques des clients qui sont importants. C&#8217;est pourquoi, en plus des produits personnalis\u00e9s, ils proposent \u00e9galement le programme de base &#8220;compact&#8221; sp\u00e9cialement d\u00e9velopp\u00e9 \u00e0 cet effet. Apr\u00e8s avoir \u00e9valu\u00e9 les longueurs, largeurs et types de rouleaux les plus vendus, ils ont d\u00e9cid\u00e9 de lancer un ruban \u00e0 transfert thermique qui couvre presque toutes les normes possibles. Cela signifie que cette machine polyvalente peut \u00eatre utilis\u00e9e pour 90 % du march\u00e9 de l&#8217;impression d&#8217;\u00e9tiquettes industrielles.<\/p>\n<p>Afin de satisfaire non seulement la grande masse, mais aussi de pouvoir produire des rubans sp\u00e9ciaux pour les clients en plus des rubans normaux, 98 couleurs diff\u00e9rentes sont disponibles \u00e0 la vente en plus du noir. En outre, Calor \/ RTT accepte d&#8217;int\u00e9grer une \u00e9tape suppl\u00e9mentaire dans son processus, avec laquelle elle peut \u00e9laborer des couleurs sp\u00e9ciales sur demande.<\/p>\n<\/div><\/div><\/div><\/div><\/div><div class=\"fusion-fullwidth fullwidth-box fusion-builder-row-4 fusion-flex-container has-pattern-background has-mask-background nonhundred-percent-fullwidth non-hundred-percent-height-scrolling\" style=\"--awb-border-radius-top-left:0px;--awb-border-radius-top-right:0px;--awb-border-radius-bottom-right:0px;--awb-border-radius-bottom-left:0px;--awb-margin-top:50px;--awb-flex-wrap:wrap;\" ><div class=\"fusion-builder-row fusion-row fusion-flex-align-items-flex-start fusion-flex-content-wrap\" style=\"max-width:1248px;margin-left: calc(-4% \/ 2 );margin-right: calc(-4% \/ 2 );\"><div class=\"fusion-layout-column fusion_builder_column fusion-builder-column-6 fusion_builder_column_1_1 1_1 fusion-flex-column\" style=\"--awb-bg-size:cover;--awb-width-large:100%;--awb-margin-top-large:20px;--awb-spacing-right-large:1.92%;--awb-margin-bottom-large:20px;--awb-spacing-left-large:1.92%;--awb-width-medium:100%;--awb-order-medium:0;--awb-spacing-right-medium:1.92%;--awb-spacing-left-medium:1.92%;--awb-width-small:100%;--awb-order-small:0;--awb-spacing-right-small:1.92%;--awb-spacing-left-small:1.92%;\"><div class=\"fusion-column-wrapper fusion-column-has-shadow fusion-flex-justify-content-flex-start fusion-content-layout-column\"><div class=\"fusion-title title fusion-title-5 fusion-sep-none fusion-title-text fusion-title-size-two\" style=\"--awb-margin-top-small:10px;--awb-margin-right-small:0px;--awb-margin-bottom-small:10px;--awb-margin-left-small:0px;\"><h2 class=\"fusion-title-heading title-heading-left fusion-responsive-typography-calculated\" style=\"margin:0;--fontSize:40;line-height:1.2;\">\u00c9galement disponible chez nous<\/h2><\/div><div class=\"fusion-text fusion-text-6\"><p>Gr\u00e2ce \u00e0 notre partenariat avec Calor \/ RTT, nous avons la chance de pouvoir \u00e9galement proposer les rubans de transfert thermique de haute qualit\u00e9. Nous serons heureux de vous conseiller sur les produits qui vous conviennent et sur vos objectifs sp\u00e9cifiques. Contactez-nous et nous trouverons ensemble une solution pour votre entreprise.<\/p>\n<\/div><div ><a class=\"fusion-button button-flat fusion-button-default-size button-default fusion-button-default button-1 fusion-button-default-span fusion-button-default-type\" target=\"_self\" href=\"https:\/\/labeltech.ch\/fr\/contact\/\"><span class=\"fusion-button-text awb-button__text awb-button__text--default\">Contactez-nous d\u00e8s maintenant pour une consultation individuelle !<\/span><\/a><\/div><\/div><\/div><\/div><\/div><\/p>\n","protected":false},"excerpt":{"rendered":"","protected":false},"author":2,"featured_media":1936,"parent":8980,"menu_order":0,"comment_status":"closed","ping_status":"closed","template":"100-width.php","meta":{"footnotes":""},"class_list":["post-8803","page","type-page","status-publish","has-post-thumbnail","hentry"],"_links":{"self":[{"href":"https:\/\/labeltech.ch\/fr\/wp-json\/wp\/v2\/pages\/8803","targetHints":{"allow":["GET"]}}],"collection":[{"href":"https:\/\/labeltech.ch\/fr\/wp-json\/wp\/v2\/pages"}],"about":[{"href":"https:\/\/labeltech.ch\/fr\/wp-json\/wp\/v2\/types\/page"}],"author":[{"embeddable":true,"href":"https:\/\/labeltech.ch\/fr\/wp-json\/wp\/v2\/users\/2"}],"replies":[{"embeddable":true,"href":"https:\/\/labeltech.ch\/fr\/wp-json\/wp\/v2\/comments?post=8803"}],"version-history":[{"count":0,"href":"https:\/\/labeltech.ch\/fr\/wp-json\/wp\/v2\/pages\/8803\/revisions"}],"up":[{"embeddable":true,"href":"https:\/\/labeltech.ch\/fr\/wp-json\/wp\/v2\/pages\/8980"}],"wp:featuredmedia":[{"embeddable":true,"href":"https:\/\/labeltech.ch\/fr\/wp-json\/wp\/v2\/media\/1936"}],"wp:attachment":[{"href":"https:\/\/labeltech.ch\/fr\/wp-json\/wp\/v2\/media?parent=8803"}],"curies":[{"name":"wp","href":"https:\/\/api.w.org\/{rel}","templated":true}]}}