{"id":8821,"date":"2023-03-27T16:06:08","date_gmt":"2023-03-27T14:06:08","guid":{"rendered":"https:\/\/labeltech.ch\/printronix\/"},"modified":"2023-04-17T15:36:39","modified_gmt":"2023-04-17T13:36:39","slug":"printronix","status":"publish","type":"page","link":"https:\/\/labeltech.ch\/fr\/partenaire\/printronix\/","title":{"rendered":"Printronix"},"content":{"rendered":"<p><div class=\"fusion-fullwidth fullwidth-box fusion-builder-row-1 fusion-flex-container has-pattern-background has-mask-background nonhundred-percent-fullwidth non-hundred-percent-height-scrolling\" style=\"--awb-border-radius-top-left:0px;--awb-border-radius-top-right:0px;--awb-border-radius-bottom-right:0px;--awb-border-radius-bottom-left:0px;--awb-padding-top:20px;--awb-padding-bottom:20px;--awb-margin-top:-60px;--awb-background-color:#f8f8f8;--awb-flex-wrap:wrap;\" ><div class=\"fusion-builder-row fusion-row fusion-flex-align-items-center fusion-flex-content-wrap\" style=\"max-width:1248px;margin-left: calc(-4% \/ 2 );margin-right: calc(-4% \/ 2 );\"><div class=\"fusion-layout-column fusion_builder_column fusion-builder-column-0 fusion_builder_column_2_3 2_3 fusion-flex-column\" style=\"--awb-bg-size:cover;--awb-width-large:66.666666666667%;--awb-margin-top-large:20px;--awb-spacing-right-large:2.88%;--awb-margin-bottom-large:20px;--awb-spacing-left-large:2.88%;--awb-width-medium:100%;--awb-order-medium:0;--awb-spacing-right-medium:1.92%;--awb-spacing-left-medium:1.92%;--awb-width-small:100%;--awb-order-small:0;--awb-spacing-right-small:1.92%;--awb-spacing-left-small:1.92%;\"><div class=\"fusion-column-wrapper fusion-column-has-shadow fusion-flex-justify-content-flex-start fusion-content-layout-column\"><div class=\"fusion-title title fusion-title-1 fusion-sep-none fusion-title-text fusion-title-size-one\" style=\"--awb-margin-top-small:10px;--awb-margin-right-small:0px;--awb-margin-bottom-small:10px;--awb-margin-left-small:0px;\"><h1 class=\"fusion-title-heading title-heading-left fusion-responsive-typography-calculated\" style=\"margin:0;--fontSize:54;line-height:1.16;\"><p class=\"av-special-heading-tag\">Printronix<\/p><\/h1><\/div><div class=\"fusion-text fusion-text-1\"><p><strong>Le fabricant d&#8217;imprimantes matricielles ligne et de validation de codes \u00e0 barres<\/strong><\/p>\n<\/div><\/div><\/div><div class=\"fusion-layout-column fusion_builder_column fusion-builder-column-1 fusion_builder_column_1_3 1_3 fusion-flex-column\" style=\"--awb-bg-size:cover;--awb-width-large:33.333333333333%;--awb-margin-top-large:20px;--awb-spacing-right-large:5.76%;--awb-margin-bottom-large:20px;--awb-spacing-left-large:5.76%;--awb-width-medium:100%;--awb-order-medium:0;--awb-spacing-right-medium:1.92%;--awb-spacing-left-medium:1.92%;--awb-width-small:100%;--awb-order-small:0;--awb-spacing-right-small:1.92%;--awb-spacing-left-small:1.92%;\"><div class=\"fusion-column-wrapper fusion-column-has-shadow fusion-flex-justify-content-flex-start fusion-content-layout-column\"><div class=\"fusion-image-element \" style=\"--awb-caption-title-font-family:var(--h2_typography-font-family);--awb-caption-title-font-weight:var(--h2_typography-font-weight);--awb-caption-title-font-style:var(--h2_typography-font-style);--awb-caption-title-size:var(--h2_typography-font-size);--awb-caption-title-transform:var(--h2_typography-text-transform);--awb-caption-title-line-height:var(--h2_typography-line-height);--awb-caption-title-letter-spacing:var(--h2_typography-letter-spacing);\"><span class=\" fusion-imageframe imageframe-none imageframe-1 hover-type-none\" style=\"border-radius:15px;\"><img decoding=\"async\" width=\"350\" height=\"209\" alt=\"Printronix Auto ID\" title=\"Printronix\" src=\"https:\/\/labeltech.ch\/wp-content\/uploads\/2019\/08\/Printronix-350x209.png\" class=\"img-responsive wp-image-1939\" srcset=\"https:\/\/labeltech.ch\/wp-content\/uploads\/2019\/08\/Printronix-200x120.png 200w, https:\/\/labeltech.ch\/wp-content\/uploads\/2019\/08\/Printronix.png 400w\" sizes=\"(max-width: 1024px) 100vw, (max-width: 640px) 100vw, 350px\" \/><\/span><\/div><\/div><\/div><\/div><\/div><div class=\"fusion-fullwidth fullwidth-box fusion-builder-row-2 fusion-flex-container has-pattern-background has-mask-background nonhundred-percent-fullwidth non-hundred-percent-height-scrolling\" style=\"--awb-border-radius-top-left:0px;--awb-border-radius-top-right:0px;--awb-border-radius-bottom-right:0px;--awb-border-radius-bottom-left:0px;--awb-margin-top:50px;--awb-flex-wrap:wrap;\" ><div class=\"fusion-builder-row fusion-row fusion-flex-align-items-flex-start fusion-flex-content-wrap\" style=\"max-width:1248px;margin-left: calc(-4% \/ 2 );margin-right: calc(-4% \/ 2 );\"><div class=\"fusion-layout-column fusion_builder_column fusion-builder-column-2 fusion_builder_column_1_1 1_1 fusion-flex-column\" style=\"--awb-bg-size:cover;--awb-width-large:100%;--awb-margin-top-large:20px;--awb-spacing-right-large:1.92%;--awb-margin-bottom-large:20px;--awb-spacing-left-large:1.92%;--awb-width-medium:100%;--awb-order-medium:0;--awb-spacing-right-medium:1.92%;--awb-spacing-left-medium:1.92%;--awb-width-small:100%;--awb-order-small:0;--awb-spacing-right-small:1.92%;--awb-spacing-left-small:1.92%;\"><div class=\"fusion-column-wrapper fusion-column-has-shadow fusion-flex-justify-content-flex-start fusion-content-layout-column\"><div class=\"fusion-text fusion-text-2\"><p>Printronix est un fabricant am\u00e9ricain d&#8217;imprimantes matricielles ligne et de solutions d&#8217;impression \u00e0 usage industriel. Ils veillent dans le monde entier \u00e0 ce que les clients dans le domaine des solutions d&#8217;impression industrielles critiques soient approvisionn\u00e9s en imprimantes et en syst\u00e8me. Les imprimantes Printronix sont particuli\u00e8rement appr\u00e9ci\u00e9es dans les secteurs de la fabrication, de la distribution, du commerce et de l&#8217;administration. Pour r\u00e9pondre aux exigences \u00e9lev\u00e9es de l&#8217;industrie, ils doivent \u00eatre performants et fiables. C&#8217;est pourquoi ils sont \u00e9galement connus pour leur facilit\u00e9 d&#8217;utilisation, leur flexibilit\u00e9, leur durabilit\u00e9 ainsi que pour les nombreuses fonctions innovantes des imprimantes. Outre la <a href=\"https:\/\/labeltech.ch\/fr\/produkt\/printronix-odv-2d\/\">validation des codes-barres ODV-2D<\/a>, ils sont \u00e9galement \u00e0 la pointe dans le domaine de la RFID.<\/p>\n<\/div><\/div><\/div><div class=\"fusion-layout-column fusion_builder_column fusion-builder-column-3 fusion_builder_column_1_1 1_1 fusion-flex-column\" style=\"--awb-bg-size:cover;--awb-width-large:100%;--awb-margin-top-large:20px;--awb-spacing-right-large:1.92%;--awb-margin-bottom-large:20px;--awb-spacing-left-large:1.92%;--awb-width-medium:100%;--awb-order-medium:0;--awb-spacing-right-medium:1.92%;--awb-spacing-left-medium:1.92%;--awb-width-small:100%;--awb-order-small:0;--awb-spacing-right-small:1.92%;--awb-spacing-left-small:1.92%;\"><div class=\"fusion-column-wrapper fusion-column-has-shadow fusion-flex-justify-content-flex-start fusion-content-layout-column\"><div class=\"fusion-title title fusion-title-2 fusion-sep-none fusion-title-text fusion-title-size-two\" style=\"--awb-margin-top-small:10px;--awb-margin-right-small:0px;--awb-margin-bottom-small:10px;--awb-margin-left-small:0px;\"><h2 class=\"fusion-title-heading title-heading-left fusion-responsive-typography-calculated\" style=\"margin:0;--fontSize:40;line-height:1.2;\">Printronix Auto ID<\/h2><\/div><div class=\"fusion-text fusion-text-3\"><p>La sous-marque du c\u00e9l\u00e8bre fabricant est charg\u00e9e de la fabrication d&#8217;imprimantes thermiques et <a href=\"https:\/\/labeltech.ch\/fr\/produkt\/printronix-odv-2d\/\">de solutions de validation de codes \u00e0 barres<\/a>. La solution de validation ODV est particuli\u00e8rement appr\u00e9ci\u00e9e dans le secteur de la sant\u00e9 et d&#8217;autres secteurs, car elle r\u00e9pond aux exigences \u00e9lev\u00e9es en mati\u00e8re d&#8217;\u00e9tiquettes. Celle-ci imprime et valide une large gamme de codes \u00e0 barres 1D et 2D \u00e0 une vitesse allant jusqu&#8217;\u00e0 200 mm\/sec. L&#8217;architecture syst\u00e8me Printronix (PSA) est \u00e9galement une plateforme de conception intelligente qui simplifie le remplacement des imprimantes Printronix et augmente la productivit\u00e9. Il comprend diff\u00e9rentes fonctions et outils qui facilitent la gestion de tout un parc d&#8217;imprimantes.<\/p>\n<\/div><\/div><\/div><div class=\"fusion-layout-column fusion_builder_column fusion-builder-column-4 fusion_builder_column_1_2 1_2 fusion-flex-column fusion-flex-align-self-stretch\" style=\"--awb-padding-top:30px;--awb-padding-right:30px;--awb-padding-bottom:30px;--awb-padding-left:30px;--awb-overflow:hidden;--awb-bg-size:cover;--awb-box-shadow:0px 20px 30px 0px rgba(0,0,0,0.1);;--awb-border-radius:30px 30px 30px 30px;--awb-transform:translateY(0px);--awb-transform-hover:translateY(-10px);--awb-width-large:50%;--awb-margin-top-large:20px;--awb-spacing-right-large:3.84%;--awb-margin-bottom-large:20px;--awb-spacing-left-large:3.84%;--awb-width-medium:100%;--awb-order-medium:0;--awb-spacing-right-medium:1.92%;--awb-spacing-left-medium:1.92%;--awb-width-small:100%;--awb-order-small:0;--awb-spacing-right-small:1.92%;--awb-spacing-left-small:1.92%;\"><div class=\"fusion-column-wrapper fusion-column-has-shadow fusion-flex-justify-content-space-between fusion-content-layout-column\"><div class=\"fusion-image-element \" style=\"text-align:center;--awb-caption-title-font-family:var(--h2_typography-font-family);--awb-caption-title-font-weight:var(--h2_typography-font-weight);--awb-caption-title-font-style:var(--h2_typography-font-style);--awb-caption-title-size:var(--h2_typography-font-size);--awb-caption-title-transform:var(--h2_typography-text-transform);--awb-caption-title-line-height:var(--h2_typography-line-height);--awb-caption-title-letter-spacing:var(--h2_typography-letter-spacing);\"><span class=\" fusion-imageframe imageframe-none imageframe-2 hover-type-none\" style=\"border-radius:15px;\"><img decoding=\"async\" width=\"300\" height=\"300\" alt=\"Printronix t5000\" title=\"Printronix t5000\" src=\"https:\/\/labeltech.ch\/wp-content\/uploads\/2021\/06\/MicrosoftTeams-image-6.png\" class=\"img-responsive wp-image-5413\" srcset=\"https:\/\/labeltech.ch\/wp-content\/uploads\/2021\/06\/MicrosoftTeams-image-6-200x200.png 200w, https:\/\/labeltech.ch\/wp-content\/uploads\/2021\/06\/MicrosoftTeams-image-6.png 300w\" sizes=\"(max-width: 1024px) 100vw, (max-width: 640px) 100vw, 300px\" \/><\/span><\/div><div class=\"fusion-text fusion-text-4\"><h3 class=\"av-special-heading-tag\">S\u00e9rie T8000<\/h3>\n<p>Les mod\u00e8les de Printronix Auto ID sont d\u00e9sign\u00e9s par un T, comme la T6000 ou la Printronix T8000. La T8000 fait partie des imprimantes haut de gamme, car elle est particuli\u00e8rement robuste et r\u00e9siste aux exigences les plus \u00e9lev\u00e9es dans le domaine industriel. Celui-ci dispose \u00e9galement de nombreuses options de connectivit\u00e9, comme USB, Ethernet, Wi-Fi ainsi que RS232.<\/p>\n<\/div><\/div><\/div><div class=\"fusion-layout-column fusion_builder_column fusion-builder-column-5 fusion_builder_column_1_2 1_2 fusion-flex-column fusion-flex-align-self-stretch\" style=\"--awb-padding-top:30px;--awb-padding-right:30px;--awb-padding-bottom:30px;--awb-padding-left:30px;--awb-overflow:hidden;--awb-bg-size:cover;--awb-box-shadow:0px 20px 30px 0px rgba(0,0,0,0.1);;--awb-border-radius:30px 30px 30px 30px;--awb-transform:translateY(0px);--awb-transform-hover:translateY(-10px);--awb-width-large:50%;--awb-margin-top-large:20px;--awb-spacing-right-large:3.84%;--awb-margin-bottom-large:20px;--awb-spacing-left-large:3.84%;--awb-width-medium:100%;--awb-order-medium:0;--awb-spacing-right-medium:1.92%;--awb-spacing-left-medium:1.92%;--awb-width-small:100%;--awb-order-small:0;--awb-spacing-right-small:1.92%;--awb-spacing-left-small:1.92%;\"><div class=\"fusion-column-wrapper fusion-column-has-shadow fusion-flex-justify-content-space-between fusion-content-layout-column\"><div class=\"fusion-image-element \" style=\"text-align:center;--awb-caption-title-font-family:var(--h2_typography-font-family);--awb-caption-title-font-weight:var(--h2_typography-font-weight);--awb-caption-title-font-style:var(--h2_typography-font-style);--awb-caption-title-size:var(--h2_typography-font-size);--awb-caption-title-transform:var(--h2_typography-text-transform);--awb-caption-title-line-height:var(--h2_typography-line-height);--awb-caption-title-letter-spacing:var(--h2_typography-letter-spacing);\"><span class=\" fusion-imageframe imageframe-none imageframe-3 hover-type-none\" style=\"border-radius:15px;\"><img decoding=\"async\" width=\"300\" height=\"300\" alt=\"Printronix t5000\" title=\"Printronix t5000\" src=\"https:\/\/labeltech.ch\/wp-content\/uploads\/2021\/06\/Printronix-t5000.png\" class=\"img-responsive wp-image-5415\" srcset=\"https:\/\/labeltech.ch\/wp-content\/uploads\/2021\/06\/Printronix-t5000-200x200.png 200w, https:\/\/labeltech.ch\/wp-content\/uploads\/2021\/06\/Printronix-t5000.png 300w\" sizes=\"(max-width: 1024px) 100vw, (max-width: 640px) 100vw, 300px\" \/><\/span><\/div><div class=\"fusion-text fusion-text-5\"><h3 class=\"av-special-heading-tag\">S\u00e9rie T5000<\/h3>\n<p>Ces imprimantes d&#8217;\u00e9tiquettes sont bas\u00e9es sur la plateforme multi-technologies 5r et sont con\u00e7ues pour fonctionner dans des environnements difficiles. Fiable, puissante et flexible, la Printronix T5204r offre une r\u00e9solution de 300 dpi. De plus, ce mod\u00e8le a l&#8217;avantage de pouvoir \u00eatre facilement transform\u00e9 en imprimante RFID, ce qui permet de r\u00e9pondre \u00e0 de nouvelles applications.<\/p>\n<\/div><\/div><\/div><\/div><\/div><div class=\"fusion-fullwidth fullwidth-box fusion-builder-row-3 fusion-flex-container has-pattern-background has-mask-background nonhundred-percent-fullwidth non-hundred-percent-height-scrolling\" style=\"--awb-border-radius-top-left:0px;--awb-border-radius-top-right:0px;--awb-border-radius-bottom-right:0px;--awb-border-radius-bottom-left:0px;--awb-margin-top:50px;--awb-flex-wrap:wrap;\" ><div class=\"fusion-builder-row fusion-row fusion-flex-align-items-flex-start fusion-flex-content-wrap\" style=\"max-width:1248px;margin-left: calc(-4% \/ 2 );margin-right: calc(-4% \/ 2 );\"><div class=\"fusion-layout-column fusion_builder_column fusion-builder-column-6 fusion_builder_column_1_1 1_1 fusion-flex-column\" style=\"--awb-bg-size:cover;--awb-width-large:100%;--awb-margin-top-large:20px;--awb-spacing-right-large:1.92%;--awb-margin-bottom-large:20px;--awb-spacing-left-large:1.92%;--awb-width-medium:100%;--awb-order-medium:0;--awb-spacing-right-medium:1.92%;--awb-spacing-left-medium:1.92%;--awb-width-small:100%;--awb-order-small:0;--awb-spacing-right-small:1.92%;--awb-spacing-left-small:1.92%;\"><div class=\"fusion-column-wrapper fusion-column-has-shadow fusion-flex-justify-content-flex-start fusion-content-layout-column\"><div class=\"fusion-title title fusion-title-3 fusion-sep-none fusion-title-text fusion-title-size-two\" style=\"--awb-margin-top-small:10px;--awb-margin-right-small:0px;--awb-margin-bottom-small:10px;--awb-margin-left-small:0px;\"><h2 class=\"fusion-title-heading title-heading-left fusion-responsive-typography-calculated\" style=\"margin:0;--fontSize:40;line-height:1.2;\">Les avantages des mod\u00e8les matriciels<\/h2><\/div><div class=\"fusion-text fusion-text-6\"><p>Les appareils disposent de nombreuses innovations techniques et atteignent ainsi une fiabilit\u00e9, une productivit\u00e9 et un bilan environnemental plus \u00e9lev\u00e9s. Dans ce contexte, les rubans jouent un r\u00f4le important dans l&#8217;impression de documents ou d&#8217;\u00e9tiquettes. Le ruban Printronix dispose d&#8217;une technologie leader sur le march\u00e9 et offre un syst\u00e8me brevet\u00e9 pour \u00e9viter les bourrages de ruban. Il offre \u00e9galement une dur\u00e9e de vie plus longue et des co\u00fbts d&#8217;impression plus avantageux. Nous nous ferons un plaisir de vous faire une offre personnalis\u00e9e pour un mod\u00e8le Printronix. Nous vous conseillons de mani\u00e8re approfondie et trouvons l&#8217;appareil adapt\u00e9 \u00e0 vos besoins.<\/p>\n<\/div><div ><a class=\"fusion-button button-flat fusion-button-default-size button-default fusion-button-default button-1 fusion-button-default-span fusion-button-default-type\" target=\"_self\" href=\"https:\/\/labeltech.ch\/fr\/contact\/\"><span class=\"fusion-button-text awb-button__text awb-button__text--default\">Contactez-nous d\u00e8s maintenant pour une consultation individuelle !<\/span><\/a><\/div><\/div><\/div><\/div><\/div><\/p>\n","protected":false},"excerpt":{"rendered":"","protected":false},"author":2,"featured_media":0,"parent":8980,"menu_order":0,"comment_status":"closed","ping_status":"closed","template":"100-width.php","meta":{"footnotes":""},"class_list":["post-8821","page","type-page","status-publish","hentry"],"_links":{"self":[{"href":"https:\/\/labeltech.ch\/fr\/wp-json\/wp\/v2\/pages\/8821","targetHints":{"allow":["GET"]}}],"collection":[{"href":"https:\/\/labeltech.ch\/fr\/wp-json\/wp\/v2\/pages"}],"about":[{"href":"https:\/\/labeltech.ch\/fr\/wp-json\/wp\/v2\/types\/page"}],"author":[{"embeddable":true,"href":"https:\/\/labeltech.ch\/fr\/wp-json\/wp\/v2\/users\/2"}],"replies":[{"embeddable":true,"href":"https:\/\/labeltech.ch\/fr\/wp-json\/wp\/v2\/comments?post=8821"}],"version-history":[{"count":0,"href":"https:\/\/labeltech.ch\/fr\/wp-json\/wp\/v2\/pages\/8821\/revisions"}],"up":[{"embeddable":true,"href":"https:\/\/labeltech.ch\/fr\/wp-json\/wp\/v2\/pages\/8980"}],"wp:attachment":[{"href":"https:\/\/labeltech.ch\/fr\/wp-json\/wp\/v2\/media?parent=8821"}],"curies":[{"name":"wp","href":"https:\/\/api.w.org\/{rel}","templated":true}]}}