{"id":8832,"date":"2023-03-27T16:06:13","date_gmt":"2023-03-27T14:06:13","guid":{"rendered":"https:\/\/labeltech.ch\/max-systems\/"},"modified":"2023-03-29T16:00:20","modified_gmt":"2023-03-29T14:00:20","slug":"max-systems","status":"publish","type":"page","link":"https:\/\/labeltech.ch\/fr\/partenaire\/max-systems\/","title":{"rendered":"MAX Systems"},"content":{"rendered":"<p><div class=\"fusion-fullwidth fullwidth-box fusion-builder-row-1 fusion-flex-container has-pattern-background has-mask-background nonhundred-percent-fullwidth non-hundred-percent-height-scrolling\" style=\"--awb-border-radius-top-left:0px;--awb-border-radius-top-right:0px;--awb-border-radius-bottom-right:0px;--awb-border-radius-bottom-left:0px;--awb-padding-top:20px;--awb-padding-bottom:20px;--awb-margin-top:-60px;--awb-background-color:#f8f8f8;--awb-flex-wrap:wrap;\" ><div class=\"fusion-builder-row fusion-row fusion-flex-align-items-center fusion-flex-content-wrap\" style=\"max-width:1248px;margin-left: calc(-4% \/ 2 );margin-right: calc(-4% \/ 2 );\"><div class=\"fusion-layout-column fusion_builder_column fusion-builder-column-0 fusion_builder_column_2_3 2_3 fusion-flex-column\" style=\"--awb-bg-size:cover;--awb-width-large:66.666666666667%;--awb-margin-top-large:20px;--awb-spacing-right-large:2.88%;--awb-margin-bottom-large:20px;--awb-spacing-left-large:2.88%;--awb-width-medium:100%;--awb-order-medium:0;--awb-spacing-right-medium:1.92%;--awb-spacing-left-medium:1.92%;--awb-width-small:100%;--awb-order-small:0;--awb-spacing-right-small:1.92%;--awb-spacing-left-small:1.92%;\"><div class=\"fusion-column-wrapper fusion-column-has-shadow fusion-flex-justify-content-flex-start fusion-content-layout-column\"><div class=\"fusion-title title fusion-title-1 fusion-sep-none fusion-title-text fusion-title-size-one\" style=\"--awb-margin-top-small:10px;--awb-margin-right-small:0px;--awb-margin-bottom-small:10px;--awb-margin-left-small:0px;\"><h1 class=\"fusion-title-heading title-heading-left fusion-responsive-typography-calculated\" style=\"margin:0;--fontSize:54;line-height:1.16;\">MAX Systems<\/h1><\/div><div class=\"fusion-text fusion-text-1\"><p><strong>Leader dans la fabrication de panneaux, d&#8217;\u00e9tiquettes et de marquages<\/strong><\/p>\n<\/div><\/div><\/div><div class=\"fusion-layout-column fusion_builder_column fusion-builder-column-1 fusion_builder_column_1_3 1_3 fusion-flex-column\" style=\"--awb-bg-size:cover;--awb-width-large:33.333333333333%;--awb-margin-top-large:20px;--awb-spacing-right-large:5.76%;--awb-margin-bottom-large:20px;--awb-spacing-left-large:5.76%;--awb-width-medium:100%;--awb-order-medium:0;--awb-spacing-right-medium:1.92%;--awb-spacing-left-medium:1.92%;--awb-width-small:100%;--awb-order-small:0;--awb-spacing-right-small:1.92%;--awb-spacing-left-small:1.92%;\"><div class=\"fusion-column-wrapper fusion-column-has-shadow fusion-flex-justify-content-flex-start fusion-content-layout-column\"><div class=\"fusion-image-element \" style=\"--awb-caption-title-font-family:var(--h2_typography-font-family);--awb-caption-title-font-weight:var(--h2_typography-font-weight);--awb-caption-title-font-style:var(--h2_typography-font-style);--awb-caption-title-size:var(--h2_typography-font-size);--awb-caption-title-transform:var(--h2_typography-text-transform);--awb-caption-title-line-height:var(--h2_typography-line-height);--awb-caption-title-letter-spacing:var(--h2_typography-letter-spacing);\"><span class=\" fusion-imageframe imageframe-none imageframe-1 hover-type-none\" style=\"border-radius:15px;\"><img decoding=\"async\" width=\"400\" height=\"239\" alt=\"Max Systems\" title=\"Max Systems\" src=\"https:\/\/labeltech.ch\/wp-content\/uploads\/2019\/08\/max-system-logo.png\" class=\"img-responsive wp-image-1937\" srcset=\"https:\/\/labeltech.ch\/wp-content\/uploads\/2019\/08\/max-system-logo-350x209.png 350w, https:\/\/labeltech.ch\/wp-content\/uploads\/2019\/08\/max-system-logo.png 400w\" sizes=\"(max-width: 400px) 100vw, 400px\" \/><\/span><\/div><\/div><\/div><\/div><\/div><div class=\"fusion-fullwidth fullwidth-box fusion-builder-row-2 fusion-flex-container has-pattern-background has-mask-background nonhundred-percent-fullwidth non-hundred-percent-height-scrolling\" style=\"--awb-border-radius-top-left:0px;--awb-border-radius-top-right:0px;--awb-border-radius-bottom-right:0px;--awb-border-radius-bottom-left:0px;--awb-margin-top:50px;--awb-flex-wrap:wrap;\" ><div class=\"fusion-builder-row fusion-row fusion-flex-align-items-flex-start fusion-flex-content-wrap\" style=\"max-width:1248px;margin-left: calc(-4% \/ 2 );margin-right: calc(-4% \/ 2 );\"><div class=\"fusion-layout-column fusion_builder_column fusion-builder-column-2 fusion_builder_column_1_1 1_1 fusion-flex-column\" style=\"--awb-bg-size:cover;--awb-width-large:100%;--awb-margin-top-large:20px;--awb-spacing-right-large:1.92%;--awb-margin-bottom-large:20px;--awb-spacing-left-large:1.92%;--awb-width-medium:100%;--awb-order-medium:0;--awb-spacing-right-medium:1.92%;--awb-spacing-left-medium:1.92%;--awb-width-small:100%;--awb-order-small:0;--awb-spacing-right-small:1.92%;--awb-spacing-left-small:1.92%;\"><div class=\"fusion-column-wrapper fusion-column-has-shadow fusion-flex-justify-content-flex-start fusion-content-layout-column\"><div class=\"fusion-text fusion-text-2\"><p>MAX Systems, qui existe depuis plus de 20 ans, est notre partenaire en mati\u00e8re de syst\u00e8mes d&#8217;\u00e9tiquetage, de panneaux et autres moyens d&#8217;identification. Depuis Gnarrenburg, l&#8217;entreprise fournit \u00e0 ses clients des solutions \u00e0 toutes sortes de probl\u00e8mes. Outre des panneaux destin\u00e9s \u00e0 diverses fins, la boutique en ligne de MAX Systems GmbH propose des \u00e9tiquettes, mais aussi des produits de premiers secours, des ustensiles pour la s\u00e9curit\u00e9 op\u00e9rationnelle, des marquages de test et de qualit\u00e9 et bien d&#8217;autres produits. Le directeur g\u00e9n\u00e9ral Michael Max Meyer et ses employ\u00e9s se sont fix\u00e9 pour objectif de garantir le plus haut niveau de satisfaction des clients \u00e0 l&#8217;aide de technologies innovantes.<\/p>\n<\/div><\/div><\/div><div class=\"fusion-layout-column fusion_builder_column fusion-builder-column-3 fusion_builder_column_1_1 1_1 fusion-flex-column\" style=\"--awb-bg-size:cover;--awb-width-large:100%;--awb-margin-top-large:20px;--awb-spacing-right-large:1.92%;--awb-margin-bottom-large:20px;--awb-spacing-left-large:1.92%;--awb-width-medium:100%;--awb-order-medium:0;--awb-spacing-right-medium:1.92%;--awb-spacing-left-medium:1.92%;--awb-width-small:100%;--awb-order-small:0;--awb-spacing-right-small:1.92%;--awb-spacing-left-small:1.92%;\"><div class=\"fusion-column-wrapper fusion-column-has-shadow fusion-flex-justify-content-flex-start fusion-content-layout-column\"><div class=\"fusion-title title fusion-title-2 fusion-sep-none fusion-title-text fusion-title-size-two\" style=\"--awb-margin-top-small:10px;--awb-margin-right-small:0px;--awb-margin-bottom-small:10px;--awb-margin-left-small:0px;\"><h2 class=\"fusion-title-heading title-heading-left fusion-responsive-typography-calculated\" style=\"margin:0;--fontSize:40;line-height:1.2;\">LabelMAX MP1<\/h2><\/div><div class=\"fusion-text fusion-text-3\"><p>Cette imprimante mobile fournit non seulement rapidement des r\u00e9sultats de haute qualit\u00e9, mais elle est \u00e9galement tr\u00e8s pratique gr\u00e2ce \u00e0 sa taille pratique et \u00e0 son ind\u00e9pendance par rapport au point de vue. Vous avez le choix entre une multitude de mat\u00e9riaux d&#8217;\u00e9tiquettes, de rubans encreurs et de films continus, parmi lesquels vous pouvez choisir librement, en fonction de vos besoins. L&#8217;appareil \u00e9lectronique p\u00e8se moins d&#8217;un kilogramme et peut donc \u00eatre emport\u00e9 partout o\u00f9 il est n\u00e9cessaire. LabelMax MP1 doit son ind\u00e9pendance vis-\u00e0-vis du r\u00e9seau \u00e9lectrique \u00e0 ses batteries int\u00e9gr\u00e9es. La r\u00e9solution d&#8217;impression est de 300 dpi et la taille maximale d&#8217;impression est de 50 x 320 mm. En combinaison avec le logiciel appropri\u00e9, c&#8217;est-\u00e0-dire l&#8217;application SignMax MP correspondante, disponible pour les appareils Android, il est tr\u00e8s facile de cr\u00e9er et d&#8217;imprimer ses propres \u00e9tiquettes. MAX Systems GmbH permet de fabriquer facilement des \u00e9tiquettes, que ce soit avec des codes QR, des codes-barres, des pictogrammes, etc. Les r\u00e9sultats servent \u00e0 des fins tr\u00e8s diverses, comme par exemple l&#8217;\u00e9tiquetage de rayonnages, le marquage de s\u00e9curit\u00e9 ou encore le marquage de c\u00e2bles.<\/p>\n<\/div><\/div><\/div><div class=\"fusion-layout-column fusion_builder_column fusion-builder-column-4 fusion_builder_column_1_1 1_1 fusion-flex-column\" style=\"--awb-bg-size:cover;--awb-width-large:100%;--awb-margin-top-large:20px;--awb-spacing-right-large:1.92%;--awb-margin-bottom-large:20px;--awb-spacing-left-large:1.92%;--awb-width-medium:100%;--awb-order-medium:0;--awb-spacing-right-medium:1.92%;--awb-spacing-left-medium:1.92%;--awb-width-small:100%;--awb-order-small:0;--awb-spacing-right-small:1.92%;--awb-spacing-left-small:1.92%;\"><div class=\"fusion-column-wrapper fusion-column-has-shadow fusion-flex-justify-content-flex-start fusion-content-layout-column\"><div class=\"fusion-title title fusion-title-3 fusion-sep-none fusion-title-text fusion-title-size-two\" style=\"--awb-margin-top-small:10px;--awb-margin-right-small:0px;--awb-margin-bottom-small:10px;--awb-margin-left-small:0px;\"><h2 class=\"fusion-title-heading title-heading-left fusion-responsive-typography-calculated\" style=\"margin:0;--fontSize:40;line-height:1.2;\">Engagement environnemental<\/h2><\/div><div class=\"fusion-text fusion-text-4\"><p>La philosophie de l&#8217;entreprise inclut \u00e9galement l&#8217;utilisation des ressources dans le respect de l&#8217;environnement. MAX Systems fabrique ses produits avec plus de 60% d&#8217;\u00e9nergie solaire provenant de son propre syst\u00e8me photovolta\u00efque et en grande partie \u00e0 partir de mat\u00e9riaux recycl\u00e9s. En outre, les services comprennent la reprise des bobines, cassettes et autres consommables usag\u00e9s.<\/p>\n<\/div><\/div><\/div><div class=\"fusion-layout-column fusion_builder_column fusion-builder-column-5 fusion_builder_column_2_3 2_3 fusion-flex-column\" style=\"--awb-bg-size:cover;--awb-width-large:66.666666666667%;--awb-margin-top-large:20px;--awb-spacing-right-large:2.88%;--awb-margin-bottom-large:20px;--awb-spacing-left-large:2.88%;--awb-width-medium:100%;--awb-order-medium:0;--awb-spacing-right-medium:1.92%;--awb-spacing-left-medium:1.92%;--awb-width-small:100%;--awb-order-small:0;--awb-spacing-right-small:1.92%;--awb-spacing-left-small:1.92%;\"><div class=\"fusion-column-wrapper fusion-column-has-shadow fusion-flex-justify-content-flex-start fusion-content-layout-column\"><div class=\"fusion-title title fusion-title-4 fusion-sep-none fusion-title-text fusion-title-size-two\" style=\"--awb-margin-top-small:10px;--awb-margin-right-small:0px;--awb-margin-bottom-small:10px;--awb-margin-left-small:0px;\"><h2 class=\"fusion-title-heading title-heading-left fusion-responsive-typography-calculated\" style=\"margin:0;--fontSize:40;line-height:1.2;\">Syst\u00e8mes d&#8217;\u00e9tiquetage \u00e9galement disponibles chez nous<\/h2><\/div><div class=\"fusion-text fusion-text-5\"><p>Si vous \u00eates int\u00e9ress\u00e9, vous pouvez facilement demander des informations suppl\u00e9mentaires en nous contactant. Dans notre assortiment, vous trouverez le <a href=\"https:\/\/labeltech.ch\/fr\/produkt\/labelmax-sp3\/\">LabelMax SP3<\/a> avec un large \u00e9ventail d&#8217;applications. Vous pouvez nous contacter par t\u00e9l\u00e9phone, par e-mail ou en ligne via notre service WhatsApp. Ensemble, nous trouverons une solution individuelle pour vous et vous profiterez non seulement de notre savoir-faire, mais aussi d&#8217;offres personnalis\u00e9es sp\u00e9cialement con\u00e7ues pour vous et vos besoins.<\/p>\n<\/div><div ><a class=\"fusion-button button-flat fusion-button-default-size button-default fusion-button-default button-1 fusion-button-default-span fusion-button-default-type\" target=\"_self\" href=\"https:\/\/labeltech.ch\/fr\/contact\/\"><span class=\"fusion-button-text awb-button__text awb-button__text--default\">Contactez-nous d\u00e8s maintenant pour une consultation individuelle !<\/span><\/a><\/div><\/div><\/div><div class=\"fusion-layout-column fusion_builder_column fusion-builder-column-6 fusion_builder_column_1_3 1_3 fusion-flex-column\" style=\"--awb-bg-size:cover;--awb-width-large:33.333333333333%;--awb-margin-top-large:20px;--awb-spacing-right-large:5.76%;--awb-margin-bottom-large:20px;--awb-spacing-left-large:5.76%;--awb-width-medium:100%;--awb-order-medium:0;--awb-spacing-right-medium:1.92%;--awb-spacing-left-medium:1.92%;--awb-width-small:100%;--awb-order-small:0;--awb-spacing-right-small:1.92%;--awb-spacing-left-small:1.92%;\"><div class=\"fusion-column-wrapper fusion-column-has-shadow fusion-flex-justify-content-flex-start fusion-content-layout-column\"><div class=\"fusion-image-element \" style=\"--awb-caption-title-font-family:var(--h2_typography-font-family);--awb-caption-title-font-weight:var(--h2_typography-font-weight);--awb-caption-title-font-style:var(--h2_typography-font-style);--awb-caption-title-size:var(--h2_typography-font-size);--awb-caption-title-transform:var(--h2_typography-text-transform);--awb-caption-title-line-height:var(--h2_typography-line-height);--awb-caption-title-letter-spacing:var(--h2_typography-letter-spacing);\"><span class=\" fusion-imageframe imageframe-none imageframe-2 hover-type-none\" style=\"border-radius:15px;\"><a class=\"fusion-no-lightbox\" href=\"https:\/\/labeltech.ch\/fr\/produkt\/labelmax-sp3\/\" target=\"_self\" aria-label=\"LabelMax SP3\"><img decoding=\"async\" width=\"600\" height=\"600\" alt=\"LabelMax SP3\" src=\"https:\/\/labeltech.ch\/wp-content\/uploads\/2019\/07\/LabelMax-Sp3.png\" class=\"img-responsive wp-image-1840\" srcset=\"https:\/\/labeltech.ch\/wp-content\/uploads\/2019\/07\/LabelMax-Sp3-200x200.png 200w, https:\/\/labeltech.ch\/wp-content\/uploads\/2019\/07\/LabelMax-Sp3.png 600w\" sizes=\"(max-width: 1024px) 100vw, (max-width: 640px) 100vw, 600px\" \/><\/a><\/span><\/div><\/div><\/div><\/div><\/div><\/p>\n","protected":false},"excerpt":{"rendered":"","protected":false},"author":2,"featured_media":0,"parent":8980,"menu_order":0,"comment_status":"closed","ping_status":"closed","template":"100-width.php","meta":{"footnotes":""},"class_list":["post-8832","page","type-page","status-publish","hentry"],"_links":{"self":[{"href":"https:\/\/labeltech.ch\/fr\/wp-json\/wp\/v2\/pages\/8832","targetHints":{"allow":["GET"]}}],"collection":[{"href":"https:\/\/labeltech.ch\/fr\/wp-json\/wp\/v2\/pages"}],"about":[{"href":"https:\/\/labeltech.ch\/fr\/wp-json\/wp\/v2\/types\/page"}],"author":[{"embeddable":true,"href":"https:\/\/labeltech.ch\/fr\/wp-json\/wp\/v2\/users\/2"}],"replies":[{"embeddable":true,"href":"https:\/\/labeltech.ch\/fr\/wp-json\/wp\/v2\/comments?post=8832"}],"version-history":[{"count":0,"href":"https:\/\/labeltech.ch\/fr\/wp-json\/wp\/v2\/pages\/8832\/revisions"}],"up":[{"embeddable":true,"href":"https:\/\/labeltech.ch\/fr\/wp-json\/wp\/v2\/pages\/8980"}],"wp:attachment":[{"href":"https:\/\/labeltech.ch\/fr\/wp-json\/wp\/v2\/media?parent=8832"}],"curies":[{"name":"wp","href":"https:\/\/api.w.org\/{rel}","templated":true}]}}