{"id":8843,"date":"2023-03-27T16:06:18","date_gmt":"2023-03-27T14:06:18","guid":{"rendered":"https:\/\/labeltech.ch\/dynic-corporation\/"},"modified":"2025-01-20T14:36:31","modified_gmt":"2025-01-20T13:36:31","slug":"dynic-corporation","status":"publish","type":"page","link":"https:\/\/labeltech.ch\/fr\/partenaire\/dynic-corporation\/","title":{"rendered":"Dynic Corporation"},"content":{"rendered":"<p><div class=\"fusion-fullwidth fullwidth-box fusion-builder-row-1 fusion-flex-container has-pattern-background has-mask-background nonhundred-percent-fullwidth non-hundred-percent-height-scrolling\" style=\"--awb-border-radius-top-left:0px;--awb-border-radius-top-right:0px;--awb-border-radius-bottom-right:0px;--awb-border-radius-bottom-left:0px;--awb-padding-top:20px;--awb-padding-bottom:20px;--awb-margin-top:-60px;--awb-background-color:#f8f8f8;--awb-flex-wrap:wrap;\" ><div class=\"fusion-builder-row fusion-row fusion-flex-align-items-flex-start fusion-flex-content-wrap\" style=\"max-width:1248px;margin-left: calc(-4% \/ 2 );margin-right: calc(-4% \/ 2 );\"><div class=\"fusion-layout-column fusion_builder_column fusion-builder-column-0 fusion_builder_column_2_3 2_3 fusion-flex-column\" style=\"--awb-bg-size:cover;--awb-width-large:66.666666666667%;--awb-margin-top-large:20px;--awb-spacing-right-large:2.88%;--awb-margin-bottom-large:20px;--awb-spacing-left-large:2.88%;--awb-width-medium:100%;--awb-order-medium:0;--awb-spacing-right-medium:1.92%;--awb-spacing-left-medium:1.92%;--awb-width-small:100%;--awb-order-small:0;--awb-spacing-right-small:1.92%;--awb-spacing-left-small:1.92%;\"><div class=\"fusion-column-wrapper fusion-column-has-shadow fusion-flex-justify-content-flex-start fusion-content-layout-column\"><div class=\"fusion-title title fusion-title-1 fusion-sep-none fusion-title-text fusion-title-size-div\" style=\"--awb-margin-top-small:10px;--awb-margin-right-small:0px;--awb-margin-bottom-small:10px;--awb-margin-left-small:0px;\"><div class=\"fusion-title-heading title-heading-left title-heading-tag fusion-responsive-typography-calculated\" style=\"margin:0;--fontSize:18;--minFontSize:18;line-height:1.4;\"><h1>Dynic Corporation<\/h1>\n<p><strong>Des rubans de transfert thermique pour toutes les exigences<\/strong><\/p><\/div><\/div><\/div><\/div><div class=\"fusion-layout-column fusion_builder_column fusion-builder-column-1 fusion_builder_column_1_3 1_3 fusion-flex-column\" style=\"--awb-bg-size:cover;--awb-width-large:33.333333333333%;--awb-margin-top-large:20px;--awb-spacing-right-large:5.76%;--awb-margin-bottom-large:20px;--awb-spacing-left-large:5.76%;--awb-width-medium:100%;--awb-order-medium:0;--awb-spacing-right-medium:1.92%;--awb-spacing-left-medium:1.92%;--awb-width-small:100%;--awb-order-small:0;--awb-spacing-right-small:1.92%;--awb-spacing-left-small:1.92%;\"><div class=\"fusion-column-wrapper fusion-column-has-shadow fusion-flex-justify-content-flex-start fusion-content-layout-column\"><div class=\"fusion-image-element \" style=\"--awb-caption-title-font-family:var(--h2_typography-font-family);--awb-caption-title-font-weight:var(--h2_typography-font-weight);--awb-caption-title-font-style:var(--h2_typography-font-style);--awb-caption-title-size:var(--h2_typography-font-size);--awb-caption-title-transform:var(--h2_typography-text-transform);--awb-caption-title-line-height:var(--h2_typography-line-height);--awb-caption-title-letter-spacing:var(--h2_typography-letter-spacing);\"><span class=\" fusion-imageframe imageframe-none imageframe-1 hover-type-none\" style=\"border-radius:15px;\"><img decoding=\"async\" width=\"400\" height=\"240\" alt=\"dynic\" title=\"dynic-ersetzen\" src=\"https:\/\/labeltech.ch\/wp-content\/uploads\/2019\/08\/dynic-ersetzen.png\" class=\"img-responsive wp-image-1921\" srcset=\"https:\/\/labeltech.ch\/wp-content\/uploads\/2019\/08\/dynic-ersetzen-350x210.png 350w, https:\/\/labeltech.ch\/wp-content\/uploads\/2019\/08\/dynic-ersetzen.png 400w\" sizes=\"(max-width: 400px) 100vw, 400px\" \/><\/span><\/div><\/div><\/div><\/div><\/div><div class=\"fusion-fullwidth fullwidth-box fusion-builder-row-2 fusion-flex-container has-pattern-background has-mask-background nonhundred-percent-fullwidth non-hundred-percent-height-scrolling\" style=\"--awb-border-radius-top-left:0px;--awb-border-radius-top-right:0px;--awb-border-radius-bottom-right:0px;--awb-border-radius-bottom-left:0px;--awb-margin-top:50px;--awb-flex-wrap:wrap;\" ><div class=\"fusion-builder-row fusion-row fusion-flex-align-items-flex-start fusion-flex-content-wrap\" style=\"max-width:1248px;margin-left: calc(-4% \/ 2 );margin-right: calc(-4% \/ 2 );\"><div class=\"fusion-layout-column fusion_builder_column fusion-builder-column-2 fusion_builder_column_1_1 1_1 fusion-flex-column\" style=\"--awb-bg-size:cover;--awb-width-large:100%;--awb-margin-top-large:20px;--awb-spacing-right-large:1.92%;--awb-margin-bottom-large:20px;--awb-spacing-left-large:1.92%;--awb-width-medium:100%;--awb-order-medium:0;--awb-spacing-right-medium:1.92%;--awb-spacing-left-medium:1.92%;--awb-width-small:100%;--awb-order-small:0;--awb-spacing-right-small:1.92%;--awb-spacing-left-small:1.92%;\"><div class=\"fusion-column-wrapper fusion-column-has-shadow fusion-flex-justify-content-flex-start fusion-content-layout-column\"><div class=\"fusion-text fusion-text-1\"><p>Fond\u00e9e au Japon en 1919, Dynic Corporation est aujourd&#8217;hui l&#8217;un des principaux fabricants de rubans \u00e0 transfert thermique. Ils ont de nombreuses succursales dans le monde entier, notamment \u00e0 Tokyo et aux \u00c9tats-Unis. Le d\u00e9veloppement de l&#8217;entreprise a commenc\u00e9 par la production de toiles de reliure et d&#8217;encres pour celles-ci. Au fil des ans, le portefeuille de produits s&#8217;est \u00e9largi pour inclure le vitrage, le laminage et d&#8217;autres technologies. Puis, en 1988, Dynic USA Corporation a \u00e9t\u00e9 fond\u00e9e en tant que centre de fabrication de rubans pour imprimantes \u00e0 impact. Aujourd&#8217;hui, elle fabrique des rubans de transfert thermique de haute qualit\u00e9 et d&#8217;autres solutions de mat\u00e9riaux enduits pour des entreprises du monde entier. La particularit\u00e9 de leurs produits est qu&#8217;ils sont l&#8217;un des rares fabricants \u00e0 \u00eatre certifi\u00e9s ISO 9001. Ils mettent l&#8217;accent sur la qualit\u00e9 et le contr\u00f4le continu de la qualit\u00e9 pendant et apr\u00e8s le processus de fabrication.<\/p>\n<\/div><\/div><\/div><div class=\"fusion-layout-column fusion_builder_column fusion-builder-column-3 fusion_builder_column_1_1 1_1 fusion-flex-column\" style=\"--awb-bg-size:cover;--awb-width-large:100%;--awb-margin-top-large:20px;--awb-spacing-right-large:1.92%;--awb-margin-bottom-large:20px;--awb-spacing-left-large:1.92%;--awb-width-medium:100%;--awb-order-medium:0;--awb-spacing-right-medium:1.92%;--awb-spacing-left-medium:1.92%;--awb-width-small:100%;--awb-order-small:0;--awb-spacing-right-small:1.92%;--awb-spacing-left-small:1.92%;\"><div class=\"fusion-column-wrapper fusion-column-has-shadow fusion-flex-justify-content-flex-start fusion-content-layout-column\"><div class=\"fusion-title title fusion-title-2 fusion-sep-none fusion-title-text fusion-title-size-two\" style=\"--awb-margin-top-small:10px;--awb-margin-right-small:0px;--awb-margin-bottom-small:10px;--awb-margin-left-small:0px;\"><h2 class=\"fusion-title-heading title-heading-left fusion-responsive-typography-calculated\" style=\"margin:0;--fontSize:40;line-height:1.2;\">Les lignes de Dynic Corporation<\/h2><\/div><div class=\"fusion-content-boxes content-boxes columns row fusion-columns-3 fusion-columns-total-3 fusion-content-boxes-1 content-boxes-icon-on-top content-left\" style=\"--awb-backgroundcolor:#f8f8f8;--awb-body-color:#000000;--awb-title-color:var(--awb-color5);--awb-iconcolor:var(--awb-color5);--awb-hover-accent-color:var(--awb-color5);--awb-circle-hover-accent-color:transparent;\" data-animationOffset=\"top-into-view\"><div style=\"--awb-backgroundcolor:#f8f8f8;--awb-iconcolor:var(--awb-color5);\" class=\"fusion-column content-box-column content-box-column content-box-column-1 col-lg-4 col-md-4 col-sm-4 fusion-content-box-hover content-box-column-first-in-row\"><div class=\"col content-box-wrapper content-wrapper-background link-area-link-icon content-icon-wrapper-yes icon-hover-animation-none\" data-animationOffset=\"top-into-view\"><div class=\"heading heading-with-icon icon-left\"><div class=\"icon\"><span ><i style=\"background-color:transparent;border-color:transparent;height:auto;width: 20px;line-height:normal;font-size:20px;\" aria-hidden=\"true\" class=\"fontawesome-icon fa-info-circle far circle-no\"><\/i><\/span><\/div><h3 class=\"content-box-heading fusion-responsive-typography-calculated\" style=\"--h3_typography-font-size:24px;--fontSize:24;line-height:1.3;\">Mat\u00e9riel pour la presse \u00e9crite<\/h3><\/div><div class=\"fusion-clearfix\"><\/div><div class=\"content-container\">\n<p>Cette ligne comprend les rubans \u00e0 transfert thermique Sirius pour tous les codes \u00e0 barres et les imprimantes d&#8217;\u00e9tiquettes. Divers produits sont disponibles ici, afin de trouver les mat\u00e9riaux adapt\u00e9s \u00e0 chaque mod\u00e8le.<\/p>\n<\/div><\/div><\/div><div style=\"--awb-backgroundcolor:#f8f8f8;--awb-iconcolor:var(--awb-color5);\" class=\"fusion-column content-box-column content-box-column content-box-column-2 col-lg-4 col-md-4 col-sm-4 fusion-content-box-hover \"><div class=\"col content-box-wrapper content-wrapper-background link-area-link-icon content-icon-wrapper-yes icon-hover-animation-none\" data-animationOffset=\"top-into-view\"><div class=\"heading heading-with-icon icon-left\"><div class=\"icon\"><span ><i style=\"background-color:transparent;border-color:transparent;height:auto;width: 20px;line-height:normal;font-size:20px;\" aria-hidden=\"true\" class=\"fontawesome-icon fa-info-circle far circle-no\"><\/i><\/span><\/div><h3 class=\"content-box-heading fusion-responsive-typography-calculated\" style=\"--h3_typography-font-size:24px;--fontSize:24;line-height:1.3;\">Mat\u00e9riel d&#039;\u00e9tiquetage<\/h3><\/div><div class=\"fusion-clearfix\"><\/div><div class=\"content-container\">\n<p>Il s&#8217;agit de supports pour l&#8217;identification de produits, y compris Cetus\u00ae, l&#8217;une des lignes de tissus enduits les plus polyvalentes du secteur. Celle-ci convient par exemple aussi pour les porte-cartes magn\u00e9tiques.<\/p>\n<\/div><\/div><\/div><div style=\"--awb-backgroundcolor:#f8f8f8;--awb-iconcolor:var(--awb-color5);\" class=\"fusion-column content-box-column content-box-column content-box-column-3 col-lg-4 col-md-4 col-sm-4 fusion-content-box-hover content-box-column-last content-box-column-last-in-row\"><div class=\"col content-box-wrapper content-wrapper-background link-area-link-icon content-icon-wrapper-yes icon-hover-animation-none\" data-animationOffset=\"top-into-view\"><div class=\"heading heading-with-icon icon-left\"><div class=\"icon\"><span ><i style=\"background-color:transparent;border-color:transparent;height:auto;width: 20px;line-height:normal;font-size:20px;\" aria-hidden=\"true\" class=\"fontawesome-icon fa-info-circle far circle-no\"><\/i><\/span><\/div><h3 class=\"content-box-heading fusion-responsive-typography-calculated\" style=\"--h3_typography-font-size:24px;--fontSize:24;line-height:1.3;\">Non-tiss\u00e9s<\/h3><\/div><div class=\"fusion-clearfix\"><\/div><div class=\"content-container\">\n<p>Ils sont utilis\u00e9s dans l&#8217;air de l&#8217;habitacle des v\u00e9hicules. Ils sont utilis\u00e9s, entre autres, dans les filtres et dans une vari\u00e9t\u00e9 de mat\u00e9riaux industriels, de produits d&#8217;int\u00e9rieur et d&#8217;applications environnementales.<\/p>\n<\/div><\/div><\/div><div class=\"fusion-clearfix\"><\/div><\/div><div class=\"fusion-text fusion-text-2\"><p>Bien entendu, le portefeuille de produits de Dynic Corp propose \u00e9galement d&#8217;autres solutions pour les entreprises dans le domaine des codes \u00e0 barres et de la RFID. Ceux-ci sont n\u00e9cessaires dans les secteurs les plus divers, qui ont chacun des exigences individuelles. L&#8217;industrie <a title=\"Nos solutions d'impression chimique\" href=\"https:\/\/labeltech.ch\/fr\/solutions-dimpression\/secteur-de-la-chimie\/\">chimique<\/a>, <a title=\"Nos solutions d'impression pharmaceutique\" href=\"https:\/\/labeltech.ch\/fr\/solutions-dimpression\/industrie-pharmaceutique\/\">pharmaceutique<\/a>ou <a title=\"Nos solutions d'impression alimentaire\" href=\"https:\/\/labeltech.ch\/fr\/solutions-dimpression\/alimentation\/\">alimentaire<\/a>, en particulier, a besoin d&#8217;\u00e9tiquettes et de mat\u00e9riaux sp\u00e9ciaux.<\/p>\n<\/div><\/div><\/div><div class=\"fusion-layout-column fusion_builder_column fusion-builder-column-4 fusion_builder_column_1_1 1_1 fusion-flex-column\" style=\"--awb-bg-size:cover;--awb-width-large:100%;--awb-margin-top-large:20px;--awb-spacing-right-large:1.92%;--awb-margin-bottom-large:20px;--awb-spacing-left-large:1.92%;--awb-width-medium:100%;--awb-order-medium:0;--awb-spacing-right-medium:1.92%;--awb-spacing-left-medium:1.92%;--awb-width-small:100%;--awb-order-small:0;--awb-spacing-right-small:1.92%;--awb-spacing-left-small:1.92%;\"><div class=\"fusion-column-wrapper fusion-column-has-shadow fusion-flex-justify-content-flex-start fusion-content-layout-column\"><div class=\"fusion-title title fusion-title-3 fusion-sep-none fusion-title-text fusion-title-size-two\" style=\"--awb-margin-top-small:10px;--awb-margin-right-small:0px;--awb-margin-bottom-small:10px;--awb-margin-left-small:0px;\"><h2 class=\"fusion-title-heading title-heading-left fusion-responsive-typography-calculated\" style=\"margin:0;--fontSize:40;line-height:1.2;\">Les produits de notre gamme<\/h2><\/div><div class=\"fusion-text fusion-text-3\"><p>En tant que partenaire de la soci\u00e9t\u00e9 japonaise Dynic Corporation, nous disposons \u00e9galement de certains produits de cette entreprise. Vous avez le choix entre diff\u00e9rents mat\u00e9riaux : <a href=\"https:\/\/labeltech.ch\/fr\/produits\/transfert-thermique\/\">cire, r\u00e9sine de cire, r\u00e9sine et near edge<\/a>. Bien entendu, nous proposons \u00e9galement de nombreux autres produits pour les secteurs les plus divers afin de vous offrir une solution personnalis\u00e9e. N&#8217;h\u00e9sitez pas \u00e0 nous contacter \u00e0 ce sujet et nous serons \u00e0 vos c\u00f4t\u00e9s. Chez nous, vous trouverez non seulement les accessoires adapt\u00e9s \u00e0 vos appareils, mais aussi des syst\u00e8mes d&#8217;impression complets.<\/p>\n<\/div><div ><a class=\"fusion-button button-flat fusion-button-default-size button-default fusion-button-default button-1 fusion-button-default-span fusion-button-default-type\" target=\"_self\" title=\"Contactez-nous d\u00e8s maintenant pour une consultation individuelle !\" aria-label=\"Contactez-nous d\u00e8s maintenant pour une consultation individuelle !\" href=\"https:\/\/labeltech.ch\/fr\/contact\/\"><span class=\"fusion-button-text awb-button__text awb-button__text--default\">Contactez-nous d\u00e8s maintenant pour une consultation individuelle !<\/span><\/a><\/div><\/div><\/div><\/div><\/div><\/p>\n","protected":false},"excerpt":{"rendered":"","protected":false},"author":2,"featured_media":1921,"parent":8980,"menu_order":0,"comment_status":"closed","ping_status":"closed","template":"100-width.php","meta":{"footnotes":""},"class_list":["post-8843","page","type-page","status-publish","has-post-thumbnail","hentry"],"_links":{"self":[{"href":"https:\/\/labeltech.ch\/fr\/wp-json\/wp\/v2\/pages\/8843","targetHints":{"allow":["GET"]}}],"collection":[{"href":"https:\/\/labeltech.ch\/fr\/wp-json\/wp\/v2\/pages"}],"about":[{"href":"https:\/\/labeltech.ch\/fr\/wp-json\/wp\/v2\/types\/page"}],"author":[{"embeddable":true,"href":"https:\/\/labeltech.ch\/fr\/wp-json\/wp\/v2\/users\/2"}],"replies":[{"embeddable":true,"href":"https:\/\/labeltech.ch\/fr\/wp-json\/wp\/v2\/comments?post=8843"}],"version-history":[{"count":0,"href":"https:\/\/labeltech.ch\/fr\/wp-json\/wp\/v2\/pages\/8843\/revisions"}],"up":[{"embeddable":true,"href":"https:\/\/labeltech.ch\/fr\/wp-json\/wp\/v2\/pages\/8980"}],"wp:featuredmedia":[{"embeddable":true,"href":"https:\/\/labeltech.ch\/fr\/wp-json\/wp\/v2\/media\/1921"}],"wp:attachment":[{"href":"https:\/\/labeltech.ch\/fr\/wp-json\/wp\/v2\/media?parent=8843"}],"curies":[{"name":"wp","href":"https:\/\/api.w.org\/{rel}","templated":true}]}}