{"id":8858,"date":"2023-03-27T16:06:22","date_gmt":"2023-03-27T14:06:22","guid":{"rendered":"https:\/\/labeltech.ch\/illinois-tool-works\/"},"modified":"2023-03-29T16:00:28","modified_gmt":"2023-03-29T14:00:28","slug":"illinois-tool-works","status":"publish","type":"page","link":"https:\/\/labeltech.ch\/fr\/partenaire\/illinois-tool-works\/","title":{"rendered":"Illinois Tool Works"},"content":{"rendered":"<p><div class=\"fusion-fullwidth fullwidth-box fusion-builder-row-1 fusion-flex-container has-pattern-background has-mask-background nonhundred-percent-fullwidth non-hundred-percent-height-scrolling\" style=\"--awb-border-radius-top-left:0px;--awb-border-radius-top-right:0px;--awb-border-radius-bottom-right:0px;--awb-border-radius-bottom-left:0px;--awb-padding-top:20px;--awb-padding-bottom:20px;--awb-margin-top:-60px;--awb-background-color:#f8f8f8;--awb-flex-wrap:wrap;\" ><div class=\"fusion-builder-row fusion-row fusion-flex-align-items-center fusion-flex-content-wrap\" style=\"max-width:1248px;margin-left: calc(-4% \/ 2 );margin-right: calc(-4% \/ 2 );\"><div class=\"fusion-layout-column fusion_builder_column fusion-builder-column-0 fusion_builder_column_2_3 2_3 fusion-flex-column\" style=\"--awb-bg-size:cover;--awb-width-large:66.666666666667%;--awb-margin-top-large:20px;--awb-spacing-right-large:2.88%;--awb-margin-bottom-large:20px;--awb-spacing-left-large:2.88%;--awb-width-medium:100%;--awb-order-medium:0;--awb-spacing-right-medium:1.92%;--awb-spacing-left-medium:1.92%;--awb-width-small:100%;--awb-order-small:0;--awb-spacing-right-small:1.92%;--awb-spacing-left-small:1.92%;\"><div class=\"fusion-column-wrapper fusion-column-has-shadow fusion-flex-justify-content-flex-start fusion-content-layout-column\"><div class=\"fusion-title title fusion-title-1 fusion-sep-none fusion-title-text fusion-title-size-one\" style=\"--awb-margin-top-small:10px;--awb-margin-right-small:0px;--awb-margin-bottom-small:10px;--awb-margin-left-small:0px;\"><h1 class=\"fusion-title-heading title-heading-left fusion-responsive-typography-calculated\" style=\"margin:0;--fontSize:54;line-height:1.16;\">Illinois Tool Works<\/h1><\/div><div class=\"fusion-text fusion-text-1\"><p><strong>Un conglom\u00e9rat actif dans le monde entier avec des imprimantes de haute qualit\u00e9<\/strong><\/p>\n<\/div><\/div><\/div><div class=\"fusion-layout-column fusion_builder_column fusion-builder-column-1 fusion_builder_column_1_3 1_3 fusion-flex-column\" style=\"--awb-bg-size:cover;--awb-width-large:33.333333333333%;--awb-margin-top-large:20px;--awb-spacing-right-large:5.76%;--awb-margin-bottom-large:20px;--awb-spacing-left-large:5.76%;--awb-width-medium:100%;--awb-order-medium:0;--awb-spacing-right-medium:1.92%;--awb-spacing-left-medium:1.92%;--awb-width-small:100%;--awb-order-small:0;--awb-spacing-right-small:1.92%;--awb-spacing-left-small:1.92%;\"><div class=\"fusion-column-wrapper fusion-column-has-shadow fusion-flex-justify-content-flex-start fusion-content-layout-column\"><div class=\"fusion-image-element \" style=\"--awb-caption-title-font-family:var(--h2_typography-font-family);--awb-caption-title-font-weight:var(--h2_typography-font-weight);--awb-caption-title-font-style:var(--h2_typography-font-style);--awb-caption-title-size:var(--h2_typography-font-size);--awb-caption-title-transform:var(--h2_typography-text-transform);--awb-caption-title-line-height:var(--h2_typography-line-height);--awb-caption-title-letter-spacing:var(--h2_typography-letter-spacing);\"><span class=\" fusion-imageframe imageframe-none imageframe-1 hover-type-none\" style=\"border-radius:15px;\"><img decoding=\"async\" width=\"400\" height=\"239\" alt=\"ITW\" title=\"ITW-Logo\" src=\"https:\/\/labeltech.ch\/wp-content\/uploads\/2019\/08\/ITW-Logo.png\" class=\"img-responsive wp-image-1924\" srcset=\"https:\/\/labeltech.ch\/wp-content\/uploads\/2019\/08\/ITW-Logo-200x120.png 200w, https:\/\/labeltech.ch\/wp-content\/uploads\/2019\/08\/ITW-Logo.png 400w\" sizes=\"(max-width: 1024px) 100vw, (max-width: 640px) 100vw, 400px\" \/><\/span><\/div><\/div><\/div><\/div><\/div><div class=\"fusion-fullwidth fullwidth-box fusion-builder-row-2 fusion-flex-container has-pattern-background has-mask-background nonhundred-percent-fullwidth non-hundred-percent-height-scrolling\" style=\"--awb-border-radius-top-left:0px;--awb-border-radius-top-right:0px;--awb-border-radius-bottom-right:0px;--awb-border-radius-bottom-left:0px;--awb-margin-top:50px;--awb-flex-wrap:wrap;\" ><div class=\"fusion-builder-row fusion-row fusion-flex-align-items-flex-start fusion-flex-content-wrap\" style=\"max-width:1248px;margin-left: calc(-4% \/ 2 );margin-right: calc(-4% \/ 2 );\"><div class=\"fusion-layout-column fusion_builder_column fusion-builder-column-2 fusion_builder_column_1_1 1_1 fusion-flex-column\" style=\"--awb-bg-size:cover;--awb-width-large:100%;--awb-margin-top-large:20px;--awb-spacing-right-large:1.92%;--awb-margin-bottom-large:20px;--awb-spacing-left-large:1.92%;--awb-width-medium:100%;--awb-order-medium:0;--awb-spacing-right-medium:1.92%;--awb-spacing-left-medium:1.92%;--awb-width-small:100%;--awb-order-small:0;--awb-spacing-right-small:1.92%;--awb-spacing-left-small:1.92%;\"><div class=\"fusion-column-wrapper fusion-column-has-shadow fusion-flex-justify-content-flex-start fusion-content-layout-column\"><div class=\"fusion-text fusion-text-2\"><p>Fond\u00e9e en 1912, la soci\u00e9t\u00e9 est aujourd&#8217;hui un conglom\u00e9rat mondial qui sert principalement de gros clients et emploie plus de 45 000 personnes dans 56 pays. Le fondateur de l&#8217;entreprise, Byron L. Smith, a commenc\u00e9 par fabriquer des outils de coupe en m\u00e9tal.<\/p>\n<p>La vaste gamme de produits d&#8217;ITW comprend des \u00e9quipements de cuisine commerciale tels que des cuisini\u00e8res, des cuiseurs \u00e0 vapeur et des \u00e9quipements de r\u00e9frig\u00e9ration, des produits pour la construction, l&#8217;automobile, des \u00e9quipements de soudage, des \u00e9quipements d&#8217;essai des mat\u00e9riaux, des polym\u00e8res, des boissons, des aliments, des m\u00e9langeurs et des balances, des \u00e9quipements de soudage, des harnais et des syst\u00e8mes de harnais pour les applications en bois et en m\u00e9tal et des emballages pour l&#8217;industrie alimentaire. Le si\u00e8ge de la soci\u00e9t\u00e9 est situ\u00e9 \u00e0 60025 Glenview, pr\u00e8s de Chicago, Illinois, 155 Harlem Avenue.<\/p>\n<\/div><\/div><\/div><div class=\"fusion-layout-column fusion_builder_column fusion-builder-column-3 fusion_builder_column_1_1 1_1 fusion-flex-column\" style=\"--awb-bg-size:cover;--awb-width-large:100%;--awb-margin-top-large:20px;--awb-spacing-right-large:1.92%;--awb-margin-bottom-large:20px;--awb-spacing-left-large:1.92%;--awb-width-medium:100%;--awb-order-medium:0;--awb-spacing-right-medium:1.92%;--awb-spacing-left-medium:1.92%;--awb-width-small:100%;--awb-order-small:0;--awb-spacing-right-small:1.92%;--awb-spacing-left-small:1.92%;\"><div class=\"fusion-column-wrapper fusion-column-has-shadow fusion-flex-justify-content-flex-start fusion-content-layout-column\"><div class=\"fusion-title title fusion-title-2 fusion-sep-none fusion-title-text fusion-title-size-two\" style=\"--awb-margin-top-small:10px;--awb-margin-right-small:0px;--awb-margin-bottom-small:10px;--awb-margin-left-small:0px;\"><h2 class=\"fusion-title-heading title-heading-left fusion-responsive-typography-calculated\" style=\"margin:0;--fontSize:40;line-height:1.2;\">Les donn\u00e9es cl\u00e9s<\/h2><\/div><div class=\"fusion-text fusion-text-3\"><p>L&#8217;entreprise am\u00e9ricaine ITW est cot\u00e9e au S&amp;P 500 avec une capitalisation boursi\u00e8re actuelle de 71,7 milliards de dollars. Le S&amp;P 500, \u00e9galement connu sous le nom de Standard and Poor&#8217;s 500, est le troisi\u00e8me grand barom\u00e8tre boursier am\u00e9ricain apr\u00e8s le Dow Jones et le Nasdaq. Sur les 315,9 millions d&#8217;actions \u00e9mises, 70,4 % sont en flottant. (marge libre)<\/p>\n<p>Les quatre actionnaires les plus importants sont Briar Hall Managment avec 8,2%, Vinguard Group avec 8,00%, State Farm Mutual Auto Insurance avec 6,9% et Black Rock avec 6,5%. La volatilit\u00e9 pour l&#8217;ann\u00e9e en cours est de 16,18 %. Tant les knock-out courts, actuellement au nombre de 14, que les knock-out longs, actuellement au nombre de 48, sont g\u00e9r\u00e9s par Goldman Sachs et par BNP Paribas. Le dividende a presque doubl\u00e9 au cours des cinq derni\u00e8res ann\u00e9es, passant de 2,40USD en 2016 \u00e0 4,42USD en 2020, soit un rendement de 2,19%. ITW verse des dividendes depuis 44 ans, ce qui a valu au groupe le surnom d&#8217;Aristocrate des dividendes.<\/p>\n<\/div><\/div><\/div><div class=\"fusion-layout-column fusion_builder_column fusion-builder-column-4 fusion_builder_column_1_1 1_1 fusion-flex-column\" style=\"--awb-bg-size:cover;--awb-width-large:100%;--awb-margin-top-large:20px;--awb-spacing-right-large:1.92%;--awb-margin-bottom-large:20px;--awb-spacing-left-large:1.92%;--awb-width-medium:100%;--awb-order-medium:0;--awb-spacing-right-medium:1.92%;--awb-spacing-left-medium:1.92%;--awb-width-small:100%;--awb-order-small:0;--awb-spacing-right-small:1.92%;--awb-spacing-left-small:1.92%;\"><div class=\"fusion-column-wrapper fusion-column-has-shadow fusion-flex-justify-content-flex-start fusion-content-layout-column\"><div class=\"fusion-title title fusion-title-3 fusion-sep-none fusion-title-text fusion-title-size-two\" style=\"--awb-margin-top-small:10px;--awb-margin-right-small:0px;--awb-margin-bottom-small:10px;--awb-margin-left-small:0px;\"><h2 class=\"fusion-title-heading title-heading-left fusion-responsive-typography-calculated\" style=\"margin:0;--fontSize:40;line-height:1.2;\">Les performances des cinq derni\u00e8res ann\u00e9es<\/h2><\/div><div class=\"fusion-text fusion-text-4\"><p>Le cours actuel de l&#8217;action est de 226,69 dollars am\u00e9ricains, soit 192,65 euros, \u00e0 la date de r\u00e9f\u00e9rence du 27 juillet 2021. Le prix de l&#8217;action a augment\u00e9 de 95,99% au cours des 5 derni\u00e8res ann\u00e9es et a d\u00e9j\u00e0 r\u00e9alis\u00e9 une plus-value de 11,27% cette ann\u00e9e.<\/p>\n<p><strong>Perspectives<\/strong><br \/>\nLe 30 juillet 2021, Illinois Tool Works publiera \u00e0 tour de r\u00f4le ses r\u00e9sultats trimestriels pour la p\u00e9riode allant jusqu&#8217;au 30 juin 2021. Les analystes s&#8217;attendent \u00e0 ce que le chiffre d&#8217;affaires trimestriel d&#8217;ITW atteigne un total de 3,55 milliards de dollars. Ce r\u00e9sultat correspondrait \u00e0 une augmentation du chiffre d&#8217;affaires de 38,2 % par rapport au m\u00eame trimestre de l&#8217;ann\u00e9e pr\u00e9c\u00e9dente.<\/p>\n<p>En tant que partenaire d&#8217;Illinois Tool Works, nous avons quelques produits dans notre assortiment. Vous trouverez notamment quelques articles de la marque dans le domaine des <a href=\"https:\/\/labeltech.ch\/fr\/produkt\/transfert-thermique\/\">films \u00e0 transfert thermique<\/a>.<\/p>\n<\/div><div ><a class=\"fusion-button button-flat fusion-button-default-size button-default fusion-button-default button-1 fusion-button-default-span fusion-button-default-type\" target=\"_self\" href=\"https:\/\/labeltech.ch\/fr\/contact\/\"><span class=\"fusion-button-text awb-button__text awb-button__text--default\">Contactez-nous d\u00e8s maintenant pour une consultation individuelle !<\/span><\/a><\/div><\/div><\/div><\/div><\/div><\/p>\n","protected":false},"excerpt":{"rendered":"","protected":false},"author":2,"featured_media":0,"parent":8980,"menu_order":0,"comment_status":"closed","ping_status":"closed","template":"100-width.php","meta":{"footnotes":""},"class_list":["post-8858","page","type-page","status-publish","hentry"],"_links":{"self":[{"href":"https:\/\/labeltech.ch\/fr\/wp-json\/wp\/v2\/pages\/8858","targetHints":{"allow":["GET"]}}],"collection":[{"href":"https:\/\/labeltech.ch\/fr\/wp-json\/wp\/v2\/pages"}],"about":[{"href":"https:\/\/labeltech.ch\/fr\/wp-json\/wp\/v2\/types\/page"}],"author":[{"embeddable":true,"href":"https:\/\/labeltech.ch\/fr\/wp-json\/wp\/v2\/users\/2"}],"replies":[{"embeddable":true,"href":"https:\/\/labeltech.ch\/fr\/wp-json\/wp\/v2\/comments?post=8858"}],"version-history":[{"count":0,"href":"https:\/\/labeltech.ch\/fr\/wp-json\/wp\/v2\/pages\/8858\/revisions"}],"up":[{"embeddable":true,"href":"https:\/\/labeltech.ch\/fr\/wp-json\/wp\/v2\/pages\/8980"}],"wp:attachment":[{"href":"https:\/\/labeltech.ch\/fr\/wp-json\/wp\/v2\/media?parent=8858"}],"curies":[{"name":"wp","href":"https:\/\/api.w.org\/{rel}","templated":true}]}}