{"id":8873,"date":"2023-03-27T16:06:27","date_gmt":"2023-03-27T14:06:27","guid":{"rendered":"https:\/\/labeltech.ch\/teklynx\/"},"modified":"2023-03-29T15:59:28","modified_gmt":"2023-03-29T13:59:28","slug":"teklynx","status":"publish","type":"page","link":"https:\/\/labeltech.ch\/fr\/partenaire\/teklynx\/","title":{"rendered":"Teklynx"},"content":{"rendered":"<p><div class=\"fusion-fullwidth fullwidth-box fusion-builder-row-1 fusion-flex-container has-pattern-background has-mask-background nonhundred-percent-fullwidth non-hundred-percent-height-scrolling\" style=\"--awb-border-radius-top-left:0px;--awb-border-radius-top-right:0px;--awb-border-radius-bottom-right:0px;--awb-border-radius-bottom-left:0px;--awb-padding-top:20px;--awb-padding-bottom:20px;--awb-margin-top:-60px;--awb-background-color:#f8f8f8;--awb-flex-wrap:wrap;\" ><div class=\"fusion-builder-row fusion-row fusion-flex-align-items-flex-start fusion-flex-content-wrap\" style=\"max-width:1248px;margin-left: calc(-4% \/ 2 );margin-right: calc(-4% \/ 2 );\"><div class=\"fusion-layout-column fusion_builder_column fusion-builder-column-0 fusion_builder_column_2_3 2_3 fusion-flex-column\" style=\"--awb-bg-size:cover;--awb-width-large:66.666666666667%;--awb-margin-top-large:20px;--awb-spacing-right-large:2.88%;--awb-margin-bottom-large:20px;--awb-spacing-left-large:2.88%;--awb-width-medium:100%;--awb-order-medium:0;--awb-spacing-right-medium:1.92%;--awb-spacing-left-medium:1.92%;--awb-width-small:100%;--awb-order-small:0;--awb-spacing-right-small:1.92%;--awb-spacing-left-small:1.92%;\"><div class=\"fusion-column-wrapper fusion-column-has-shadow fusion-flex-justify-content-flex-start fusion-content-layout-column\"><div class=\"fusion-title title fusion-title-1 fusion-sep-none fusion-title-text fusion-title-size-one\" style=\"--awb-margin-top-small:10px;--awb-margin-right-small:0px;--awb-margin-bottom-small:10px;--awb-margin-left-small:0px;\"><h1 class=\"fusion-title-heading title-heading-left fusion-responsive-typography-calculated\" style=\"margin:0;--fontSize:54;line-height:1.16;\">Teklynx<\/h1><\/div><div class=\"fusion-text fusion-text-1\"><p><strong>Leader mondial des solutions logicielles de codes \u00e0 barres et RFID<\/strong><\/p>\n<\/div><\/div><\/div><div class=\"fusion-layout-column fusion_builder_column fusion-builder-column-1 fusion_builder_column_1_3 1_3 fusion-flex-column\" style=\"--awb-bg-size:cover;--awb-width-large:33.333333333333%;--awb-margin-top-large:20px;--awb-spacing-right-large:5.76%;--awb-margin-bottom-large:20px;--awb-spacing-left-large:5.76%;--awb-width-medium:100%;--awb-order-medium:0;--awb-spacing-right-medium:1.92%;--awb-spacing-left-medium:1.92%;--awb-width-small:100%;--awb-order-small:0;--awb-spacing-right-small:1.92%;--awb-spacing-left-small:1.92%;\"><div class=\"fusion-column-wrapper fusion-column-has-shadow fusion-flex-justify-content-flex-start fusion-content-layout-column\"><div class=\"fusion-image-element \" style=\"--awb-caption-title-font-family:var(--h2_typography-font-family);--awb-caption-title-font-weight:var(--h2_typography-font-weight);--awb-caption-title-font-style:var(--h2_typography-font-style);--awb-caption-title-size:var(--h2_typography-font-size);--awb-caption-title-transform:var(--h2_typography-text-transform);--awb-caption-title-line-height:var(--h2_typography-line-height);--awb-caption-title-letter-spacing:var(--h2_typography-letter-spacing);\"><span class=\" fusion-imageframe imageframe-none imageframe-1 hover-type-none\" style=\"border-radius:15px;\"><img decoding=\"async\" width=\"350\" height=\"209\" alt=\"texklynx\" title=\"texklynx-Logo\" src=\"https:\/\/labeltech.ch\/wp-content\/uploads\/2019\/08\/texklynx-Logo-350x209.png\" class=\"img-responsive wp-image-1929\" srcset=\"https:\/\/labeltech.ch\/wp-content\/uploads\/2019\/08\/texklynx-Logo-350x209.png 350w, https:\/\/labeltech.ch\/wp-content\/uploads\/2019\/08\/texklynx-Logo.png 400w\" sizes=\"(max-width: 350px) 100vw, 350px\" \/><\/span><\/div><\/div><\/div><\/div><\/div><div class=\"fusion-fullwidth fullwidth-box fusion-builder-row-2 fusion-flex-container has-pattern-background has-mask-background nonhundred-percent-fullwidth non-hundred-percent-height-scrolling\" style=\"--awb-border-radius-top-left:0px;--awb-border-radius-top-right:0px;--awb-border-radius-bottom-right:0px;--awb-border-radius-bottom-left:0px;--awb-margin-top:50px;--awb-flex-wrap:wrap;\" ><div class=\"fusion-builder-row fusion-row fusion-flex-align-items-flex-start fusion-flex-content-wrap\" style=\"max-width:1248px;margin-left: calc(-4% \/ 2 );margin-right: calc(-4% \/ 2 );\"><div class=\"fusion-layout-column fusion_builder_column fusion-builder-column-2 fusion_builder_column_1_1 1_1 fusion-flex-column\" style=\"--awb-bg-size:cover;--awb-width-large:100%;--awb-margin-top-large:20px;--awb-spacing-right-large:1.92%;--awb-margin-bottom-large:20px;--awb-spacing-left-large:1.92%;--awb-width-medium:100%;--awb-order-medium:0;--awb-spacing-right-medium:1.92%;--awb-spacing-left-medium:1.92%;--awb-width-small:100%;--awb-order-small:0;--awb-spacing-right-small:1.92%;--awb-spacing-left-small:1.92%;\"><div class=\"fusion-column-wrapper fusion-column-has-shadow fusion-flex-justify-content-flex-start fusion-content-layout-column\"><div class=\"fusion-text fusion-text-2\"><p>Teklynx est une entreprise mondiale qui offre des solutions logicielles pour les codes-barres. Il existe diff\u00e9rentes variantes qui sont adapt\u00e9es individuellement aux diff\u00e9rentes exigences des entreprises de divers secteurs. Certains secteurs, comme l&#8217;aviation, l&#8217;automobile et l&#8217;industrie chimique, sont naturellement tr\u00e8s exigeants en mati\u00e8re de r\u00e9sistance et de durabilit\u00e9 des codes \u00e0 barres.<\/p>\n<p>Le logiciel de codes-barres et de RFID de Teklynx permet d&#8217;optimiser les cha\u00eenes d&#8217;approvisionnement. L&#8217;entreprise propose diverses solutions logicielles : Teklynx Codesoft, Teklynx Central ou Teklynx Labelview ne sont que trois des solutions. Pour de nombreuses entreprises, il est important que le syst\u00e8me puisse \u00eatre int\u00e9gr\u00e9 dans une structure SAP, ce qui est \u00e9galement possible avec Teklynx. Vous pouvez trouver plus d&#8217;informations ici dans cet article!<\/p>\n<\/div><\/div><\/div><div class=\"fusion-layout-column fusion_builder_column fusion-builder-column-3 fusion_builder_column_1_1 1_1 fusion-flex-column\" style=\"--awb-bg-size:cover;--awb-width-large:100%;--awb-margin-top-large:20px;--awb-spacing-right-large:1.92%;--awb-margin-bottom-large:20px;--awb-spacing-left-large:1.92%;--awb-width-medium:100%;--awb-order-medium:0;--awb-spacing-right-medium:1.92%;--awb-spacing-left-medium:1.92%;--awb-width-small:100%;--awb-order-small:0;--awb-spacing-right-small:1.92%;--awb-spacing-left-small:1.92%;\"><div class=\"fusion-column-wrapper fusion-column-has-shadow fusion-flex-justify-content-flex-start fusion-content-layout-column\"><div class=\"fusion-title title fusion-title-2 fusion-sep-none fusion-title-text fusion-title-size-two\" style=\"--awb-margin-top-small:10px;--awb-margin-right-small:0px;--awb-margin-bottom-small:10px;--awb-margin-left-small:0px;\"><h2 class=\"fusion-title-heading title-heading-left fusion-responsive-typography-calculated\" style=\"margin:0;--fontSize:40;line-height:1.2;\">L&#8217;histoire<\/h2><\/div><div class=\"fusion-text fusion-text-3\"><p>En 1998, Teklynx a rachet\u00e9 trois grands fabricants de solutions de codes \u00e0 barres et op\u00e8re d\u00e9j\u00e0 \u00e0 l&#8217;\u00e9chelle internationale. En m\u00eame temps, deux nouvelles technologies ont \u00e9t\u00e9 introduites sur le march\u00e9. En 2011, le logiciel Central a \u00e9t\u00e9 lanc\u00e9 sur le march\u00e9. Il s&#8217;agit d&#8217;une solution compl\u00e8te de gestion des \u00e9tiquettes d&#8217;entreprise qui simplifie la gestion des \u00e9tiquettes dans la cha\u00eene d&#8217;approvisionnement et les int\u00e8gre \u00e0 d&#8217;autres syst\u00e8mes commerciaux afin d&#8217;am\u00e9liorer l&#8217;efficacit\u00e9 op\u00e9rationnelle. Il existe \u00e9galement une solution conforme aux normes de la FDA et utilis\u00e9e dans des secteurs critiques tels que la sant\u00e9 ou la pharmacie.<\/p>\n<\/div><\/div><\/div><div class=\"fusion-layout-column fusion_builder_column fusion-builder-column-4 fusion_builder_column_1_1 1_1 fusion-flex-column\" style=\"--awb-bg-size:cover;--awb-width-large:100%;--awb-margin-top-large:20px;--awb-spacing-right-large:1.92%;--awb-margin-bottom-large:20px;--awb-spacing-left-large:1.92%;--awb-width-medium:100%;--awb-order-medium:0;--awb-spacing-right-medium:1.92%;--awb-spacing-left-medium:1.92%;--awb-width-small:100%;--awb-order-small:0;--awb-spacing-right-small:1.92%;--awb-spacing-left-small:1.92%;\"><div class=\"fusion-column-wrapper fusion-column-has-shadow fusion-flex-justify-content-flex-start fusion-content-layout-column\"><div class=\"fusion-title title fusion-title-3 fusion-sep-none fusion-title-text fusion-title-size-two\" style=\"--awb-margin-top-small:10px;--awb-margin-right-small:0px;--awb-margin-bottom-small:10px;--awb-margin-left-small:0px;\"><h2 class=\"fusion-title-heading title-heading-left fusion-responsive-typography-calculated\" style=\"margin:0;--fontSize:40;line-height:1.2;\">Les solutions de codes \u00e0 barres<\/h2><\/div><\/div><\/div><div class=\"fusion-layout-column fusion_builder_column fusion-builder-column-5 fusion_builder_column_1_2 1_2 fusion-flex-column fusion-flex-align-self-stretch\" style=\"--awb-padding-top:30px;--awb-padding-right:30px;--awb-padding-bottom:30px;--awb-padding-left:30px;--awb-overflow:hidden;--awb-bg-size:cover;--awb-box-shadow:0px 20px 30px 0px rgba(0,0,0,0.1);;--awb-border-radius:30px 30px 30px 30px;--awb-transform:translateY(0px);--awb-transform-hover:translateY(-10px);--awb-width-large:50%;--awb-margin-top-large:20px;--awb-spacing-right-large:3.84%;--awb-margin-bottom-large:20px;--awb-spacing-left-large:3.84%;--awb-width-medium:100%;--awb-order-medium:0;--awb-spacing-right-medium:1.92%;--awb-spacing-left-medium:1.92%;--awb-width-small:100%;--awb-order-small:0;--awb-spacing-right-small:1.92%;--awb-spacing-left-small:1.92%;\"><div class=\"fusion-column-wrapper fusion-column-has-shadow fusion-flex-justify-content-space-between fusion-content-layout-column\"><div class=\"fusion-title title fusion-title-4 fusion-sep-none fusion-title-text fusion-title-size-three\" style=\"--awb-margin-top-small:10px;--awb-margin-right-small:0px;--awb-margin-bottom-small:10px;--awb-margin-left-small:0px;\"><h3 class=\"fusion-title-heading title-heading-left fusion-responsive-typography-calculated\" style=\"margin:0;--fontSize:32;line-height:1.3;\">Codesoft<\/h3><\/div><div class=\"fusion-text fusion-text-4\"><p>Codesoft est un logiciel d&#8217;\u00e9tiquetage RFID et de codes \u00e0 barres qui simplifie l&#8217;utilisation de l&#8217;\u00e9tiquetage. Le logiciel peut \u00eatre int\u00e9gr\u00e9 dans un syst\u00e8me existant et combin\u00e9 avec d&#8217;autres solutions Teklynx. Codesoft est la solution optimale pour les connexions de bases de donn\u00e9es et les besoins d&#8217;\u00e9tiquetage complexes.<\/p>\n<\/div><div ><a class=\"fusion-button button-flat fusion-button-default-size button-default fusion-button-default button-1 fusion-button-default-span fusion-button-default-type\" target=\"_self\" href=\"https:\/\/labeltech.ch\/fr\/produkt\/codesoft\/\"><span class=\"fusion-button-text awb-button__text awb-button__text--default\">En savoir plus maintenant<\/span><\/a><\/div><\/div><\/div><div class=\"fusion-layout-column fusion_builder_column fusion-builder-column-6 fusion_builder_column_1_2 1_2 fusion-flex-column fusion-flex-align-self-stretch\" style=\"--awb-padding-top:30px;--awb-padding-right:30px;--awb-padding-bottom:30px;--awb-padding-left:30px;--awb-overflow:hidden;--awb-bg-size:cover;--awb-box-shadow:0px 20px 30px 0px rgba(0,0,0,0.1);;--awb-border-radius:30px 30px 30px 30px;--awb-transform:translateY(0px);--awb-transform-hover:translateY(-10px);--awb-width-large:50%;--awb-margin-top-large:20px;--awb-spacing-right-large:3.84%;--awb-margin-bottom-large:20px;--awb-spacing-left-large:3.84%;--awb-width-medium:100%;--awb-order-medium:0;--awb-spacing-right-medium:1.92%;--awb-spacing-left-medium:1.92%;--awb-width-small:100%;--awb-order-small:0;--awb-spacing-right-small:1.92%;--awb-spacing-left-small:1.92%;\"><div class=\"fusion-column-wrapper fusion-column-has-shadow fusion-flex-justify-content-space-between fusion-content-layout-column\"><div class=\"fusion-title title fusion-title-5 fusion-sep-none fusion-title-text fusion-title-size-three\" style=\"--awb-margin-top-small:10px;--awb-margin-right-small:0px;--awb-margin-bottom-small:10px;--awb-margin-left-small:0px;\"><h3 class=\"fusion-title-heading title-heading-left fusion-responsive-typography-calculated\" style=\"margin:0;--fontSize:32;line-height:1.3;\">Labelview<\/h3><\/div><div class=\"fusion-text fusion-text-5\"><p>Il s&#8217;agit d&#8217;une solution d&#8217;\u00e9tiquetage de niveau interm\u00e9diaire. Les \u00e9tiquettes peuvent \u00eatre cliqu\u00e9es et imprim\u00e9es directement. Le logiciel dispose en outre d&#8217;un puissant Form Designer et d&#8217;un design d&#8217;\u00e9tiquette intelligent. Ce logiciel permet \u00e9galement d&#8217;installer facilement du nouveau mat\u00e9riel.<\/p>\n<\/div><div ><a class=\"fusion-button button-flat fusion-button-default-size button-default fusion-button-default button-2 fusion-button-default-span fusion-button-default-type\" target=\"_self\" href=\"https:\/\/labeltech.ch\/fr\/produits\/logiciel\/\"><span class=\"fusion-button-text awb-button__text awb-button__text--default\">D\u00e9couvrir le logiciel<\/span><\/a><\/div><\/div><\/div><\/div><\/div><div class=\"fusion-fullwidth fullwidth-box fusion-builder-row-3 fusion-flex-container has-pattern-background has-mask-background nonhundred-percent-fullwidth non-hundred-percent-height-scrolling\" style=\"--awb-border-radius-top-left:0px;--awb-border-radius-top-right:0px;--awb-border-radius-bottom-right:0px;--awb-border-radius-bottom-left:0px;--awb-margin-top:50px;--awb-flex-wrap:wrap;\" ><div class=\"fusion-builder-row fusion-row fusion-flex-align-items-flex-start fusion-flex-content-wrap\" style=\"max-width:1248px;margin-left: calc(-4% \/ 2 );margin-right: calc(-4% \/ 2 );\"><div class=\"fusion-layout-column fusion_builder_column fusion-builder-column-7 fusion_builder_column_1_1 1_1 fusion-flex-column\" style=\"--awb-bg-size:cover;--awb-width-large:100%;--awb-margin-top-large:20px;--awb-spacing-right-large:1.92%;--awb-margin-bottom-large:20px;--awb-spacing-left-large:1.92%;--awb-width-medium:100%;--awb-order-medium:0;--awb-spacing-right-medium:1.92%;--awb-spacing-left-medium:1.92%;--awb-width-small:100%;--awb-order-small:0;--awb-spacing-right-small:1.92%;--awb-spacing-left-small:1.92%;\"><div class=\"fusion-column-wrapper fusion-column-has-shadow fusion-flex-justify-content-flex-start fusion-content-layout-column\"><div class=\"fusion-title title fusion-title-6 fusion-sep-none fusion-title-text fusion-title-size-two\" style=\"--awb-margin-top-small:10px;--awb-margin-right-small:0px;--awb-margin-bottom-small:10px;--awb-margin-left-small:0px;\"><h2 class=\"fusion-title-heading title-heading-left fusion-responsive-typography-calculated\" style=\"margin:0;--fontSize:40;line-height:1.2;\">\u00c9tiquetage de codes \u00e0 barres et RFID avec Labeltech<\/h2><\/div><div class=\"fusion-text fusion-text-6\"><p>Nous sommes partenaires de Teklynx et proposons donc une s\u00e9lection de produits \u00e9galement dans notre assortiment. Vous trouverez d&#8217;une part le logiciel Codesoft et d&#8217;autre part Sentinel. Sentinel est une solution d&#8217;automatisation pour l&#8217;impression sur de nombreuses imprimantes d&#8217;\u00e9tiquettes diff\u00e9rentes. Vous r\u00e9duisez ainsi les \u00e9tapes manuelles et gagnez du temps lors de l&#8217;impression des \u00e9tiquettes. Bien entendu, nous vous proposons \u00e9galement une assistance \u00e0 ce sujet, alors n&#8217;h\u00e9sitez pas \u00e0 nous contacter d\u00e8s maintenant pour obtenir une offre ou si vous avez des questions.<\/p>\n<\/div><div ><a class=\"fusion-button button-flat fusion-button-default-size button-default fusion-button-default button-3 fusion-button-default-span fusion-button-default-type\" target=\"_self\" href=\"https:\/\/labeltech.ch\/fr\/contact\/\"><span class=\"fusion-button-text awb-button__text awb-button__text--default\">Contactez-nous d\u00e8s maintenant pour une consultation individuelle !<\/span><\/a><\/div><\/div><\/div><\/div><\/div><\/p>\n","protected":false},"excerpt":{"rendered":"","protected":false},"author":2,"featured_media":0,"parent":8980,"menu_order":0,"comment_status":"closed","ping_status":"closed","template":"100-width.php","meta":{"footnotes":""},"class_list":["post-8873","page","type-page","status-publish","hentry"],"_links":{"self":[{"href":"https:\/\/labeltech.ch\/fr\/wp-json\/wp\/v2\/pages\/8873","targetHints":{"allow":["GET"]}}],"collection":[{"href":"https:\/\/labeltech.ch\/fr\/wp-json\/wp\/v2\/pages"}],"about":[{"href":"https:\/\/labeltech.ch\/fr\/wp-json\/wp\/v2\/types\/page"}],"author":[{"embeddable":true,"href":"https:\/\/labeltech.ch\/fr\/wp-json\/wp\/v2\/users\/2"}],"replies":[{"embeddable":true,"href":"https:\/\/labeltech.ch\/fr\/wp-json\/wp\/v2\/comments?post=8873"}],"version-history":[{"count":0,"href":"https:\/\/labeltech.ch\/fr\/wp-json\/wp\/v2\/pages\/8873\/revisions"}],"up":[{"embeddable":true,"href":"https:\/\/labeltech.ch\/fr\/wp-json\/wp\/v2\/pages\/8980"}],"wp:attachment":[{"href":"https:\/\/labeltech.ch\/fr\/wp-json\/wp\/v2\/media?parent=8873"}],"curies":[{"name":"wp","href":"https:\/\/api.w.org\/{rel}","templated":true}]}}