{"id":8901,"date":"2023-03-27T16:06:38","date_gmt":"2023-03-27T14:06:38","guid":{"rendered":"https:\/\/labeltech.ch\/bulletin-dinformation\/"},"modified":"2023-03-27T16:06:58","modified_gmt":"2023-03-27T14:06:58","slug":"bulletin-dinformation","status":"publish","type":"page","link":"https:\/\/labeltech.ch\/fr\/bulletin-dinformation\/","title":{"rendered":"Bulletin d&#8217;information"},"content":{"rendered":"<p><div class=\"fusion-fullwidth fullwidth-box fusion-builder-row-1 fusion-flex-container nonhundred-percent-fullwidth non-hundred-percent-height-scrolling\" style=\"--awb-border-radius-top-left:0px;--awb-border-radius-top-right:0px;--awb-border-radius-bottom-right:0px;--awb-border-radius-bottom-left:0px;--awb-flex-wrap:wrap;\" ><div class=\"fusion-builder-row fusion-row fusion-flex-align-items-flex-start fusion-flex-content-wrap\" style=\"max-width:1248px;margin-left: calc(-4% \/ 2 );margin-right: calc(-4% \/ 2 );\"><div class=\"fusion-layout-column fusion_builder_column fusion-builder-column-0 fusion_builder_column_2_3 2_3 fusion-flex-column\" style=\"--awb-bg-size:cover;--awb-width-large:66.666666666667%;--awb-margin-top-large:0px;--awb-spacing-right-large:2.88%;--awb-margin-bottom-large:0px;--awb-spacing-left-large:2.88%;--awb-width-medium:100%;--awb-spacing-right-medium:1.92%;--awb-spacing-left-medium:1.92%;--awb-width-small:100%;--awb-spacing-right-small:1.92%;--awb-spacing-left-small:1.92%;\"><div class=\"fusion-column-wrapper fusion-flex-justify-content-flex-start fusion-content-layout-column\"><div class=\"fusion-text fusion-text-1\"><h1>Bulletin d&#8217;information<\/h1>\n<p>Abonnez-vous \u00e0 notre newsletter et restez toujours inform\u00e9 sur nos produits et services. Vous ne manquerez ainsi aucune nouveaut\u00e9 concernant le portefeuille de Labeltech AG. De nouveaux produits, des guides et de nombreux conseils utiles vous attendent dans notre newsletter.<\/p>\n<p><strong>Nous utilisons votre adresse e-mail uniquement pour l&#8217;envoi de la newsletter.<\/strong><\/p>\n<\/div><\/div><\/div><\/div><\/div><div class=\"fusion-fullwidth fullwidth-box fusion-builder-row-2 fusion-flex-container has-pattern-background has-mask-background nonhundred-percent-fullwidth non-hundred-percent-height-scrolling\" style=\"--awb-border-radius-top-left:0px;--awb-border-radius-top-right:0px;--awb-border-radius-bottom-right:0px;--awb-border-radius-bottom-left:0px;--awb-margin-top:80px;--awb-margin-bottom:80px;--awb-flex-wrap:wrap;\" ><div class=\"fusion-builder-row fusion-row fusion-flex-align-items-flex-start fusion-flex-content-wrap\" style=\"max-width:1248px;margin-left: calc(-4% \/ 2 );margin-right: calc(-4% \/ 2 );\"><div class=\"fusion-layout-column fusion_builder_column fusion-builder-column-1 fusion_builder_column_1_1 1_1 fusion-flex-column\" style=\"--awb-bg-size:cover;--awb-width-large:100%;--awb-margin-top-large:20px;--awb-spacing-right-large:1.92%;--awb-margin-bottom-large:40px;--awb-spacing-left-large:1.92%;--awb-width-medium:100%;--awb-order-medium:0;--awb-spacing-right-medium:1.92%;--awb-spacing-left-medium:1.92%;--awb-width-small:100%;--awb-order-small:0;--awb-spacing-right-small:1.92%;--awb-spacing-left-small:1.92%;\"><div class=\"fusion-column-wrapper fusion-column-has-shadow fusion-flex-justify-content-flex-start fusion-content-layout-column\"><div class=\"fusion-title title fusion-title-1 fusion-sep-none fusion-title-center fusion-title-text fusion-title-size-two\" style=\"--awb-margin-top-small:10px;--awb-margin-right-small:0px;--awb-margin-bottom-small:10px;--awb-margin-left-small:0px;\"><h2 class=\"fusion-title-heading title-heading-center fusion-responsive-typography-calculated\" style=\"margin:0;--fontSize:40;line-height:1.2;\"><p class=\"av-special-heading-tag\">Nos certifications<\/p><\/h2><\/div><\/div><\/div><div class=\"fusion-layout-column fusion_builder_column fusion-builder-column-2 fusion_builder_column_1_6 1_6 fusion-flex-column fusion-flex-align-self-center\" style=\"--awb-bg-size:cover;--awb-width-large:16.666666666667%;--awb-margin-top-large:20px;--awb-spacing-right-large:11.52%;--awb-margin-bottom-large:20px;--awb-spacing-left-large:11.52%;--awb-width-medium:100%;--awb-order-medium:0;--awb-spacing-right-medium:1.92%;--awb-spacing-left-medium:1.92%;--awb-width-small:100%;--awb-order-small:0;--awb-spacing-right-small:1.92%;--awb-spacing-left-small:1.92%;\"><div class=\"fusion-column-wrapper fusion-column-has-shadow fusion-flex-justify-content-flex-start fusion-content-layout-column\"><div class=\"fusion-image-element \" style=\"--awb-caption-title-font-family:var(--h2_typography-font-family);--awb-caption-title-font-weight:var(--h2_typography-font-weight);--awb-caption-title-font-style:var(--h2_typography-font-style);--awb-caption-title-size:var(--h2_typography-font-size);--awb-caption-title-transform:var(--h2_typography-text-transform);--awb-caption-title-line-height:var(--h2_typography-line-height);--awb-caption-title-letter-spacing:var(--h2_typography-letter-spacing);\"><span class=\" fusion-imageframe imageframe-none imageframe-1 hover-type-none\" style=\"border-radius:15px;\"><a class=\"fusion-no-lightbox\" href=\"https:\/\/labeltech.ch\/epson-gold-partner\/\" target=\"_self\" aria-label=\"Specialist-Partner_Colour-Label_Gold_Logo_RGB\"><img decoding=\"async\" width=\"1030\" height=\"309\" alt=\"Epson Specialist Partner Colour-Label Gold 2022\" src=\"https:\/\/labeltech.ch\/wp-content\/uploads\/2021\/03\/Specialist-Partner_Colour-Label_Gold_Logo_RGB-1030x309.png\" class=\"img-responsive wp-image-7045\" srcset=\"https:\/\/labeltech.ch\/wp-content\/uploads\/2021\/03\/Specialist-Partner_Colour-Label_Gold_Logo_RGB-600x180.png 600w, https:\/\/labeltech.ch\/wp-content\/uploads\/2021\/03\/Specialist-Partner_Colour-Label_Gold_Logo_RGB.png 1092w\" sizes=\"(max-width: 1024px) 100vw, (max-width: 640px) 100vw, 1030px\" \/><\/a><\/span><\/div><\/div><\/div><div class=\"fusion-layout-column fusion_builder_column fusion-builder-column-3 fusion_builder_column_1_6 1_6 fusion-flex-column fusion-flex-align-self-center\" style=\"--awb-bg-size:cover;--awb-width-large:16.666666666667%;--awb-margin-top-large:20px;--awb-spacing-right-large:11.52%;--awb-margin-bottom-large:20px;--awb-spacing-left-large:11.52%;--awb-width-medium:100%;--awb-order-medium:0;--awb-spacing-right-medium:1.92%;--awb-spacing-left-medium:1.92%;--awb-width-small:100%;--awb-order-small:0;--awb-spacing-right-small:1.92%;--awb-spacing-left-small:1.92%;\"><div class=\"fusion-column-wrapper fusion-column-has-shadow fusion-flex-justify-content-flex-start fusion-content-layout-column\"><div class=\"fusion-image-element \" style=\"--awb-caption-title-font-family:var(--h2_typography-font-family);--awb-caption-title-font-weight:var(--h2_typography-font-weight);--awb-caption-title-font-style:var(--h2_typography-font-style);--awb-caption-title-size:var(--h2_typography-font-size);--awb-caption-title-transform:var(--h2_typography-text-transform);--awb-caption-title-line-height:var(--h2_typography-line-height);--awb-caption-title-letter-spacing:var(--h2_typography-letter-spacing);\"><span class=\" fusion-imageframe imageframe-none imageframe-2 hover-type-none\" style=\"border-radius:15px;\"><a class=\"fusion-no-lightbox\" href=\"https:\/\/labeltech.ch\/partner\/toshiba\/\" target=\"_self\" aria-label=\"toshibaautoid-business-partner\"><img decoding=\"async\" width=\"300\" height=\"300\" src=\"https:\/\/labeltech.ch\/wp-content\/uploads\/2022\/01\/toshibaautoid-business-partner.png\" alt class=\"img-responsive wp-image-6584\" srcset=\"https:\/\/labeltech.ch\/wp-content\/uploads\/2022\/01\/toshibaautoid-business-partner-200x200.png 200w, https:\/\/labeltech.ch\/wp-content\/uploads\/2022\/01\/toshibaautoid-business-partner.png 300w\" sizes=\"(max-width: 1024px) 100vw, (max-width: 640px) 100vw, 200px\" \/><\/a><\/span><\/div><\/div><\/div><div class=\"fusion-layout-column fusion_builder_column fusion-builder-column-4 fusion_builder_column_1_6 1_6 fusion-flex-column fusion-flex-align-self-center\" style=\"--awb-bg-size:cover;--awb-width-large:16.666666666667%;--awb-margin-top-large:20px;--awb-spacing-right-large:11.52%;--awb-margin-bottom-large:20px;--awb-spacing-left-large:11.52%;--awb-width-medium:100%;--awb-order-medium:0;--awb-spacing-right-medium:1.92%;--awb-spacing-left-medium:1.92%;--awb-width-small:100%;--awb-order-small:0;--awb-spacing-right-small:1.92%;--awb-spacing-left-small:1.92%;\"><div class=\"fusion-column-wrapper fusion-column-has-shadow fusion-flex-justify-content-flex-start fusion-content-layout-column\"><div class=\"fusion-image-element \" style=\"--awb-caption-title-font-family:var(--h2_typography-font-family);--awb-caption-title-font-weight:var(--h2_typography-font-weight);--awb-caption-title-font-style:var(--h2_typography-font-style);--awb-caption-title-size:var(--h2_typography-font-size);--awb-caption-title-transform:var(--h2_typography-text-transform);--awb-caption-title-line-height:var(--h2_typography-line-height);--awb-caption-title-letter-spacing:var(--h2_typography-letter-spacing);\"><span class=\" fusion-imageframe imageframe-none imageframe-3 hover-type-none\" style=\"border-radius:15px;\"><a class=\"fusion-no-lightbox\" href=\"https:\/\/labeltech.ch\/partner\/tsc\/\" target=\"_self\" aria-label=\"Gold TSC Power Partner\"><img decoding=\"async\" width=\"300\" height=\"300\" alt=\"Gold TSC Power Partner\" src=\"https:\/\/labeltech.ch\/wp-content\/uploads\/2022\/01\/Gold-TSC-Power-Partner-1.png\" class=\"img-responsive wp-image-6659\" srcset=\"https:\/\/labeltech.ch\/wp-content\/uploads\/2022\/01\/Gold-TSC-Power-Partner-1-200x200.png 200w, https:\/\/labeltech.ch\/wp-content\/uploads\/2022\/01\/Gold-TSC-Power-Partner-1.png 300w\" sizes=\"(max-width: 1024px) 100vw, (max-width: 640px) 100vw, 300px\" \/><\/a><\/span><\/div><\/div><\/div><div class=\"fusion-layout-column fusion_builder_column fusion-builder-column-5 fusion_builder_column_1_6 1_6 fusion-flex-column fusion-flex-align-self-center\" style=\"--awb-bg-size:cover;--awb-width-large:16.666666666667%;--awb-margin-top-large:20px;--awb-spacing-right-large:11.52%;--awb-margin-bottom-large:20px;--awb-spacing-left-large:11.52%;--awb-width-medium:100%;--awb-order-medium:0;--awb-spacing-right-medium:1.92%;--awb-spacing-left-medium:1.92%;--awb-width-small:100%;--awb-order-small:0;--awb-spacing-right-small:1.92%;--awb-spacing-left-small:1.92%;\"><div class=\"fusion-column-wrapper fusion-column-has-shadow fusion-flex-justify-content-flex-start fusion-content-layout-column\"><div class=\"fusion-image-element \" style=\"--awb-caption-title-font-family:var(--h2_typography-font-family);--awb-caption-title-font-weight:var(--h2_typography-font-weight);--awb-caption-title-font-style:var(--h2_typography-font-style);--awb-caption-title-size:var(--h2_typography-font-size);--awb-caption-title-transform:var(--h2_typography-text-transform);--awb-caption-title-line-height:var(--h2_typography-line-height);--awb-caption-title-letter-spacing:var(--h2_typography-letter-spacing);\"><span class=\" fusion-imageframe imageframe-none imageframe-4 hover-type-none\" style=\"border-radius:15px;\"><a class=\"fusion-no-lightbox\" href=\"https:\/\/labeltech.ch\/produkt\/nice-label-cloud\/\" target=\"_self\" aria-label=\"Loftware_NiceLabel Partner Logos_Business Partner logo\"><img decoding=\"async\" width=\"664\" height=\"326\" alt=\"NiceLabel Business Partner\" src=\"https:\/\/labeltech.ch\/wp-content\/uploads\/2022\/05\/Loftware_NiceLabel-Partner-Logos_Business-Partner-logo.png\" class=\"img-responsive wp-image-7037\" srcset=\"https:\/\/labeltech.ch\/wp-content\/uploads\/2022\/05\/Loftware_NiceLabel-Partner-Logos_Business-Partner-logo-600x295.png 600w, https:\/\/labeltech.ch\/wp-content\/uploads\/2022\/05\/Loftware_NiceLabel-Partner-Logos_Business-Partner-logo.png 664w\" sizes=\"(max-width: 1024px) 100vw, (max-width: 640px) 100vw, 664px\" \/><\/a><\/span><\/div><\/div><\/div><div class=\"fusion-layout-column fusion_builder_column fusion-builder-column-6 fusion_builder_column_1_6 1_6 fusion-flex-column fusion-flex-align-self-center\" style=\"--awb-bg-size:cover;--awb-width-large:16.666666666667%;--awb-margin-top-large:20px;--awb-spacing-right-large:11.52%;--awb-margin-bottom-large:20px;--awb-spacing-left-large:11.52%;--awb-width-medium:100%;--awb-order-medium:0;--awb-spacing-right-medium:1.92%;--awb-spacing-left-medium:1.92%;--awb-width-small:100%;--awb-order-small:0;--awb-spacing-right-small:1.92%;--awb-spacing-left-small:1.92%;\"><div class=\"fusion-column-wrapper fusion-column-has-shadow fusion-flex-justify-content-flex-start fusion-content-layout-column\"><div class=\"fusion-image-element \" style=\"--awb-caption-title-font-family:var(--h2_typography-font-family);--awb-caption-title-font-weight:var(--h2_typography-font-weight);--awb-caption-title-font-style:var(--h2_typography-font-style);--awb-caption-title-size:var(--h2_typography-font-size);--awb-caption-title-transform:var(--h2_typography-text-transform);--awb-caption-title-line-height:var(--h2_typography-line-height);--awb-caption-title-letter-spacing:var(--h2_typography-letter-spacing);\"><span class=\" fusion-imageframe imageframe-none imageframe-5 hover-type-none\" style=\"border-radius:15px;\"><a class=\"fusion-no-lightbox\" href=\"https:\/\/labeltech.ch\/partner\/novexx-solutions\/\" target=\"_self\" aria-label=\"novexx-partner\"><img decoding=\"async\" width=\"300\" height=\"300\" src=\"https:\/\/labeltech.ch\/wp-content\/uploads\/2022\/01\/novexx-partner.png\" alt class=\"img-responsive wp-image-6588\" srcset=\"https:\/\/labeltech.ch\/wp-content\/uploads\/2022\/01\/novexx-partner-200x200.png 200w, https:\/\/labeltech.ch\/wp-content\/uploads\/2022\/01\/novexx-partner.png 300w\" sizes=\"(max-width: 1024px) 100vw, (max-width: 640px) 100vw, 200px\" \/><\/a><\/span><\/div><\/div><\/div><div class=\"fusion-layout-column fusion_builder_column fusion-builder-column-7 fusion_builder_column_1_6 1_6 fusion-flex-column fusion-flex-align-self-center\" style=\"--awb-bg-size:cover;--awb-width-large:16.666666666667%;--awb-margin-top-large:20px;--awb-spacing-right-large:11.52%;--awb-margin-bottom-large:20px;--awb-spacing-left-large:11.52%;--awb-width-medium:100%;--awb-order-medium:0;--awb-spacing-right-medium:1.92%;--awb-spacing-left-medium:1.92%;--awb-width-small:100%;--awb-order-small:0;--awb-spacing-right-small:1.92%;--awb-spacing-left-small:1.92%;\"><div class=\"fusion-column-wrapper fusion-column-has-shadow fusion-flex-justify-content-flex-start fusion-content-layout-column\"><div class=\"fusion-image-element \" style=\"--awb-caption-title-font-family:var(--h2_typography-font-family);--awb-caption-title-font-weight:var(--h2_typography-font-weight);--awb-caption-title-font-style:var(--h2_typography-font-style);--awb-caption-title-size:var(--h2_typography-font-size);--awb-caption-title-transform:var(--h2_typography-text-transform);--awb-caption-title-line-height:var(--h2_typography-line-height);--awb-caption-title-letter-spacing:var(--h2_typography-letter-spacing);\"><span class=\" fusion-imageframe imageframe-none imageframe-6 hover-type-none\" style=\"border-radius:15px;\"><a class=\"fusion-no-lightbox\" href=\"https:\/\/labeltech.ch\/partner\/printronix\/\" target=\"_self\" aria-label=\"silver-power-partner-printronix\"><img decoding=\"async\" width=\"300\" height=\"300\" src=\"https:\/\/labeltech.ch\/wp-content\/uploads\/2022\/01\/silver-power-partner-printronix.png\" alt class=\"img-responsive wp-image-6586\" srcset=\"https:\/\/labeltech.ch\/wp-content\/uploads\/2022\/01\/silver-power-partner-printronix-200x200.png 200w, https:\/\/labeltech.ch\/wp-content\/uploads\/2022\/01\/silver-power-partner-printronix.png 300w\" sizes=\"(max-width: 1024px) 100vw, (max-width: 640px) 100vw, 200px\" \/><\/a><\/span><\/div><\/div><\/div><\/div><\/div><\/p>\n","protected":false},"excerpt":{"rendered":"","protected":false},"author":5,"featured_media":0,"parent":0,"menu_order":0,"comment_status":"closed","ping_status":"closed","template":"","meta":{"footnotes":""},"class_list":["post-8901","page","type-page","status-publish","hentry"],"_links":{"self":[{"href":"https:\/\/labeltech.ch\/fr\/wp-json\/wp\/v2\/pages\/8901","targetHints":{"allow":["GET"]}}],"collection":[{"href":"https:\/\/labeltech.ch\/fr\/wp-json\/wp\/v2\/pages"}],"about":[{"href":"https:\/\/labeltech.ch\/fr\/wp-json\/wp\/v2\/types\/page"}],"author":[{"embeddable":true,"href":"https:\/\/labeltech.ch\/fr\/wp-json\/wp\/v2\/users\/5"}],"replies":[{"embeddable":true,"href":"https:\/\/labeltech.ch\/fr\/wp-json\/wp\/v2\/comments?post=8901"}],"version-history":[{"count":0,"href":"https:\/\/labeltech.ch\/fr\/wp-json\/wp\/v2\/pages\/8901\/revisions"}],"wp:attachment":[{"href":"https:\/\/labeltech.ch\/fr\/wp-json\/wp\/v2\/media?parent=8901"}],"curies":[{"name":"wp","href":"https:\/\/api.w.org\/{rel}","templated":true}]}}