{"id":8952,"date":"2023-03-27T16:07:02","date_gmt":"2023-03-27T14:07:02","guid":{"rendered":"https:\/\/labeltech.ch\/applicateurs\/"},"modified":"2023-12-20T09:52:58","modified_gmt":"2023-12-20T08:52:58","slug":"applicateurs","status":"publish","type":"page","link":"https:\/\/labeltech.ch\/fr\/produits\/applicateurs\/","title":{"rendered":"Applicateurs"},"content":{"rendered":"<p><div class=\"fusion-fullwidth fullwidth-box fusion-builder-row-1 fusion-flex-container has-pattern-background has-mask-background nonhundred-percent-fullwidth non-hundred-percent-height-scrolling\" style=\"--awb-border-radius-top-left:0px;--awb-border-radius-top-right:0px;--awb-border-radius-bottom-right:0px;--awb-border-radius-bottom-left:0px;--awb-padding-top:20px;--awb-padding-bottom:20px;--awb-margin-top:-60px;--awb-background-color:var(--awb-color5);--awb-flex-wrap:wrap;\" ><div class=\"fusion-builder-row fusion-row fusion-flex-align-items-flex-start fusion-flex-content-wrap\" style=\"max-width:1248px;margin-left: calc(-4% \/ 2 );margin-right: calc(-4% \/ 2 );\"><div class=\"fusion-layout-column fusion_builder_column fusion-builder-column-0 fusion_builder_column_1_1 1_1 fusion-flex-column\" style=\"--awb-bg-size:cover;--awb-width-large:100%;--awb-margin-top-large:20px;--awb-spacing-right-large:1.92%;--awb-margin-bottom-large:20px;--awb-spacing-left-large:1.92%;--awb-width-medium:100%;--awb-order-medium:0;--awb-spacing-right-medium:1.92%;--awb-spacing-left-medium:1.92%;--awb-width-small:100%;--awb-order-small:0;--awb-spacing-right-small:1.92%;--awb-spacing-left-small:1.92%;\"><div class=\"fusion-column-wrapper fusion-column-has-shadow fusion-flex-justify-content-flex-start fusion-content-layout-column\"><div class=\"fusion-title title fusion-title-1 fusion-sep-none fusion-title-text fusion-title-size-one\" style=\"--awb-text-color:var(--awb-color1);--awb-margin-top-small:10px;--awb-margin-right-small:0px;--awb-margin-bottom-small:10px;--awb-margin-left-small:0px;\"><h1 class=\"fusion-title-heading title-heading-left fusion-responsive-typography-calculated\" style=\"margin:0;--fontSize:54;line-height:1.16;\">Applicateurs<\/h1><\/div><\/div><\/div><\/div><\/div><div class=\"fusion-fullwidth fullwidth-box fusion-builder-row-2 fusion-flex-container has-pattern-background has-mask-background nonhundred-percent-fullwidth non-hundred-percent-height-scrolling\" style=\"--awb-border-radius-top-left:0px;--awb-border-radius-top-right:0px;--awb-border-radius-bottom-right:0px;--awb-border-radius-bottom-left:0px;--awb-margin-top:50px;--awb-flex-wrap:wrap;\" ><div class=\"fusion-builder-row fusion-row fusion-flex-align-items-flex-start fusion-flex-content-wrap\" style=\"max-width:1248px;margin-left: calc(-4% \/ 2 );margin-right: calc(-4% \/ 2 );\"><div class=\"fusion-layout-column fusion_builder_column fusion-builder-column-1 fusion_builder_column_1_1 1_1 fusion-flex-column\" style=\"--awb-bg-size:cover;--awb-width-large:100%;--awb-margin-top-large:20px;--awb-spacing-right-large:1.92%;--awb-margin-bottom-large:20px;--awb-spacing-left-large:1.92%;--awb-width-medium:100%;--awb-order-medium:0;--awb-spacing-right-medium:1.92%;--awb-spacing-left-medium:1.92%;--awb-width-small:100%;--awb-order-small:0;--awb-spacing-right-small:1.92%;--awb-spacing-left-small:1.92%;\"><div class=\"fusion-column-wrapper fusion-column-has-shadow fusion-flex-justify-content-flex-start fusion-content-layout-column\"><div class=\"fusion-text fusion-text-1\"><p>Les \u00e9tiquettes imprim\u00e9es doivent en effet \u00eatre appliqu\u00e9es sur les produits correspondants. Pour ce faire, il est pr\u00e9f\u00e9rable d&#8217;utiliser des applicateurs afin d&#8217;obtenir un r\u00e9sultat pr\u00e9cis et exact. L&#8217;\u00e9tiquette fait beaucoup pour la premi\u00e8re impression et d\u00e9termine l&#8217;aspect g\u00e9n\u00e9ral de l&#8217;emballage. -&gt; <strong>Imprimer &#8211; Distribuer &#8211; Appliquer<\/strong><\/p>\n<\/div><div class=\"fusion-woo-product-slider fusion-woo-slider\"><div class=\"awb-carousel awb-swiper awb-swiper-carousel fusion-carousel-title-below-image\" data-metacontent=\"yes\" data-autoplay=\"no\" data-columns=\"5\" data-itemmargin=\"13\" data-itemwidth=\"180\" data-touchscroll=\"no\" data-imagesize=\"auto\"><div class=\"swiper-wrapper\"><div class=\"swiper-slide\"><div class=\"fusion-classic-product-image-wrapper\"><div class=\"fusion-carousel-item-wrapper\"><div  class=\"fusion-image-wrapper\" aria-haspopup=\"true\">\n\t\t\t\t<div class=\"fusion-woo-badges-wrapper\">\n<\/div>\t\t\t<a href=\"https:\/\/labeltech.ch\/fr\/produkt\/la-to-touch-on\/\" aria-label=\"LA-TO Touch On\">\n\t\t\t\t\t\t\t<img decoding=\"async\" width=\"600\" height=\"600\" src=\"https:\/\/labeltech.ch\/wp-content\/uploads\/2019\/07\/LA-TO.png\" class=\"attachment-full size-full wp-post-image\" alt=\"Applicateur LA-TO touch on\" srcset=\"https:\/\/labeltech.ch\/wp-content\/uploads\/2019\/07\/LA-TO-200x200.png 200w, https:\/\/labeltech.ch\/wp-content\/uploads\/2019\/07\/LA-TO.png 600w\" sizes=\"(min-width: 2200px) 100vw, (min-width: 928px) 230px, (min-width: 856px) 287px, (min-width: 784px) 383px, (min-width: 712px) 574px, (min-width: 640px) 712px, \" \/><div class=\"cart-loading\"><i class=\"awb-icon-spinner\" aria-hidden=\"true\"><\/i><\/div>\t\t\t<\/a>\n\t\t\t\t\t\t\t<\/div>\n<h4 class=\"fusion-carousel-title product-title\"><a href=\"https:\/\/labeltech.ch\/fr\/produkt\/la-to-touch-on\/\" target=\"_self\">LA-TO Touch On<\/a><\/h4><div class=\"fusion-carousel-meta\"><a href=\"https:\/\/labeltech.ch\/fr\/produkt-kategorie\/applicateurs\/\" rel=\"tag\">Applicateurs<\/a><\/div><\/div><\/div><\/div><div class=\"swiper-slide\"><div class=\"fusion-classic-product-image-wrapper\"><div class=\"fusion-carousel-item-wrapper\"><div  class=\"fusion-image-wrapper\" aria-haspopup=\"true\">\n\t\t\t\t<div class=\"fusion-woo-badges-wrapper\">\n<\/div>\t\t\t<a href=\"https:\/\/labeltech.ch\/fr\/produkt\/la-so-swing-on\/\" aria-label=\"LA-SO Swing On\">\n\t\t\t\t\t\t\t<img decoding=\"async\" width=\"600\" height=\"600\" src=\"https:\/\/labeltech.ch\/wp-content\/uploads\/2019\/07\/LA-SO.png\" class=\"attachment-full size-full wp-post-image\" alt=\"LA-SO Swing On\" srcset=\"https:\/\/labeltech.ch\/wp-content\/uploads\/2019\/07\/LA-SO-200x200.png 200w, https:\/\/labeltech.ch\/wp-content\/uploads\/2019\/07\/LA-SO.png 600w\" sizes=\"(min-width: 2200px) 100vw, (min-width: 928px) 230px, (min-width: 856px) 287px, (min-width: 784px) 383px, (min-width: 712px) 574px, (min-width: 640px) 712px, \" \/><div class=\"cart-loading\"><i class=\"awb-icon-spinner\" aria-hidden=\"true\"><\/i><\/div>\t\t\t<\/a>\n\t\t\t\t\t\t\t<\/div>\n<h4 class=\"fusion-carousel-title product-title\"><a href=\"https:\/\/labeltech.ch\/fr\/produkt\/la-so-swing-on\/\" target=\"_self\">LA-SO Swing On<\/a><\/h4><div class=\"fusion-carousel-meta\"><a href=\"https:\/\/labeltech.ch\/fr\/produkt-kategorie\/applicateurs\/\" rel=\"tag\">Applicateurs<\/a><\/div><\/div><\/div><\/div><div class=\"swiper-slide\"><div class=\"fusion-classic-product-image-wrapper\"><div class=\"fusion-carousel-item-wrapper\"><div  class=\"fusion-image-wrapper\" aria-haspopup=\"true\">\n\t\t\t\t<div class=\"fusion-woo-badges-wrapper\">\n<\/div>\t\t\t<a href=\"https:\/\/labeltech.ch\/fr\/produkt\/la-bo-blow-on\/\" aria-label=\"LA-Bo Blow On\">\n\t\t\t\t\t\t\t<img decoding=\"async\" width=\"600\" height=\"600\" src=\"https:\/\/labeltech.ch\/wp-content\/uploads\/2019\/07\/LA-BP.png\" class=\"attachment-full size-full wp-post-image\" alt=\"LA-Bo Blow On\" srcset=\"https:\/\/labeltech.ch\/wp-content\/uploads\/2019\/07\/LA-BP-200x200.png 200w, https:\/\/labeltech.ch\/wp-content\/uploads\/2019\/07\/LA-BP.png 600w\" sizes=\"(min-width: 2200px) 100vw, (min-width: 928px) 230px, (min-width: 856px) 287px, (min-width: 784px) 383px, (min-width: 712px) 574px, (min-width: 640px) 712px, \" \/><div class=\"cart-loading\"><i class=\"awb-icon-spinner\" aria-hidden=\"true\"><\/i><\/div>\t\t\t<\/a>\n\t\t\t\t\t\t\t<\/div>\n<h4 class=\"fusion-carousel-title product-title\"><a href=\"https:\/\/labeltech.ch\/fr\/produkt\/la-bo-blow-on\/\" target=\"_self\">LA-Bo Blow On<\/a><\/h4><div class=\"fusion-carousel-meta\"><a href=\"https:\/\/labeltech.ch\/fr\/produkt-kategorie\/applicateurs\/\" rel=\"tag\">Applicateurs<\/a><\/div><\/div><\/div><\/div><\/div><div class=\"awb-swiper-button awb-swiper-button-prev\"><i class=\"awb-icon-angle-left\" aria-hidden=\"true\"><\/i><\/div><div class=\"awb-swiper-button awb-swiper-button-next\"><i class=\"awb-icon-angle-right\" aria-hidden=\"true\"><\/i><\/div><\/div><\/div><\/div><\/div><\/div><\/div><div class=\"fusion-fullwidth fullwidth-box fusion-builder-row-3 fusion-flex-container has-pattern-background has-mask-background nonhundred-percent-fullwidth non-hundred-percent-height-scrolling\" style=\"--awb-border-radius-top-left:0px;--awb-border-radius-top-right:0px;--awb-border-radius-bottom-right:0px;--awb-border-radius-bottom-left:0px;--awb-flex-wrap:wrap;\" ><div class=\"fusion-builder-row fusion-row fusion-flex-align-items-flex-start fusion-flex-content-wrap\" style=\"max-width:1248px;margin-left: calc(-4% \/ 2 );margin-right: calc(-4% \/ 2 );\"><div class=\"fusion-layout-column fusion_builder_column fusion-builder-column-2 fusion_builder_column_2_3 2_3 fusion-flex-column\" style=\"--awb-bg-size:cover;--awb-width-large:66.666666666667%;--awb-margin-top-large:20px;--awb-spacing-right-large:2.88%;--awb-margin-bottom-large:20px;--awb-spacing-left-large:2.88%;--awb-width-medium:100%;--awb-order-medium:0;--awb-spacing-right-medium:1.92%;--awb-spacing-left-medium:1.92%;--awb-width-small:100%;--awb-order-small:0;--awb-spacing-right-small:1.92%;--awb-spacing-left-small:1.92%;\"><div class=\"fusion-column-wrapper fusion-column-has-shadow fusion-flex-justify-content-flex-start fusion-content-layout-column\"><div class=\"fusion-title title fusion-title-2 fusion-sep-none fusion-title-text fusion-title-size-two\" style=\"--awb-margin-top-small:10px;--awb-margin-right-small:0px;--awb-margin-bottom-small:10px;--awb-margin-left-small:0px;\"><h2 class=\"fusion-title-heading title-heading-left fusion-responsive-typography-calculated\" style=\"margin:0;--fontSize:40;line-height:1.2;\">Etiquetage pr\u00e9cis avec des applicateurs pr\u00e9cis<\/h2><\/div><div class=\"fusion-text fusion-text-2\"><h3>Le processus d&#8217;\u00e9tiquetage<\/h3>\n<p>Les applicateurs interviennent \u00e0 la fin de l&#8217;\u00e9tiquetage. Vous avez l&#8217;avantage que l&#8217;appareil veille \u00e0 ce que l&#8217;\u00e9tiquetage soit droit et pr\u00e9cis. Les applicateurs font tout simplement partie du syst\u00e8me lors de l&#8217;impression d&#8217;\u00e9tiquettes et ne doivent pas \u00eatre n\u00e9glig\u00e9s lors de la distribution. Diff\u00e9rents types de syst\u00e8mes d&#8217;applicateurs de diff\u00e9rentes marques conviennent, par exemple les applicateurs de LA. Ces syst\u00e8mes se combinent id\u00e9alement aussi bien avec des syst\u00e8mes d&#8217;impression qu&#8217;avec <a href=\"https:\/\/labeltech.ch\/fr\/produits\/systemes-de-distribution\/\">des syst\u00e8mes de distribution<\/a>. Vous trouverez de plus amples informations par exemple <a href=\"https:\/\/labeltech.ch\/fr\/produits\/systemes-de-distribution\/\">ici<\/a>.<\/p>\n<\/div><div class=\"fusion-text fusion-text-3\"><h3>Pertinence des \u00e9tiquettes<\/h3>\n<p>Quel que soit le produit, les \u00e9tiquettes ne sont pas seulement importantes pour les indications sur le produit, elles constituent souvent une grande partie du design. Pour \u00e9viter toute erreur, nous proposons des applicateurs qui assurent une application propre et pr\u00e9cise des \u00e9tiquettes.<\/p>\n<p>Les \u00e9tiquettes ne sont toutefois pas seulement importantes pour l&#8217;esth\u00e9tique ou l&#8217;organisation propre de la marchandise, elles sont aussi parfois prescrites par la loi. Dans tous les cas, la qualit\u00e9 doit \u00eatre adapt\u00e9e pour \u00eatre facilement lisible ou scannable sur n&#8217;importe quel support.<\/p>\n<\/div><\/div><\/div><div class=\"fusion-layout-column fusion_builder_column fusion-builder-column-3 fusion_builder_column_1_3 1_3 fusion-flex-column fusion-flex-align-self-center\" style=\"--awb-padding-top:30px;--awb-padding-right:30px;--awb-padding-bottom:30px;--awb-padding-left:30px;--awb-overflow:hidden;--awb-bg-color:var(--awb-color1);--awb-bg-color-hover:var(--awb-color1);--awb-bg-size:cover;--awb-box-shadow:0px 20px 30px 0px rgba(0,0,0,0.1);;--awb-border-radius:30px 30px 30px 30px;--awb-transform:translateY(0px);--awb-transform-hover:translateY(-10px);--awb-width-large:33.333333333333%;--awb-margin-top-large:-40px;--awb-spacing-right-large:5.76%;--awb-margin-bottom-large:20px;--awb-spacing-left-large:5.76%;--awb-width-medium:100%;--awb-order-medium:0;--awb-spacing-right-medium:1.92%;--awb-spacing-left-medium:1.92%;--awb-width-small:100%;--awb-order-small:0;--awb-spacing-right-small:1.92%;--awb-spacing-left-small:1.92%;\"><div class=\"fusion-column-wrapper fusion-column-has-shadow fusion-flex-justify-content-space-between fusion-content-layout-column\"><div class=\"fusion-image-element \" style=\"--awb-caption-title-font-family:var(--h2_typography-font-family);--awb-caption-title-font-weight:var(--h2_typography-font-weight);--awb-caption-title-font-style:var(--h2_typography-font-style);--awb-caption-title-size:var(--h2_typography-font-size);--awb-caption-title-transform:var(--h2_typography-text-transform);--awb-caption-title-line-height:var(--h2_typography-line-height);--awb-caption-title-letter-spacing:var(--h2_typography-letter-spacing);\"><span class=\" fusion-imageframe imageframe-none imageframe-1 hover-type-none\" style=\"border-radius:15px;\"><img decoding=\"async\" width=\"1000\" height=\"500\" alt=\"Andreas Wagner\" title=\"Andreas-Wagner_LAB\" src=\"https:\/\/labeltech.ch\/wp-content\/uploads\/2023\/03\/Andreas-Wagner_LAB.jpg\" class=\"img-responsive wp-image-9326\" srcset=\"https:\/\/labeltech.ch\/wp-content\/uploads\/2023\/03\/Andreas-Wagner_LAB-200x100.jpg 200w, https:\/\/labeltech.ch\/wp-content\/uploads\/2023\/03\/Andreas-Wagner_LAB-400x200.jpg 400w, https:\/\/labeltech.ch\/wp-content\/uploads\/2023\/03\/Andreas-Wagner_LAB-600x300.jpg 600w, https:\/\/labeltech.ch\/wp-content\/uploads\/2023\/03\/Andreas-Wagner_LAB-800x400.jpg 800w, https:\/\/labeltech.ch\/wp-content\/uploads\/2023\/03\/Andreas-Wagner_LAB.jpg 1000w\" sizes=\"(max-width: 1024px) 100vw, (max-width: 640px) 100vw, 400px\" \/><\/span><\/div><div class=\"fusion-text fusion-text-4\" style=\"--awb-margin-top:10px;\"><h3>Andreas Wagner<\/h3>\n<p>Gr\u00e2ce \u00e0 notre comp\u00e9tence de longue date et \u00e0 notre portefeuille de produits de haute qualit\u00e9, nous trouverons ensemble le produit qui vous convient.<br \/>\nNous sommes \u00e0 votre enti\u00e8re disposition pour r\u00e9pondre \u00e0 vos questions sp\u00e9cifiques.<\/p>\n<p><strong>Courrier \u00e9lectronique : <\/strong><a title=\"Jetzt mit Andreas Wagner Kontakt aufnehmen.\" href=\"mailto:wagner@labeltech.ch\" target=\"_blank\" rel=\"noopener\">wagner@labeltech.ch<\/a><\/p>\n<\/div><div ><a class=\"fusion-button button-flat fusion-button-default-size button-default fusion-button-default button-1 fusion-button-default-span fusion-button-default-type\" target=\"_self\" href=\"https:\/\/labeltech.ch\/fr\/contact\/\"><span class=\"fusion-button-text awb-button__text awb-button__text--default\">Contactez-nous.<\/span><\/a><\/div><\/div><\/div>\n<div class=\"fusion-layout-column fusion_builder_column fusion-builder-column-4 fusion_builder_column_1_1 1_1 fusion-flex-column\" style=\"--awb-bg-size:cover;--awb-width-large:100%;--awb-margin-top-large:20px;--awb-spacing-right-large:1.92%;--awb-margin-bottom-large:20px;--awb-spacing-left-large:1.92%;--awb-width-medium:100%;--awb-order-medium:0;--awb-spacing-right-medium:1.92%;--awb-spacing-left-medium:1.92%;--awb-width-small:100%;--awb-order-small:0;--awb-spacing-right-small:1.92%;--awb-spacing-left-small:1.92%;\"><div class=\"fusion-column-wrapper fusion-column-has-shadow fusion-flex-justify-content-flex-start fusion-content-layout-column\"><div class=\"fusion-text fusion-text-5\"><h3>Pertinence des applicateurs pour l&#8217;\u00e9tiquetage<\/h3>\n<p>Le plus important est sans doute que l&#8217;applicateur vous permette d&#8217;\u00e9conomiser beaucoup de temps et d&#8217;efforts. Ces syst\u00e8mes aident \u00e0 apposer les \u00e9tiquettes sur le produit souhait\u00e9. Celui-ci peut avoir une structure de surface simple, comme un carton, ou plus filigrane, comme pour les fruits par exemple.<\/p>\n<p>Une application sans ondulation ni froissement est parfois tr\u00e8s importante pour les clients, la position exacte peut \u00e9galement \u00eatre \u00e9norm\u00e9ment importante. Gr\u00e2ce \u00e0 la technologie de nos produits, les \u00e9tiquettes sont appos\u00e9es de mani\u00e8re \u00e0 ce que tout puisse \u00eatre lu et scann\u00e9 dans les moindres d\u00e9tails. Le prix de nos produits varie bien s\u00fbr fortement en fonction du domaine d&#8217;application.<\/p>\n<p>Comme il existe d&#8217;innombrables possibilit\u00e9s de fonctionnement et d&#8217;application, nous nous ferons un plaisir de vous conseiller en d\u00e9tail avant que vous ne choisissiez un syst\u00e8me. Une composition individuelle des syst\u00e8mes d&#8217;impression, de distribution et d&#8217;application peut cr\u00e9er des potentiels d&#8217;optimisation \u00e9lev\u00e9s.<\/p>\n<\/div><\/div><\/div><\/div><\/div><div class=\"fusion-fullwidth fullwidth-box fusion-builder-row-4 fusion-flex-container has-pattern-background has-mask-background nonhundred-percent-fullwidth non-hundred-percent-height-scrolling\" style=\"--awb-border-radius-top-left:0px;--awb-border-radius-top-right:0px;--awb-border-radius-bottom-right:0px;--awb-border-radius-bottom-left:0px;--awb-padding-top:20px;--awb-padding-bottom:20px;--awb-background-color:#f8f8f8;--awb-flex-wrap:wrap;\" ><div class=\"fusion-builder-row fusion-row fusion-flex-align-items-flex-start fusion-flex-content-wrap\" style=\"max-width:1248px;margin-left: calc(-4% \/ 2 );margin-right: calc(-4% \/ 2 );\"><div class=\"fusion-layout-column fusion_builder_column fusion-builder-column-5 fusion_builder_column_1_1 1_1 fusion-flex-column\" style=\"--awb-bg-size:cover;--awb-width-large:100%;--awb-margin-top-large:20px;--awb-spacing-right-large:1.92%;--awb-margin-bottom-large:20px;--awb-spacing-left-large:1.92%;--awb-width-medium:100%;--awb-order-medium:0;--awb-spacing-right-medium:1.92%;--awb-spacing-left-medium:1.92%;--awb-width-small:100%;--awb-order-small:0;--awb-spacing-right-small:1.92%;--awb-spacing-left-small:1.92%;\"><div class=\"fusion-column-wrapper fusion-column-has-shadow fusion-flex-justify-content-flex-start fusion-content-layout-column\"><div class=\"fusion-title title fusion-title-3 fusion-sep-none fusion-title-text fusion-title-size-two\" style=\"--awb-margin-top-small:10px;--awb-margin-right-small:0px;--awb-margin-bottom-small:10px;--awb-margin-left-small:0px;\"><h2 class=\"fusion-title-heading title-heading-left fusion-responsive-typography-calculated\" style=\"margin:0;--fontSize:40;line-height:1.2;\">Vous avez encore des questions ? Comment pouvons-nous vous aider ?<\/h2><\/div><div class=\"fusion-text fusion-text-6\"><div class=\"wpforms-container wpforms-container-full\" id=\"wpforms-4828\"><form id=\"wpforms-form-4828\" class=\"wpforms-validate wpforms-form wpforms-ajax-form\" data-formid=\"4828\" method=\"post\" enctype=\"multipart\/form-data\" action=\"\/fr\/wp-json\/wp\/v2\/pages\/8952\" data-token=\"323c1380b1b64bf9028b493116157380\" data-token-time=\"1778620735\"><noscript class=\"wpforms-error-noscript\">Veuillez activer JavaScript dans votre navigateur pour remplir ce formulaire.<\/noscript><div class=\"wpforms-field-container\"><div id=\"wpforms-4828-field_0-container\" class=\"wpforms-field wpforms-field-name\" data-field-id=\"0\"><label class=\"wpforms-field-label\" for=\"wpforms-4828-field_0\">Nom   <span class=\"wpforms-required-label\">*<\/span><\/label><input type=\"text\" id=\"wpforms-4828-field_0\" class=\"wpforms-field-large wpforms-field-required\" name=\"wpforms[fields][0]\" required><\/div>\t\t<div id=\"wpforms-4828-field_4-container\"\n\t\t\tclass=\"wpforms-field wpforms-field-text\"\n\t\t\tdata-field-type=\"text\"\n\t\t\tdata-field-id=\"4\"\n\t\t\t>\n\t\t\t<label class=\"wpforms-field-label\" for=\"wpforms-4828-field_4\" >RGPD \u00e9lectronique <\/label>\n\t\t\t<input type=\"text\" id=\"wpforms-4828-field_4\" class=\"wpforms-field-medium\" name=\"wpforms[fields][4]\" >\n\t\t<\/div>\n\t\t<div id=\"wpforms-4828-field_1-container\" class=\"wpforms-field wpforms-field-email wpforms-one-half wpforms-first\" data-field-id=\"1\"><label class=\"wpforms-field-label\" for=\"wpforms-4828-field_1\">Courrier \u00e9lectronique   <span class=\"wpforms-required-label\">*<\/span><\/label><input type=\"email\" id=\"wpforms-4828-field_1\" class=\"wpforms-field-large wpforms-field-required\" data-rule-restricted-email=\"1\" name=\"wpforms[fields][1]\" spellcheck=\"false\" required><\/div><div id=\"wpforms-4828-field_6-container\" class=\"wpforms-field wpforms-field-phone wpforms-one-half\" data-field-id=\"6\"><label class=\"wpforms-field-label\" for=\"wpforms-4828-field_6\">T\u00e9l\u00e9phone <span class=\"wpforms-required-label\">*<\/span><\/label><input type=\"tel\" id=\"wpforms-4828-field_6\" class=\"wpforms-field-large wpforms-field-required\" data-rule-int-phone-field=\"true\" name=\"wpforms[fields][6]\" aria-label=\"T\u00e9l\u00e9phone\" required><\/div><div id=\"wpforms-4828-field_2-container\" class=\"wpforms-field wpforms-field-textarea\" data-field-id=\"2\"><label class=\"wpforms-field-label\" for=\"wpforms-4828-field_2\">Votre message pour nous <span class=\"wpforms-required-label\">*<\/span><\/label><textarea id=\"wpforms-4828-field_2\" class=\"wpforms-field-medium wpforms-field-required\" name=\"wpforms[fields][2]\" required><\/textarea><\/div><div id=\"wpforms-4828-field_3-container\" class=\"wpforms-field wpforms-field-gdpr-checkbox\" data-field-id=\"3\"><label class=\"wpforms-field-label\">Accord RGPD   <span class=\"wpforms-required-label\">*<\/span><\/label><ul id=\"wpforms-4828-field_3\" class=\"wpforms-field-required\"><li class=\"choice-1\"><input type=\"checkbox\" id=\"wpforms-4828-field_3_1\" name=\"wpforms[fields][3][]\" value=\"J&#039;accepte la &lt;a href=&quot;https:\/\/labeltech.ch\/fr\/?page_id=3430&quot; target=&quot;_blank&quot; rel=&quot;nofollow noopener&quot; data-schema-attribute=&quot;&quot;&gt;d\u00e9claration de confidentialit\u00e9&lt;\/a&gt;.\" required ><label class=\"wpforms-field-label-inline\" for=\"wpforms-4828-field_3_1\">J'accepte la <a href=\"https:\/\/labeltech.ch\/fr\/?page_id=3430\" target=\"_blank\" rel=\"nofollow noopener\" data-schema-attribute=\"\">d\u00e9claration de confidentialit\u00e9<\/a>.<\/label><\/li><\/ul><\/div><script>\n\t\t\t\t( function() {\n\t\t\t\t\tconst style = document.createElement( 'style' );\n\t\t\t\t\tstyle.appendChild( document.createTextNode( '#wpforms-4828-field_4-container { position: absolute !important; overflow: hidden !important; display: inline !important; height: 1px !important; width: 1px !important; z-index: -1000 !important; padding: 0 !important; } #wpforms-4828-field_4-container input { visibility: hidden; } #wpforms-conversational-form-page #wpforms-4828-field_4-container label { counter-increment: none; }' ) );\n\t\t\t\t\tdocument.head.appendChild( style );\n\t\t\t\t\tdocument.currentScript?.remove();\n\t\t\t\t} )();\n\t\t\t<\/script><\/div><!-- .wpforms-field-container --><div class=\"wpforms-submit-container\" ><input type=\"hidden\" name=\"wpforms[id]\" value=\"4828\"><input type=\"hidden\" name=\"page_title\" value=\"\"><input type=\"hidden\" name=\"page_url\" value=\"https:\/\/labeltech.ch\/fr\/wp-json\/wp\/v2\/pages\/8952\"><input type=\"hidden\" name=\"url_referer\" value=\"\"><button type=\"submit\" name=\"wpforms[submit]\" id=\"wpforms-submit-4828\" class=\"wpforms-submit\" data-alt-text=\"Envoyer...\" data-submit-text=\"Envoyer\" aria-live=\"assertive\" value=\"wpforms-submit\">Envoyer<\/button><img decoding=\"async\" src=\"https:\/\/labeltech.ch\/wp-content\/plugins\/wpforms\/assets\/images\/submit-spin.svg\" class=\"wpforms-submit-spinner\" style=\"display: none;\" width=\"26\" height=\"26\" alt=\"Chargement en cours\"><\/div><\/form><\/div>  <!-- .wpforms-container -->\n<\/div><\/div><\/div><\/div><\/div><\/p>\n","protected":false},"excerpt":{"rendered":"","protected":false},"author":2,"featured_media":0,"parent":8995,"menu_order":0,"comment_status":"closed","ping_status":"closed","template":"100-width.php","meta":{"footnotes":""},"class_list":["post-8952","page","type-page","status-publish","hentry"],"_links":{"self":[{"href":"https:\/\/labeltech.ch\/fr\/wp-json\/wp\/v2\/pages\/8952","targetHints":{"allow":["GET"]}}],"collection":[{"href":"https:\/\/labeltech.ch\/fr\/wp-json\/wp\/v2\/pages"}],"about":[{"href":"https:\/\/labeltech.ch\/fr\/wp-json\/wp\/v2\/types\/page"}],"author":[{"embeddable":true,"href":"https:\/\/labeltech.ch\/fr\/wp-json\/wp\/v2\/users\/2"}],"replies":[{"embeddable":true,"href":"https:\/\/labeltech.ch\/fr\/wp-json\/wp\/v2\/comments?post=8952"}],"version-history":[{"count":0,"href":"https:\/\/labeltech.ch\/fr\/wp-json\/wp\/v2\/pages\/8952\/revisions"}],"up":[{"embeddable":true,"href":"https:\/\/labeltech.ch\/fr\/wp-json\/wp\/v2\/pages\/8995"}],"wp:attachment":[{"href":"https:\/\/labeltech.ch\/fr\/wp-json\/wp\/v2\/media?parent=8952"}],"curies":[{"name":"wp","href":"https:\/\/api.w.org\/{rel}","templated":true}]}}