{"id":10024,"date":"2023-10-09T14:25:34","date_gmt":"2023-10-09T12:25:34","guid":{"rendered":"https:\/\/labeltech.ch\/?post_type=product&#038;p=10024"},"modified":"2026-04-17T17:04:59","modified_gmt":"2026-04-17T15:04:59","slug":"afinia-label-l502","status":"publish","type":"product","link":"https:\/\/labeltech.ch\/fr\/produkt\/afinia-label-l502\/","title":{"rendered":"Afinia Label L502"},"content":{"rendered":"<h2>Imprimante industrielle d&#8217;\u00e9tiquettes couleur<br \/>avec syst\u00e8me d&#8217;encre double<\/h2>\n<ul>\n<li>Volume : 2.500-20.000+ \u00e9tiquettes\/mois<\/li>\n<li>Co\u00fbt de l&#8217;encre\/\u00e9tiquette : Moyenne<\/li>\n<li>Type d&#8217;encre : colorant\/pigment (interchangeable)<\/li>\n<li>Vitesse d&#8217;impression : moyenne<\/li>\n<li>Largeur d&#8217;impression maximale : 216 mm (8,5 pouces)<\/li>\n<li>Diam\u00e8tre ext\u00e9rieur maximal du rouleau : 203 mm (8 pouces)<\/li>\n<\/ul>\n<h3>Pourquoi Afinia Label L502 ?<\/h3>\n<p>Production moyenne et qualit\u00e9 de construction adapt\u00e9e \u00e0 l&#8217;industrie. Co\u00fbt moyen d&#8217;achat et d&#8217;encre par \u00e9tiquette. Id\u00e9al pour les applications r\u00e9sistantes (certifi\u00e9 BS5069) et pour une plus grande flexibilit\u00e9 de la production interne, ainsi que pour r\u00e9duire les co\u00fbts d&#8217;\u00e9tiquetage \u00e0 long terme.<\/p>\n<h2>Avec la technologie d&#8217;encre DuraPrime\u2122 Duo<\/h2>\n<h3>La cr\u00e9ation d&#8217;\u00e9tiquettes personnalis\u00e9es est devenue encore plus facile<\/h3>\n<p>Qu&#8217;il s&#8217;agisse d&#8217;\u00e9tiquettes r\u00e9sistantes \u00e0 l&#8217;eau et durables ou d&#8217;un accroche-regard pour les rayons, la L502 est notre imprimante la plus polyvalente de tous les temps. Les encres \u00e0 pigments et les encres \u00e0 colorants ont chacune leurs propres avantages. Avec le L502, vous profitez du meilleur des deux mondes.<\/p>\n<p>La <strong>conception industrielle tout en acier, une fonctionnalit\u00e9 Toolbox am\u00e9lior\u00e9e, une impression deux fois plus rapide* et des encres \u00e0 pigments durables rendent la L502 extr\u00eamement robuste et polyvalente<\/strong>. <em>*Par rapport \u00e0 l&#8217;imprimante d&#8217;\u00e9tiquettes couleur L501 d&#8217;origine.<\/em><\/p>\n<div class=\"product-highlights\">\n<ul>\n<li>Qualit\u00e9 de construction adapt\u00e9e \u00e0 l&#8217;industrie<\/li>\n<li>Capacit\u00e9 d&#8217;encre double (colorant et pigment)<\/li>\n<li>Encres CMYK s\u00e9par\u00e9es pour r\u00e9duire les co\u00fbts<\/li>\n<li>Encres pigment\u00e9es certifi\u00e9es BS5609<\/li>\n<\/ul>\n<h2>\u00c9tiquetage \u00e0 base de pigments et de colorants<br \/><\/h2>\n<p>Les images imprim\u00e9es \u00e0 base de pigments sont extr\u00eamement r\u00e9sistantes \u00e0 l&#8217;humidit\u00e9, \u00e0 l&#8217;abrasion, \u00e0 la d\u00e9coloration due aux rayons UV et aux temp\u00e9ratures extr\u00eames. Cela rend le L502 optimal pour les mat\u00e9riaux d&#8217;emballage conformes au SGH (un syst\u00e8me global harmonis\u00e9 de classification et d&#8217;\u00e9tiquetage des produits chimiques), ainsi que pour les domaines d&#8217;application soumis \u00e0 une forte humidit\u00e9, comme les boissons et les produits de bain.<\/p>\n<p>Les impressions \u00e0 base de colorants de la L502 sont r\u00e9sistantes, aux couleurs intenses et vives, ce qui la rend particuli\u00e8rement adapt\u00e9e aux applications d&#8217;\u00e9tiquetage haut de gamme, comme c&#8217;est le cas dans le secteur de la vente au d\u00e9tail.<\/p>\n<p>Pour des volumes d&#8217;impression plus importants et un support plus large, nous recommandons l&#8217;<a href=\"https:\/\/labeltech.ch\/fr\/produkt\/afinia-label-x350\/\" title=\"Afinia Label X350 - Imprimante d'\u00e9tiquettes couleur haute performance d'Afinia\">Afinia Label X350<\/a>, son successeur performant au sein de la gamme Afinia.<\/p>\n<p>Avec une seule imprimante, vous profitez \u00e0 la fois de la durabilit\u00e9 de l&#8217;encre pigment\u00e9e et de la luminosit\u00e9 de l&#8217;encre \u00e0 base de colorants. Gr\u00e2ce \u00e0 l&#8217;interchangeabilit\u00e9 des encres, l&#8217;imprimante d&#8217;\u00e9tiquettes L502 n&#8217;a jamais \u00e9t\u00e9 aussi polyvalente en mati\u00e8re d&#8217;impression d&#8217;\u00e9tiquettes.<\/p>\n<h3>Certifi\u00e9 BS5609 pour des \u00e9tiquettes durables<\/h3>\n<p>La L502 a \u00e9t\u00e9 test\u00e9e et certifi\u00e9e pour la production d&#8217;\u00e9tiquettes conformes \u00e0 la norme BS 5609 et au SGH (Syst\u00e8me g\u00e9n\u00e9ral harmonis\u00e9 de classification et d&#8217;\u00e9tiquetage des produits chimiques). Cela permet aux fabricants de produits chimiques de respecter les obligations en mati\u00e8re d&#8217;emballage et de transport. Ces tests consistent \u00e0 v\u00e9rifier la durabilit\u00e9 de l&#8217;image imprim\u00e9e par abrasion et par immersion dans l&#8217;eau sal\u00e9e pendant une p\u00e9riode de 90 jours.<\/p>\n<\/div>\n<p><img decoding=\"async\" class=\"size-full wp-image-10032\" src=\"https:\/\/labeltech.ch\/wp-content\/uploads\/2023\/10\/ghs-bs5609.png\" alt=\"Etiquette SGH et BS5609\" width=\"396\" height=\"181\" srcset=\"https:\/\/labeltech.ch\/wp-content\/uploads\/2023\/10\/ghs-bs5609-200x91.png 200w, https:\/\/labeltech.ch\/wp-content\/uploads\/2023\/10\/ghs-bs5609-350x160.png 350w, https:\/\/labeltech.ch\/wp-content\/uploads\/2023\/10\/ghs-bs5609.png 396w\" sizes=\"(max-width: 396px) 100vw, 396px\" \/><\/p>\n<div class=\"product-highlights\">\n<h2>Con\u00e7u pour une utilisation industrielle<\/h2>\n<p>De construction robuste, l&#8217;imprimante d&#8217;\u00e9tiquettes couleur L502 est dot\u00e9e d&#8217;un bo\u00eetier industriel tout en acier avec une fen\u00eatre de visualisation du lit d&#8217;impression et un indicateur d&#8217;\u00e9tat. L&#8217;appareil est \u00e9galement \u00e9quip\u00e9 de capteurs am\u00e9lior\u00e9s qui permettent une meilleure compatibilit\u00e9 avec les \u00e9tiquettes sp\u00e9ciales, notamment les mat\u00e9riaux d&#8217;\u00e9tiquettes m\u00e9talliques r\u00e9fl\u00e9chissants. En plus du mod\u00e8le standard avec alimentation par rouleaux, le L502 est \u00e9galement disponible dans une version compatible avec l&#8217;impression en continu (F502), avec la m\u00eame qualit\u00e9 de construction et le m\u00eame \u00e9quipement.<\/p>\n<p>Les am\u00e9liorations concernent \u00e9galement la bo\u00eete \u00e0 outils de l&#8217;imprimante d&#8217;\u00e9tiquettes couleur L502 et permettent d&#8217;optimiser la convivialit\u00e9, y compris les fonctions &#8220;Interruption&#8221; et &#8220;D\u00e9coupe&#8221;. Les mises \u00e0 jour du firmware sont \u00e9galement plus faciles \u00e0 r\u00e9aliser d\u00e8s maintenant.<\/p>\n<h3>La polyvalence rencontre la rentabilit\u00e9<\/h3>\n<p>La L502 n&#8217;est pas seulement l&#8217;une des imprimantes d&#8217;\u00e9tiquettes les plus polyvalentes du march\u00e9, elle offre \u00e9galement un excellent rapport qualit\u00e9\/prix pour les applications d&#8217;\u00e9tiquetage de petite et moyenne taille. Les cartouches d&#8217;encre CMYK s\u00e9par\u00e9es permettent de r\u00e9duire les co\u00fbts par \u00e9tiquette, car seules les couleurs vides doivent \u00eatre remplac\u00e9es.<\/p>\n<p><img decoding=\"async\" class=\"size-full wp-image-10036\" src=\"https:\/\/labeltech.ch\/wp-content\/uploads\/2023\/10\/L502-pigment-vs-dye.png\" alt=\"L502 Pigment vs. dye\" width=\"800\" height=\"320\" srcset=\"https:\/\/labeltech.ch\/wp-content\/uploads\/2023\/10\/L502-pigment-vs-dye-200x80.png 200w, https:\/\/labeltech.ch\/wp-content\/uploads\/2023\/10\/L502-pigment-vs-dye-350x140.png 350w, https:\/\/labeltech.ch\/wp-content\/uploads\/2023\/10\/L502-pigment-vs-dye-400x160.png 400w, https:\/\/labeltech.ch\/wp-content\/uploads\/2023\/10\/L502-pigment-vs-dye-500x200.png 500w, https:\/\/labeltech.ch\/wp-content\/uploads\/2023\/10\/L502-pigment-vs-dye-600x240.png 600w, https:\/\/labeltech.ch\/wp-content\/uploads\/2023\/10\/L502-pigment-vs-dye-700x280.png 700w, https:\/\/labeltech.ch\/wp-content\/uploads\/2023\/10\/L502-pigment-vs-dye-768x307.png 768w, https:\/\/labeltech.ch\/wp-content\/uploads\/2023\/10\/L502-pigment-vs-dye.png 800w\" sizes=\"(max-width: 800px) 100vw, 800px\" \/><\/p>\n<\/div>\n","protected":false},"excerpt":{"rendered":"<p>Imprimante industrielle d&#8217;\u00e9tiquettes couleuravec syst\u00e8me d&#8217;encre double Volume : 2.500-20.000+  [&#8230;]<\/p>\n","protected":false},"featured_media":10029,"comment_status":"closed","ping_status":"closed","template":"","meta":[],"product_brand":[],"product_cat":[74,68,131],"product_tag":[],"class_list":{"0":"post-10024","1":"product","2":"type-product","3":"status-publish","4":"has-post-thumbnail","6":"product_cat-ghs-fr","7":"product_cat-imprimantes-couleur","8":"product_cat-label-afinia","10":"first","11":"instock","12":"shipping-taxable","13":"product-type-external"},"_links":{"self":[{"href":"https:\/\/labeltech.ch\/fr\/wp-json\/wp\/v2\/product\/10024","targetHints":{"allow":["GET"]}}],"collection":[{"href":"https:\/\/labeltech.ch\/fr\/wp-json\/wp\/v2\/product"}],"about":[{"href":"https:\/\/labeltech.ch\/fr\/wp-json\/wp\/v2\/types\/product"}],"replies":[{"embeddable":true,"href":"https:\/\/labeltech.ch\/fr\/wp-json\/wp\/v2\/comments?post=10024"}],"wp:featuredmedia":[{"embeddable":true,"href":"https:\/\/labeltech.ch\/fr\/wp-json\/wp\/v2\/media\/10029"}],"wp:attachment":[{"href":"https:\/\/labeltech.ch\/fr\/wp-json\/wp\/v2\/media?parent=10024"}],"wp:term":[{"taxonomy":"product_brand","embeddable":true,"href":"https:\/\/labeltech.ch\/fr\/wp-json\/wp\/v2\/product_brand?post=10024"},{"taxonomy":"product_cat","embeddable":true,"href":"https:\/\/labeltech.ch\/fr\/wp-json\/wp\/v2\/product_cat?post=10024"},{"taxonomy":"product_tag","embeddable":true,"href":"https:\/\/labeltech.ch\/fr\/wp-json\/wp\/v2\/product_tag?post=10024"}],"curies":[{"name":"wp","href":"https:\/\/api.w.org\/{rel}","templated":true}]}}