{"id":10070,"date":"2023-10-12T13:33:34","date_gmt":"2023-10-12T11:33:34","guid":{"rendered":"https:\/\/labeltech.ch\/?post_type=product&#038;p=10070"},"modified":"2026-04-17T17:05:16","modified_gmt":"2026-04-17T15:05:16","slug":"afinia-label-a200","status":"publish","type":"product","link":"https:\/\/labeltech.ch\/fr\/produkt\/afinia-label-a200\/","title":{"rendered":"Afinia Label A200"},"content":{"rendered":"<h2>A200 Etiqueteuse de bouteilles<\/h2>\n<ul>\n<li>Diam\u00e8tre ext\u00e9rieur maximal du rouleau : 200 mm (7,87 pouces)<\/li>\n<li>Largeur maximale de la bande : 150 mm (6 pouces)<\/li>\n<li>Compatibilit\u00e9 : toutes les imprimantes d&#8217;\u00e9tiquettes en rouleau<\/li>\n<\/ul>\n<h3>Pourquoi Afinia Label A200 ?<\/h3>\n<p>Permet d&#8217;\u00e9tiqueter facilement et uniform\u00e9ment les bouteilles, les bo\u00eetes et autres r\u00e9cipients cylindriques. La pose d&#8217;\u00e9tiquettes simples ou doubles (recto et verso) s&#8217;effectue efficacement en appuyant sur un bouton ou \u00e0 l&#8217;aide de la p\u00e9dale fournie.<\/p>\n<div class=\"product-highlights\">\n<p>&nbsp;<\/p>\n<\/p>\n<\/div>\n<div class=\"product-highlights\">\n<h2>Etiquetage simple et fiable de bouteilles, bo\u00eetes et autres r\u00e9cipients cylindriques.<\/h2>\n<p>L&#8217;A200 est une \u00e9tiqueteuse semi-automatique qui permet d&#8217;appliquer des \u00e9tiquettes en rouleau sur des bouteilles, des bo\u00eetes, des bocaux et autres r\u00e9cipients cylindriques. Les \u00e9tiquettes peuvent \u00eatre appos\u00e9es individuellement ou au recto et au verso d&#8217;une simple pression sur un bouton ou \u00e0 l&#8217;aide de la p\u00e9dale fournie.<\/p>\n<p>Pour les applications professionnelles aux exigences plus \u00e9lev\u00e9es, l&#8217;<a href=\"https:\/\/labeltech.ch\/fr\/produkt\/afinia-label-x350\/\" title=\"Afinia Label X350 - Mod\u00e8le haute performance de la gamme Afinia\">Afinia Label X350<\/a> est un puissant compl\u00e9ment au portefeuille Afinia.<\/p>\n<p>Un outil de calcul en ligne pratique assure une d\u00e9termination rapide et pr\u00e9cise des distances, comme c&#8217;est g\u00e9n\u00e9ralement le cas pour les \u00e9tiquettes recto et verso, par exemple sur les bouteilles de vin. Ces valeurs peuvent \u00eatre facilement saisies, enregistr\u00e9es et rappel\u00e9es via l&#8217;\u00e9cran LCD intuitif. Jusqu&#8217;\u00e0 dix configurations pr\u00e9d\u00e9finies peuvent \u00eatre enregistr\u00e9es sur l&#8217;A200.<\/p>\n<p>Le capteur d&#8217;\u00e9tiquettes \u00e0 ultrasons peut \u00eatre facilement entra\u00een\u00e9 \u00e0 d\u00e9tecter des espaces sur une plus grande vari\u00e9t\u00e9 de mat\u00e9riaux d&#8217;\u00e9tiquettes que les capteurs de marques m\u00e9caniques des \u00e9tiqueteuses traditionnelles, ce qui permet \u00e0 l&#8217;A200 d&#8217;offrir des performances constantes m\u00eame sur des \u00e9tiquettes fines. Les \u00e9tiquettes sont coll\u00e9es de mani\u00e8re r\u00e9guli\u00e8re, efficace et avec une pr\u00e9cision constante.<\/p>\n<div class=\"product-highlights\">\n<ul>\n<li>Pour les bouteilles, les bo\u00eetes et les bocaux<\/li>\n<li>Application d&#8217;une ou deux \u00e9tiquettes par conteneur<\/li>\n<li>Commande par bouton ou par p\u00e9dale<\/li>\n<li>Capteur d&#8217;espace \u00e0 ultrasons fiable<\/li>\n<\/ul>\n<\/div>\n<\/div>\n","protected":false},"excerpt":{"rendered":"<p>A200 Etiqueteuse de bouteilles Diam\u00e8tre ext\u00e9rieur maximal du rouleau :  [&#8230;]<\/p>\n","protected":false},"featured_media":10054,"comment_status":"closed","ping_status":"closed","template":"","meta":[],"product_brand":[],"product_cat":[88,131],"product_tag":[],"class_list":{"0":"post-10070","1":"product","2":"type-product","3":"status-publish","4":"has-post-thumbnail","6":"product_cat-accessoires","7":"product_cat-label-afinia","9":"first","10":"instock","11":"shipping-taxable","12":"product-type-external"},"_links":{"self":[{"href":"https:\/\/labeltech.ch\/fr\/wp-json\/wp\/v2\/product\/10070","targetHints":{"allow":["GET"]}}],"collection":[{"href":"https:\/\/labeltech.ch\/fr\/wp-json\/wp\/v2\/product"}],"about":[{"href":"https:\/\/labeltech.ch\/fr\/wp-json\/wp\/v2\/types\/product"}],"replies":[{"embeddable":true,"href":"https:\/\/labeltech.ch\/fr\/wp-json\/wp\/v2\/comments?post=10070"}],"wp:featuredmedia":[{"embeddable":true,"href":"https:\/\/labeltech.ch\/fr\/wp-json\/wp\/v2\/media\/10054"}],"wp:attachment":[{"href":"https:\/\/labeltech.ch\/fr\/wp-json\/wp\/v2\/media?parent=10070"}],"wp:term":[{"taxonomy":"product_brand","embeddable":true,"href":"https:\/\/labeltech.ch\/fr\/wp-json\/wp\/v2\/product_brand?post=10070"},{"taxonomy":"product_cat","embeddable":true,"href":"https:\/\/labeltech.ch\/fr\/wp-json\/wp\/v2\/product_cat?post=10070"},{"taxonomy":"product_tag","embeddable":true,"href":"https:\/\/labeltech.ch\/fr\/wp-json\/wp\/v2\/product_tag?post=10070"}],"curies":[{"name":"wp","href":"https:\/\/api.w.org\/{rel}","templated":true}]}}