{"id":1008,"date":"2019-07-29T15:35:09","date_gmt":"2019-07-29T13:35:09","guid":{"rendered":"https:\/\/labeltech.ch\/?post_type=product&#038;p=1008"},"modified":"2026-04-17T16:59:52","modified_gmt":"2026-04-17T14:59:52","slug":"promotions-etiketten","status":"publish","type":"product","link":"https:\/\/labeltech.ch\/fr\/produkt\/promotions-etiketten\/","title":{"rendered":"Promotions-Etiketten"},"content":{"rendered":"<ul class=\"csc-bulletlist csc-bulletlist-0\">\n<li class=\"odd\">Klein- und Gro\u00dfauflagen (500 Ex. \u2013 Millionenauflagen)<\/li>\n<li class=\"even\">Ein- und mehrfarbig bedruckt lieferbar<\/li>\n<li class=\"odd\">4\u2018000 verschiedene Stanzwerkzeuge an Lager<\/li>\n<li class=\"even\">Gro\u00dfe Auswahl an Standard-Papieren und synthetischen Materialien<\/li>\n<li class=\"odd\">Booklets, mehrseitige Etiketten und Dry Peel, Couponing und Sammelmarken<\/li>\n<li class=\"even\">Stark haftend, permanent haftend, abl\u00f6sbar, leicht abl\u00f6sbar<\/li>\n<li class=\"odd\">Lebensmittelkonforme Klebstoffe<\/li>\n<li class=\"even\">Auch teilgummiert lieferbar<\/li>\n<li class=\"odd\">Lieferung in Rollen, Sets, einzeln und Kartonboxen<\/li>\n<\/ul>\n<p>Promotions-Etiketten dienen beim Einkauf, genauer gesagt am Point of Sale der Verkaufsf\u00f6rderung, in dem sie die Blicke der potenziellen Kund:innen auf sich ziehen und sie \u00fcberzeugen. Etiketten zur Promotion sind vielseitig anwendbar und zum flexiblen Einsatz gedacht. Dabei entscheiden Sie selbst \u00fcber<\/p>\n<ul>\n<li>Farbe,<\/li>\n<li>Gr\u00f6\u00dfe,<\/li>\n<li>Design und<\/li>\n<li>Art der Etiketten.<\/li>\n<\/ul>\n<h4>Booklet-Etiketten<\/h4>\n<p>Diese Etiketten sind besonders praktisch, wenn viele Informationen \u00fcber das Produkt daran angebracht werden sollen. Dadurch kann an Packungsbeilagen gespart werden, da die Booklet-Etikette eine kleine Brosch\u00fcre ist, die sich &#8220;umbl\u00e4ttern&#8221; l\u00e4sst. Andererseits sind Booklet-Etiketten die Alternative zu unleserlich kleinen Schriftgr\u00f6\u00dfen. Die Etiketten werden von\u00a0<b>mehreren Seiten\u00a0<\/b>bedruckt und auf der R\u00fcckseite mit einer Klebefalzung versehen. Gerade in der Chemie- oder Pharmabranche oder wenn Informationen auf mehreren verschiedenen Sprachen erhalten sein soll, ist dieses Etikett die richtige Wahl.<\/p>\n<h4>Dry-Peel-Etiketten<\/h4>\n<p>Wie der Name es verr\u00e4t, lassen sich diese Etiketten ohne l\u00e4stigen R\u00fcckst\u00e4nde abnehmen. Dies ist durch zwei\/ drei Schichten m\u00f6glich, bei der nur die obere abgenommen wird, w\u00e4hrend die untere am Produkt oder der Verpackung haften bleibt. Einmal abgenommen, sind keine weiteren R\u00fcckst\u00e4nde vorhanden und das entfernte Etikett ist auch frei von Klebestoffen.<\/p>\n<h4>Couponing- und Sammelmarken<\/h4>\n<p>Auch diese Form der Etiketten setzt sich aus mehr als einer Lage zusammen und kann abgezogen werden. Bei Couponing-Etiketten kann es sich auch um Dry-Peel-Etiketten handeln, was jedoch Sammelmarken davon unterscheidet, ist, dass sie nach dem Abnehmen noch kleben und als Aufkleber verwendet werden k\u00f6nnen. Auf diese Weise k\u00f6nnen Sammelaktionen zu einer st\u00e4rkeren Kundenbindung f\u00fchren und indirekt Ihre Ums\u00e4tze steigern.<\/p>\n<p>F\u00fcr farbenfroh gedruckte Promotions-Etiketten empfehlen wir unsere <a href=\"\/produkte\/farbdrucker\/\" title=\"Farbdrucker \u2013 F\u00fcr farbenfroh gedruckte Promotions-Etiketten\">Farbdrucker<\/a> der Epson-ColorWorks- oder Afinia-Linie.<\/p>\n<p>Gerade bei Gewinnspielen und Treuepunktaktionen erfreuen sich Kunden an abziehbaren Stickern und dem Sammeln und Aufkleben. Sie treibt das Ziel, sich am Ende bestimmte Kundenvorteile wie Preise oder Nachl\u00e4sse selbst verdient zu haben.<\/p>\n<h3>Weitere Zwecke<\/h3>\n<p>Promotions-Etiketten sind nicht nur eine ideale M\u00f6glichkeit, um verschiedene Aktionen, die in Verbindung zum Verkauf Ihrer Waren stehen, durchzuf\u00fchren, indem sie die Aufmerksamkeit der Kunden f\u00fcr sich gewinnen, sondern auch, um neue Produkte einzuf\u00fchren und Angebote sichtbar kennzeichnen.<\/p>\n<p>Je nachdem, wie viele Produkte mit den speziellen Etiketten versehen werden, lohnen sich\u00a0<strong>Klein- oder Gro\u00dfauflagen<\/strong>. Angefangen bei 500 St\u00fcck bis hin zu Mengen im 7-stelligen Bereich, also Millionen k\u00f6nnen wir Sie mit Etiketten versorgen, die \u00fcber hohe Qualit\u00e4t verf\u00fcgen und somit robust und langlebig.<\/p>\n<p>Die\u00a0<strong>Anzahl<\/strong>\u00a0der Etiketten h\u00e4ngt ganz von ihrem Zweck und dem Aufdruck selbst ab. Gro\u00dfe Mengen kommen besonders dann infrage, wenn die Aufkleber sehr allgemein gehalten sind und sich nicht auf einen gewissen (Aktions-)Zeitraum beziehen. So k\u00f6nnen Sie langfristig oder f\u00fcr unterschiedliche Anl\u00e4sse genutzt werden.<\/p>\n<p>Dies bedeutet nicht, dass die Etiketten nicht trotzdem\u00a0<strong>individuell<\/strong>\u00a0gestaltet werden k\u00f6nnen. Das Auge erfreut sich an einem stimmigen Bild, ferner Etiketten, die zum Produkt\/ der Verpackung und Ihrer Corporate Identity passen.<\/p>\n<h3>Unser umfassendes Angebot<\/h3>\n<p>Bei uns erhalten Sie sowohl\u00a0<strong>ein- als auch mehrfarbig<\/strong>\u00a0bedruckte Etiketten aus\u00a0<strong>verschiedenen Materialien<\/strong>\u00a0wie Standard-Papiere, synthetisches Material und viele mehr.<\/p>\n<p>Je nach\u00a0<strong>Verwendungszweck<\/strong>\u00a0sind die Promotions-Etiketten<\/p>\n<ul>\n<li>stark haftend,<\/li>\n<li>permanent haftend,<\/li>\n<li>abl\u00f6sbar oder<\/li>\n<li>leicht abl\u00f6sbar,<\/li>\n<\/ul>\n<p>sodass es f\u00fcr jede Ihrer Anforderungen eine geeignete L\u00f6sung gibt. In unserem Sortiment k\u00f6nnen Sie auch Werbeetiketten mit\u00a0<strong>lebensmittelkonformen Klebstoffen<\/strong>\u00a0erhalten, sodass verschiedenste Branchen bedient werden k\u00f6nnen.<\/p>\n<p>Je nachdem, wie Sie w\u00fcnschen, werden die Etiketten entweder in\u00a0<strong>Rollen<\/strong>,\u00a0<strong>Sets<\/strong>,\u00a0<strong>einzeln<\/strong>\u00a0oder in\u00a0<strong>Kartonboxen<\/strong>\u00a0geliefert. F\u00fcr individuelle Bed\u00fcrfnisse und Anforderungen an die Promotions-Etiketten gibt es garantiert eine passende L\u00f6sung.<\/p>\n","protected":false},"excerpt":{"rendered":"<p>Klein- und Gro\u00dfauflagen (500 Ex. \u2013 Millionenauflagen) Ein- und mehrfarbig  [&#8230;]<\/p>\n","protected":false},"featured_media":1009,"comment_status":"closed","ping_status":"closed","template":"","meta":[],"product_brand":[],"product_cat":[53],"product_tag":[],"class_list":{"0":"post-1008","1":"product","2":"type-product","3":"status-publish","4":"has-post-thumbnail","6":"product_cat-etiketten","8":"first","9":"instock","10":"shipping-taxable","11":"product-type-simple"},"_links":{"self":[{"href":"https:\/\/labeltech.ch\/fr\/wp-json\/wp\/v2\/product\/1008","targetHints":{"allow":["GET"]}}],"collection":[{"href":"https:\/\/labeltech.ch\/fr\/wp-json\/wp\/v2\/product"}],"about":[{"href":"https:\/\/labeltech.ch\/fr\/wp-json\/wp\/v2\/types\/product"}],"replies":[{"embeddable":true,"href":"https:\/\/labeltech.ch\/fr\/wp-json\/wp\/v2\/comments?post=1008"}],"wp:featuredmedia":[{"embeddable":true,"href":"https:\/\/labeltech.ch\/fr\/wp-json\/wp\/v2\/media\/1009"}],"wp:attachment":[{"href":"https:\/\/labeltech.ch\/fr\/wp-json\/wp\/v2\/media?parent=1008"}],"wp:term":[{"taxonomy":"product_brand","embeddable":true,"href":"https:\/\/labeltech.ch\/fr\/wp-json\/wp\/v2\/product_brand?post=1008"},{"taxonomy":"product_cat","embeddable":true,"href":"https:\/\/labeltech.ch\/fr\/wp-json\/wp\/v2\/product_cat?post=1008"},{"taxonomy":"product_tag","embeddable":true,"href":"https:\/\/labeltech.ch\/fr\/wp-json\/wp\/v2\/product_tag?post=1008"}],"curies":[{"name":"wp","href":"https:\/\/api.w.org\/{rel}","templated":true}]}}