{"id":10130,"date":"2023-12-06T12:09:53","date_gmt":"2023-12-06T11:09:53","guid":{"rendered":"https:\/\/labeltech.ch\/produkt\/imprimante-de-bureau-haute-performance-4-pouces-de-la-serie-th-dh\/"},"modified":"2026-04-17T17:08:29","modified_gmt":"2026-04-17T15:08:29","slug":"imprimante-de-bureau-haute-performance-4-pouces-de-la-serie-th-dh","status":"publish","type":"product","link":"https:\/\/labeltech.ch\/fr\/produkt\/imprimante-de-bureau-haute-performance-4-pouces-de-la-serie-th-dh\/","title":{"rendered":"Imprimante de bureau haute performance 4 pouces TH s\u00e9rie DH"},"content":{"rendered":"<h2>Imprimante de bureau haute performance 4 pouces de la s\u00e9rie TH DH<\/h2>\n<div class=\"product-body-description\">\n<div class=\"field field--name-body field--type-text-with-summary field--label-hidden field--item\">\n<p>Polyvalentes et flexibles, les imprimantes de codes \u00e0 barres de bureau 4 pouces de la s\u00e9rie TH DH r\u00e9pondent aux besoins d&#8217;impression les plus divers. La polyvalence de cette s\u00e9rie permet d&#8217;imprimer un large \u00e9ventail d&#8217;\u00e9tiquettes difficiles, telles que des \u00e9tiquettes \u00e9paisses, petites et longues, ainsi que diff\u00e9rents types d&#8217;\u00e9tiquettes sp\u00e9ciales pour les applications des march\u00e9s verticaux.<\/p>\n<p>Les \u00e9mulations de langage d&#8217;impression sont prises en charge par notre s\u00e9rie TH DH par plug-and-play. Le firmware de l&#8217;imprimante reconna\u00eet automatiquement les principaux langages d&#8217;impression et commence \u00e0 imprimer imm\u00e9diatement, sans qu&#8217;il soit n\u00e9cessaire de modifier les mod\u00e8les d&#8217;\u00e9tiquettes. Gr\u00e2ce \u00e0 des outils de gestion d&#8217;imprimante complets (site web interne int\u00e9gr\u00e9, panneau de commande virtuel, TSC Console et SOTI Connect), la s\u00e9rie TH DH minimise les temps d&#8217;arr\u00eat dans les op\u00e9rations d&#8217;impression quotidiennes. Elle permet \u00e9galement de pr\u00e9venir les pannes et prend en charge les configurations de s\u00e9curit\u00e9 r\u00e9seau pour une gestion efficace des imprimantes.<\/p>\n<p>Comme la s\u00e9rie TH DH diffuse une grande vari\u00e9t\u00e9 de supports d&#8217;impression, imprime avec une grande pr\u00e9cision et que de nombreuses options sont disponibles, les applications peuvent facilement \u00e9voluer. Cela permet aux entreprises de s&#8217;adapter aux exigences changeantes des op\u00e9rations d&#8217;impression actuelles et futures. L&#8217;emballage et le bo\u00eetier en plastique de cette imprimante \u00e9cologique sont recyclables \u00e0 100 %. Plus de 90 % des composants de l&#8217;imprimante sont recyclables \u00e0 la fin du cycle de vie du produit, ce qui r\u00e9duit l&#8217;impact sur l&#8217;environnement.<\/p>\n<h3>Les mod\u00e8les suivants de la s\u00e9rie TH DH d&#8217;imprimantes de bureau haute performance 4 pouces sont disponibles<\/h3>\n<ul>\n<li>TH240<\/li>\n<li>TH340<\/li>\n<li>TH240T<\/li>\n<li>TH340T<\/li>\n<li>TH240THC<\/li>\n<li>TH340THC<\/li>\n<li>DH240T<\/li>\n<li>DH340T<\/li>\n<li>DH240THC<\/li>\n<li>DH340THC<\/li>\n<\/ul>\n<p><strong>Si vous avez des questions sur les diff\u00e9rents mod\u00e8les et sur les imprimantes de codes \u00e0 barres de bureau en g\u00e9n\u00e9ral, n&#8217;h\u00e9sitez pas \u00e0 nous contacter.<\/strong><br \/><a title=\"Vous avez des questions sur les imprimantes de codes \u00e0 barres de bureau de TSC ?\" href=\"https:\/\/labeltech.ch\/fr\/contact\/\">Contactez-nous maintenant !<\/a><\/p>\n<p>Int\u00e9gration transparente, mise en \u0153uvre facile<\/p>\n<p>La <a href=\"https:\/\/labeltech.ch\/fr\/produkt\/serie-tsc-mh241\/\" title=\"S\u00e9rie TSC MH241 - Imprimante industrielle 4 pouces \u00e9prouv\u00e9e de TSC\">s\u00e9rie TSC MH241<\/a> offre une alternative \u00e9prouv\u00e9e pour l&#8217;impression industrielle 4 pouces, avec une large compatibilit\u00e9 de supports et une construction m\u00e9tallique robuste.<\/p>\n<\/div>\n<ul>\n<li>\u00c9mulation du langage d&#8217;impression Auto-Switch pr\u00eate \u00e0 l&#8217;emploi<\/li>\n<li>Impression d&#8217;\u00e9tiquettes conviviale et confortable avec TSC Standalone Creator et TSCPRTGo<\/li>\n<\/ul>\n<h3>Minimiser les temps d&#8217;arr\u00eat, maximiser le temps de fonctionnement<\/h3>\n<ul>\n<li>Surveillance et gestion \u00e0 distance de l&#8217;imprimante en temps r\u00e9el via le site web interne int\u00e9gr\u00e9 et le panneau de commande virtuel, TSC Console et SOTI Connect<\/li>\n<li>Pr\u00e9vention des pannes gr\u00e2ce \u00e0 la fonction d&#8217;autodiagnostic TPH Care, \u00e0 l&#8217;entretien de la t\u00eate d&#8217;impression thermique et \u00e0 l&#8217;avertissement &#8220;ruban presque us\u00e9&#8221;.<\/li>\n<li>Conception conviviale : fonction d&#8217;autodiagnostic, remplacement de la t\u00eate d&#8217;impression thermique et du contre-rouleau sans outil pour simplifier la maintenance et touches de raccourci pour am\u00e9liorer l&#8217;efficacit\u00e9<\/li>\n<li>Prend en charge plusieurs configurations de s\u00e9curit\u00e9 r\u00e9seau : Filtres HTTPS, SNMPv3, 802.1X et TCP\/IP Port 9100<\/li>\n<\/ul>\n<h3>Polyvalence et qualit\u00e9 d&#8217;impression \u00e0 l&#8217;\u00e9preuve du temps<\/h3>\n<ul>\n<li>Largeurs de supports d&#8217;impression de 15 \u00e0 120 mm, impression sur diff\u00e9rents types de supports d&#8217;impression, adaptateurs pour supports d&#8217;impression \u00e9troits en option pour le traitement d&#8217;\u00e9tiquettes d&#8217;une largeur maximale de 10 mm<\/li>\n<li>Qualit\u00e9 d&#8217;impression tr\u00e8s pr\u00e9cise gr\u00e2ce \u00e0 un m\u00e9canisme d&#8217;amortissement innovant pour les \u00e9tiquettes et \u00e0 des ajustements de la valeur DPI verticale, du ruban chauffant et de la pression de la t\u00eate d&#8217;impression thermique<\/li>\n<li>Prend en charge UTF-8 TTF (police TrueType) pour l&#8217;impression de contenus d&#8217;\u00e9tiquettes dans diff\u00e9rentes langues<\/li>\n<li>Extensions \u00e9volutives et \u00e0 l&#8217;\u00e9preuve du temps : Wi-Fi, Bluetooth, module de coupe, module de d\u00e9collement, coupeuse d&#8217;\u00e9tiquettes de s\u00e9curit\u00e9, kit linerless avec dispositif d&#8217;arrachage et kit linerless pour dispositif de coupe<\/li>\n<\/ul>\n<h3>Une imprimante \u00e9cologiquement durable<\/h3>\n<ul>\n<li>Emballage recyclable \u00e0 100 % avec des cartons conformes aux normes FSC<\/li>\n<li>Bo\u00eetier de l&#8217;imprimante 100 % recyclable, enti\u00e8rement en plastique avec un taux de recyclage de 30 %.<\/li>\n<li>Plus de 90 % des composants de l&#8217;imprimante sont recyclables<\/li>\n<\/ul>\n<h3>Un design sur mesure pour le secteur de la sant\u00e9<\/h3>\n<ul>\n<li>Blanc clair et couleurs vives, parfaitement adapt\u00e9s aux applications dans le secteur de la sant\u00e9<\/li>\n<li>Bo\u00eetier antimicrobien, facile \u00e0 d\u00e9sinfecter et \u00e0 nettoyer, ce qui r\u00e9duit consid\u00e9rablement le risque de contamination.<\/li>\n<li>Alimentation \u00e9lectrique m\u00e9dicale conforme \u00e0 la norme CEI 60601-1, garantissant une utilisation s\u00fbre et fiable dans les \u00e9tablissements m\u00e9dicaux<\/li>\n<\/ul>\n<\/div>\n","protected":false},"excerpt":{"rendered":"<p>Imprimante de bureau haute performance 4 pouces de la s\u00e9rie  [&#8230;]<\/p>\n","protected":false},"featured_media":10124,"comment_status":"closed","ping_status":"closed","template":"","meta":[],"product_brand":[],"product_cat":[73,72,99],"product_tag":[],"class_list":{"0":"post-10130","1":"product","2":"type-product","3":"status-publish","4":"has-post-thumbnail","6":"product_cat-desktop-fr","7":"product_cat-imprimantes","8":"product_cat-tsc-fr","10":"first","11":"instock","12":"shipping-taxable","13":"product-type-external"},"_links":{"self":[{"href":"https:\/\/labeltech.ch\/fr\/wp-json\/wp\/v2\/product\/10130","targetHints":{"allow":["GET"]}}],"collection":[{"href":"https:\/\/labeltech.ch\/fr\/wp-json\/wp\/v2\/product"}],"about":[{"href":"https:\/\/labeltech.ch\/fr\/wp-json\/wp\/v2\/types\/product"}],"replies":[{"embeddable":true,"href":"https:\/\/labeltech.ch\/fr\/wp-json\/wp\/v2\/comments?post=10130"}],"wp:featuredmedia":[{"embeddable":true,"href":"https:\/\/labeltech.ch\/fr\/wp-json\/wp\/v2\/media\/10124"}],"wp:attachment":[{"href":"https:\/\/labeltech.ch\/fr\/wp-json\/wp\/v2\/media?parent=10130"}],"wp:term":[{"taxonomy":"product_brand","embeddable":true,"href":"https:\/\/labeltech.ch\/fr\/wp-json\/wp\/v2\/product_brand?post=10130"},{"taxonomy":"product_cat","embeddable":true,"href":"https:\/\/labeltech.ch\/fr\/wp-json\/wp\/v2\/product_cat?post=10130"},{"taxonomy":"product_tag","embeddable":true,"href":"https:\/\/labeltech.ch\/fr\/wp-json\/wp\/v2\/product_tag?post=10130"}],"curies":[{"name":"wp","href":"https:\/\/api.w.org\/{rel}","templated":true}]}}