{"id":10263,"date":"2023-03-21T14:17:40","date_gmt":"2023-03-21T13:17:40","guid":{"rendered":"https:\/\/labeltech.ch\/produkt\/tsc-pex-2000\/"},"modified":"2026-04-17T17:03:48","modified_gmt":"2026-04-17T15:03:48","slug":"tsc-pex-2000","status":"publish","type":"product","link":"https:\/\/labeltech.ch\/fr\/produkt\/tsc-pex-2000\/","title":{"rendered":"TSC PEX 2000"},"content":{"rendered":"<p><b>Traitement performant, adapt\u00e9 \u00e0 l&#8217;\u00e9tiquetage automatique<\/b><\/p>\n<p>Les modules d&#8217;impression de la s\u00e9rie PEX-2000 s&#8217;int\u00e8grent facilement \u00e0 votre applicateur d&#8217;\u00e9tiquettes, ce qui permet de rationaliser les flux de travail et de r\u00e9duire les efforts d&#8217;int\u00e9gration. La PEX-2000 est adapt\u00e9e \u00e0 la production de boissons et de produits alimentaires, aux soins de sant\u00e9 et \u00e0 la logistique. <\/p>\n<ul>\n<li>Supporte les interfaces DB15 et DB25<\/li>\n<li>Conception compacte<\/li>\n<li>Facile \u00e0 entretenir<\/li>\n<li>Haute performance<\/li>\n<li>Maximiser le temps de fonctionnement<\/li>\n<li>Remplacement facile de la t\u00eate d&#8217;impression<\/li>\n<li>Possibilit\u00e9 de gestion \u00e0 distance des modules d&#8217;impression<\/li>\n<\/ul>\n<div class=\"uk-grid uk-grid-md\">\n<div class=\"uk-width-md-2-3 uk-width-sm-1-1 uk-width-xs-1-1\">\n<div class=\"uk-width-md-3-4 uk-width-sm-1-1 uk-width-xs-1-1\"><\/div>\n<\/div>\n<\/div>\n<div class=\"uk-clearfix\">\n<div class=\"uk-grid uk-grid-md\">\n<div class=\"uk-width-md-2-3 uk-width-sm-1-1 uk-width-xs-1-1\">\n<h2 class=\"uk-width-md-3-4 uk-width-sm-1-1 uk-width-xs-1-1\">Plus d&#8217;informations sur le TSC PEX-2000<\/h2>\n<p>Dans un monde o\u00f9 la pr\u00e9cision et la vitesse sont essentielles pour le marquage des produits et l&#8217;impression d&#8217;\u00e9tiquettes, la TSC PEX-2000 se r\u00e9v\u00e8le \u00eatre un v\u00e9ritable ma\u00eetre en la mati\u00e8re. Cette imprimante innovante combine une technologie de pointe avec la facilit\u00e9 d&#8217;utilisation et la fiabilit\u00e9, ce qui en fait un outil indispensable pour un grand nombre de secteurs. De la logistique \u00e0 la vente au d\u00e9tail, en passant par la fabrication et au-del\u00e0, la TSC PEX-2000 offre une solution qui permet non seulement d&#8217;augmenter la productivit\u00e9, mais aussi de r\u00e9duire les co\u00fbts d&#8217;exploitation tout en am\u00e9liorant la qualit\u00e9 des r\u00e9sultats.  <\/p>\n<\/div>\n<\/div>\n<div class=\"uk-clearfix\">\n<h3><strong>Technologie d&#8217;impression<\/strong><\/h3>\n<p>La TSC PEX-2000 \u00e9tablit de nouveaux standards dans la technologie d&#8217;impression avec sa vitesse et sa pr\u00e9cision impressionnantes. Elle est sp\u00e9cialement con\u00e7ue pour r\u00e9sister aux conditions les plus exigeantes, tout en fournissant une qualit\u00e9 d&#8217;impression \u00e9lev\u00e9e et constante. Qu&#8217;il s&#8217;agisse de produire de grandes quantit\u00e9s d&#8217;\u00e9tiquettes d&#8217;exp\u00e9dition ou de cr\u00e9er des \u00e9tiquettes de produits d\u00e9taill\u00e9es et durables, cette imprimante g\u00e8re chaque t\u00e2che avec une efficacit\u00e9 et une fiabilit\u00e9 remarquables.  <\/p>\n<p>Pour un aper\u00e7u complet de tous les syst\u00e8mes d&#8217;impression industriels de Labeltech, consultez la cat\u00e9gorie <a href=\"https:\/\/labeltech.ch\/fr\/produits\/systemes-dimpression\/industriel\/\" title=\"Syst\u00e8mes d'impression industrielle - Vue d'ensemble chez Labeltech\">Syst\u00e8mes d&#8217;impression industriels<\/a>.<\/p>\n<h3><strong>Adaptabilit\u00e9 et flexibilit\u00e9<\/strong><\/h3>\n<p>La flexibilit\u00e9 de la TSC PEX-2000 en fait un choix id\u00e9al pour les entreprises qui ont des besoins d&#8217;\u00e9tiquetage vari\u00e9s. Cette imprimante peut g\u00e9rer une large gamme de types de supports, ce qui la rend polyvalente &#8211; des \u00e9tiquettes robustes qui r\u00e9sistent aux \u00e9l\u00e9ments aux \u00e9tiquettes haute r\u00e9solution pour la vente au d\u00e9tail. De plus, son design compact permet une int\u00e9gration facile dans les environnements de travail existants, tandis que son interface conviviale minimise le temps de formation et maximise l&#8217;efficacit\u00e9. Elle est dot\u00e9e de toutes les interfaces courantes, telles que l&#8217;USB, l&#8217;interface Ethernet ou TCP\/IP.   <\/p>\n<p>Vous trouverez des informations sur les largeurs d&#8217;impression, la vitesse d&#8217;impression et les fonctionnalit\u00e9s optionnelles dans le t\u00e9l\u00e9chargement disponible ci-dessus.<\/p>\n<h3><strong>Imprimantes industrielles : la fiabilit\u00e9 qui compte<\/strong><\/h3>\n<p>Dans le monde des affaires, la fiabilit\u00e9 est inestimable, et la TSC PEX-2000 a \u00e9t\u00e9 con\u00e7ue dans un souci de durabilit\u00e9 et de performances constantes. Sa conception robuste garantit une longue dur\u00e9e de vie, m\u00eame dans les environnements de production les plus exigeants. Cette fiabilit\u00e9 se traduit par une r\u00e9duction des temps d&#8217;arr\u00eat et des besoins de maintenance, ce qui r\u00e9duit le co\u00fbt total de possession et constitue un investissement solide pour toute entreprise.  <\/p>\n<h2><strong>L&#8217;innovation \u00e0 la rencontre de la RFID<\/strong><\/h2>\n<p>Dans le monde connect\u00e9 d&#8217;aujourd&#8217;hui, la technologie RFID joue un r\u00f4le de plus en plus important dans l&#8217;optimisation des processus d&#8217;entreprise. Le TSC PEX-2000 utilise cette technologie avanc\u00e9e pour r\u00e9volutionner l&#8217;efficacit\u00e9 et la pr\u00e9cision de la collecte de donn\u00e9es. La RFID (identification par radiofr\u00e9quence) permet une identification et un suivi rapides et pr\u00e9cis des produits et des ressources, ce qui se traduit par une meilleure gestion des stocks, des mesures de s\u00e9curit\u00e9 accrues et des op\u00e9rations optimis\u00e9es. Avec la TSC PEX-2000, les entreprises peuvent profiter des avantages de la technologie RFID tout en mettant en \u0153uvre des solutions d&#8217;impression de haute qualit\u00e9.   <\/p>\n<h2><strong>Votre partenaire pour des <\/strong><strong>Imprimante d&#8217;\u00e9tiquettes<\/strong><\/h2>\n<p>La TSC PEX-2000 n&#8217;est pas n&#8217;importe quelle imprimante ; elle fait partie int\u00e9grante d&#8217;une solution d&#8217;\u00e9tiquetage efficace et efficiente qui vise \u00e0 augmenter la productivit\u00e9 et \u00e0 optimiser les op\u00e9rations. Avec sa technologie de pointe, sa fiabilit\u00e9 et sa facilit\u00e9 d&#8217;utilisation, elle est le choix id\u00e9al pour les entreprises qui recherchent une solution d&#8217;impression de qualit\u00e9 ou qui ont besoin d&#8217;un remplacement lorsque leur mod\u00e8le d&#8217;imprimante actuel <a href=\"https:\/\/labeltech.ch\/fr\/imprimante-obsolete-pieces-de-rechange-non-disponibles-chez-nous-vous-trouverez-des-pieces-de-rechange-compatibles\/\">a \u00e9t\u00e9 retir\u00e9<\/a> ou n&#8217;est plus fonctionnel. <\/p>\n<p>Pour ceux qui sont int\u00e9ress\u00e9s par l&#8217;int\u00e9gration de la TSC PEX-2000 dans leurs op\u00e9rations, Labeltech offre une gamme compl\u00e8te de services et d&#8217;assistance.  <a href=\"https:\/\/labeltech.ch\/fr\/contact\/\">N&#8217;h\u00e9sitez pas \u00e0 nous contacter !  <\/a><\/p>\n<\/div>\n<\/div>\n<div class=\"paddingTB-40\">\n<div class=\"uk-text-center uk-h4 text-dark uk-text-bold marginB-30\"><\/div>\n<\/div>\n","protected":false},"excerpt":{"rendered":"<p>Traitement performant, adapt\u00e9 \u00e0 l&#8217;\u00e9tiquetage automatique Les modules d&#8217;impression de  [&#8230;]<\/p>\n","protected":false},"featured_media":8387,"comment_status":"closed","ping_status":"closed","template":"","meta":[],"product_brand":[],"product_cat":[71,76,99],"product_tag":[],"class_list":{"0":"post-10263","1":"product","2":"type-product","3":"status-publish","4":"has-post-thumbnail","6":"product_cat-impression-pose","7":"product_cat-rfid-fr","8":"product_cat-tsc-fr","10":"first","11":"instock","12":"shipping-taxable","13":"product-type-external"},"_links":{"self":[{"href":"https:\/\/labeltech.ch\/fr\/wp-json\/wp\/v2\/product\/10263","targetHints":{"allow":["GET"]}}],"collection":[{"href":"https:\/\/labeltech.ch\/fr\/wp-json\/wp\/v2\/product"}],"about":[{"href":"https:\/\/labeltech.ch\/fr\/wp-json\/wp\/v2\/types\/product"}],"replies":[{"embeddable":true,"href":"https:\/\/labeltech.ch\/fr\/wp-json\/wp\/v2\/comments?post=10263"}],"wp:featuredmedia":[{"embeddable":true,"href":"https:\/\/labeltech.ch\/fr\/wp-json\/wp\/v2\/media\/8387"}],"wp:attachment":[{"href":"https:\/\/labeltech.ch\/fr\/wp-json\/wp\/v2\/media?parent=10263"}],"wp:term":[{"taxonomy":"product_brand","embeddable":true,"href":"https:\/\/labeltech.ch\/fr\/wp-json\/wp\/v2\/product_brand?post=10263"},{"taxonomy":"product_cat","embeddable":true,"href":"https:\/\/labeltech.ch\/fr\/wp-json\/wp\/v2\/product_cat?post=10263"},{"taxonomy":"product_tag","embeddable":true,"href":"https:\/\/labeltech.ch\/fr\/wp-json\/wp\/v2\/product_tag?post=10263"}],"curies":[{"name":"wp","href":"https:\/\/api.w.org\/{rel}","templated":true}]}}