{"id":10463,"date":"2024-05-06T11:44:01","date_gmt":"2024-05-06T09:44:01","guid":{"rendered":"https:\/\/labeltech.ch\/produkt\/multimax-v8-beschriftungsset\/"},"modified":"2026-04-17T17:08:32","modified_gmt":"2026-04-17T15:08:32","slug":"multimax-v8-beschriftungsset","status":"publish","type":"product","link":"https:\/\/labeltech.ch\/fr\/produkt\/multimax-v8-beschriftungsset\/","title":{"rendered":"MultiMax V8 &#8211; Kit d&#8217;\u00e9tiquetage"},"content":{"rendered":"<p>Le syst\u00e8me d&#8217;\u00e9tiquetage MultiMax V8 de <a title=\"Voir le site du fabricant\" href=\"https:\/\/www.maxsystems.de\/\" target=\"_blank\" rel=\"noopener noreferrer nofollow\">Max Systems GmbH<\/a> repr\u00e9sente la derni\u00e8re g\u00e9n\u00e9ration de syst\u00e8mes d&#8217;\u00e9tiquetage et \u00e9tablit de nouvelles normes dans le monde de l&#8217;impression et de la d\u00e9coupe professionnelles. Avec son impressionnante combinaison de vitesse, de pr\u00e9cision et de facilit\u00e9 d&#8217;utilisation, le MultiMax offre une solution id\u00e9ale pour les d\u00e9butants comme pour les utilisateurs exp\u00e9riment\u00e9s. <\/p>\n<h2 data-start=\"382\" data-end=\"419\">Vitesse d&#8217;impression exceptionnellement \u00e9lev\u00e9e<\/h2>\n<p data-start=\"421\" data-end=\"928\">L&#8217;une des caract\u00e9ristiques les plus marquantes du MultiMax V8 est sa vitesse d&#8217;impression exceptionnelle. Par rapport \u00e0 son pr\u00e9d\u00e9cesseur, le MultiMax 5 PCi, le V8 atteint une vitesse d&#8217;impression jusqu&#8217;\u00e0 quatre fois sup\u00e9rieure. Ces vitesses d&#8217;impression nettement plus \u00e9lev\u00e9es permettent aux entreprises de r\u00e9duire consid\u00e9rablement leurs temps de production et donc de travailler plus efficacement. Qu&#8217;il s&#8217;agisse de gros volumes ou de projets o\u00f9 les d\u00e9lais sont critiques, la MultiMax V8 rel\u00e8ve ces d\u00e9fis avec brio.   <\/p>\n<h2 data-start=\"930\" data-end=\"965\">Polyvalence des couleurs et des formes<\/h2>\n<p data-start=\"967\" data-end=\"1514\">Ce MultiMax de nouvelle g\u00e9n\u00e9ration se caract\u00e9rise par sa capacit\u00e9 \u00e0 imprimer presque toutes les couleurs. Gr\u00e2ce \u00e0 la technologie d&#8217;encre avanc\u00e9e, les couleurs peuvent \u00eatre m\u00e9lang\u00e9es sans effort, ce qui donne des r\u00e9sultats d&#8217;impression vifs et pr\u00e9cis. De plus, la d\u00e9coupe de contours int\u00e9gr\u00e9e permet de d\u00e9couper des formes individuelles, ce qui permet de r\u00e9aliser des designs cr\u00e9atifs en une seule \u00e9tape. Cette combinaison d&#8217;impression et de d\u00e9coupe en un seul appareil offre aux utilisateurs une flexibilit\u00e9 et une cr\u00e9ativit\u00e9 maximales.   <\/p>\n<h2 data-start=\"1516\" data-end=\"1552\">Technologie de s\u00e9chage am\u00e9lior\u00e9e<\/h2>\n<p data-start=\"1554\" data-end=\"1955\">Un autre point fort de l&#8217;imprimante est le s\u00e9chage optimis\u00e9 des encres. Gr\u00e2ce \u00e0 la plaque chauffante int\u00e9gr\u00e9e, l&#8217;encre s\u00e8che beaucoup plus rapidement, ce qui acc\u00e9l\u00e8re non seulement le processus de production, mais am\u00e9liore \u00e9galement la qualit\u00e9 des impressions. Les encres \u00e0 s\u00e9chage rapide minimisent le risque de maculage et garantissent des r\u00e9sultats d&#8217;une grande nettet\u00e9.  <\/p>\n<p>Vous trouverez d&#8217;autres solutions d&#8217;\u00e9tiquetage et de marquage pour les applications industrielles dans la <a href=\"https:\/\/labeltech.ch\/fr\/produits\/systemes-detiquetage\/\" title=\"Syst\u00e8mes d&#039;\u00e9tiquetage - Solutions d&#039;\u00e9tiquetage compl\u00e8tes\">cat\u00e9gorie Syst\u00e8mes d&#8217;\u00e9tiquetage<\/a>.<\/p>\n<h2 data-start=\"1957\" data-end=\"2010\">Un design compact pour une impression flexible<\/h2>\n<p data-start=\"2012\" data-end=\"2411\">Malgr\u00e9 ses fonctions puissantes, le MultiMax se distingue par son design fin et compact. Cela la pr\u00e9destine \u00e0 une utilisation dans des environnements o\u00f9 l&#8217;espace est limit\u00e9. Qu&#8217;il s&#8217;agisse de petits ateliers, de bureaux ou de sites mobiles, l&#8217;imprimante s&#8217;int\u00e8gre parfaitement dans diff\u00e9rents environnements de travail tout en offrant une fonctionnalit\u00e9 compl\u00e8te.  <\/p>\n<h2 data-start=\"2413\" data-end=\"2460\">Comparaison avec le mod\u00e8le pr\u00e9c\u00e9dent MultiMax 5 PCi<\/h2>\n<p data-start=\"2462\" data-end=\"3063\">Alors que la MultiMax 5 PCi avait d\u00e9j\u00e0 s\u00e9duit par sa capacit\u00e9 d&#8217;impression multicolore et de d\u00e9coupe de contours personnalis\u00e9s, la MultiMax V8 \u00e9tablit de nouveaux standards. L&#8217;augmentation significative de la vitesse d&#8217;impression, qui a \u00e9t\u00e9 multipli\u00e9e par quatre, permet de r\u00e9aliser des projets en une fraction du temps qu&#8217;il fallait auparavant. De plus, la technologie de s\u00e9chage am\u00e9lior\u00e9e permet de travailler plus efficacement et d&#8217;obtenir des r\u00e9sultats de meilleure qualit\u00e9. Le design plus compact de la V8 offre \u00e9galement une plus grande flexibilit\u00e9 de placement et d&#8217;int\u00e9gration dans les environnements de travail existants.   <\/p>\n<h2 data-start=\"4169\" data-end=\"4206\">Facilit\u00e9 d&#8217;utilisation et support<\/h2>\n<p data-start=\"4208\" data-end=\"4680\">Max Systems attache une grande importance \u00e0 la facilit\u00e9 d&#8217;utilisation de ses produits. L&#8217;imprimante est intuitive et permet aux utilisateurs sans connaissances pr\u00e9alables de d\u00e9marrer rapidement et confortablement. Le logiciel SignMax fourni offre un grand nombre de mod\u00e8les et d&#8217;options de conception qui facilitent le processus de conception. Pour une assistance plus pouss\u00e9e, un service client comp\u00e9tent est \u00e0 disposition pour r\u00e9pondre rapidement et de mani\u00e8re fiable aux questions et aux pr\u00e9occupations techniques.   <\/p>\n<h2 data-start=\"4208\" data-end=\"4680\">Contactez-nous maintenant<\/h2>\n<p>Int\u00e9ress\u00e9 par les avantages de MultiMax V8 pour votre entreprise ? D\u00e9couvrez l&#8217;avenir du <strong> <\/strong>l&#8217;impression avec le MultiMax de nouvelle g\u00e9n\u00e9ration ! L&#8217;\u00e9quipe de Labeltech se tient \u00e0 votre disposition pour vous fournir de plus amples informations, des conseils personnalis\u00e9s et des \u00e9chantillons d&#8217;impression. <a title=\"Vers notre contact\" href=\"https:\/\/labeltech.ch\/fr\/contact\/\">Contactez-nous<\/a> d\u00e8s aujourd&#8217;hui. Notre \u00e9quipe se tient \u00e0 votre disposition par t\u00e9l\u00e9phone pour vous conseiller sans engagement !  <\/p>\n","protected":false},"excerpt":{"rendered":"<p>Le syst\u00e8me d&#8217;\u00e9tiquetage MultiMax V8 de Max Systems GmbH repr\u00e9sente  [&#8230;]<\/p>\n","protected":false},"featured_media":10462,"comment_status":"closed","ping_status":"closed","template":"","meta":[],"product_brand":[],"product_cat":[130],"product_tag":[],"class_list":{"0":"post-10463","1":"product","2":"type-product","3":"status-publish","4":"has-post-thumbnail","6":"product_cat-beschriftungssysteme-fr","8":"first","9":"instock","10":"shipping-taxable","11":"product-type-simple"},"_links":{"self":[{"href":"https:\/\/labeltech.ch\/fr\/wp-json\/wp\/v2\/product\/10463","targetHints":{"allow":["GET"]}}],"collection":[{"href":"https:\/\/labeltech.ch\/fr\/wp-json\/wp\/v2\/product"}],"about":[{"href":"https:\/\/labeltech.ch\/fr\/wp-json\/wp\/v2\/types\/product"}],"replies":[{"embeddable":true,"href":"https:\/\/labeltech.ch\/fr\/wp-json\/wp\/v2\/comments?post=10463"}],"wp:featuredmedia":[{"embeddable":true,"href":"https:\/\/labeltech.ch\/fr\/wp-json\/wp\/v2\/media\/10462"}],"wp:attachment":[{"href":"https:\/\/labeltech.ch\/fr\/wp-json\/wp\/v2\/media?parent=10463"}],"wp:term":[{"taxonomy":"product_brand","embeddable":true,"href":"https:\/\/labeltech.ch\/fr\/wp-json\/wp\/v2\/product_brand?post=10463"},{"taxonomy":"product_cat","embeddable":true,"href":"https:\/\/labeltech.ch\/fr\/wp-json\/wp\/v2\/product_cat?post=10463"},{"taxonomy":"product_tag","embeddable":true,"href":"https:\/\/labeltech.ch\/fr\/wp-json\/wp\/v2\/product_tag?post=10463"}],"curies":[{"name":"wp","href":"https:\/\/api.w.org\/{rel}","templated":true}]}}