{"id":10506,"date":"2024-05-17T16:00:22","date_gmt":"2024-05-17T14:00:22","guid":{"rendered":"https:\/\/labeltech.ch\/produkt\/afinia-label-x350\/"},"modified":"2026-04-17T17:08:48","modified_gmt":"2026-04-17T15:08:48","slug":"afinia-label-x350","status":"publish","type":"product","link":"https:\/\/labeltech.ch\/fr\/produkt\/afinia-label-x350\/","title":{"rendered":"Afinia Label X350"},"content":{"rendered":"<h1>Afinia Label X350 | Presse num\u00e9rique de bobine \u00e0 bobine<\/h1>\n<ul>\n<li>Co\u00fbts d&#8217;encre et d&#8217;\u00e9tiquettes extr\u00eamement faibles<\/li>\n<li>Vitesse d&#8217;impression \u00e9lev\u00e9e (jusqu&#8217;\u00e0 45 m\/min)<\/li>\n<li>Encres CMYK durables et de qualit\u00e9 alimentaire (test de migration alimentaire r\u00e9ussi)<\/li>\n<li>Faible encombrement<\/li>\n<li>Faible consommation d&#8217;\u00e9nergie<\/li>\n<li>Largeur d&#8217;impression maximale : 324,4 mm (12,77 pouces)<\/li>\n<li>Diam\u00e8tre ext\u00e9rieur maximal du rouleau : 350 mm (13,75 pouces)<\/li>\n<\/ul>\n<p>&nbsp;<\/p>\n<h2>Avantages de la presse num\u00e9rique rouleau \u00e0 rouleau X350<\/h2>\n<p>L&#8217;Afinia X350 est la solution pour l&#8217;impression num\u00e9rique grand volume de bobine \u00e0 bobine. Gr\u00e2ce \u00e0 la combinaison d&#8217;une capacit\u00e9 de production \u00e9lev\u00e9e, d&#8217;un faible encombrement et d&#8217;une faible consommation d&#8217;encre, cette presse constitue une solution polyvalente et efficace pour l&#8217;impression d&#8217;\u00e9tiquettes. Compacte, elle occupe moins d&#8217;un m\u00e8tre carr\u00e9 et s&#8217;int\u00e8gre donc facilement dans les lignes de production. La presse Roll to Roll convient \u00e0 une grande vari\u00e9t\u00e9 de projets, tels que les \u00e9tiquettes d\u00e9coup\u00e9es et continues, ainsi que les mat\u00e9riaux d&#8217;emballage souples.<\/p>\n<h3>Encres \u00e0 pigments longue dur\u00e9e<\/h3>\n<p>Les encres pigment\u00e9es certifi\u00e9es BS 5609 sont notamment responsables des performances haut de gamme de la presse. Ils sont r\u00e9sistants \u00e0 l&#8217;eau, aux rayons UV et \u00e0 d&#8217;autres \u00e9l\u00e9ments. Apr\u00e8s avoir pass\u00e9 les tests de migration, ils conviennent \u00e9galement aux emballages alimentaires. Contrairement aux encres traditionnelles \u00e0 base de solvants, les encres pigmentaires de l&#8217;Afinia Label X350 sont respectueuses de l&#8217;environnement, ce qui en fait un choix parfait pour les entreprises respectueuses de l&#8217;environnement.<\/p>\n<p>Nous recommandons le <a href=\"https:\/\/labeltech.ch\/fr\/produkt\/dtm-cx86e\/\" title=\"DTM CX86e - Laser couleur \u00e0 LED pour l'impression couleur haut volume\">DTM CX86e<\/a> comme alternative laser couleur LED performante pour les volumes d&#8217;impression particuli\u00e8rement \u00e9lev\u00e9s.<\/p>\n<h3>Volume d&#8217;impression \u00e9lev\u00e9<\/h3>\n<p>Avec ses grands r\u00e9servoirs d&#8217;encre pouvant contenir chacun 2 litres d&#8217;encre, l&#8217;Afinia Label X350 est \u00e9galement adapt\u00e9e aux impressions \u00e0 haut volume. La largeur maximale de support accept\u00e9e de 350 mm et le diam\u00e8tre ext\u00e9rieur maximal de 350 mm permettent \u00e0 l&#8217;imprimante d&#8217;\u00eatre productive m\u00eame \u00e0 grande capacit\u00e9.<\/p>\n<h3>Consommation \u00e9conomique<\/h3>\n<p>Malgr\u00e9 ses performances \u00e9lev\u00e9es, la presse rouleau \u00e0 rouleau X350 est tr\u00e8s \u00e9conome en \u00e9nergie. Elle offre ainsi une consommation d&#8217;\u00e9nergie r\u00e9duite, contrairement \u00e0 de nombreuses imprimantes concurrentes. Elle est donc id\u00e9ale pour les entreprises qui souhaitent combiner les avantages d&#8217;une imprimante de bureau compacte et d&#8217;une presse commerciale co\u00fbteuse.<\/p>\n<h3>La plus haute qualit\u00e9 d&#8217;impression<\/h3>\n<p>En outre, l&#8217;imprimante X350 se distingue par sa redondance de buses 2x. Cela permet d&#8217;obtenir des couleurs particuli\u00e8rement lisses et des d\u00e9grad\u00e9s sans lignes.<\/p>\n<p><img decoding=\"async\" class=\"alignnone size-full wp-image-10496\" src=\"https:\/\/labeltech.ch\/wp-content\/uploads\/2024\/05\/Afinia-Label-X350-Nozzle.jpg\" alt=\"Syst\u00e8me de buses Afinia Label X350\" width=\"850\" height=\"500\" srcset=\"https:\/\/labeltech.ch\/wp-content\/uploads\/2024\/05\/Afinia-Label-X350-Nozzle-200x118.jpg 200w, https:\/\/labeltech.ch\/wp-content\/uploads\/2024\/05\/Afinia-Label-X350-Nozzle-350x206.jpg 350w, https:\/\/labeltech.ch\/wp-content\/uploads\/2024\/05\/Afinia-Label-X350-Nozzle-400x235.jpg 400w, https:\/\/labeltech.ch\/wp-content\/uploads\/2024\/05\/Afinia-Label-X350-Nozzle-500x294.jpg 500w, https:\/\/labeltech.ch\/wp-content\/uploads\/2024\/05\/Afinia-Label-X350-Nozzle-600x353.jpg 600w, https:\/\/labeltech.ch\/wp-content\/uploads\/2024\/05\/Afinia-Label-X350-Nozzle-700x412.jpg 700w, https:\/\/labeltech.ch\/wp-content\/uploads\/2024\/05\/Afinia-Label-X350-Nozzle-768x452.jpg 768w, https:\/\/labeltech.ch\/wp-content\/uploads\/2024\/05\/Afinia-Label-X350-Nozzle-800x471.jpg 800w, https:\/\/labeltech.ch\/wp-content\/uploads\/2024\/05\/Afinia-Label-X350-Nozzle.jpg 850w\" sizes=\"(max-width: 850px) 100vw, 850px\" \/><\/p>\n<p>&nbsp;<\/p>\n<p>Si vous avez d&#8217;autres questions sur le produit, n&#8217;h\u00e9sitez pas \u00e0 nous contacter personnellement. <a title=\"Vers le contact\" href=\"https:\/\/labeltech.ch\/fr\/contact\/\">Contactez-nous maintenant<\/a>.<\/p>\n","protected":false},"excerpt":{"rendered":"<p>Afinia Label X350 | Presse num\u00e9rique de bobine \u00e0 bobine  [&#8230;]<\/p>\n","protected":false},"featured_media":10495,"comment_status":"closed","ping_status":"closed","template":"","meta":[],"product_brand":[],"product_cat":[68,131],"product_tag":[],"class_list":{"0":"post-10506","1":"product","2":"type-product","3":"status-publish","4":"has-post-thumbnail","6":"product_cat-imprimantes-couleur","7":"product_cat-label-afinia","9":"first","10":"instock","11":"shipping-taxable","12":"product-type-external"},"_links":{"self":[{"href":"https:\/\/labeltech.ch\/fr\/wp-json\/wp\/v2\/product\/10506","targetHints":{"allow":["GET"]}}],"collection":[{"href":"https:\/\/labeltech.ch\/fr\/wp-json\/wp\/v2\/product"}],"about":[{"href":"https:\/\/labeltech.ch\/fr\/wp-json\/wp\/v2\/types\/product"}],"replies":[{"embeddable":true,"href":"https:\/\/labeltech.ch\/fr\/wp-json\/wp\/v2\/comments?post=10506"}],"wp:featuredmedia":[{"embeddable":true,"href":"https:\/\/labeltech.ch\/fr\/wp-json\/wp\/v2\/media\/10495"}],"wp:attachment":[{"href":"https:\/\/labeltech.ch\/fr\/wp-json\/wp\/v2\/media?parent=10506"}],"wp:term":[{"taxonomy":"product_brand","embeddable":true,"href":"https:\/\/labeltech.ch\/fr\/wp-json\/wp\/v2\/product_brand?post=10506"},{"taxonomy":"product_cat","embeddable":true,"href":"https:\/\/labeltech.ch\/fr\/wp-json\/wp\/v2\/product_cat?post=10506"},{"taxonomy":"product_tag","embeddable":true,"href":"https:\/\/labeltech.ch\/fr\/wp-json\/wp\/v2\/product_tag?post=10506"}],"curies":[{"name":"wp","href":"https:\/\/api.w.org\/{rel}","templated":true}]}}