{"id":11144,"date":"2023-03-21T09:59:00","date_gmt":"2023-03-21T08:59:00","guid":{"rendered":"https:\/\/labeltech.ch\/produkt\/solid-120a3\/"},"modified":"2026-04-17T16:32:05","modified_gmt":"2026-04-17T14:32:05","slug":"solid-120a3","status":"publish","type":"product","link":"https:\/\/labeltech.ch\/fr\/produkt\/solid-120a3\/","title":{"rendered":"SOLID 120A3"},"content":{"rendered":"<p>La SOLID 120A3 de Microplex est une imprimante laser feuille \u00e0 feuille au format A3, sp\u00e9cialement con\u00e7ue pour les applications en flux tendu dans les environnements de logistique, de production et d&#8217;affaires. Elle associe des performances d&#8217;impression \u00e9lev\u00e9es \u00e0 de longs intervalles de maintenance, \u00e0 une grande simplicit\u00e9 d&#8217;utilisation et \u00e0 la possibilit\u00e9 de recharger le toner \u00e0 la vol\u00e9e, sans devoir interrompre l&#8217;impression. Pour ceux qui recherchent des performances similaires dans un format A3 plus petit ou avec une sortie A4, la <a title=\"Imprimante laser feuille \u00e0 feuille SOLID 60A3\" href=\"\/produkt\/solid-60a3-einzelblatt-laserdrucker\/\">SOLID 60A3<\/a> est une alternative directe de la ligne de produits SOLID de Microplex.  <\/p>\n<blockquote>\n<p><a title=\"Vous avez des questions ? Nous vous aidons.\" href=\"https:\/\/labeltech.ch\/fr\/contact\/\">Vous avez des questions ? Nous vous aidons. <\/a><\/p>\n<\/blockquote>\n<h2>Impression A3 \u00e0 la demande pour la logistique et la production<\/h2>\n<p>Dans un environnement en flux tendu, chaque seconde et chaque moment de d\u00e9faillance comptent. La SOLID 120A3 est con\u00e7ue pour r\u00e9pondre durablement \u00e0 ces exigences. Des temps d&#8217;arr\u00eat minimaux, de longs intervalles de maintenance et la possibilit\u00e9 de recharger le toner en cours de fonctionnement maintiennent la disponibilit\u00e9 de l&#8217;imprimante \u00e0 un niveau \u00e9lev\u00e9 et constant. Dans les processus logistiques automatis\u00e9s, o\u00f9 l&#8217;imprimante est directement int\u00e9gr\u00e9e dans les syst\u00e8mes de convoyage ou de tri, cela s&#8217;av\u00e8re tr\u00e8s rentable.   <\/p>\n<p>La vitesse d&#8217;impression \u00e9lev\u00e9e de la SOLID 120A3 au format A3 permet d&#8217;\u00e9diter efficacement et sans goulot d&#8217;\u00e9tranglement de gros volumes de documents tels que des bons de livraison, des listes de colisage, des documents d&#8217;accompagnement de la production ou de grandes \u00e9tiquettes d&#8217;exp\u00e9dition. La qualit\u00e9 d&#8217;impression reste \u00e9lev\u00e9e, quel que soit le volume d&#8217;impression. <\/p>\n<h2>Impression recto-verso \u00e0 pleine vitesse<\/h2>\n<p>La SOLID 120A3 imprime en recto verso \u00e0 pleine vitesse, sans ralentissement d\u00fb au m\u00e9canisme d&#8217;impression recto verso. Cela r\u00e9duit de moiti\u00e9 la consommation de papier pour les documents recto-verso, tout en acc\u00e9l\u00e9rant la sortie par rapport aux imprimantes qui ralentissent la vitesse en recto-verso. Associ\u00e9 \u00e0 la capacit\u00e9 A3, cela permet d&#8217;imprimer des documents recto-verso grand format en un seul passage.  <\/p>\n<p>Des options d&#8217;extension flexibles pour l&#8217;alimentation et la r\u00e9ception du papier permettent \u00e0 la SOLID 120A3 de s&#8217;adapter \u00e0 diff\u00e9rents formats et grammages de papier. Les entreprises dont les besoins d&#8217;impression varient peuvent configurer l&#8217;imprimante de mani\u00e8re \u00e0 ce qu&#8217;elle prenne en charge diff\u00e9rents types ou formats de papier sans qu&#8217;il soit n\u00e9cessaire de la modifier manuellement. <\/p>\n<p>Vous trouverez toutes les imprimantes laser feuille \u00e0 feuille Microplex disponibles dans diff\u00e9rents formats et classes de performance dans notre <a href=\"https:\/\/labeltech.ch\/fr\/produits\/microplex\/imprimante-laser-feuille-a-feuille\/\" title=\"Imprimantes laser feuille \u00e0 feuille Microplex - Aper\u00e7u de tous les mod\u00e8les chez Labeltech\">aper\u00e7u des imprimantes laser feuille \u00e0 feuille<\/a> chez Labeltech AG.<\/p>\n<h2>\u00c9mulation IPDS pour les environnements compatibles IBM<\/h2>\n<p>L&#8217;\u00e9mulation IPDS (Intelligent Printer Data Stream) en option rend la SOLID 120A3 enti\u00e8rement compatible avec les environnements IBM mainframe et iSeries. Les entreprises qui travaillent sur des plates-formes IBM et qui ne souhaitent pas utiliser une programmation de pilote complexe pour leur infrastructure d&#8217;impression peuvent int\u00e9grer la SOLID 120A3 directement sans middleware. Cela simplifie consid\u00e9rablement l&#8217;int\u00e9gration informatique et r\u00e9duit les frais d&#8217;administration et de support. Autre imprimante de l&#8217;univers Microplex dot\u00e9e de la technologie d&#8217;impression thermique, la <a title=\"Imprimante thermique SOLID 45ET\" href=\"https:\/\/labeltech.ch\/fr\/produkt\/solid-45et\/\">SOLID 45ET<\/a> est id\u00e9ale pour les besoins en format continu.   <\/p>\n<h2>Applications typiques de la SOLID 120A3<\/h2>\n<ul>\n<li>Bons de livraison, factures et listes de colisage en A3 et A4 en flux tendu<\/li>\n<li>Documents d&#8217;accompagnement de la production, documentation des processus et documents de commande<\/li>\n<li>\u00c9tiquettes d&#8217;exp\u00e9dition et de palettes grand format sur feuille individuelle<\/li>\n<li>Documents commerciaux double face et documents de flux de travail<\/li>\n<\/ul>\n<h2>Conclusion : Imprimante laser feuille \u00e0 feuille SOLID 120A3 &#8211; puissante en format A3<\/h2>\n<p>La SOLID 120A3 de Microplex combine la performance d&#8217;impression A3, la disponibilit\u00e9 continue et la compatibilit\u00e9 IBM dans un appareil construit pour l&#8217;utilisation industrielle. Nous vous conseillons volontiers pour savoir si la SOLID 120A3 ou un autre mod\u00e8le de la gamme SOLID r\u00e9pond parfaitement \u00e0 vos besoins.   <a title=\"Contacter Labeltech AG\" href=\"https:\/\/labeltech.ch\/fr\/contact\/\">Demandez maintenant.<\/a><\/p>\n","protected":false},"excerpt":{"rendered":"<p>La SOLID 120A3 de Microplex est une imprimante laser feuille  [&#8230;]<\/p>\n","protected":false},"featured_media":11361,"comment_status":"closed","ping_status":"closed","template":"","meta":[],"product_brand":[],"product_cat":[81,80],"product_tag":[],"class_list":{"0":"post-11144","1":"product","2":"type-product","3":"status-publish","4":"has-post-thumbnail","6":"product_cat-einzelblatt-laserdrucker-fr","7":"product_cat-microplex-fr","9":"first","10":"instock","11":"shipping-taxable","12":"product-type-external"},"_links":{"self":[{"href":"https:\/\/labeltech.ch\/fr\/wp-json\/wp\/v2\/product\/11144","targetHints":{"allow":["GET"]}}],"collection":[{"href":"https:\/\/labeltech.ch\/fr\/wp-json\/wp\/v2\/product"}],"about":[{"href":"https:\/\/labeltech.ch\/fr\/wp-json\/wp\/v2\/types\/product"}],"replies":[{"embeddable":true,"href":"https:\/\/labeltech.ch\/fr\/wp-json\/wp\/v2\/comments?post=11144"}],"wp:featuredmedia":[{"embeddable":true,"href":"https:\/\/labeltech.ch\/fr\/wp-json\/wp\/v2\/media\/11361"}],"wp:attachment":[{"href":"https:\/\/labeltech.ch\/fr\/wp-json\/wp\/v2\/media?parent=11144"}],"wp:term":[{"taxonomy":"product_brand","embeddable":true,"href":"https:\/\/labeltech.ch\/fr\/wp-json\/wp\/v2\/product_brand?post=11144"},{"taxonomy":"product_cat","embeddable":true,"href":"https:\/\/labeltech.ch\/fr\/wp-json\/wp\/v2\/product_cat?post=11144"},{"taxonomy":"product_tag","embeddable":true,"href":"https:\/\/labeltech.ch\/fr\/wp-json\/wp\/v2\/product_tag?post=11144"}],"curies":[{"name":"wp","href":"https:\/\/api.w.org\/{rel}","templated":true}]}}