{"id":11145,"date":"2023-03-21T09:41:38","date_gmt":"2023-03-21T08:41:38","guid":{"rendered":"https:\/\/labeltech.ch\/produkt\/solid-105a3-2\/"},"modified":"2026-04-17T17:03:33","modified_gmt":"2026-04-17T15:03:33","slug":"solid-105a3-2","status":"publish","type":"product","link":"https:\/\/labeltech.ch\/fr\/produkt\/solid-105a3-2\/","title":{"rendered":"SOLID 105A3-2"},"content":{"rendered":"<p><b>Performance maximale dans les affaires, la logistique et la production avec la SOLID 105A3-2<\/b><\/p>\n<p>La SOLID 105A3 est une imprimante laser A3 rapide qui convient aux applications en flux tendu. En outre, elle est souvent utilis\u00e9e pour l&#8217;impression \u00e0 la demande ainsi que pour l&#8217;impression de documents professionnels et de flux de travail.<\/p>\n<p>Pour une pr\u00e9sentation compl\u00e8te de toutes les imprimantes laser feuille \u00e0 feuille de Microplex, consultez la cat\u00e9gorie <a href=\"https:\/\/labeltech.ch\/fr\/produits\/microplex\/imprimante-laser-feuille-a-feuille\/\" title=\"Imprimantes laser feuille \u00e0 feuille - Vue d'ensemble de la gamme Microplex\">Imprimantes laser feuille \u00e0 feuille de Microplex<\/a>.<\/p>\n<ul>\n<li>Temps d&#8217;arr\u00eat minimal<\/li>\n<li>Longs intervalles d&#8217;entretien<\/li>\n<li>Possibilit\u00e9 de recharger le toner en cours d&#8217;utilisation<\/li>\n<li>Haute vitesse d&#8217;impression<\/li>\n<li>Options d&#8217;extension flexibles pour l&#8217;alimentation et le stockage du papier<\/li>\n<li>Impression recto-verso \u00e0 pleine vitesse<\/li>\n<li>\u00c9mulation IPDS en option pour une compatibilit\u00e9 id\u00e9ale avec les solutions IBM<\/li>\n<\/ul>\n<div class=\"uk-grid uk-grid-md\">\n<div class=\"uk-width-md-2-3 uk-width-sm-1-1 uk-width-xs-1-1\">\n<div class=\"uk-width-md-3-4 uk-width-sm-1-1 uk-width-xs-1-1\"><\/div>\n<\/div>\n<\/div>\n<div class=\"uk-clearfix\"><\/div>\n<div class=\"paddingTB-40\">\n<div class=\"uk-text-center uk-h4 text-dark uk-text-bold marginB-30\"><\/div>\n<\/div>\n","protected":false},"excerpt":{"rendered":"<p>Performance maximale dans les affaires, la logistique et la production  [&#8230;]<\/p>\n","protected":false},"featured_media":11361,"comment_status":"closed","ping_status":"closed","template":"","meta":[],"product_brand":[],"product_cat":[81,80],"product_tag":[],"class_list":{"0":"post-11145","1":"product","2":"type-product","3":"status-publish","4":"has-post-thumbnail","6":"product_cat-einzelblatt-laserdrucker-fr","7":"product_cat-microplex-fr","9":"first","10":"instock","11":"shipping-taxable","12":"product-type-external"},"_links":{"self":[{"href":"https:\/\/labeltech.ch\/fr\/wp-json\/wp\/v2\/product\/11145","targetHints":{"allow":["GET"]}}],"collection":[{"href":"https:\/\/labeltech.ch\/fr\/wp-json\/wp\/v2\/product"}],"about":[{"href":"https:\/\/labeltech.ch\/fr\/wp-json\/wp\/v2\/types\/product"}],"replies":[{"embeddable":true,"href":"https:\/\/labeltech.ch\/fr\/wp-json\/wp\/v2\/comments?post=11145"}],"wp:featuredmedia":[{"embeddable":true,"href":"https:\/\/labeltech.ch\/fr\/wp-json\/wp\/v2\/media\/11361"}],"wp:attachment":[{"href":"https:\/\/labeltech.ch\/fr\/wp-json\/wp\/v2\/media?parent=11145"}],"wp:term":[{"taxonomy":"product_brand","embeddable":true,"href":"https:\/\/labeltech.ch\/fr\/wp-json\/wp\/v2\/product_brand?post=11145"},{"taxonomy":"product_cat","embeddable":true,"href":"https:\/\/labeltech.ch\/fr\/wp-json\/wp\/v2\/product_cat?post=11145"},{"taxonomy":"product_tag","embeddable":true,"href":"https:\/\/labeltech.ch\/fr\/wp-json\/wp\/v2\/product_tag?post=11145"}],"curies":[{"name":"wp","href":"https:\/\/api.w.org\/{rel}","templated":true}]}}