{"id":11146,"date":"2023-03-22T12:29:01","date_gmt":"2023-03-22T11:29:01","guid":{"rendered":"https:\/\/labeltech.ch\/produkt\/labelmax-vs1\/"},"modified":"2026-04-17T17:04:21","modified_gmt":"2026-04-17T15:04:21","slug":"labelmax-vs1","status":"publish","type":"product","link":"https:\/\/labeltech.ch\/fr\/produkt\/labelmax-vs1\/","title":{"rendered":"LabelMax VS1"},"content":{"rendered":"<p><b>Toujours et partout pr\u00eat \u00e0 marquer avec LableMax VS1<\/b><\/p>\n<p>Le nouveau LabelMax VS1 est un syst\u00e8me d&#8217;\u00e9tiquetage mobile qui se pr\u00e9sente sous la forme d&#8217;une mallette en plastique HDPE r\u00e9sistant aux chocs. Il est ainsi toujours prot\u00e9g\u00e9 sur les trajets de transport et dans des conditions extr\u00eames. La mallette est en outre \u00e9tanche \u00e0 la poussi\u00e8re et aux projections d&#8217;eau et les chocs physiques importants ne peuvent pas non plus l&#8217;endommager.<\/p>\n<p>Pour un aper\u00e7u complet de tous les syst\u00e8mes d&#8217;\u00e9tiquetage pour les tubes, les c\u00e2bles et l&#8217;identification des \u00e9quipements, consultez la cat\u00e9gorie <a href=\"https:\/\/labeltech.ch\/fr\/produits\/systemes-detiquetage\/\" title=\"Syst\u00e8mes d'\u00e9tiquetage - Toutes les solutions Labelmax de Labeltech\">Syst\u00e8mes d&#8217;\u00e9tiquetage<\/a> de Labeltech.<\/p>\n<ul>\n<li>Syst\u00e8me d&#8217;\u00e9tiquetage mobile<\/li>\n<li>fonctionnement puissant sur batterie<\/li>\n<li>Convient aux conditions robustes et extr\u00eames<\/li>\n<li>Compatible avec la s\u00e9rie LabelMax<\/li>\n<li>Disponible en kit complet comprenant la tablette, le ruban et le film<\/li>\n<\/ul>\n<div class=\"uk-clearfix\"><\/div>\n<div class=\"paddingTB-40\">\n<div class=\"uk-text-center uk-h4 text-dark uk-text-bold marginB-30\"><\/div>\n<\/div>\n","protected":false},"excerpt":{"rendered":"<p>Toujours et partout pr\u00eat \u00e0 marquer avec LableMax VS1 Le  [&#8230;]<\/p>\n","protected":false},"featured_media":8400,"comment_status":"closed","ping_status":"closed","template":"","meta":[],"product_brand":[],"product_cat":[72,77],"product_tag":[],"class_list":{"0":"post-11146","1":"product","2":"type-product","3":"status-publish","4":"has-post-thumbnail","6":"product_cat-imprimantes","7":"product_cat-special","9":"first","10":"instock","11":"shipping-taxable","12":"product-type-external"},"_links":{"self":[{"href":"https:\/\/labeltech.ch\/fr\/wp-json\/wp\/v2\/product\/11146","targetHints":{"allow":["GET"]}}],"collection":[{"href":"https:\/\/labeltech.ch\/fr\/wp-json\/wp\/v2\/product"}],"about":[{"href":"https:\/\/labeltech.ch\/fr\/wp-json\/wp\/v2\/types\/product"}],"replies":[{"embeddable":true,"href":"https:\/\/labeltech.ch\/fr\/wp-json\/wp\/v2\/comments?post=11146"}],"wp:featuredmedia":[{"embeddable":true,"href":"https:\/\/labeltech.ch\/fr\/wp-json\/wp\/v2\/media\/8400"}],"wp:attachment":[{"href":"https:\/\/labeltech.ch\/fr\/wp-json\/wp\/v2\/media?parent=11146"}],"wp:term":[{"taxonomy":"product_brand","embeddable":true,"href":"https:\/\/labeltech.ch\/fr\/wp-json\/wp\/v2\/product_brand?post=11146"},{"taxonomy":"product_cat","embeddable":true,"href":"https:\/\/labeltech.ch\/fr\/wp-json\/wp\/v2\/product_cat?post=11146"},{"taxonomy":"product_tag","embeddable":true,"href":"https:\/\/labeltech.ch\/fr\/wp-json\/wp\/v2\/product_tag?post=11146"}],"curies":[{"name":"wp","href":"https:\/\/api.w.org\/{rel}","templated":true}]}}