{"id":11149,"date":"2024-12-03T12:26:52","date_gmt":"2024-12-03T11:26:52","guid":{"rendered":"https:\/\/labeltech.ch\/produkt\/ap550e\/"},"modified":"2026-04-17T17:05:50","modified_gmt":"2026-04-17T15:05:50","slug":"ap550e","status":"publish","type":"product","link":"https:\/\/labeltech.ch\/fr\/produkt\/ap550e\/","title":{"rendered":"AP550e"},"content":{"rendered":"<p>L&#8217;<strong>AP550e<\/strong> est la solution id\u00e9ale pour les entreprises qui souhaitent appliquer des \u00e9tiquettes de mani\u00e8re pr\u00e9cise et efficace sur des surfaces plates ou l\u00e9g\u00e8rement bomb\u00e9es. Ce distributeur d&#8217;\u00e9tiquettes semi-automatique offre un moyen rapide et professionnel d&#8217;\u00e9tiqueter des produits tels que des cartons, des sacs, des bouteilles, des couvercles ou des conteneurs rectangulaires. Avec sa facilit\u00e9 d&#8217;utilisation, sa grande pr\u00e9cision et sa polyvalence, l&#8217;AP550e est id\u00e9ale pour les petites et moyennes productions.  <\/p>\n<h2>Une pr\u00e9cision qui convainc<\/h2>\n<p>L&#8217;AP550e assure un positionnement pr\u00e9cis de vos \u00e9tiquettes, quelle que soit leur taille ou leur mati\u00e8re. Gr\u00e2ce \u00e0 ses m\u00e9canismes de guidage sp\u00e9ciaux et \u00e0 ses param\u00e8tres d&#8217;application r\u00e9glables, les \u00e9tiquettes sont toujours appliqu\u00e9es de mani\u00e8re uniforme et sans plis. Qu&#8217;il s&#8217;agisse d&#8217;emballages de produits, de mat\u00e9riel promotionnel ou d&#8217;\u00e9tiquettes \u00e0 des fins de stockage, elle garantit un aspect professionnel qui valorise vos produits.  <\/p>\n<h2>Polyvalence d&#8217;utilisation<\/h2>\n<p>L&#8217;AP550e permet d&#8217;appliquer des \u00e9tiquettes sur une grande vari\u00e9t\u00e9 de surfaces, y compris le carton, le plastique, le verre, le m\u00e9tal et plus encore. Sa conception flexible lui permet de s&#8217;adapter \u00e0 diff\u00e9rentes tailles et formats d&#8217;\u00e9tiquettes, couvrant ainsi un large \u00e9ventail d&#8217;applications. Des surfaces rectangulaires aux surfaces l\u00e9g\u00e8rement incurv\u00e9es, le distributeur d&#8217;\u00e9tiquettes s&#8217;adapte \u00e0 vos besoins et vous garantit des r\u00e9sultats parfaits.  <\/p>\n<p>Vous trouverez d&#8217;autres solutions de distribution d&#8217;\u00e9tiquettes et d&#8217;application pour les processus automatis\u00e9s dans l&#8217;<a href=\"https:\/\/labeltech.ch\/fr\/produits\/systemes-de-distribution\/\" title=\"Syst\u00e8mes de distribution - Tous les distributeurs d'\u00e9tiquettes et applicateurs\">aper\u00e7u des syst\u00e8mes de distribution<\/a>.<\/p>\n<h2>Facilit\u00e9 d&#8217;utilisation et configuration rapide<\/h2>\n<p>L&#8217;AP550e est tr\u00e8s facile \u00e0 utiliser et ne n\u00e9cessite pas de formation approfondie. Le rouleau d&#8217;\u00e9tiquettes s&#8217;installe rapidement et facilement, et les commandes intuitives vous permettent d&#8217;ajuster les param\u00e8tres d&#8217;application pour r\u00e9pondre exactement \u00e0 vos besoins. La fonctionnalit\u00e9 semi-automatique vous permet d&#8217;appliquer des \u00e9tiquettes rapidement et avec pr\u00e9cision avec un minimum d&#8217;effort &#8211; un avantage d\u00e9cisif pour l&#8217;efficacit\u00e9 de la production.  <\/p>\n<h2>Compact, robuste et durable<\/h2>\n<p>Avec son design peu encombrant, l&#8217;AP550e s&#8217;adapte \u00e0 presque tous les environnements de production. Son bo\u00eetier m\u00e9tallique robuste et ses composants de haute qualit\u00e9 lui assurent une longue dur\u00e9e de vie, m\u00eame en cas d&#8217;utilisation r\u00e9guli\u00e8re. Cela fait de l&#8217;\u00e9tiqueteuse une solution fiable pour les entreprises qui accordent de l&#8217;importance \u00e0 la qualit\u00e9 et \u00e0 la durabilit\u00e9.  <\/p>\n<p>L&#8217;AP550e est le choix id\u00e9al pour les entreprises qui souhaitent \u00e9tiqueter leurs produits de mani\u00e8re rapide, pr\u00e9cise et professionnelle. Gr\u00e2ce \u00e0 sa facilit\u00e9 d&#8217;utilisation, sa polyvalence et sa conception robuste, cette \u00e9tiqueteuse semi-automatique constitue une solution efficace pour les volumes de production faibles \u00e0 moyens. Que ce soit pour l&#8217;emballage de produits ou le mat\u00e9riel promotionnel, l&#8217;AP550e vous permet d&#8217;obtenir des r\u00e9sultats parfaits.  <\/p>\n","protected":false},"excerpt":{"rendered":"<p>L&#8217;AP550e est la solution id\u00e9ale pour les entreprises qui souhaitent  [&#8230;]<\/p>\n","protected":false},"featured_media":10740,"comment_status":"closed","ping_status":"closed","template":"","meta":[],"product_brand":[],"product_cat":[88],"product_tag":[],"class_list":{"0":"post-11149","1":"product","2":"type-product","3":"status-publish","4":"has-post-thumbnail","6":"product_cat-accessoires","8":"first","9":"instock","10":"shipping-taxable","11":"product-type-external"},"_links":{"self":[{"href":"https:\/\/labeltech.ch\/fr\/wp-json\/wp\/v2\/product\/11149","targetHints":{"allow":["GET"]}}],"collection":[{"href":"https:\/\/labeltech.ch\/fr\/wp-json\/wp\/v2\/product"}],"about":[{"href":"https:\/\/labeltech.ch\/fr\/wp-json\/wp\/v2\/types\/product"}],"replies":[{"embeddable":true,"href":"https:\/\/labeltech.ch\/fr\/wp-json\/wp\/v2\/comments?post=11149"}],"wp:featuredmedia":[{"embeddable":true,"href":"https:\/\/labeltech.ch\/fr\/wp-json\/wp\/v2\/media\/10740"}],"wp:attachment":[{"href":"https:\/\/labeltech.ch\/fr\/wp-json\/wp\/v2\/media?parent=11149"}],"wp:term":[{"taxonomy":"product_brand","embeddable":true,"href":"https:\/\/labeltech.ch\/fr\/wp-json\/wp\/v2\/product_brand?post=11149"},{"taxonomy":"product_cat","embeddable":true,"href":"https:\/\/labeltech.ch\/fr\/wp-json\/wp\/v2\/product_cat?post=11149"},{"taxonomy":"product_tag","embeddable":true,"href":"https:\/\/labeltech.ch\/fr\/wp-json\/wp\/v2\/product_tag?post=11149"}],"curies":[{"name":"wp","href":"https:\/\/api.w.org\/{rel}","templated":true}]}}