{"id":11150,"date":"2024-12-03T12:06:43","date_gmt":"2024-12-03T11:06:43","guid":{"rendered":"https:\/\/labeltech.ch\/produkt\/catalyst-v8e\/"},"modified":"2026-04-17T17:05:47","modified_gmt":"2026-04-17T15:05:47","slug":"catalyst-v8e","status":"publish","type":"product","link":"https:\/\/labeltech.ch\/fr\/produkt\/catalyst-v8e\/","title":{"rendered":"Catalyst V8e"},"content":{"rendered":"<div class=\"flex max-w-full flex-col flex-grow\">\n<div class=\"min-h-8 text-message flex w-full flex-col items-end gap-2 whitespace-normal break-words [.text-message+&amp;]:mt-5\" dir=\"auto\" data-message-author-role=\"assistant\" data-message-id=\"0dbd53a0-488e-4b92-a663-132741ad2a28\" data-message-model-slug=\"gpt-4o\">\n<div class=\"flex w-full flex-col gap-1 empty:hidden first:pt-[3px]\">\n<div class=\"markdown prose w-full break-words dark:prose-invert light\">\n<p>Le <strong>Catalyst V8e<\/strong> est un syst\u00e8me de finition laser polyvalent et performant, sp\u00e9cialement con\u00e7u pour le traitement pr\u00e9cis des \u00e9tiquettes. Ce syst\u00e8me combine la d\u00e9coupe, le laminage, l&#8217;\u00e9chenillage et le rembobinage en un seul flux de travail efficace. Ce syst\u00e8me de marquage laser est la solution id\u00e9ale pour les entreprises qui recherchent une finition d&#8217;\u00e9tiquettes professionnelle tout en b\u00e9n\u00e9ficiant d&#8217;une flexibilit\u00e9 et d&#8217;une qualit\u00e9 \u00e9lev\u00e9es, le tout dans un espace r\u00e9duit.  <\/p>\n<h2>D\u00e9coupe de haute pr\u00e9cision<\/h2>\n<p>Le Catalyst V8e utilise une technologie laser CO\u2082 de pointe qui permet une d\u00e9coupe pr\u00e9cise sans avoir recours \u00e0 des outils de poin\u00e7onnage. M\u00eame les formes complexes et les d\u00e9tails les plus fins sont trait\u00e9s de mani\u00e8re nette et pr\u00e9cise. Avec une largeur de d\u00e9coupe maximale de 220 mm, elle convient \u00e0 une grande vari\u00e9t\u00e9 de formats d&#8217;\u00e9tiquettes, des petits autocollants aux \u00e9tiquettes de grande taille.  <\/p>\n<p>Vous trouverez d&#8217;autres solutions innovantes de marquage et d&#8217;\u00e9tiquetage dans la cat\u00e9gorie <a href=\"https:\/\/labeltech.ch\/fr\/produits\/systemes-dimpression\/special\/\" title=\"Syst\u00e8mes d'impression sp\u00e9ciaux - Solutions de marquage innovantes\">Syst\u00e8mes d&#8217;impression sp\u00e9ciaux<\/a>.<\/p>\n<h2>Un flux de travail \u00e0 plusieurs niveaux pour une efficacit\u00e9 maximale<\/h2>\n<p>Le syst\u00e8me combine plusieurs \u00e9tapes de travail en un seul appareil : outre la coupe, les \u00e9tiquettes peuvent \u00eatre lamin\u00e9es, \u00e9chenill\u00e9es et enroul\u00e9es. Gr\u00e2ce \u00e0 ce flux de travail continu, les entreprises gagnent du temps et r\u00e9duisent les interventions manuelles. Le Catalyst V8e assure ainsi un processus de production fluide et efficace, id\u00e9al pour les petits et moyens tirages.  <\/p>\n<h2>Flexibilit\u00e9 des mat\u00e9riaux et des designs<\/h2>\n<p>Le Catalyst V8e prend en charge une grande vari\u00e9t\u00e9 de mat\u00e9riaux, notamment le papier, le polypropyl\u00e8ne, le polyester et d&#8217;autres supports synth\u00e9tiques. La possibilit\u00e9 de transf\u00e9rer des designs directement du logiciel vers le syst\u00e8me permet de personnaliser et de r\u00e9aliser rapidement les demandes individuelles des clients. Cela en fait un outil id\u00e9al pour des applications telles que les \u00e9tiquettes de produits, les supports publicitaires ou les solutions de branding personnalis\u00e9es.  <\/p>\n<h2>Convivial et robuste<\/h2>\n<p>Le Catalyst V8e a \u00e9t\u00e9 con\u00e7u en mettant l&#8217;accent sur la simplicit\u00e9 d&#8217;utilisation et la durabilit\u00e9. Le logiciel intuitif permet de cr\u00e9er et de r\u00e9aliser des patrons et des designs sans effort. La conception robuste de l&#8217;appareil garantit un fonctionnement fiable, m\u00eame en cas d&#8217;utilisation intensive.  <\/p>\n<p>Le Catalyst V8e est la solution id\u00e9ale pour les entreprises qui recherchent la pr\u00e9cision, l&#8217;efficacit\u00e9 et la polyvalence. Avec son flux de travail continu, sa technologie laser de haute qualit\u00e9 et sa prise en charge de multiples mat\u00e9riaux, la Catalyst V8e \u00e9tablit de nouvelles normes en mati\u00e8re de finition d&#8217;\u00e9tiquettes professionnelles &#8211; id\u00e9ale pour les volumes de production faibles \u00e0 moyens. <\/p>\n<\/div>\n<\/div>\n<\/div>\n<\/div>\n","protected":false},"excerpt":{"rendered":"<p>Le Catalyst V8e est un syst\u00e8me de finition laser polyvalent  [&#8230;]<\/p>\n","protected":false},"featured_media":10980,"comment_status":"closed","ping_status":"closed","template":"","meta":[],"product_brand":[],"product_cat":[78],"product_tag":[],"class_list":{"0":"post-11150","1":"product","2":"type-product","3":"status-publish","4":"has-post-thumbnail","6":"product_cat-etiquettes","8":"first","9":"instock","10":"shipping-taxable","11":"product-type-external"},"_links":{"self":[{"href":"https:\/\/labeltech.ch\/fr\/wp-json\/wp\/v2\/product\/11150","targetHints":{"allow":["GET"]}}],"collection":[{"href":"https:\/\/labeltech.ch\/fr\/wp-json\/wp\/v2\/product"}],"about":[{"href":"https:\/\/labeltech.ch\/fr\/wp-json\/wp\/v2\/types\/product"}],"replies":[{"embeddable":true,"href":"https:\/\/labeltech.ch\/fr\/wp-json\/wp\/v2\/comments?post=11150"}],"wp:featuredmedia":[{"embeddable":true,"href":"https:\/\/labeltech.ch\/fr\/wp-json\/wp\/v2\/media\/10980"}],"wp:attachment":[{"href":"https:\/\/labeltech.ch\/fr\/wp-json\/wp\/v2\/media?parent=11150"}],"wp:term":[{"taxonomy":"product_brand","embeddable":true,"href":"https:\/\/labeltech.ch\/fr\/wp-json\/wp\/v2\/product_brand?post=11150"},{"taxonomy":"product_cat","embeddable":true,"href":"https:\/\/labeltech.ch\/fr\/wp-json\/wp\/v2\/product_cat?post=11150"},{"taxonomy":"product_tag","embeddable":true,"href":"https:\/\/labeltech.ch\/fr\/wp-json\/wp\/v2\/product_tag?post=11150"}],"curies":[{"name":"wp","href":"https:\/\/api.w.org\/{rel}","templated":true}]}}