{"id":11151,"date":"2024-12-03T11:25:44","date_gmt":"2024-12-03T10:25:44","guid":{"rendered":"https:\/\/labeltech.ch\/produkt\/serie-de-banderoleuses-detiquettes-dtm\/"},"modified":"2026-04-17T17:05:37","modified_gmt":"2026-04-17T15:05:37","slug":"serie-de-banderoleuses-detiquettes-dtm","status":"publish","type":"product","link":"https:\/\/labeltech.ch\/fr\/produkt\/serie-de-banderoleuses-detiquettes-dtm\/","title":{"rendered":"S\u00e9rie de banderoleuses d&#8217;\u00e9tiquettes DTM"},"content":{"rendered":"<p>La <strong>s\u00e9rie d&#8217;enrouleurs d&#8217;\u00e9tiquettes DTM<\/strong> comprend une s\u00e9rie de d\u00e9rouleurs et d&#8217;enrouleurs fiables, sp\u00e9cialement con\u00e7us pour r\u00e9pondre aux exigences de la production moderne d&#8217;\u00e9tiquettes. Que vous souhaitiez d\u00e9rouler ou enrouler efficacement des rouleaux d&#8217;\u00e9tiquettes, la s\u00e9rie RW-7, RW-9 et RW-12 de DTM Print offre des solutions qui s&#8217;adaptent parfaitement aux diff\u00e9rentes imprimantes, tailles de rouleaux et environnements de production. <\/p>\n<h4>RW-7 &#8211; Compact et polyvalent<\/h4>\n<p>La <strong>RW-7<\/strong> est la solution id\u00e9ale pour les rouleaux d&#8217;\u00e9tiquettes de petite et moyenne taille. Avec une largeur de rouleau maximale de 220 mm et un diam\u00e8tre de rouleau allant jusqu&#8217;\u00e0 250 mm, ce mod\u00e8le convient parfaitement aux imprimantes compactes comme la LX500e ou la LX910e. Le support de mandrin r\u00e9glable prend en charge des diam\u00e8tres int\u00e9rieurs de 40 mm \u00e0 76 mm, ce qui permet d&#8217;utiliser facilement diff\u00e9rents types de rouleaux. Gr\u00e2ce \u00e0 son entra\u00eenement par couple pr\u00e9cis, le RW-7 offre une tension uniforme, ce qui garantit un d\u00e9roulement et un enroulement pr\u00e9cis.   <\/p>\n<p>Vous trouverez des accessoires compl\u00e9mentaires adapt\u00e9s, tels que des enrouleurs et des distributeurs d&#8217;\u00e9tiquettes pour la ligne de produits DTM, dans l&#8217;<a href=\"https:\/\/labeltech.ch\/fr\/produits\/accessoires\/\" title=\"Accessoires - Enrouleurs, d\u00e9rouleurs et accessoires pour imprimantes d'\u00e9tiquettes\">aper\u00e7u des accessoires<\/a>.<\/p>\n<h4>RW-9 &#8211; Capacit\u00e9 accrue pour les applications exigeantes<\/h4>\n<p>Pour les volumes d&#8217;impression plus importants et les rouleaux d&#8217;\u00e9tiquettes plus larges, la <strong>RW-9<\/strong> offre des capacit\u00e9s \u00e9tendues. Avec une largeur de rouleau maximale de 245 mm et un diam\u00e8tre de rouleau pouvant atteindre 300 mm, ce mod\u00e8le convient parfaitement aux imprimantes et aux environnements de production plus exigeants. Comme la RW-7, la RW-9 offre un contr\u00f4le de tension fiable qui emp\u00eache les \u00e9tiquettes de se plier ou de glisser. C&#8217;est le choix id\u00e9al pour les entreprises qui ont besoin d&#8217;une plus grande flexibilit\u00e9 et d&#8217;une plus grande efficacit\u00e9 dans la production d&#8217;\u00e9tiquettes.   <\/p>\n<h4>RW-12 &#8211; Pour les besoins industriels<\/h4>\n<p>Con\u00e7ue pour les applications industrielles, la <strong>RW-12<\/strong> est le concentr\u00e9 de puissance de la gamme. Avec une largeur de rouleau maximale de 280 mm et un diam\u00e8tre de rouleau allant jusqu&#8217;\u00e0 400 mm, elle g\u00e8re sans difficult\u00e9 les rouleaux d&#8217;\u00e9tiquettes les plus grands. Ce mod\u00e8le est particuli\u00e8rement adapt\u00e9 aux entreprises qui exigent des volumes de production \u00e9lev\u00e9s et une utilisation continue. Sa conception robuste lui assure une longue dur\u00e9e de vie et une fiabilit\u00e9 maximale.   <\/p>\n<h4>Facilit\u00e9 d&#8217;utilisation et int\u00e9gration transparente<\/h4>\n<p>Tous les mod\u00e8les de la s\u00e9rie d&#8217;enrouleurs d&#8217;\u00e9tiquettes DTM sont faciles \u00e0 utiliser et s&#8217;int\u00e8grent parfaitement dans les processus de production existants. Ils sont compatibles avec un grand nombre d&#8217;imprimantes d&#8217;\u00e9tiquettes et garantissent une manipulation pr\u00e9cise et fiable des rouleaux d&#8217;\u00e9tiquettes. <\/p>\n<p>&nbsp;<\/p>\n<p>La s\u00e9rie de banderoleuses d&#8217;\u00e9tiquettes DTM offre une solution adapt\u00e9e \u00e0 chaque besoin, des mod\u00e8les compacts comme la RW-7 aux variantes industrielles comme la RW-12. Gr\u00e2ce \u00e0 sa flexibilit\u00e9, sa durabilit\u00e9 et sa pr\u00e9cision, cette s\u00e9rie est un outil indispensable pour une production d&#8217;\u00e9tiquettes efficace.<\/p>\n","protected":false},"excerpt":{"rendered":"<p>La s\u00e9rie d&#8217;enrouleurs d&#8217;\u00e9tiquettes DTM comprend une s\u00e9rie de d\u00e9rouleurs  [&#8230;]<\/p>\n","protected":false},"featured_media":10732,"comment_status":"closed","ping_status":"closed","template":"","meta":[],"product_brand":[],"product_cat":[88],"product_tag":[],"class_list":{"0":"post-11151","1":"product","2":"type-product","3":"status-publish","4":"has-post-thumbnail","6":"product_cat-accessoires","8":"first","9":"instock","10":"shipping-taxable","11":"product-type-external"},"_links":{"self":[{"href":"https:\/\/labeltech.ch\/fr\/wp-json\/wp\/v2\/product\/11151","targetHints":{"allow":["GET"]}}],"collection":[{"href":"https:\/\/labeltech.ch\/fr\/wp-json\/wp\/v2\/product"}],"about":[{"href":"https:\/\/labeltech.ch\/fr\/wp-json\/wp\/v2\/types\/product"}],"replies":[{"embeddable":true,"href":"https:\/\/labeltech.ch\/fr\/wp-json\/wp\/v2\/comments?post=11151"}],"wp:featuredmedia":[{"embeddable":true,"href":"https:\/\/labeltech.ch\/fr\/wp-json\/wp\/v2\/media\/10732"}],"wp:attachment":[{"href":"https:\/\/labeltech.ch\/fr\/wp-json\/wp\/v2\/media?parent=11151"}],"wp:term":[{"taxonomy":"product_brand","embeddable":true,"href":"https:\/\/labeltech.ch\/fr\/wp-json\/wp\/v2\/product_brand?post=11151"},{"taxonomy":"product_cat","embeddable":true,"href":"https:\/\/labeltech.ch\/fr\/wp-json\/wp\/v2\/product_cat?post=11151"},{"taxonomy":"product_tag","embeddable":true,"href":"https:\/\/labeltech.ch\/fr\/wp-json\/wp\/v2\/product_tag?post=11151"}],"curies":[{"name":"wp","href":"https:\/\/api.w.org\/{rel}","templated":true}]}}