{"id":11156,"date":"2023-04-19T10:35:28","date_gmt":"2023-04-19T08:35:28","guid":{"rendered":"https:\/\/labeltech.ch\/produkt\/pk-52\/"},"modified":"2026-04-17T17:04:50","modified_gmt":"2026-04-17T15:04:50","slug":"pk-52","status":"publish","type":"product","link":"https:\/\/labeltech.ch\/fr\/produkt\/pk-52\/","title":{"rendered":"Etiqueteuse circulaire PK-52"},"content":{"rendered":"<h2>Etiqueteuse circulaire PK-52 : \u00e9tiqueteuse semi-automatique pour produits cylindriques &amp; bouteille<\/h2>\n<p>L&#8217;\u00e9tiqueteuse circulaire PK-52 de Packin (\u00e9galement appel\u00e9e LT-PK \/ LT-PK-52) est \u00e0 la fois une \u00e9tiqueteuse semi-automatique et un syst\u00e8me d&#8217;\u00e9tiquetage compact pour les produits cylindriques et les contenants ronds, comme les bouteilles ou les bocaux. Con\u00e7ue pour les \u00e9tiquettes auto-adh\u00e9sives, elle prend en charge un \u00e9tiquetage rapide, propre et r\u00e9p\u00e9titif &#8211; id\u00e9al si vous souhaitez vous \u00e9loigner de l&#8217;\u00e9tiquetage manuel, mais n&#8217;avez pas encore besoin d&#8217;une ligne enti\u00e8rement automatis\u00e9e. Selon l&#8217;application, vous pouvez appliquer une <a title=\"Vers nos \u00e9tiquettes\" href=\"https:\/\/labeltech.ch\/fr\/produits\/etiquettes\/\">\u00e9tiquette<\/a> pour l&#8217;\u00e9tiquetage circulaire (wrap-around) ou deux \u00e9tiquettes (recto\/verso).  <\/p>\n<h2>\u00c9tiquetage circulaire avec 1 \u00e0 2 \u00e9tiquettes (recto\/verso) par produit<\/h2>\n<p>Dans la pratique, la PK-52 couvre deux sc\u00e9narios d&#8217;\u00e9tiquetage courants :<\/p>\n<ul>\n<li>\u00c9tiquetage circulaire : une \u00e9tiquette est appos\u00e9e sur tout le pourtour du produit &#8211; id\u00e9al lorsque de nombreuses informations (ingr\u00e9dients, d\u00e9claration, contenu multilingue) doivent figurer sur la bouteille ou le produit cylindrique.<\/li>\n<li>\u00c9tiquetage recto\/verso : deux \u00e9tiquettes par objet &#8211; par exemple, l&#8217;\u00e9tiquette de la marque \u00e0 l&#8217;avant, les informations obligatoires\/le code-barres \u00e0 l&#8217;arri\u00e8re.<\/li>\n<\/ul>\n<p>La PK-52 peut \u00eatre r\u00e9gl\u00e9e sur une ou deux \u00e9tiquettes. La position de la deuxi\u00e8me \u00e9tiquette peut \u00eatre r\u00e9gl\u00e9e avec pr\u00e9cision (et, selon le mod\u00e8le, m\u00e9moris\u00e9e), de sorte que le recto et le verso restent parfaitement align\u00e9s en permanence. <\/p>\n<h2>Applications typiques de l&#8217;\u00e9tiqueteuse : flacons, bouteilles &amp; petits produits cylindriques<\/h2>\n<p>Le PK-52 est con\u00e7u pour les r\u00e9cipients ronds d&#8217;un diam\u00e8tre de 10 mm \u00e0 110 mm. Il convient donc aussi bien aux bouteilles et bocaux classiques qu&#8217;aux petits produits cylindriques \u00e0 partir de 10 mm &#8211; par exemple les flacons, les tubes ou autres contenants similaires. <\/p>\n<p>Vous trouverez d&#8217;autres syst\u00e8mes d&#8217;application et d&#8217;\u00e9tiquetage pour diff\u00e9rentes g\u00e9om\u00e9tries de produits dans l&#8217;<a href=\"https:\/\/labeltech.ch\/fr\/produits\/applicateurs\/\" title=\"Applicateurs - Tous les syst\u00e8mes d'\u00e9tiquetage de Labeltech\">aper\u00e7u des applicateurs<\/a>.<\/p>\n<h2>Utilisation : syst\u00e8me d&#8217;\u00e9tiquetage simple et intuitif &#8211; d\u00e9marrage automatique par levier avec le rouleau \u00e9ponge<\/h2>\n<p>La manipulation est volontairement simple : Le produit est plac\u00e9 sur des rouleaux en caoutchouc (zone de support\/transport) et y est tourn\u00e9 tandis que l&#8217;\u00e9tiquette est press\u00e9e uniform\u00e9ment. Le cycle d&#8217;\u00e9tiquetage d\u00e9marre automatiquement (et s&#8217;arr\u00eate en fonction du d\u00e9roulement) lorsque le levier est abaiss\u00e9 avec le rouleau \u00e9ponge. Cela assure une pression constante, r\u00e9duit les \u00e9tiquettes de travers et rend l&#8217;utilisation rapide \u00e0 apprendre. De plus, une but\u00e9e permet de r\u00e9gler la hauteur de l&#8217;\u00e9tiquette sur le bac.   <\/p>\n<h2>Vitesse et rendement &#8211; jusqu&#8217;\u00e0 environ 1200 conteneurs par heure<\/h2>\n<p>L&#8217;un des principaux avantages de cette \u00e9tiqueteuse est sa productivit\u00e9 \u00e9lev\u00e9e en format de table : selon l&#8217;\u00e9tiquette et la taille de l&#8217;emballage, il est possible d&#8217;\u00e9tiqueter jusqu&#8217;\u00e0 environ 1200 r\u00e9cipients par heure. Il s&#8217;agit d&#8217;un saut de productivit\u00e9 consid\u00e9rable &#8211; surtout si vous \u00e9tiquetez manuellement jusqu&#8217;\u00e0 pr\u00e9sent ou si votre \u00e9tiquetage actuel devient un goulot d&#8217;\u00e9tranglement. <\/p>\n<h2>\u00c9tiquettes en rouleaux &amp; largeur d&#8217;\u00e9tiquette &#8211; des formats flexibles pour de nombreux produits<\/h2>\n<p>Pour le format d&#8217;\u00e9tiquette, la largeur d&#8217;\u00e9tiquette est g\u00e9n\u00e9ralement pens\u00e9e en millim\u00e8tres. La PK-52 permet de traiter des \u00e9tiquettes d&#8217;une largeur de 20 \u00e0 155 mm. <\/p>\n<h2>Robuste : construit pour le quotidien<\/h2>\n<p>Des processus stables et une construction robuste comptent dans l&#8217;utilisation quotidienne. L&#8217;\u00e9tiqueteuse circulaire est d\u00e9crite comme particuli\u00e8rement robuste, notamment gr\u00e2ce \u00e0 l&#8217;acier inoxydable et \u00e0 l&#8217;\u00e9paisseur de paroi de 4 mm : un atout pour la production, la manufacture et les s\u00e9ries r\u00e9guli\u00e8res. <\/p>\n<h2>Print &amp; Apply &#8211; Pose d&#8217;\u00e9tiquettes avec impression \u00e0 la demande (jet d&#8217;encre, thermique)<\/h2>\n<p>Lorsque des donn\u00e9es variables telles que le lot, la DLC, les num\u00e9ros de s\u00e9rie ou les versions linguistiques changeantes sont importantes, le PK-52 offre des connexions en ligne pour Print &amp; Apply. Des connexions \u00e0 des imprimantes couleur \u00e0 jet d&#8217;encre et \u00e0 des imprimantes thermiques\/thermiques sont disponibles en option. Vous pouvez ainsi d\u00e9marrer de mani\u00e8re neutre, imprimer des \u00e9tiquettes &#8220;\u00e0 la demande&#8221; et les placer ou les appliquer directement dans le m\u00eame processus.  <\/p>\n<h2>A qui s&#8217;adresse l&#8217;\u00e9tiqueteuse rotative PK-52 ?<\/h2>\n<p>Le PK-52 de <a title=\"Vers le fabricant Packin\" href=\"https:\/\/www.packin.it\/\" target=\"_blank\" rel=\"noopener noreferrer nofollow\">Packin<\/a> est particuli\u00e8rement adapt\u00e9 si vous &#8230;<\/p>\n<ul>\n<li>souhaitez \u00e9tiqueter de mani\u00e8re fiable des produits cylindriques ou des bouteilles<\/li>\n<li>N\u00e9cessit\u00e9 d&#8217;un \u00e9tiquetage circulaire ou recto\/verso<\/li>\n<li>changer fr\u00e9quemment d&#8217;\u00e9quipement (petites s\u00e9ries\/nombreuses vari\u00e9t\u00e9s)<\/li>\n<li>vous recherchez une \u00e9tiqueteuse compacte et semi-automatique capable de traiter jusqu&#8217;\u00e0 environ 1200 r\u00e9cipients par heure<\/li>\n<\/ul>\n","protected":false},"excerpt":{"rendered":"<p>Etiqueteuse circulaire PK-52 : \u00e9tiqueteuse semi-automatique pour produits cylindriques &amp;  [&#8230;]<\/p>\n","protected":false},"featured_media":9655,"comment_status":"closed","ping_status":"closed","template":"","meta":[],"product_brand":[],"product_cat":[88],"product_tag":[],"class_list":{"0":"post-11156","1":"product","2":"type-product","3":"status-publish","4":"has-post-thumbnail","6":"product_cat-accessoires","8":"first","9":"instock","10":"shipping-taxable","11":"product-type-external"},"_links":{"self":[{"href":"https:\/\/labeltech.ch\/fr\/wp-json\/wp\/v2\/product\/11156","targetHints":{"allow":["GET"]}}],"collection":[{"href":"https:\/\/labeltech.ch\/fr\/wp-json\/wp\/v2\/product"}],"about":[{"href":"https:\/\/labeltech.ch\/fr\/wp-json\/wp\/v2\/types\/product"}],"replies":[{"embeddable":true,"href":"https:\/\/labeltech.ch\/fr\/wp-json\/wp\/v2\/comments?post=11156"}],"wp:featuredmedia":[{"embeddable":true,"href":"https:\/\/labeltech.ch\/fr\/wp-json\/wp\/v2\/media\/9655"}],"wp:attachment":[{"href":"https:\/\/labeltech.ch\/fr\/wp-json\/wp\/v2\/media?parent=11156"}],"wp:term":[{"taxonomy":"product_brand","embeddable":true,"href":"https:\/\/labeltech.ch\/fr\/wp-json\/wp\/v2\/product_brand?post=11156"},{"taxonomy":"product_cat","embeddable":true,"href":"https:\/\/labeltech.ch\/fr\/wp-json\/wp\/v2\/product_cat?post=11156"},{"taxonomy":"product_tag","embeddable":true,"href":"https:\/\/labeltech.ch\/fr\/wp-json\/wp\/v2\/product_tag?post=11156"}],"curies":[{"name":"wp","href":"https:\/\/api.w.org\/{rel}","templated":true}]}}