{"id":11157,"date":"2024-12-03T10:42:53","date_gmt":"2024-12-03T09:42:53","guid":{"rendered":"https:\/\/labeltech.ch\/produkt\/lx910e\/"},"modified":"2026-04-17T17:05:26","modified_gmt":"2026-04-17T15:05:26","slug":"lx910e","status":"publish","type":"product","link":"https:\/\/labeltech.ch\/fr\/produkt\/lx910e\/","title":{"rendered":"LX910e"},"content":{"rendered":"<p>La <strong>LX910e<\/strong> est l&#8217;imprimante d&#8217;\u00e9tiquettes couleur la plus polyvalente et la plus puissante de sa cat\u00e9gorie. Con\u00e7ue pour une utilisation professionnelle, elle offre une qualit\u00e9 d&#8217;impression brillante, une vitesse impressionnante et une flexibilit\u00e9 maximale dans le choix des supports. Que ce soit pour des \u00e9tiquettes de produits, des emballages ou des supports marketing, la LX910e est la solution id\u00e9ale pour les entreprises qui recherchent des r\u00e9sultats de haute qualit\u00e9 avec un minimum d&#8217;effort.  <\/p>\n<h2>Des couleurs \u00e9clatantes et des d\u00e9tails d&#8217;une grande nettet\u00e9<\/h2>\n<p>Avec une r\u00e9solution pouvant atteindre 4800 dpi, la LX910e produit des \u00e9tiquettes de premi\u00e8re qualit\u00e9. La technologie avanc\u00e9e du jet d&#8217;encre permet d&#8217;obtenir des couleurs vives et des d\u00e9tails pr\u00e9cis qui mettent en valeur vos produits. Qu&#8217;il s&#8217;agisse de logos, d&#8217;images ou de designs complexes, l&#8217;imprimante garantit des r\u00e9sultats professionnels et convaincants. Elle est compatible avec l&#8217;encre couleur ou l&#8217;encre noire pigment\u00e9e, ce qui offre une flexibilit\u00e9 suppl\u00e9mentaire en termes de conception et de durabilit\u00e9.   <\/p>\n<h2>Flexibilit\u00e9 des mat\u00e9riaux et des formats<\/h2>\n<p>La LX910e peut imprimer sur une grande vari\u00e9t\u00e9 de supports, y compris le papier brillant ou mat, le polyester et d&#8217;autres supports synth\u00e9tiques. Avec une largeur d&#8217;impression maximale de 210 mm, l&#8217;imprimante convient \u00e0 une grande vari\u00e9t\u00e9 de formats d&#8217;\u00e9tiquettes, des petites \u00e9tiquettes de produits aux grandes \u00e9tiquettes d&#8217;emballage. Cette imprimante couleur est donc id\u00e9ale pour des applications dans des domaines tels que l&#8217;alimentation, les boissons, les cosm\u00e9tiques ou les produits industriels.  <\/p>\n<p>En tant qu&#8217;alternative laser couleur LED performante pour les volumes d&#8217;impression \u00e9lev\u00e9s, nous recommandons le <a href=\"https:\/\/labeltech.ch\/fr\/produkt\/dtm-cx86e\/\" title=\"DTM CX86e - Imprimante laser couleur \u00e0 LED comme alternative\">DTM CX86e<\/a> pour les applications d&#8217;impression couleur particuli\u00e8rement exigeantes.<\/p>\n<h2>Efficace et \u00e9conomique<\/h2>\n<p>Gr\u00e2ce \u00e0 sa vitesse d&#8217;impression \u00e9lev\u00e9e, jusqu&#8217;\u00e0 114 mm par seconde \u00e0 1200 dpi, la LX910e convient \u00e9galement aux travaux d&#8217;impression plus importants. La possibilit\u00e9 de produire des \u00e9tiquettes \u00e0 la demande sur site permet de r\u00e9duire les d\u00e9chets et de r\u00e9aliser des \u00e9conomies. De plus, elle est con\u00e7ue pour fonctionner \u00e0 la fois avec des encres monochromes et des cartouches combin\u00e9es, une solution \u00e9conomique qui s&#8217;adapte \u00e0 vos besoins sp\u00e9cifiques.  <\/p>\n<h2>Robuste et facile \u00e0 utiliser<\/h2>\n<p>La LX910e se distingue par son design robuste, con\u00e7u pour durer. En m\u00eame temps, son fonctionnement intuitif fait en sorte que l&#8217;imprimante est rapidement et facilement pr\u00eate \u00e0 l&#8217;emploi. Le logiciel fourni permet de cr\u00e9er facilement des mises en page cr\u00e9atives et de les adapter \u00e0 vos besoins sp\u00e9cifiques.  <\/p>\n<p>La LX910e est le choix id\u00e9al pour les entreprises qui privil\u00e9gient la qualit\u00e9, la flexibilit\u00e9 et l&#8217;efficacit\u00e9. Avec sa qualit\u00e9 d&#8217;impression brillante, sa vitesse \u00e9lev\u00e9e et sa polyvalence, la LX910e \u00e9tablit une nouvelle r\u00e9f\u00e9rence en mati\u00e8re de production d&#8217;\u00e9tiquettes couleur, et ce directement sur site. <\/p>\n","protected":false},"excerpt":{"rendered":"<p>La LX910e est l&#8217;imprimante d&#8217;\u00e9tiquettes couleur la plus polyvalente et  [&#8230;]<\/p>\n","protected":false},"featured_media":10729,"comment_status":"closed","ping_status":"closed","template":"","meta":[],"product_brand":[],"product_cat":[68],"product_tag":[],"class_list":{"0":"post-11157","1":"product","2":"type-product","3":"status-publish","4":"has-post-thumbnail","6":"product_cat-imprimantes-couleur","8":"first","9":"instock","10":"shipping-taxable","11":"product-type-external"},"_links":{"self":[{"href":"https:\/\/labeltech.ch\/fr\/wp-json\/wp\/v2\/product\/11157","targetHints":{"allow":["GET"]}}],"collection":[{"href":"https:\/\/labeltech.ch\/fr\/wp-json\/wp\/v2\/product"}],"about":[{"href":"https:\/\/labeltech.ch\/fr\/wp-json\/wp\/v2\/types\/product"}],"replies":[{"embeddable":true,"href":"https:\/\/labeltech.ch\/fr\/wp-json\/wp\/v2\/comments?post=11157"}],"wp:featuredmedia":[{"embeddable":true,"href":"https:\/\/labeltech.ch\/fr\/wp-json\/wp\/v2\/media\/10729"}],"wp:attachment":[{"href":"https:\/\/labeltech.ch\/fr\/wp-json\/wp\/v2\/media?parent=11157"}],"wp:term":[{"taxonomy":"product_brand","embeddable":true,"href":"https:\/\/labeltech.ch\/fr\/wp-json\/wp\/v2\/product_brand?post=11157"},{"taxonomy":"product_cat","embeddable":true,"href":"https:\/\/labeltech.ch\/fr\/wp-json\/wp\/v2\/product_cat?post=11157"},{"taxonomy":"product_tag","embeddable":true,"href":"https:\/\/labeltech.ch\/fr\/wp-json\/wp\/v2\/product_tag?post=11157"}],"curies":[{"name":"wp","href":"https:\/\/api.w.org\/{rel}","templated":true}]}}