{"id":11158,"date":"2024-12-02T16:52:34","date_gmt":"2024-12-02T15:52:34","guid":{"rendered":"https:\/\/labeltech.ch\/produkt\/lx500e-ec\/"},"modified":"2026-04-17T17:05:23","modified_gmt":"2026-04-17T15:05:23","slug":"lx500e-ec","status":"publish","type":"product","link":"https:\/\/labeltech.ch\/fr\/produkt\/lx500e-ec\/","title":{"rendered":"LX500e\/ec"},"content":{"rendered":"<p>La <strong>LX500e\/ec<\/strong> est l&#8217;imprimante d&#8217;\u00e9tiquettes couleur id\u00e9ale pour les entreprises qui veulent une impression flexible, pr\u00e9cise et de haute qualit\u00e9. Qu&#8217;il s&#8217;agisse d&#8217;\u00e9tiquettes de produits, d&#8217;emballages ou de mat\u00e9riel promotionnel, cette imprimante offre une qualit\u00e9 d&#8217;impression impressionnante dans un encombrement minimal. Avec son fonctionnement convivial et sa polyvalence, la LX500e\/ec est le choix id\u00e9al pour les petits et moyens travaux d&#8217;impression.  <\/p>\n<h2>Des r\u00e9sultats d&#8217;impression de haute qualit\u00e9 qui convainquent<\/h2>\n<p>La LX500e\/ec utilise la technologie avanc\u00e9e du jet d&#8217;encre pour produire des \u00e9tiquettes aux couleurs \u00e9clatantes et \u00e0 la r\u00e9solution nette. Avec une r\u00e9solution d&#8217;impression maximale de 4800 dpi, m\u00eame les plus petits d\u00e9tails sont repr\u00e9sent\u00e9s avec pr\u00e9cision. Qu&#8217;il s&#8217;agisse de designs simples, d&#8217;images vives ou de graphiques complexes, la LX500e\/ec fournit toujours des r\u00e9sultats professionnels. De plus, la compatibilit\u00e9 avec diff\u00e9rents supports, tels que le papier brillant ou mat et les mat\u00e9riaux synth\u00e9tiques, offre une flexibilit\u00e9 maximale pour la cr\u00e9ation.   <\/p>\n<h2>Efficace et \u00e9conomique<\/h2>\n<p>Gr\u00e2ce \u00e0 sa conception compacte et \u00e0 sa facilit\u00e9 d&#8217;int\u00e9gration dans les flux de travail existants, la LX500e\/ec est particuli\u00e8rement adapt\u00e9e aux petites et moyennes entreprises qui ont besoin d&#8217;imprimer des \u00e9tiquettes directement sur place. La possibilit\u00e9 d&#8217;imprimer \u00e0 la demande permet d&#8217;\u00e9viter les surproductions, ce qui r\u00e9duit les d\u00e9chets et les co\u00fbts. La LX500e\/ec dispose \u00e9galement d&#8217;un cutter int\u00e9gr\u00e9 qui coupe les \u00e9tiquettes avec pr\u00e9cision, optimisant ainsi le processus de production.  <\/p>\n<p>Mod\u00e8le plus puissant et prenant en charge un plus grand nombre de supports, la <a href=\"https:\/\/labeltech.ch\/fr\/produkt\/lx910e\/\" title=\"LX910e - Successeur plus grand de la ligne LX500e\">LX910e<\/a> repr\u00e9sente le niveau suivant de la gamme d&#8217;impression couleur LX.<\/p>\n<h2>Convivial et flexible<\/h2>\n<p>L&#8217;utilisation de la LX500e\/ec est tr\u00e8s simple et ne n\u00e9cessite pas de connaissances techniques approfondies. Le logiciel fourni prend en charge les formats de conception et de fichier les plus courants, ce qui permet de cr\u00e9er et de personnaliser des mises en page en un clin d&#8217;\u0153il. Compatible avec des rouleaux de papier d&#8217;une largeur maximale de 108 mm, l&#8217;imprimante permet d&#8217;imprimer une grande vari\u00e9t\u00e9 de tailles et de formats d&#8217;\u00e9tiquettes, des petites \u00e9tiquettes de produits aux \u00e9tiquettes d&#8217;emballage plus grandes.  <\/p>\n<h2>Compact et fiable<\/h2>\n<p>Le LX500e\/ec n&#8217;est pas seulement puissant, il est aussi extr\u00eamement peu encombrant. Avec son bo\u00eetier robuste, il est con\u00e7u pour durer, m\u00eame en cas d&#8217;utilisation r\u00e9guli\u00e8re. Il s&#8217;agit donc d&#8217;une solution fiable pour les entreprises qui privil\u00e9gient la qualit\u00e9 et l&#8217;efficacit\u00e9.  <\/p>\n<p>La LX500e\/ec combine des r\u00e9sultats d&#8217;impression brillants, la flexibilit\u00e9 et la facilit\u00e9 d&#8217;utilisation dans un design compact. Qu&#8217;il s&#8217;agisse de productions uniques ou de petites s\u00e9ries, cette imprimante d&#8217;\u00e9tiquettes couleur offre le m\u00e9lange parfait entre rentabilit\u00e9 et professionnalisme. Avec la LX500e\/ec, il suffit d&#8217;appuyer sur un bouton pour obtenir des \u00e9tiquettes personnalis\u00e9es de haute qualit\u00e9.  <\/p>\n","protected":false},"excerpt":{"rendered":"<p>La LX500e\/ec est l&#8217;imprimante d&#8217;\u00e9tiquettes couleur id\u00e9ale pour les entreprises  [&#8230;]<\/p>\n","protected":false},"featured_media":10724,"comment_status":"closed","ping_status":"closed","template":"","meta":[],"product_brand":[],"product_cat":[68],"product_tag":[],"class_list":{"0":"post-11158","1":"product","2":"type-product","3":"status-publish","4":"has-post-thumbnail","6":"product_cat-imprimantes-couleur","8":"first","9":"instock","10":"shipping-taxable","11":"product-type-external"},"_links":{"self":[{"href":"https:\/\/labeltech.ch\/fr\/wp-json\/wp\/v2\/product\/11158","targetHints":{"allow":["GET"]}}],"collection":[{"href":"https:\/\/labeltech.ch\/fr\/wp-json\/wp\/v2\/product"}],"about":[{"href":"https:\/\/labeltech.ch\/fr\/wp-json\/wp\/v2\/types\/product"}],"replies":[{"embeddable":true,"href":"https:\/\/labeltech.ch\/fr\/wp-json\/wp\/v2\/comments?post=11158"}],"wp:featuredmedia":[{"embeddable":true,"href":"https:\/\/labeltech.ch\/fr\/wp-json\/wp\/v2\/media\/10724"}],"wp:attachment":[{"href":"https:\/\/labeltech.ch\/fr\/wp-json\/wp\/v2\/media?parent=11158"}],"wp:term":[{"taxonomy":"product_brand","embeddable":true,"href":"https:\/\/labeltech.ch\/fr\/wp-json\/wp\/v2\/product_brand?post=11158"},{"taxonomy":"product_cat","embeddable":true,"href":"https:\/\/labeltech.ch\/fr\/wp-json\/wp\/v2\/product_cat?post=11158"},{"taxonomy":"product_tag","embeddable":true,"href":"https:\/\/labeltech.ch\/fr\/wp-json\/wp\/v2\/product_tag?post=11158"}],"curies":[{"name":"wp","href":"https:\/\/api.w.org\/{rel}","templated":true}]}}