{"id":11159,"date":"2024-12-02T16:08:45","date_gmt":"2024-12-02T15:08:45","guid":{"rendered":"https:\/\/labeltech.ch\/produkt\/dtm-cx86e\/"},"modified":"2026-04-17T17:08:54","modified_gmt":"2026-04-17T15:08:54","slug":"dtm-cx86e","status":"publish","type":"product","link":"https:\/\/labeltech.ch\/fr\/produkt\/dtm-cx86e\/","title":{"rendered":"DTM CX86e"},"content":{"rendered":"<h1>DTM CX86e &#8211; L&#8217;imprimante couleur compacte qui r\u00e9pond aux exigences les plus \u00e9lev\u00e9es<\/h1>\n<p>La <strong>CX86e<\/strong> est la plus petite imprimante couleur \u00e0 LED au monde. Elle offre une flexibilit\u00e9 maximale pour un encombrement minimal. Cette imprimante polyvalente a \u00e9t\u00e9 sp\u00e9cialement con\u00e7ue pour les entreprises qui souhaitent produire des \u00e9tiquettes, des tickets ou des tags en couleur de haute qualit\u00e9, directement sur place et \u00e0 la demande. Avec son design compact, sa qualit\u00e9 d&#8217;impression impressionnante et sa simplicit\u00e9 d&#8217;utilisation, la CX86e est le choix id\u00e9al pour de nombreuses applications, de l&#8217;\u00e9tiquetage de produits aux solutions \u00e9v\u00e9nementielles.  <\/p>\n<h2>Des impressions couleur de haute qualit\u00e9 pour tous les besoins<\/h2>\n<p>Gr\u00e2ce \u00e0 la technologie d&#8217;impression LED, la CX86e offre des r\u00e9sultats d&#8217;une grande nettet\u00e9 et des couleurs \u00e9clatantes. Les impressions ne sont pas seulement impressionnantes, elles sont aussi remarquablement r\u00e9sistantes \u00e0 l&#8217;eau, aux rayures et aux rayons UV. Qu&#8217;il s&#8217;agisse d&#8217;\u00e9tiquettes individuelles pour des produits, de billets personnalis\u00e9s pour des \u00e9v\u00e9nements ou de tags de haute qualit\u00e9 \u00e0 des fins de marketing, la CX86e garantit que chaque produit imprim\u00e9 a un aspect professionnel. La r\u00e9solution d&#8217;impression maximale de 1200 dpi garantit un niveau de d\u00e9tail exceptionnel.   <\/p>\n<h2>Flexible, efficace et rentable<\/h2>\n<p>La CX86e se distingue par sa polyvalence. Sa flexibilit\u00e9 lui permet d&#8217;imprimer sur une grande vari\u00e9t\u00e9 de supports, y compris des \u00e9tiquettes brillantes ou mates, du carton ou des mat\u00e9riaux synth\u00e9tiques. La fonction d&#8217;impression \u00e0 la demande permet de produire rapidement et efficacement des petits et moyens tirages sans d\u00e9pendre d&#8217;\u00e9tiquettes pr\u00e9-imprim\u00e9es. Cela permet non seulement de gagner du temps, mais aussi de r\u00e9duire les d\u00e9chets et les co\u00fbts.   <\/p>\n<p>Vous trouverez d&#8217;autres solutions d&#8217;impression couleur pour diff\u00e9rents besoins dans la <a href=\"https:\/\/labeltech.ch\/fr\/produits\/imprimante-couleur\/\" title=\"Imprimantes couleur - Autres imprimantes d'\u00e9tiquettes couleur de Labeltech\">pr\u00e9sentation compl\u00e8te des imprimantes couleur<\/a> de Labeltech.<\/p>\n<h2>Priorit\u00e9 \u00e0 la facilit\u00e9 d&#8217;utilisation<\/h2>\n<p>La CX86e est tr\u00e8s facile \u00e0 utiliser. Gr\u00e2ce \u00e0 sa conception intuitive et \u00e0 sa facilit\u00e9 d&#8217;int\u00e9gration dans les flux de travail existants, l&#8217;imprimante est rapidement pr\u00eate \u00e0 l&#8217;emploi. Le logiciel convivial prend en charge de nombreux formats de fichiers et permet de cr\u00e9er des mises en page personnalis\u00e9es sans effort. De plus, la CX86e est compatible avec les tailles d&#8217;\u00e9tiquettes et de tickets les plus courantes, ce qui en fait un outil universel pour diff\u00e9rents secteurs.   <\/p>\n<h2>Compact et robuste<\/h2>\n<p>Avec son design peu encombrant, le CX86e s&#8217;adapte \u00e0 tous les environnements, qu&#8217;il s&#8217;agisse d&#8217;un bureau, d&#8217;une usine ou d&#8217;un \u00e9v\u00e9nement. Malgr\u00e9 sa taille compacte, elle est extr\u00eamement robuste et con\u00e7ue pour durer. Cela en fait l&#8217;imprimante id\u00e9ale pour les entreprises qui privil\u00e9gient la fiabilit\u00e9 et la qualit\u00e9.  <\/p>\n<p>La CX86e est la solution id\u00e9ale pour les entreprises qui ont besoin d&#8217;une impression couleur de haute qualit\u00e9, sans pour autant renoncer \u00e0 la flexibilit\u00e9 et \u00e0 la facilit\u00e9 d&#8217;utilisation. Avec son design compact, sa qualit\u00e9 d&#8217;impression impressionnante et sa capacit\u00e9 \u00e0 imprimer exactement ce dont vous avez besoin, la CX86e \u00e9tablit une nouvelle r\u00e9f\u00e9rence en mati\u00e8re d&#8217;impression couleur. <\/p>\n","protected":false},"excerpt":{"rendered":"<p>DTM CX86e &#8211; L&#8217;imprimante couleur compacte qui r\u00e9pond aux exigences  [&#8230;]<\/p>\n","protected":false},"featured_media":10721,"comment_status":"closed","ping_status":"closed","template":"","meta":[],"product_brand":[],"product_cat":[68],"product_tag":[],"class_list":{"0":"post-11159","1":"product","2":"type-product","3":"status-publish","4":"has-post-thumbnail","6":"product_cat-imprimantes-couleur","8":"first","9":"instock","10":"shipping-taxable","11":"product-type-external"},"_links":{"self":[{"href":"https:\/\/labeltech.ch\/fr\/wp-json\/wp\/v2\/product\/11159","targetHints":{"allow":["GET"]}}],"collection":[{"href":"https:\/\/labeltech.ch\/fr\/wp-json\/wp\/v2\/product"}],"about":[{"href":"https:\/\/labeltech.ch\/fr\/wp-json\/wp\/v2\/types\/product"}],"replies":[{"embeddable":true,"href":"https:\/\/labeltech.ch\/fr\/wp-json\/wp\/v2\/comments?post=11159"}],"wp:featuredmedia":[{"embeddable":true,"href":"https:\/\/labeltech.ch\/fr\/wp-json\/wp\/v2\/media\/10721"}],"wp:attachment":[{"href":"https:\/\/labeltech.ch\/fr\/wp-json\/wp\/v2\/media?parent=11159"}],"wp:term":[{"taxonomy":"product_brand","embeddable":true,"href":"https:\/\/labeltech.ch\/fr\/wp-json\/wp\/v2\/product_brand?post=11159"},{"taxonomy":"product_cat","embeddable":true,"href":"https:\/\/labeltech.ch\/fr\/wp-json\/wp\/v2\/product_cat?post=11159"},{"taxonomy":"product_tag","embeddable":true,"href":"https:\/\/labeltech.ch\/fr\/wp-json\/wp\/v2\/product_tag?post=11159"}],"curies":[{"name":"wp","href":"https:\/\/api.w.org\/{rel}","templated":true}]}}