{"id":11160,"date":"2024-12-02T15:20:04","date_gmt":"2024-12-02T14:20:04","guid":{"rendered":"https:\/\/labeltech.ch\/produkt\/eddie\/"},"modified":"2026-04-17T17:08:46","modified_gmt":"2026-04-17T15:08:46","slug":"eddie","status":"publish","type":"product","link":"https:\/\/labeltech.ch\/fr\/produkt\/eddie\/","title":{"rendered":"Eddie"},"content":{"rendered":"<h1>Eddie &#8211; L&#8217;imprimante alimentaire innovante pour les applications professionnelles<\/h1>\n<p>Eddie est la premi\u00e8re imprimante alimentaire directe au monde, sp\u00e9cialement con\u00e7ue pour r\u00e9pondre aux besoins des professionnels. Avec sa capacit\u00e9 unique d&#8217;imprimer directement sur des biscuits, des macarons, des guimauves, du chocolat et bien d&#8217;autres aliments, Eddie ouvre une toute nouvelle dimension \u00e0 la personnalisation alimentaire. Que ce soit pour les boulangeries, les p\u00e2tisseries, les traiteurs ou pour une utilisation lors d&#8217;\u00e9v\u00e9nements, Eddie permet de cr\u00e9er des designs impressionnants et personnalis\u00e9s qui ravissent les clients.  <\/p>\n<h2>La pr\u00e9cision rencontre la s\u00e9curit\u00e9 alimentaire<\/h2>\n<p>Eddie a \u00e9t\u00e9 con\u00e7u en mettant clairement l&#8217;accent sur la s\u00e9curit\u00e9 et la qualit\u00e9. L&#8217;impression est r\u00e9alis\u00e9e avec des colorants de qualit\u00e9 alimentaire, sp\u00e9cialement certifi\u00e9s pour une utilisation sur les aliments. L&#8217;encre est conforme aux normes les plus strictes et offre des couleurs brillantes qui sont \u00e0 la fois esth\u00e9tiques et sans danger pour la consommation. Avec une surface d&#8217;impression maximale de 89 mm, il est possible de cr\u00e9er des designs d\u00e9taill\u00e9s de qualit\u00e9 photo &#8211; id\u00e9al pour les logos, les lettrages ou les motifs cr\u00e9atifs.   <\/p>\n<p>Vous trouverez d&#8217;autres solutions d&#8217;impression sp\u00e9ciales pour des besoins de marquage particuliers dans la cat\u00e9gorie <a href=\"https:\/\/labeltech.ch\/fr\/produits\/systemes-dimpression\/special\/\" title=\"Syst\u00e8mes d'impression sp\u00e9ciaux - Solutions de marquage innovantes\">Syst\u00e8mes d&#8217;impression sp\u00e9ciaux<\/a>.<\/p>\n<h2>Convivialit\u00e9 et efficacit\u00e9<\/h2>\n<p>L&#8217;utilisation d&#8217;Eddie est extr\u00eamement simple. Une fois les aliments charg\u00e9s, l&#8217;imprimante prend automatiquement en charge l&#8217;ensemble du processus. Gr\u00e2ce \u00e0 sa vitesse \u00e9lev\u00e9e, elle peut imprimer jusqu&#8217;\u00e0 12 objets par minute, une performance impressionnante qui s&#8217;av\u00e8re particuli\u00e8rement utile pour les commandes importantes. L&#8217;appareil s&#8217;installe rapidement et son logiciel intuitif permet de cr\u00e9er et d&#8217;imprimer des motifs sans effort. Eddie est \u00e9galement compatible avec les formats graphiques courants, ce qui facilite l&#8217;int\u00e9gration de designs existants.    <\/p>\n<h2>Polyvalence pour des applications cr\u00e9atives<\/h2>\n<p>Avec Eddie, vous pouvez laisser libre cours \u00e0 votre cr\u00e9ativit\u00e9. Qu&#8217;il s&#8217;agisse de motifs saisonniers pour les f\u00eates, de messages personnalis\u00e9s pour les mariages ou d&#8217;options de marquage pour les \u00e9v\u00e9nements d&#8217;entreprise, les possibilit\u00e9s d&#8217;utilisation sont presque illimit\u00e9es. Gr\u00e2ce \u00e0 la technologie de stencil en option, m\u00eame les aliments de forme irr\u00e9guli\u00e8re peuvent \u00eatre imprim\u00e9s sans effort.  <\/p>\n<h2>Un design compact pour tous les environnements<\/h2>\n<p>Eddie ne convainc pas seulement par sa fonctionnalit\u00e9, mais aussi par son design peu encombrant. Avec ses dimensions compactes, il trouve sa place dans n&#8217;importe quel environnement de travail, du petit fournil \u00e0 la grande cuisine de production. Sa construction robuste garantit une longue dur\u00e9e de vie, m\u00eame en cas d&#8217;utilisation intensive.  <\/p>\n<p>&nbsp;<\/p>\n<\/p>\n<p>&nbsp;<\/p>\n<p>Eddie est plus qu&#8217;une simple imprimante &#8211; c&#8217;est la solution id\u00e9ale pour personnaliser les aliments et laisser ainsi une impression durable. Qu&#8217;il s&#8217;agisse d&#8217;un usage quotidien ou d&#8217;une occasion sp\u00e9ciale, Eddie met l&#8217;accent sur l&#8217;innovation, la qualit\u00e9 et l&#8217;efficacit\u00e9. <\/p>\n","protected":false},"excerpt":{"rendered":"<p>Eddie &#8211; L&#8217;imprimante alimentaire innovante pour les applications professionnelles Eddie  [&#8230;]<\/p>\n","protected":false},"featured_media":10712,"comment_status":"closed","ping_status":"closed","template":"","meta":[],"product_brand":[],"product_cat":[77],"product_tag":[],"class_list":{"0":"post-11160","1":"product","2":"type-product","3":"status-publish","4":"has-post-thumbnail","6":"product_cat-special","8":"first","9":"instock","10":"shipping-taxable","11":"product-type-external"},"_links":{"self":[{"href":"https:\/\/labeltech.ch\/fr\/wp-json\/wp\/v2\/product\/11160","targetHints":{"allow":["GET"]}}],"collection":[{"href":"https:\/\/labeltech.ch\/fr\/wp-json\/wp\/v2\/product"}],"about":[{"href":"https:\/\/labeltech.ch\/fr\/wp-json\/wp\/v2\/types\/product"}],"replies":[{"embeddable":true,"href":"https:\/\/labeltech.ch\/fr\/wp-json\/wp\/v2\/comments?post=11160"}],"wp:featuredmedia":[{"embeddable":true,"href":"https:\/\/labeltech.ch\/fr\/wp-json\/wp\/v2\/media\/10712"}],"wp:attachment":[{"href":"https:\/\/labeltech.ch\/fr\/wp-json\/wp\/v2\/media?parent=11160"}],"wp:term":[{"taxonomy":"product_brand","embeddable":true,"href":"https:\/\/labeltech.ch\/fr\/wp-json\/wp\/v2\/product_brand?post=11160"},{"taxonomy":"product_cat","embeddable":true,"href":"https:\/\/labeltech.ch\/fr\/wp-json\/wp\/v2\/product_cat?post=11160"},{"taxonomy":"product_tag","embeddable":true,"href":"https:\/\/labeltech.ch\/fr\/wp-json\/wp\/v2\/product_tag?post=11160"}],"curies":[{"name":"wp","href":"https:\/\/api.w.org\/{rel}","templated":true}]}}