{"id":11161,"date":"2023-04-19T09:37:01","date_gmt":"2023-04-19T07:37:01","guid":{"rendered":"https:\/\/labeltech.ch\/produkt\/jetbox-700\/"},"modified":"2026-01-30T12:43:44","modified_gmt":"2026-01-30T11:43:44","slug":"jetbox-700","status":"publish","type":"product","link":"https:\/\/labeltech.ch\/fr\/produkt\/jetbox-700\/","title":{"rendered":"JetBox-700"},"content":{"rendered":"<h2>JetBox-700 &#8211; Premium Desktop &#8211; Imprimante \u00e0 jet d&#8217;encre et encodeur pour l&#8217;impression et les donn\u00e9es variables<\/h2>\n<p>La JetBox-700 est une imprimante\/codeuse de bureau haut de gamme pour toutes les applications o\u00f9 des donn\u00e9es variables doivent \u00eatre imprim\u00e9es rapidement, proprement et de mani\u00e8re flexible directement sur des produits, des emballages ou des \u00e9tiquettes. Au lieu de configurations PC compliqu\u00e9es, vous misez ici sur un concept autonome bien pens\u00e9 : gr\u00e2ce \u00e0 l&#8217;\u00e9cran tactile couleur 7&#8243; int\u00e9gr\u00e9, vous cr\u00e9ez et g\u00e9rez les informations des mises en page d&#8217;impression directement sur l&#8217;appareil &#8211; sans ordinateur suppl\u00e9mentaire. C&#8217;est particuli\u00e8rement pratique pour la production, l&#8217;exp\u00e9dition, la r\u00e9ception des marchandises ou l&#8217;assurance qualit\u00e9, o\u00f9 la vitesse, la r\u00e9p\u00e9tabilit\u00e9 et la simplicit\u00e9 d&#8217;utilisation sont essentielles.  <\/p>\n<h2>A quoi la JetBox-700 est-elle particuli\u00e8rement adapt\u00e9e ?<\/h2>\n<p>Partout o\u00f9 le contenu change fr\u00e9quemment ou varie par lot\/article, le JetBox-700 montre ses points forts. Les applications typiques sont <\/p>\n<ul>\n<li>DLC \/ date de p\u00e9remption, date de production, heure<\/li>\n<li>Num\u00e9ros de lot, num\u00e9ros de s\u00e9rie, num\u00e9ros d&#8217;article<\/li>\n<li>Codes-barres &amp; codes QR (\u00e9galement pour la tra\u00e7abilit\u00e9)<\/li>\n<li>Logos, graphiques simples et informations textuelles (par ex. indications de contenu, timbres de contr\u00f4le, codes de validation)<\/li>\n<\/ul>\n<p>Le syst\u00e8me convient donc aux secteurs de l&#8217;agroalimentaire, de la pharmacie\/m\u00e9decine, de la cosm\u00e9tique, de la chimie, de la logistique et de l&#8217;\u00e9tiquetage industriel &#8211; chaque fois que vous recherchez une solution compacte et robuste pour des donn\u00e9es d&#8217;impression variables, sans avoir besoin d&#8217;une grande installation de codage en ligne.<\/p>\n<h2>Travail autonome : cr\u00e9er, enregistrer, r\u00e9p\u00e9ter<\/h2>\n<p>L&#8217;un des points forts est la facilit\u00e9 de mise en page sur l&#8217;appareil : vous pouvez facilement cr\u00e9er et personnaliser des pages d&#8217;impression sur le grand \u00e9cran tactile. De plus, la JetBox-700 peut stocker jusqu&#8217;\u00e0 1000 programmes\/fichiers dans sa m\u00e9moire interne &#8211; id\u00e9al si vous avez beaucoup de variantes d&#8217;articles ou si vous voulez rappeler rapidement des travaux r\u00e9currents. <\/p>\n<h2>Largeur d&#8217;impression, hauteur d&#8217;impression, vitesse &#8211; compact mais puissant<\/h2>\n<p>Sur le plan technique, la JetBox-700 est con\u00e7ue pour s&#8217;adapter de mani\u00e8re fiable aux processus les plus rapides :<\/p>\n<ul>\n<li>Plage d&#8217;impression : jusqu&#8217;\u00e0 25,4 mm (avec une t\u00eate d&#8217;impression)<\/li>\n<li>2 t\u00eates d&#8217;impression en option, ce qui permet d&#8217;imprimer jusqu&#8217;\u00e0 50,8 mm.<\/li>\n<li>Hauteur d&#8217;impression : 0 \u00e0 80 mm (selon la structure\/le positionnement)<\/li>\n<li>Longueur d&#8217;impression : jusqu&#8217;\u00e0 500 mm<\/li>\n<li>R\u00e9solution : jusqu&#8217;\u00e0 300 dpi (polices propres, codes faciles \u00e0 lire)<\/li>\n<li>Vitesse d&#8217;impression : jusqu&#8217;\u00e0 70 m\/min<\/li>\n<\/ul>\n<p>La combinaison d&#8217;une bonne r\u00e9solution et d&#8217;une m\u00e9canique stable est particuli\u00e8rement importante pour les codes \u00e0 barres\/QR et les petits caract\u00e8res &#8211; afin que les scans fonctionnent de mani\u00e8re fiable et que les marquages aient un aspect professionnel.<\/p>\n<h2>Encres et cartouches : flexibles pour diff\u00e9rentes surfaces<\/h2>\n<p>La JetBox 700 utilise la technologie de cartouche HP-TIJ 2.5 et prend en charge diff\u00e9rents types d&#8217;encre, en fonction du support et des besoins :<\/p>\n<ul>\n<li>encres \u00e0 base d&#8217;eau (dont noir, blanc, couleur)<\/li>\n<li>encres \u00e0 base de solvants (dont noir, blanc)<\/li>\n<\/ul>\n<p>Vous pouvez ainsi choisir l&#8217;encre appropri\u00e9e en fonction du choix du support (par exemple, papier\/carton vs. film\/plastique). En outre, les co\u00fbts d&#8217;impression sont faibles, ce qui est tr\u00e8s agr\u00e9able dans la pratique. \u00c0 titre indicatif, la fiche technique indique qu&#8217;une cartouche de solvant standard permet de r\u00e9aliser environ 250.000 impressions\/cha\u00eenes de caract\u00e8res (p. ex. date\/heure\/\u00e9ch\u00e9ance en taille Arial) &#8211; en fonction, bien entendu, de l&#8217;image imprim\u00e9e r\u00e9elle.  <\/p>\n<h2>Pr\u00e9cision du processus : codeurs &amp; options<\/h2>\n<p>La JetBox-700 est con\u00e7ue pour des positions d&#8217;impression r\u00e9p\u00e9titives avec un concept d&#8217;encodeur : La fiche technique souligne que l&#8217;encodeur prend en charge la pr\u00e9cision de positionnement, la r\u00e9p\u00e9tition et la justesse des impressions (y compris pour les codes QR). Pour les cas sp\u00e9ciaux &#8211; comme les objets transparents &#8211; une cellule photo\u00e9lectrique\/photocellule est pr\u00e9vue en option. <\/p>\n<h2>Une construction robuste pour le quotidien<\/h2>\n<p>La JetBox-700 est \u00e9galement con\u00e7ue pour une utilisation industrielle en tant que syst\u00e8me jet d&#8217;encre de bureau : le bo\u00eetier\/la structure sont entre autres en acier inoxydable (AISI 304) et en aluminium, l&#8217;appareil p\u00e8se environ 16 kg et a des dimensions compactes de 40 \u00d7 40 \u00d7 35 cm (l\u00e9g\u00e8rement diff\u00e9rentes selon les donn\u00e9es).<\/p>\n<p>Il est donc stable, mais peut \u00e9galement \u00eatre int\u00e9gr\u00e9 dans des espaces de travail o\u00f9 l&#8217;espace est limit\u00e9, si n\u00e9cessaire.<\/p>\n<h2>Producteur : Packin (Italie)<\/h2>\n<p>La JetBox-700 est pr\u00e9sent\u00e9e sur le march\u00e9 comme un syst\u00e8me de <a title=\"Voir le site du fabricant\" href=\"https:\/\/www.packin.it\/eng\/\" target=\"_blank\" rel=\"noopener noreferrer nofollow\">Packin<\/a> (fabricant italien). Packin positionne la gamme JetBox comme une solution jet d&#8217;encre de bureau flexible pour les donn\u00e9es variables et le marquage. <\/p>\n<h2>Pourquoi acheter JetBox-700 chez Labeltech ?<\/h2>\n<p>Avec Labeltech, vous n&#8217;obtenez pas simplement un appareil, mais une solution globale adapt\u00e9e \u00e0 vos besoins : conseils sur l&#8217;application, choix de l&#8217;encre\/cartouche appropri\u00e9e, prix, assistance pour l&#8217;int\u00e9gration dans votre flux de travail et service pendant toute la dur\u00e9e d&#8217;utilisation. La JetBox-700 est un produit qui est particuli\u00e8rement convaincant lorsqu&#8217;il est configur\u00e9 proprement et qu&#8217;il correspond vraiment au mat\u00e9riel, \u00e0 l&#8217;image imprim\u00e9e et au processus &#8211; c&#8217;est exactement ce que Labeltech vous aide \u00e0 faire en tant que sp\u00e9cialiste des solutions d&#8217;impression et d&#8217;\u00e9tiquetage personnalis\u00e9es. <\/p>\n<p>Vous souhaitez v\u00e9rifier si la JetBox-700 est adapt\u00e9e \u00e0 vos mat\u00e9riaux et \u00e0 vos besoins de marquage ?<\/p>\n<p>Alors contactez-nous &#8211; nous vous aiderons \u00e0 composer la configuration la plus adapt\u00e9e (par ex. 12,7 mm ou 25,4 mm, 2 t\u00eates en option, encre correcte) \u00e0 votre application. <a title=\"Vers notre page de contact\" href=\"https:\/\/labeltech.ch\/fr\/contact\/\">Cliquez ici<\/a> pour acc\u00e9der \u00e0 notre contact.<\/p>\n","protected":false},"excerpt":{"rendered":"<p>JetBox-700 &#8211; Premium Desktop &#8211; Imprimante \u00e0 jet d&#8217;encre et  [&#8230;]<\/p>\n","protected":false},"featured_media":9643,"comment_status":"closed","ping_status":"closed","template":"","meta":[],"product_brand":[],"product_cat":[88],"product_tag":[],"class_list":{"0":"post-11161","1":"product","2":"type-product","3":"status-publish","4":"has-post-thumbnail","6":"product_cat-accessoires","8":"first","9":"instock","10":"shipping-taxable","11":"product-type-external"},"_links":{"self":[{"href":"https:\/\/labeltech.ch\/fr\/wp-json\/wp\/v2\/product\/11161","targetHints":{"allow":["GET"]}}],"collection":[{"href":"https:\/\/labeltech.ch\/fr\/wp-json\/wp\/v2\/product"}],"about":[{"href":"https:\/\/labeltech.ch\/fr\/wp-json\/wp\/v2\/types\/product"}],"replies":[{"embeddable":true,"href":"https:\/\/labeltech.ch\/fr\/wp-json\/wp\/v2\/comments?post=11161"}],"wp:featuredmedia":[{"embeddable":true,"href":"https:\/\/labeltech.ch\/fr\/wp-json\/wp\/v2\/media\/9643"}],"wp:attachment":[{"href":"https:\/\/labeltech.ch\/fr\/wp-json\/wp\/v2\/media?parent=11161"}],"wp:term":[{"taxonomy":"product_brand","embeddable":true,"href":"https:\/\/labeltech.ch\/fr\/wp-json\/wp\/v2\/product_brand?post=11161"},{"taxonomy":"product_cat","embeddable":true,"href":"https:\/\/labeltech.ch\/fr\/wp-json\/wp\/v2\/product_cat?post=11161"},{"taxonomy":"product_tag","embeddable":true,"href":"https:\/\/labeltech.ch\/fr\/wp-json\/wp\/v2\/product_tag?post=11161"}],"curies":[{"name":"wp","href":"https:\/\/api.w.org\/{rel}","templated":true}]}}