{"id":11163,"date":"2023-04-19T08:28:05","date_gmt":"2023-04-19T06:28:05","guid":{"rendered":"https:\/\/labeltech.ch\/produkt\/novexx-xpm\/"},"modified":"2026-04-17T17:04:42","modified_gmt":"2026-04-17T15:04:42","slug":"novexx-xpm","status":"publish","type":"product","link":"https:\/\/labeltech.ch\/fr\/produkt\/novexx-xpm\/","title":{"rendered":"Novexx XPM"},"content":{"rendered":"<h2>Novexx XPM &#8211; Module d&#8217;impression pour un \u00e9tiquetage pr\u00e9cis et fiable<\/h2>\n<p>Le Novexx XPM est un module d&#8217;impression performant, con\u00e7u et produit pour r\u00e9pondre aux exigences \u00e9lev\u00e9es de l&#8217;industrie moderne. Faisant partie de la gamme de produits Novexx Solutions, il offre une solution fiable pour le marquage pr\u00e9cis en impression par lots. En particulier dans les syst\u00e8mes de distribution, l&#8217;impression de banderoles ou les syst\u00e8mes en boucle, il convainc par sa qualit\u00e9 constante, sa robustesse et sa facilit\u00e9 d&#8217;int\u00e9gration dans les syst\u00e8mes existants.  <\/p>\n<h2>L&#8217;impression par lots pour les applications exigeantes<\/h2>\n<p>Le mod\u00e8le Novexx XPM fonctionne uniquement en mode batch. Dans ce cas, toutes les \u00e9tiquettes sont imprim\u00e9es sur le support et mises \u00e0 disposition de mani\u00e8re group\u00e9e. Cette m\u00e9thode est particuli\u00e8rement adapt\u00e9e aux applications qui exigent des r\u00e9sultats constants, par exemple dans des secteurs tels que la logistique ou l&#8217;industrie alimentaire. La qualit\u00e9 d&#8217;impression \u00e9lev\u00e9e et constante garantit un \u00e9tiquetage fiable, qu&#8217;il s&#8217;agisse d&#8217;\u00e9tiquettes d&#8217;exp\u00e9dition ou de banderoles.   <\/p>\n<h2>Caract\u00e9ristiques techniques du module d&#8217;impression<\/h2>\n<p>La Novexx XPM est disponible en diff\u00e9rentes largeurs d&#8217;impression (4&#8243;, 5&#8243; et 6&#8243;) et traite les \u00e9tiquettes pour des produits d&#8217;une largeur allant jusqu&#8217;\u00e0 185 millim\u00e8tres. Avec une vitesse d&#8217;impression allant jusqu&#8217;\u00e0 400 millim\u00e8tres par seconde et une r\u00e9solution de 300 dpi, l&#8217;appareil atteint une qualit\u00e9 \u00e9lev\u00e9e, indispensable dans de nombreux secteurs. <\/p>\n<p>Les m\u00e9thodes d&#8217;impression thermique directe et de transfert thermique sont toutes deux prises en charge. Le produit convient donc pour le traitement vari\u00e9 d&#8217;\u00e9tiquettes en papier et en mat\u00e9riaux de film comme le PE, le PP, le PVC ou le PA. La longueur des \u00e9tiquettes varie de 5 millim\u00e8tres \u00e0 deux m\u00e8tres, ce qui fait que l&#8217;XPM convient \u00e9galement \u00e0 un volume d&#8217;impression \u00e9lev\u00e9 et \u00e0 des exigences tr\u00e8s vari\u00e9es.  <\/p>\n<h2>Fonctions intelligentes et faible consommation pour le Novexx xpm<\/h2>\n<p>L&#8217;une des particularit\u00e9s du Novexx XPM est la fonction intelligente Ribbon-Save. Elle veille \u00e0 ce que le ruban ne soit utilis\u00e9 que pendant le processus d&#8217;impression proprement dit. Cela permet d&#8217;\u00e9conomiser des consommables, de prolonger la dur\u00e9e de vie de la t\u00eate d&#8217;impression et de r\u00e9duire les co\u00fbts d&#8217;exploitation.  <\/p>\n<h2>Fonctionnement avec une facilit\u00e9 d&#8217;utilisation maximale<\/h2>\n<p>L&#8217;utilisation se fait via un \u00e9cran couleur qui peut \u00eatre tourn\u00e9 \u00e0 360 degr\u00e9s. Cela permet d&#8217;acc\u00e9der facilement \u00e0 l&#8217;appareil, que le bo\u00eetier soit ouvert ou ferm\u00e9. M\u00eame avec des gants, l&#8217;utilisation reste simple et confortable.  <\/p>\n<p>Comme extension pour l&#8217;identification compl\u00e8te des palettes, nous recommandons le <a href=\"https:\/\/labeltech.ch\/fr\/produkt\/novexx-xpu\/\" title=\"Novexx XPU - Module d'\u00e9tiquetage de palettes de Novexx\">Novexx XPU<\/a> comme module compl\u00e9mentaire dans le r\u00e9seau de syst\u00e8mes Novexx.<\/p>\n<p>De plus, l&#8217;interface web int\u00e9gr\u00e9e permet de contr\u00f4ler le syst\u00e8me \u00e0 partir d&#8217;un PC, d&#8217;une tablette ou d&#8217;un smartphone. Les donn\u00e9es en temps r\u00e9el, la configuration \u00e0 distance, le diagnostic, les mises \u00e0 jour du firmware ou la surveillance des travaux d&#8217;impression en cours font ici partie du standard. Le Novexx XPM se distingue ainsi nettement des solutions classiques dans le domaine des imprimantes d&#8217;\u00e9tiquettes et des modules d&#8217;impression.  <\/p>\n<h2>Robustesse et facilit\u00e9 d&#8217;entretien<\/h2>\n<p>Le bo\u00eetier m\u00e9tallique robuste fait de la Novexx XPM un appareil de haute qualit\u00e9, con\u00e7u et produit pour un fonctionnement continu dans l&#8217;industrie. La conception sans ventilateur prot\u00e8ge de la poussi\u00e8re et les pi\u00e8ces d&#8217;usure comme la t\u00eate d&#8217;impression peuvent \u00eatre remplac\u00e9es sans outils. Cela facilite la maintenance et assure une longue dur\u00e9e de vie et une fiabilit\u00e9 constante, m\u00eame avec un volume d&#8217;impression \u00e9lev\u00e9.  <\/p>\n<h2>Domaines d&#8217;application dans diff\u00e9rents secteurs<\/h2>\n<p>Les possibilit\u00e9s d&#8217;utilisation sont multiples. Dans la logistique, le Novexx XPM assure la cr\u00e9ation rapide d&#8217;<a title=\"Vers nos \u00e9tiquettes \u00e0 code-barres\" href=\"https:\/\/labeltech.ch\/fr\/produkt\/etiquettes-promotionnelles\/\">\u00e9tiquettes d&#8217;exp\u00e9dition et d&#8217;\u00e9tiquettes \u00e0 code-barres<\/a>. Dans l&#8217;industrie alimentaire, il sert \u00e0 marquer les emballages et les banderoles. Dans l&#8217;industrie pharmaceutique et pour l&#8217;\u00e9tiquetage de cartons ou de palettes, elle fait \u00e9galement valoir ses atouts. Les entreprises b\u00e9n\u00e9ficient ici d&#8217;une performance d&#8217;impression \u00e9lev\u00e9e et constante et d&#8217;une technologie qui s&#8217;int\u00e8gre facilement dans les processus existants.    <\/p>\n<h2>Novexx Solutions &#8211; fabricant leader d&#8217;Eching<\/h2>\n<p>La Novexx XPM fait partie de la s\u00e9rie \u00e0 succ\u00e8s 94x de <a title=\"Vers le fabricant Novexx\" href=\"https:\/\/www.novexx.de\/\" target=\"_blank\" rel=\"noopener noreferrer nofollow\">Novexx Solutions<\/a>, un fabricant leader de technologies d&#8217;\u00e9tiquetage bas\u00e9 \u00e0 Eching, pr\u00e8s de Munich. La soci\u00e9t\u00e9, qui faisait auparavant partie d&#8217;Avery Dennison, a des d\u00e9cennies d&#8217;exp\u00e9rience dans le domaine de l&#8217;\u00e9tiquetage industriel. Aujourd&#8217;hui, Novexx fournit \u00e0 ses clients du monde entier des \u00e9tiqueteuses, des imprimantes d&#8217;\u00e9tiquettes et des modules d&#8217;impression haut de gamme, r\u00e9put\u00e9s pour leur grande qualit\u00e9 et leur fiabilit\u00e9.  <\/p>\n","protected":false},"excerpt":{"rendered":"<p>Novexx XPM &#8211; Module d&#8217;impression pour un \u00e9tiquetage pr\u00e9cis et  [&#8230;]<\/p>\n","protected":false},"featured_media":9637,"comment_status":"closed","ping_status":"closed","template":"","meta":[],"product_brand":[],"product_cat":[71,134],"product_tag":[],"class_list":{"0":"post-11163","1":"product","2":"type-product","3":"status-publish","4":"has-post-thumbnail","6":"product_cat-impression-pose","7":"product_cat-novexx-fr","9":"first","10":"instock","11":"shipping-taxable","12":"product-type-external"},"_links":{"self":[{"href":"https:\/\/labeltech.ch\/fr\/wp-json\/wp\/v2\/product\/11163","targetHints":{"allow":["GET"]}}],"collection":[{"href":"https:\/\/labeltech.ch\/fr\/wp-json\/wp\/v2\/product"}],"about":[{"href":"https:\/\/labeltech.ch\/fr\/wp-json\/wp\/v2\/types\/product"}],"replies":[{"embeddable":true,"href":"https:\/\/labeltech.ch\/fr\/wp-json\/wp\/v2\/comments?post=11163"}],"wp:featuredmedia":[{"embeddable":true,"href":"https:\/\/labeltech.ch\/fr\/wp-json\/wp\/v2\/media\/9637"}],"wp:attachment":[{"href":"https:\/\/labeltech.ch\/fr\/wp-json\/wp\/v2\/media?parent=11163"}],"wp:term":[{"taxonomy":"product_brand","embeddable":true,"href":"https:\/\/labeltech.ch\/fr\/wp-json\/wp\/v2\/product_brand?post=11163"},{"taxonomy":"product_cat","embeddable":true,"href":"https:\/\/labeltech.ch\/fr\/wp-json\/wp\/v2\/product_cat?post=11163"},{"taxonomy":"product_tag","embeddable":true,"href":"https:\/\/labeltech.ch\/fr\/wp-json\/wp\/v2\/product_tag?post=11163"}],"curies":[{"name":"wp","href":"https:\/\/api.w.org\/{rel}","templated":true}]}}