{"id":11164,"date":"2023-04-18T12:20:03","date_gmt":"2023-04-18T10:20:03","guid":{"rendered":"https:\/\/labeltech.ch\/produkt\/novexx-xdm\/"},"modified":"2026-04-17T17:07:06","modified_gmt":"2026-04-17T15:07:06","slug":"novexx-xdm","status":"publish","type":"product","link":"https:\/\/labeltech.ch\/fr\/produkt\/novexx-xdm\/","title":{"rendered":"Novexx XDM"},"content":{"rendered":"<p><strong>Un module d&#8217;impression et de distribution performant avec le Novexx XDM<\/strong><\/p>\n<p>La <a href=\"https:\/\/labeltech.ch\/fr\/produkt\/novexx-xlp51x\/\" title=\"Novexx XLP 51x - Imprimante industrielle compacte en compl\u00e9ment de syst\u00e8me\">Novexx XLP 51x<\/a> de la gamme de produits Novexx est une imprimante industrielle compacte qui peut \u00eatre utilis\u00e9e comme module d&#8217;impression.<\/p>\n<p>Gr\u00e2ce \u00e0 leur conception standardis\u00e9e, les modules sont faciles \u00e0 int\u00e9grer et peuvent \u00eatre facilement adapt\u00e9s \u00e0 votre syst\u00e8me existant et \u00e0 vos besoins sp\u00e9cifiques. Le XDM est particuli\u00e8rement adapt\u00e9 aux secteurs tels que la logistique ou la pharmacie, car il assure une qualit\u00e9 d&#8217;impression optimale \u00e0 grande vitesse. <\/p>\n<ul>\n<li>une int\u00e9gration sans heurts<\/li>\n<li>Excellente qualit\u00e9 d&#8217;impression<\/li>\n<li>Le plus haut niveau de qualit\u00e9 et de fiabilit\u00e9<\/li>\n<li>Fonctions num\u00e9riques de pointe<\/li>\n<li>Fonction d&#8217;\u00e9conomie de film intelligente<\/li>\n<\/ul>\n","protected":false},"excerpt":{"rendered":"<p>Un module d&#8217;impression et de distribution performant avec le Novexx  [&#8230;]<\/p>\n","protected":false},"featured_media":9631,"comment_status":"closed","ping_status":"closed","template":"","meta":[],"product_brand":[],"product_cat":[71,134],"product_tag":[],"class_list":{"0":"post-11164","1":"product","2":"type-product","3":"status-publish","4":"has-post-thumbnail","6":"product_cat-impression-pose","7":"product_cat-novexx-fr","9":"first","10":"instock","11":"shipping-taxable","12":"product-type-external"},"_links":{"self":[{"href":"https:\/\/labeltech.ch\/fr\/wp-json\/wp\/v2\/product\/11164","targetHints":{"allow":["GET"]}}],"collection":[{"href":"https:\/\/labeltech.ch\/fr\/wp-json\/wp\/v2\/product"}],"about":[{"href":"https:\/\/labeltech.ch\/fr\/wp-json\/wp\/v2\/types\/product"}],"replies":[{"embeddable":true,"href":"https:\/\/labeltech.ch\/fr\/wp-json\/wp\/v2\/comments?post=11164"}],"wp:featuredmedia":[{"embeddable":true,"href":"https:\/\/labeltech.ch\/fr\/wp-json\/wp\/v2\/media\/9631"}],"wp:attachment":[{"href":"https:\/\/labeltech.ch\/fr\/wp-json\/wp\/v2\/media?parent=11164"}],"wp:term":[{"taxonomy":"product_brand","embeddable":true,"href":"https:\/\/labeltech.ch\/fr\/wp-json\/wp\/v2\/product_brand?post=11164"},{"taxonomy":"product_cat","embeddable":true,"href":"https:\/\/labeltech.ch\/fr\/wp-json\/wp\/v2\/product_cat?post=11164"},{"taxonomy":"product_tag","embeddable":true,"href":"https:\/\/labeltech.ch\/fr\/wp-json\/wp\/v2\/product_tag?post=11164"}],"curies":[{"name":"wp","href":"https:\/\/api.w.org\/{rel}","templated":true}]}}