{"id":11165,"date":"2023-04-18T12:01:22","date_gmt":"2023-04-18T10:01:22","guid":{"rendered":"https:\/\/labeltech.ch\/produkt\/toshiba-bc400p\/"},"modified":"2026-04-17T17:07:19","modified_gmt":"2026-04-17T15:07:19","slug":"toshiba-bc400p","status":"publish","type":"product","link":"https:\/\/labeltech.ch\/fr\/produkt\/toshiba-bc400p\/","title":{"rendered":"Toshiba BC400P"},"content":{"rendered":"<h3 class=\"fusion-responsive-typography-calculated\" data-fontsize=\"32\" data-lineheight=\"41.6px\">Solution \u00e9conomique et durable pour l&#8217;impression d&#8217;\u00e9tiquettes couleur avec la Toshiba BC400P<\/h3>\n<p>Cette imprimante \u00e0 jet d&#8217;encre est particuli\u00e8rement adapt\u00e9e aux applications d&#8217;impression qui doivent traiter des informations variables et flexibles. Vous pouvez imprimer des quantit\u00e9s pr\u00e9cises d&#8217;\u00e9tiquettes \u00e0 la demande, \u00e0 une vitesse d&#8217;impression \u00e9lev\u00e9e, tout en conservant une qualit\u00e9 d&#8217;image constante. <\/p>\n<ul>\n<li>\u00c9tiquetage flexible<\/li>\n<li>Production en flux tendu<\/li>\n<li>Fonctionne avec de l&#8217;encre pigment\u00e9e<\/li>\n<li>Convient pour l&#8217;agroalimentaire, la chimie, la pharmacie, la vente au d\u00e9tail et d&#8217;autres industries<\/li>\n<li>Performance durable et haute qualit\u00e9<\/li>\n<li>Impression couleur industrielle<\/li>\n<\/ul>\n<h2 class=\"fusion-responsive-typography-calculated\" data-fontsize=\"40\" data-lineheight=\"48px\">Une flexibilit\u00e9 exceptionnelle<\/h2>\n<p>Gr\u00e2ce \u00e0 l&#8217;\u00e9tiquetage couleur num\u00e9rique, la Toshiba BC400P permet d&#8217;atteindre un nouveau niveau de flexibilit\u00e9 et de polyvalence. L&#8217;appareil est en outre dot\u00e9 d&#8217;un savoir-faire unique en mati\u00e8re d&#8217;impression couleur qui lui permet de s&#8217;adapter parfaitement \u00e0 vos besoins. Les \u00e9tiquettes couleur industrielles peuvent ainsi \u00eatre imprim\u00e9es \u00e0 la demande.  <\/p>\n<p>L&#8217;imprimante d&#8217;\u00e9tiquettes couleur fonctionne selon le proc\u00e9d\u00e9 d&#8217;impression \u00e0 jet d&#8217;encre avec quatre t\u00eates thermiques \u00e0 jet d&#8217;encre (noir, cyan, magenta, jaune) et peut \u00eatre utilis\u00e9e de mani\u00e8re flexible \u00e0 des temp\u00e9ratures comprises entre 5 \u00b0C et 35 \u00b0C. Elle peut \u00e9galement \u00eatre utilis\u00e9e pour l&#8217;impression d&#8217;\u00e9tiquettes en couleur. Avec une vitesse d&#8217;impression pouvant atteindre 30 cm par seconde, l&#8217;imprimante d&#8217;\u00e9tiquettes couleur peut \u00eatre utilis\u00e9e sans probl\u00e8me pour des volumes de production importants. <\/p>\n<h2 class=\"fusion-responsive-typography-calculated\" data-fontsize=\"40\" data-lineheight=\"48px\">Fiabilit\u00e9 \u00e0 100<\/h2>\n<p>\u00c0 une \u00e9poque o\u00f9 les lieux de travail sont en constante \u00e9volution, il est essentiel de disposer d&#8217;une imprimante fiable dans l&#8217;entreprise. La BC400P de Toshiba offre une connectivit\u00e9 de haut niveau qui lui permet de s&#8217;int\u00e9grer durablement dans des environnements de travail en constante \u00e9volution. Vous b\u00e9n\u00e9ficiez ainsi d&#8217;une fiabilit\u00e9 \u00e0 100 % pour relever les d\u00e9fis \u00e0 venir.  <\/p>\n<h2 class=\"fusion-responsive-typography-calculated\" data-fontsize=\"40\" data-lineheight=\"48px\">Palette brillante et durabilit\u00e9<\/h2>\n<p>Les clients industriels ont besoin de solutions et de r\u00e9sultats d&#8217;impression durables pour l&#8217;impression d&#8217;\u00e9tiquettes. C&#8217;est pourquoi l&#8217;imprimante Toshiba utilise une encre pigmentaire \u00e0 base d&#8217;eau. Gr\u00e2ce \u00e0 sa r\u00e9sistance exceptionnelle aux influences environnementales, cette encre offre de nombreuses possibilit\u00e9s d&#8217;utilisation dans l&#8217;industrie, la logistique et autres. Les supports imprim\u00e9s survivent de mani\u00e8re impressionnante dans des environnements exigeants, tels que les entrep\u00f4ts et les sites de production.  <\/p>\n<p>L&#8217;encre pigment\u00e9e est \u00e9galement moins sujette aux bavures et r\u00e9siste \u00e0 la d\u00e9coloration due \u00e0 l&#8217;exposition au soleil. Les \u00e9tiquettes restent ainsi claires et lisibles pendant de longues p\u00e9riodes. L&#8217;encre pigmentaire permet \u00e9galement d&#8217;am\u00e9liorer la brillance et la pr\u00e9cision des couleurs, ce qui peut faire la diff\u00e9rence lors de l&#8217;\u00e9tiquetage de produits ou d&#8217;emballages.  <\/p>\n<p>Pour un aper\u00e7u complet de toutes les solutions d&#8217;impression couleur, y compris les mod\u00e8les actuels pour l&#8217;impression de cartes, consultez l&#8217;<a href=\"https:\/\/labeltech.ch\/fr\/produits\/imprimante-couleur\/\" title=\"Imprimantes couleur - Toutes les imprimantes d'\u00e9tiquettes couleur de Labeltech\">aper\u00e7u des imprimantes couleur<\/a>.<\/p>\n<h2 class=\"fusion-responsive-typography-calculated\" data-fontsize=\"40\" data-lineheight=\"48px\">Un contr\u00f4le total dans tous les secteurs<\/h2>\n<p>L&#8217;imprimante d&#8217;\u00e9tiquettes BC400P de Toshiba peut \u00eatre utilis\u00e9e pour des \u00e9tiquettes couleur dans les secteurs les plus divers :<\/p>\n<ul>\n<li>Commerce de d\u00e9tail : \u00e9tiquetage de produits, \u00e9tiquettes de prix, \u00e9tiquettes de promotion<\/li>\n<li>Chimie : \u00e9tiquettes d&#8217;avertissement et de s\u00e9curit\u00e9, \u00e9tiquettes SGH<\/li>\n<li>Aliments et boissons : valeurs nutritionnelles, aliments frais, \u00e9tiquettes d&#8217;allerg\u00e8nes<\/li>\n<li>Pharmacie et m\u00e9decine : identification des patients, \u00e9tiquettes d&#8217;\u00e9chantillons<\/li>\n<li>Divertissement : billets, tickets<\/li>\n<li>Fabrication : \u00e9tiquettes personnalis\u00e9es<\/li>\n<\/ul>\n<h2 class=\"fusion-responsive-typography-calculated\" data-fontsize=\"40\" data-lineheight=\"48px\">\u00c0 propos du fabricant Toshiba<\/h2>\n<p>L&#8217;imprimante d&#8217;\u00e9tiquettes couleur BC400P est un produit de Toshiba Tec Germany Imaging Systems GmbH et fait donc partie de Toshiba Tec Corporation. Toshiba Tec est pr\u00e9sent dans le monde entier dans diff\u00e9rents secteurs de l&#8217;industrie de haute technologie. En tant que fournisseur leader de produits dans le domaine des technologies de l&#8217;information, Toshiba Tec est votre fabricant de confiance d&#8217;imprimantes d&#8217;\u00e9tiquettes.  <\/p>\n<h2>FAQ sur l&#8217;imprimante d&#8217;\u00e9tiquettes couleur BC400P<\/h2>\n<h3>Quelles sont les principales caract\u00e9ristiques de l&#8217;imprimante d&#8217;\u00e9tiquettes Toshiba BC400P ?<\/h3>\n<p>La BC400P de Toshiba est une imprimante d&#8217;\u00e9tiquettes couleur de haute qualit\u00e9, sp\u00e9cialement con\u00e7ue pour r\u00e9pondre aux besoins d&#8217;impression d&#8217;\u00e9tiquettes en petits tirages. Elle utilise de l&#8217;encre pigmentaire \u00e0 base d&#8217;eau, ce qui lui permet d&#8217;obtenir des couleurs particuli\u00e8rement brillantes. Elle est \u00e9galement capable de produire des petits tirages.  <\/p>\n<h3>Toshiba fournit-il une assistance pour l&#8217;installation et l&#8217;utilisation du BC400P ?<\/h3>\n<p>Oui, Toshiba propose une assistance compl\u00e8te pour l&#8217;installation, l&#8217;utilisation et la maintenance de l&#8217;imprimante d&#8217;\u00e9tiquettes couleur BC400P. Vous pouvez \u00e9galement trouver des accessoires directement <a title=\"Accessoires\" href=\"https:\/\/labeltech.ch\/fr\/produits\/accessoires\/\">sur notre site<\/a>. <\/p>\n<h3>Quels types de solutions d&#8217;identification automatique le Toshiba BC400P prend-il en charge ?<\/h3>\n<p>L&#8217;imprimante d&#8217;\u00e9tiquettes prend en charge une large gamme de solutions d&#8217;identification automatique, y compris les puces RFID et les connexions LAN. Si n\u00e9cessaire, vous trouverez des informations plus pr\u00e9cises sur le site du fabricant. <\/p>\n<h3>Le BC400P de Toshiba peut-il effectuer des corrections de couleurs et d&#8217;autres ajustements ?<\/h3>\n<p>Oui, la Toshiba BC400P offre des fonctions de correction des couleurs, d&#8217;\u00e9quilibre des couleurs, de luminosit\u00e9, de densit\u00e9, de contraste et de pr\u00e9cision des points pour une impression pr\u00e9cise des superpositions.<\/p>\n","protected":false},"excerpt":{"rendered":"<p>Solution \u00e9conomique et durable pour l&#8217;impression d&#8217;\u00e9tiquettes couleur avec la  [&#8230;]<\/p>\n","protected":false},"featured_media":9657,"comment_status":"closed","ping_status":"closed","template":"","meta":[],"product_brand":[],"product_cat":[68,135],"product_tag":[],"class_list":{"0":"post-11165","1":"product","2":"type-product","3":"status-publish","4":"has-post-thumbnail","6":"product_cat-imprimantes-couleur","7":"product_cat-toshiba-fr","9":"first","10":"instock","11":"shipping-taxable","12":"product-type-external"},"_links":{"self":[{"href":"https:\/\/labeltech.ch\/fr\/wp-json\/wp\/v2\/product\/11165","targetHints":{"allow":["GET"]}}],"collection":[{"href":"https:\/\/labeltech.ch\/fr\/wp-json\/wp\/v2\/product"}],"about":[{"href":"https:\/\/labeltech.ch\/fr\/wp-json\/wp\/v2\/types\/product"}],"replies":[{"embeddable":true,"href":"https:\/\/labeltech.ch\/fr\/wp-json\/wp\/v2\/comments?post=11165"}],"wp:featuredmedia":[{"embeddable":true,"href":"https:\/\/labeltech.ch\/fr\/wp-json\/wp\/v2\/media\/9657"}],"wp:attachment":[{"href":"https:\/\/labeltech.ch\/fr\/wp-json\/wp\/v2\/media?parent=11165"}],"wp:term":[{"taxonomy":"product_brand","embeddable":true,"href":"https:\/\/labeltech.ch\/fr\/wp-json\/wp\/v2\/product_brand?post=11165"},{"taxonomy":"product_cat","embeddable":true,"href":"https:\/\/labeltech.ch\/fr\/wp-json\/wp\/v2\/product_cat?post=11165"},{"taxonomy":"product_tag","embeddable":true,"href":"https:\/\/labeltech.ch\/fr\/wp-json\/wp\/v2\/product_tag?post=11165"}],"curies":[{"name":"wp","href":"https:\/\/api.w.org\/{rel}","templated":true}]}}