{"id":11366,"date":"2026-03-25T09:21:39","date_gmt":"2026-03-25T08:21:39","guid":{"rendered":"https:\/\/labeltech.ch\/produkt\/imprimante-thermique-logijet-tm4\/"},"modified":"2026-04-21T15:25:03","modified_gmt":"2026-04-21T13:25:03","slug":"imprimante-thermique-logijet-tm4","status":"publish","type":"product","link":"https:\/\/labeltech.ch\/fr\/produkt\/imprimante-thermique-logijet-tm4\/","title":{"rendered":"Imprimante thermique logiJET TM4"},"content":{"rendered":"<h2>Microplex logiJET TM4 Imprimante thermique mobile<\/h2>\n<p>L&#8217;imprimante thermique LogiJET TM4 de <a title=\"Vers d'autres produits de Microplex\" href=\"https:\/\/labeltech.ch\/fr\/produits\/microplex\/\">Microplex<\/a> est une imprimante d&#8217;\u00e9tiquettes sp\u00e9cialement con\u00e7ue pour une utilisation mobile. Elle se distingue par sa conception compacte, sa grande fiabilit\u00e9 et sa polyvalence d&#8217;int\u00e9gration. En tant que Microplex LogiJET TM4, cet appareil convient parfaitement aux entreprises qui souhaitent cr\u00e9er des \u00e9tiquettes directement dans le processus. <\/p>\n<p>Que ce soit sur des postes de travail mobiles, dans un entrep\u00f4t ou sur un chariot \u00e9l\u00e9vateur, cette imprimante assure une impression efficace exactement l\u00e0 o\u00f9 elle est n\u00e9cessaire. Elle offre ainsi une solution bien pens\u00e9e pour les environnements de logistique et de production modernes. <\/p>\n<h2>Mobile et flexible au quotidien<\/h2>\n<p>La LogiJET TM4 a \u00e9t\u00e9 con\u00e7ue sp\u00e9cifiquement pour une utilisation mobile. Gr\u00e2ce \u00e0 son alimentation flexible, l&#8217;imprimante thermique peut \u00eatre utilis\u00e9e de mani\u00e8re fixe ou mobile. Outre le fonctionnement classique en courant alternatif avec une alimentation en courant alternatif pour le raccordement, le syst\u00e8me prend \u00e9galement en charge l&#8217;alimentation en courant continu via 12 V, 24 V ou 48 V, par exemple via une alimentation en courant continu pour le raccordement \u00e0 une batterie. Cela permet une int\u00e9gration facile directement sur des v\u00e9hicules tels que des chariots \u00e9l\u00e9vateurs \u00e0 fourche, o\u00f9 l&#8217;imprimante peut \u00eatre mont\u00e9e de mani\u00e8re fixe. Une plaque de montage adapt\u00e9e assure une installation s\u00fbre pour les op\u00e9rations quotidiennes. Gr\u00e2ce \u00e0 cette flexibilit\u00e9, l&#8217;appareil est con\u00e7u de mani\u00e8re optimale pour les processus dynamiques et prend en charge les flux de travail juste \u00e0 temps directement sur le lieu de travail.     <\/p>\n<h2>La solution robuste pour les environnements exigeants<\/h2>\n<p>L&#8217;imprimante thermique LogiJET TM4 est con\u00e7ue pour fonctionner dans des conditions difficiles. Son bo\u00eetier m\u00e9tallique robuste prot\u00e8ge efficacement l&#8217;appareil contre la poussi\u00e8re et la salet\u00e9 et lui assure une longue dur\u00e9e de vie, m\u00eame en cas d&#8217;utilisation intensive. L&#8217;imprimante est donc id\u00e9ale pour les applications industrielles dans lesquelles les appareils sont soumis \u00e0 de fortes contraintes. La LogiJET TM4 est particuli\u00e8rement adapt\u00e9e \u00e0 la logistique et \u00e0 la production, o\u00f9 les appareils sont souvent d\u00e9plac\u00e9s ou soumis \u00e0 des contraintes m\u00e9caniques.   <\/p>\n<h2>Une impression efficace directement dans le processus<\/h2>\n<p>Avec une vitesse d&#8217;impression allant jusqu&#8217;\u00e0 150 mm par seconde ou 6 pouces par seconde, la LogiJET TM4 est parfaitement con\u00e7ue pour l&#8217;impression directe en cours de travail. L&#8217;imprimante prend en charge \u00e0 la fois l&#8217;impression thermique directe et le transfert thermique, ce qui la rend polyvalente. Gr\u00e2ce \u00e0 l&#8217;approche juste-\u00e0-temps, les \u00e9tiquettes sont cr\u00e9\u00e9es exactement au moment o\u00f9 elles sont n\u00e9cessaires. Cela r\u00e9duit les erreurs, fait gagner du temps et am\u00e9liore l&#8217;efficacit\u00e9 tout au long de la cha\u00eene de traitement.   <\/p>\n<p>En tant que mod\u00e8le successeur \u00e9volu\u00e9, l&#8217;<a href=\"https:\/\/labeltech.ch\/fr\/produkt\/imprimante-detiquettes-solid-t4-3\/\" title=\"SOLID T4-3 - Le successeur de la logiJET TM4 avec des fonctionnalit\u00e9s \u00e9tendues\">imprimante d&#8217;\u00e9tiquettes SOLID T4-3<\/a> offre un changement de mod\u00e8le facile gr\u00e2ce \u00e0 son facteur de forme compatible.<\/p>\n<h2>Compact et polyvalent<\/h2>\n<p>Avec ses dimensions compactes, la LogiJET TM4 est particuli\u00e8rement peu encombrante et peut \u00eatre utilis\u00e9e sans probl\u00e8me dans les espaces restreints. L&#8217;appareil compact est sp\u00e9cialement con\u00e7u pour les environnements de travail o\u00f9 l&#8217;espace est limit\u00e9 et peut \u00eatre int\u00e9gr\u00e9 de mani\u00e8re flexible. Il suffit d&#8217;ins\u00e9rer le rouleau d&#8217;\u00e9tiquettes pour que l&#8217;imprimante soit rapidement op\u00e9rationnelle. Cela facilite la manipulation au quotidien et assure un fonctionnement sans faille.   <\/p>\n<h2>Connexion facile et interfaces modernes<\/h2>\n<p>La LogiJET TM4 offre de nombreuses possibilit\u00e9s de connexion aux syst\u00e8mes existants. L&#8217;USB et le LAN sont disponibles en standard, tandis que d&#8217;autres interfaces telles que RS232, RS422, Centronics ou WLAN peuvent \u00eatre utilis\u00e9es en option. Ce large choix permet une int\u00e9gration flexible dans les environnements informatiques et de production existants. La communication est fiable et prend \u00e9galement en charge les messages d&#8217;\u00e9tat de l&#8217;imprimante via SNMP, ce qui permet une surveillance optimale de l&#8217;imprimante.   <\/p>\n<h2>Langages d&#8217;impression et \u00e9mulations \u00e9tendus<\/h2>\n<p>La Microplex LogiJET TM4 prend en charge plusieurs langages d&#8217;impression et de nombreuses \u00e9mulations. Il s&#8217;agit entre autres de PCL5, IGP, ZPL, Datamax et Printronix IGP. Kyocera Prescribe et d&#8217;autres \u00e9mulations telles que Prescribe sont \u00e9galement disponibles. Cette diversit\u00e9 permet de continuer \u00e0 utiliser les syst\u00e8mes existants et d&#8217;utiliser facilement l&#8217;imprimante en remplacement d&#8217;une imprimante laser.   <\/p>\n<h2>Contr\u00f4leur puissant et fonctions intelligentes<\/h2>\n<p>Un contr\u00f4leur moderne bas\u00e9 sur le syst\u00e8me MPC 8.x fonctionne \u00e0 l&#8217;int\u00e9rieur. Il assure un traitement rapide des donn\u00e9es d&#8217;impression et prend en charge des fonctions telles que la g\u00e9n\u00e9ration automatique de codes \u00e0 barres ou la gestion interne des formulaires. L&#8217;imprimante est \u00e9galement pr\u00eate pour des extensions telles que la RFID, ce qui offre des possibilit\u00e9s suppl\u00e9mentaires pour les applications futures.  <\/p>\n<h2>Imprimante fiable et pour un fonctionnement continu<\/h2>\n<p>Le LogiJET TM4 a \u00e9t\u00e9 con\u00e7u de mani\u00e8re coh\u00e9rente pour une utilisation industrielle. Sa conception prot\u00e8ge l&#8217;appareil et lui permet de fonctionner de mani\u00e8re fiable, m\u00eame dans des conditions difficiles. La combinaison de composants durables et d&#8217;une conception bien pens\u00e9e assure une grande disponibilit\u00e9 au quotidien. Les entreprises b\u00e9n\u00e9ficient de processus stables et d&#8217;un investissement rentable \u00e0 long terme.   <\/p>\n<h2>Microplex : votre partenaire pour les solutions d&#8217;impression industrielle<\/h2>\n<p><a title=\"Lien vers le fabricant\" href=\"https:\/\/microplex.de\/de\/\" target=\"_blank\" rel=\"noopener noreferrer nofollow\">Microplex<\/a> d\u00e9veloppe depuis de nombreuses ann\u00e9es des solutions d&#8217;impression performantes pour les applications industrielles. L&#8217;accent est mis sur des syst\u00e8mes fiables, durables et flexibles. Avec la Microplex LogiJET TM4, vous disposez d&#8217;une imprimante thermique sp\u00e9cialement con\u00e7ue pour une utilisation mobile et qui se distingue par sa construction robuste, sa grande flexibilit\u00e9 et sa polyvalence d&#8217;int\u00e9gration.  <\/p>\n","protected":false},"excerpt":{"rendered":"<p>Microplex logiJET TM4 Imprimante thermique mobile L&#8217;imprimante thermique LogiJET TM4  [&#8230;]<\/p>\n","protected":false},"featured_media":11365,"comment_status":"closed","ping_status":"closed","template":"","meta":[],"product_brand":[],"product_cat":[83,80],"product_tag":[],"class_list":{"0":"post-11366","1":"product","2":"type-product","3":"status-publish","4":"has-post-thumbnail","6":"product_cat-imprimantes-thermique","7":"product_cat-microplex-fr","9":"first","10":"instock","11":"shipping-taxable","12":"product-type-external"},"_links":{"self":[{"href":"https:\/\/labeltech.ch\/fr\/wp-json\/wp\/v2\/product\/11366","targetHints":{"allow":["GET"]}}],"collection":[{"href":"https:\/\/labeltech.ch\/fr\/wp-json\/wp\/v2\/product"}],"about":[{"href":"https:\/\/labeltech.ch\/fr\/wp-json\/wp\/v2\/types\/product"}],"replies":[{"embeddable":true,"href":"https:\/\/labeltech.ch\/fr\/wp-json\/wp\/v2\/comments?post=11366"}],"wp:featuredmedia":[{"embeddable":true,"href":"https:\/\/labeltech.ch\/fr\/wp-json\/wp\/v2\/media\/11365"}],"wp:attachment":[{"href":"https:\/\/labeltech.ch\/fr\/wp-json\/wp\/v2\/media?parent=11366"}],"wp:term":[{"taxonomy":"product_brand","embeddable":true,"href":"https:\/\/labeltech.ch\/fr\/wp-json\/wp\/v2\/product_brand?post=11366"},{"taxonomy":"product_cat","embeddable":true,"href":"https:\/\/labeltech.ch\/fr\/wp-json\/wp\/v2\/product_cat?post=11366"},{"taxonomy":"product_tag","embeddable":true,"href":"https:\/\/labeltech.ch\/fr\/wp-json\/wp\/v2\/product_tag?post=11366"}],"curies":[{"name":"wp","href":"https:\/\/api.w.org\/{rel}","templated":true}]}}