{"id":11379,"date":"2026-03-25T09:36:31","date_gmt":"2026-03-25T08:36:31","guid":{"rendered":"https:\/\/labeltech.ch\/produkt\/imprimante-detiquettes-solid-t4-3\/"},"modified":"2026-04-21T15:25:04","modified_gmt":"2026-04-21T13:25:04","slug":"imprimante-detiquettes-solid-t4-3","status":"publish","type":"product","link":"https:\/\/labeltech.ch\/fr\/produkt\/imprimante-detiquettes-solid-t4-3\/","title":{"rendered":"Imprimante d&#8217;\u00e9tiquettes SOLID T4-3"},"content":{"rendered":"<p>L&#8217;imprimante d&#8217;\u00e9tiquettes Microplex Solid T4-3 est une solution robuste et efficace pour les applications d&#8217;\u00e9tiquetage exigeantes. Succ\u00e9dant \u00e0 la SOLID T4-2, elle associe une technologie <strong>de haute qualit\u00e9<\/strong>\u00e0 une nouvelle vitesse d&#8217;impression encore plus \u00e9lev\u00e9e et \u00e0 une flexibilit\u00e9 permettant de r\u00e9pondre aux besoins de divers environnements industriels. <\/p>\n<h2>Introduction au Microplex Solid T4-3<\/h2>\n<h3>Pr\u00e9sentation de l&#8217;imprimante d&#8217;\u00e9tiquettes<\/h3>\n<p>La Microplex Solid T4-3 est une imprimante thermique <strong>haute performance<\/strong>de 4 pouces con\u00e7ue pour les applications exigeantes de l&#8217;industrie, de la logistique et de l&#8217;exp\u00e9dition. Cette imprimante thermique est synonyme d&#8217;impression d&#8217;\u00e9tiquettes industrielles performante, fiable et \u00e0 l&#8217;\u00e9preuve du temps. Elle remplace l&#8217;ancien mod\u00e8le Solid T4-2. Elle a \u00e9t\u00e9 con\u00e7ue, entre autres, pour la production.  <\/p>\n<h3>Sp\u00e9cifications techniques et caract\u00e9ristiques<\/h3>\n<p>Le Solid T4-3 offre une r\u00e9solution de 300 dpi et traite diff\u00e9rents mat\u00e9riaux en transfert thermique ou en thermique direct. Elle combine la qualit\u00e9 Microplex avec la performance, l&#8217;\u00e9conomie de film optimis\u00e9e (Ribbon-Save) et une capacit\u00e9 d&#8217;int\u00e9gration moderne. Elle imprime rapidement sur tous les supports courants jusqu&#8217;\u00e0 240 g\/m\u00b2 \u00e0 une vitesse d&#8217;impression \u00e9lev\u00e9e et prend en charge le langage d&#8217;impression laser PCL5 en standard.  <\/p>\n<p>Le Solid T4-3 optimise la rentabilit\u00e9 gr\u00e2ce \u00e0 sa fonction Advanced Ribbon Save qui r\u00e9duit la consommation de film d\u00e8s 12 mm de surface non imprim\u00e9e. Elle offre en outre des possibilit\u00e9s d&#8217;int\u00e9gration flexibles aux machines, installations et postes de travail. Ces interfaces garantissent de multiples possibilit\u00e9s de connexion.  <\/p>\n<p>Pour plus de d\u00e9tails, veuillez consulter la <a title=\"Fiche d'information Microplex SOLID T4-3\" href=\"https:\/\/labeltech.ch\/wp-content\/uploads\/2026\/03\/Datenblatt-Microplex-SOLID-T4-3.pdf\">fiche d&#8217;information<\/a>.<\/p>\n<h2>Types d&#8217;impression d&#8217;\u00e9tiquettes<\/h2>\n<h3>Comment fonctionne l&#8217;imprimante thermique<\/h3>\n<p>Une imprimante thermique utilise un proc\u00e9d\u00e9 d&#8217;impression moderne dans lequel l&#8217;encre est d\u00e9pos\u00e9e sur le papier par l&#8217;action de la chaleur. Le papier thermique est chauff\u00e9 par la t\u00eate d&#8217;impression, compos\u00e9e de r\u00e9sistances chauffantes, au niveau des zones \u00e0 imprimer. Elles sont souvent utilis\u00e9es pour les tickets ou les codes-barres, car une bande de papier continue peut \u00eatre imprim\u00e9e \u00e0 grande vitesse et avec une r\u00e9solution pr\u00e9cise.  <\/p>\n<h3>Domaines d&#8217;application de l&#8217;imprimante \u00e0 transfert thermique<\/h3>\n<p>Les imprimantes \u00e0 transfert thermique utilisent des \u00e9tiquettes en papier traditionnelles ou des \u00e9tiquettes enduites. Lors de l&#8217;impression, les \u00e9l\u00e9ments chauffants de la t\u00eate d&#8217;impression font fondre ponctuellement des parties du ruban, ce qui permet d&#8217;obtenir une image imprim\u00e9e claire sur l&#8217;\u00e9tiquette. L&#8217;utilisation de l&#8217;impression par transfert thermique permet \u00e9galement d&#8217;utiliser des imprimantes d&#8217;\u00e9tiquettes thermiques.<\/p>\n<h3>Comparaison des imprimantes thermiques et des imprimantes \u00e0 transfert thermique<\/h3>\n<p>L&#8217;impression par transfert thermique et l&#8217;impression thermique directe se distinguent par leurs domaines d&#8217;application et leur long\u00e9vit\u00e9. Alors que l&#8217;impression par transfert thermique est particuli\u00e8rement adapt\u00e9e aux impressions durables avec une r\u00e9solution d&#8217;impression \u00e9lev\u00e9e, l&#8217;impression thermique directe offre un bon rapport qualit\u00e9\/prix et des impressions rapides. Cependant, le papier r\u00e9agit aux rayons UV et se d\u00e9colore plus rapidement, ce qui le rend particuli\u00e8rement utile pour les \u00e9tiquettes de tickets, de re\u00e7us ou les \u00e9tiquettes \u00e0 courte dur\u00e9e de vie. Il est \u00e9galement possible d&#8217;imprimer des codes \u00e0 barres.   <\/p>\n<h2>De l&#8217;industrie, de la logistique \u00e0 la distribution<\/h2>\n<h3>Applications industrielles<\/h3>\n<p>Le Solid T4-3 est id\u00e9al pour les entreprises qui recherchent une solution d&#8217;impression durable et efficace. Solution durablement performante pour les environnements de production, de logistique et d&#8217;automatisation modernes, elle est con\u00e7ue pour fonctionner en continu dans des secteurs tels que la production et la fabrication, la logistique et l&#8217;entreposage, l&#8217;automobile et la sous-traitance, ainsi que le commerce \u00e9lectronique. Gr\u00e2ce \u00e0 son bo\u00eetier robuste, elle peut \u00e9galement fonctionner sans probl\u00e8me dans les environnements industriels difficiles.  <\/p>\n<h3>Vente au d\u00e9tail et \u00e9tiquetage de produits<\/h3>\n<p>Les domaines d&#8217;application du Solid T4-3 s&#8217;\u00e9tendent \u00e9galement \u00e0 la construction d&#8217;installations, \u00e0 l&#8217;automobile, \u00e0 la logistique, au commerce \u00e9lectronique, \u00e0 la distribution et au commerce. Elle se caract\u00e9rise par un bo\u00eetier m\u00e9tallique robuste et une vitesse d&#8217;impression \u00e9lev\u00e9e. Gr\u00e2ce \u00e0 l&#8217;impression rapide en flux tendu et \u00e0 la simplicit\u00e9 du traitement par lots, elle peut facilement imprimer des autocollants, des \u00e9tiquettes d&#8217;exp\u00e9dition et des tags.  <\/p>\n<h3>Maintenance r\u00e9guli\u00e8re et simple<\/h3>\n<p>La maintenance sans outil permet de changer rapidement le support et le ruban et de minimiser les temps d&#8217;arr\u00eat ou d&#8217;attente.<\/p>\n<h2>Imprimantes sur mesure de Microplex<\/h2>\n<p>En tant que partenaire pour les solutions d&#8217;impression industrielle, <a title=\"Cliquez ici pour acc\u00e9der au site web de Microplex\" href=\"https:\/\/microplex.de\/de\/\" target=\"_blank\" rel=\"noopener noreferrer nofollow\">Microplex<\/a> offre une solution d&#8217;impression fiable gr\u00e2ce \u00e0 son expertise de longue date. L&#8217;entreprise nord-allemande fabrique des imprimantes sp\u00e9cialement con\u00e7ues pour des processus de travail sp\u00e9cifiques. La SOLID T4-3 est une imprimante \u00e0 transfert thermique puissante et r\u00e9sistante, adapt\u00e9e \u00e0 une utilisation dans les secteurs de la logistique, de la production et du commerce.  <\/p>\n<p>Contactez-nous pour d\u00e9terminer la configuration la mieux adapt\u00e9e \u00e0 vos besoins.  <a title=\"Contacter Labeltech AG\" href=\"https:\/\/labeltech.ch\/fr\/contact\/\">N&#8217;h\u00e9sitez pas \u00e0 nous demander conseil.<\/a><\/p>\n","protected":false},"excerpt":{"rendered":"<p>L&#8217;imprimante d&#8217;\u00e9tiquettes Microplex Solid T4-3 est une solution robuste et  [&#8230;]<\/p>\n","protected":false},"featured_media":11378,"comment_status":"closed","ping_status":"closed","template":"","meta":[],"product_brand":[],"product_cat":[83,80],"product_tag":[],"class_list":{"0":"post-11379","1":"product","2":"type-product","3":"status-publish","4":"has-post-thumbnail","6":"product_cat-imprimantes-thermique","7":"product_cat-microplex-fr","9":"first","10":"instock","11":"shipping-taxable","12":"product-type-external"},"_links":{"self":[{"href":"https:\/\/labeltech.ch\/fr\/wp-json\/wp\/v2\/product\/11379","targetHints":{"allow":["GET"]}}],"collection":[{"href":"https:\/\/labeltech.ch\/fr\/wp-json\/wp\/v2\/product"}],"about":[{"href":"https:\/\/labeltech.ch\/fr\/wp-json\/wp\/v2\/types\/product"}],"replies":[{"embeddable":true,"href":"https:\/\/labeltech.ch\/fr\/wp-json\/wp\/v2\/comments?post=11379"}],"wp:featuredmedia":[{"embeddable":true,"href":"https:\/\/labeltech.ch\/fr\/wp-json\/wp\/v2\/media\/11378"}],"wp:attachment":[{"href":"https:\/\/labeltech.ch\/fr\/wp-json\/wp\/v2\/media?parent=11379"}],"wp:term":[{"taxonomy":"product_brand","embeddable":true,"href":"https:\/\/labeltech.ch\/fr\/wp-json\/wp\/v2\/product_brand?post=11379"},{"taxonomy":"product_cat","embeddable":true,"href":"https:\/\/labeltech.ch\/fr\/wp-json\/wp\/v2\/product_cat?post=11379"},{"taxonomy":"product_tag","embeddable":true,"href":"https:\/\/labeltech.ch\/fr\/wp-json\/wp\/v2\/product_tag?post=11379"}],"curies":[{"name":"wp","href":"https:\/\/api.w.org\/{rel}","templated":true}]}}