{"id":11388,"date":"2026-03-25T09:49:13","date_gmt":"2026-03-25T08:49:13","guid":{"rendered":"https:\/\/labeltech.ch\/produkt\/solid-t6-2\/"},"modified":"2026-04-17T17:08:41","modified_gmt":"2026-04-17T15:08:41","slug":"solid-t6-2","status":"publish","type":"product","link":"https:\/\/labeltech.ch\/fr\/produkt\/solid-t6-2\/","title":{"rendered":"SOLID T6-2"},"content":{"rendered":"<h2>Microplex SOLID T6-2 : Impression d&#8217;\u00e9tiquettes par transfert direct ou par transfert thermique<\/h2>\n<p>La SOLID T6-2 de Microplex est une imprimante thermique de 6 pouces pour les \u00e9tiquettes, les \u00e9tiquettes d&#8217;exp\u00e9dition et les tags. Durable et facile \u00e0 int\u00e9grer dans le travail industriel quotidien, elle est \u00e9quip\u00e9e de mani\u00e8re optimale avec une vitesse d&#8217;impression \u00e9lev\u00e9e et des \u00e9mulations extra int\u00e9gr\u00e9es pour les domaines d&#8217;application exigeants de la production \u00e0 la logistique. Avec une r\u00e9solution d&#8217;impression de 300 dpi, un mat\u00e9riau robuste et une interface GPIO, elle peut \u00eatre utilis\u00e9e dans de nombreux domaines d&#8217;application. Gr\u00e2ce \u00e0 son contr\u00f4leur, elle est \u00e9quip\u00e9e de langages d&#8217;impression tels que PCL5, ce qui permet une connexion facile et simple au syst\u00e8me SAP existant.   <\/p>\n<h2>La SOLID T6 perfectionn\u00e9e<\/h2>\n<p>En tant que successeur technologique du Microplex SOLID T6, il constitue une alternative judicieuse, p\u00e9renne et facile \u00e0 int\u00e9grer pour faire progresser votre entreprise en conservant les bonnes fonctions du T6 ou en les am\u00e9liorant encore.<\/p>\n<h3>Des fonctions d&#8217;int\u00e9gration et de workflow plus modernes gr\u00e2ce aux contr\u00f4leurs et \u00e9mulations Microplex<\/h3>\n<p>Le contr\u00f4leur Microplex, qui est au c\u0153ur du traitement des donn\u00e9es et du contr\u00f4le de l&#8217;impression, est sp\u00e9cialement con\u00e7u pour permettre \u00e0 votre entreprise d&#8217;int\u00e9grer facilement la nouvelle imprimante dans ses processus de travail existants. Il offre une large gamme d&#8217;\u00e9mulations en passant automatiquement \u00e0 l&#8217;interface active et, selon l&#8217;interface, \u00e0 l&#8217;\u00e9mulation requise. <\/p>\n<h3>Impression directe int\u00e9gr\u00e9e en standard et fonction avanc\u00e9e d&#8217;\u00e9conomie de ruban<\/h3>\n<p>En standard, la SOLID T6-2 comprend l&#8217;impression par transfert thermique pour les \u00e9tiquettes \u00e0 long terme et l&#8217;impression thermique directe pour les \u00e9tiquettes d&#8217;exp\u00e9dition ou les tickets \u00e0 dur\u00e9e de vie plus courte. La fonction Advanced Ribbon Save, plus flexible, donne \u00e0 la t\u00eate d&#8217;impression une flexibilit\u00e9 suppl\u00e9mentaire et permet d&#8217;adapter les co\u00fbts d&#8217;exploitation gr\u00e2ce \u00e0 diff\u00e9rentes mises en page d&#8217;\u00e9tiquettes. <\/p>\n<h3>Meilleure gestion \u00e0 distance, maintenance rapide et manipulation ais\u00e9e des m\u00e9dias<\/h3>\n<p>Gr\u00e2ce \u00e0 la gestion \u00e0 distance via SOTI Connect, c&#8217;est possible : l&#8217;\u00e9tat, la gestion et la maintenance de l&#8217;appareil peuvent \u00eatre organis\u00e9s de mani\u00e8re centralis\u00e9e. La maintenance simplifi\u00e9e, sans outils, permet de remplacer plus rapidement et plus facilement les supports ou les rubans. Les processus de travail peuvent ainsi se poursuivre rapidement et sans probl\u00e8me.  <\/p>\n<p>En tant que mod\u00e8le compl\u00e9mentaire de la gamme thermique Microplex, la <a href=\"https:\/\/labeltech.ch\/fr\/produkt\/logijet-t6-2\/\" title=\"logiJET T6-2 - Imprimante thermique 6 pouces de la gamme Microplex\">logiJET T6-2<\/a> offre la m\u00eame largeur d&#8217;impression dans un concept de bo\u00eetier alternatif.<\/p>\n<h3>Des applications plus robustes dans des climats et des environnements industriels difficiles<\/h3>\n<p>Pour garantir une utilisation fiable et une impression efficace, une imprimante d&#8217;\u00e9tiquettes industrielle doit \u00eatre adapt\u00e9e aux environnements de production et de logistique difficiles. La SOLID T6-2 est \u00e9quip\u00e9e d&#8217;un bo\u00eetier m\u00e9tallique robuste sp\u00e9cialement con\u00e7u pour les environnements exigeants. Elle peut fonctionner sans probl\u00e8me dans un environnement de travail de 5 \u00e0 40 \u00b0C et avec un taux d&#8217;humidit\u00e9 de 20 \u00e0 80 %, avec une pr\u00e9cision et une vitesse de 16 pouces par seconde.  <\/p>\n<h3>Plus de variantes et de niveaux d&#8217;extension en option pour r\u00e9pondre \u00e0 toutes les exigences<\/h3>\n<p>Outre l&#8217;\u00e9quipement de base, il est possible d&#8217;ajouter des fonctions et des variantes en option sur demande :<\/p>\n<ul>\n<li>Cutter<\/li>\n<li>Largeur d&#8217;impression de 5 pouces<\/li>\n<li>solution de r\u00e9enroulement interne<\/li>\n<li>Modules de distribution<\/li>\n<li>interfaces suppl\u00e9mentaires<\/li>\n<li>ainsi que d&#8217;autres \u00e9mulations<\/li>\n<\/ul>\n<p>Pour plus d&#8217;informations, regardez <a title=\"Vers la fiche technique\" href=\"https:\/\/labeltech.ch\/wp-content\/uploads\/2026\/03\/Datenblatt-Microplex-SOLID-T6-2.pdf\" target=\"_blank\" rel=\"noopener\">ici<\/a>!<\/p>\n<h2>Impression d&#8217;\u00e9tiquettes de la production \u00e0 la distribution<\/h2>\n<p>La SOLID T6-2 est id\u00e9ale pour une utilisation dans la production et la fabrication pour l&#8217;identification de composants, de sous-ensembles trait\u00e9s et de produits finis. En logistique et en entrep\u00f4t, elle est id\u00e9ale pour les \u00e9tiquettes d&#8217;exp\u00e9dition, de palettes et de pr\u00e9paration de commandes. Dans le secteur automobile, elle prend \u00e9galement en charge les \u00e9tiquettes GTL et Small GTL ainsi que l&#8217;int\u00e9gration en ligne. De m\u00eame, gr\u00e2ce \u00e0 sa construction robuste, elle fait ses preuves dans les environnements difficiles de la construction d&#8217;installations, du commerce et de l&#8217;industrie. Elle est \u00e9galement utilis\u00e9e dans le commerce \u00e9lectronique et la distribution, par exemple dans les stations d&#8217;emballage et d&#8217;exp\u00e9dition avanc\u00e9es \u00e0 haut d\u00e9bit, gr\u00e2ce \u00e0 ses performances \u00e9lev\u00e9es.    <\/p>\n<h2>Solutions d&#8217;impression modernes de Microplex<\/h2>\n<p>Gr\u00e2ce \u00e0 leurs fonctions intelligentes et \u00e0 leur facilit\u00e9 d&#8217;int\u00e9gration, les imprimantes <a title=\"Vers Microplex\" href=\"https:\/\/microplex.de\/de\/\" target=\"_blank\" rel=\"noopener noreferrer nofollow\">Microplex <\/a>conviennent aux entreprises int\u00e9ress\u00e9es par des solutions d&#8217;impression innovantes et des applications durables pour leurs activit\u00e9s. Forte de plus de 40 ans d&#8217;exp\u00e9rience, l&#8217;entreprise nord-allemande met l&#8217;accent sur la flexibilit\u00e9, la r\u00e9duction des co\u00fbts et l&#8217;int\u00e9gration facile de ses produits dans les processus de travail existants. Ainsi, la Microplex SOLID T6-2 n&#8217;est pas simplement une &#8220;petite nouvelle&#8221;, mais votre solution d&#8217;impression de demain.  <\/p>\n","protected":false},"excerpt":{"rendered":"<p>Microplex SOLID T6-2 : Impression d&#8217;\u00e9tiquettes par transfert direct ou  [&#8230;]<\/p>\n","protected":false},"featured_media":11387,"comment_status":"closed","ping_status":"closed","template":"","meta":[],"product_brand":[],"product_cat":[83,80],"product_tag":[],"class_list":{"0":"post-11388","1":"product","2":"type-product","3":"status-publish","4":"has-post-thumbnail","6":"product_cat-imprimantes-thermique","7":"product_cat-microplex-fr","9":"first","10":"instock","11":"shipping-taxable","12":"product-type-external"},"_links":{"self":[{"href":"https:\/\/labeltech.ch\/fr\/wp-json\/wp\/v2\/product\/11388","targetHints":{"allow":["GET"]}}],"collection":[{"href":"https:\/\/labeltech.ch\/fr\/wp-json\/wp\/v2\/product"}],"about":[{"href":"https:\/\/labeltech.ch\/fr\/wp-json\/wp\/v2\/types\/product"}],"replies":[{"embeddable":true,"href":"https:\/\/labeltech.ch\/fr\/wp-json\/wp\/v2\/comments?post=11388"}],"wp:featuredmedia":[{"embeddable":true,"href":"https:\/\/labeltech.ch\/fr\/wp-json\/wp\/v2\/media\/11387"}],"wp:attachment":[{"href":"https:\/\/labeltech.ch\/fr\/wp-json\/wp\/v2\/media?parent=11388"}],"wp:term":[{"taxonomy":"product_brand","embeddable":true,"href":"https:\/\/labeltech.ch\/fr\/wp-json\/wp\/v2\/product_brand?post=11388"},{"taxonomy":"product_cat","embeddable":true,"href":"https:\/\/labeltech.ch\/fr\/wp-json\/wp\/v2\/product_cat?post=11388"},{"taxonomy":"product_tag","embeddable":true,"href":"https:\/\/labeltech.ch\/fr\/wp-json\/wp\/v2\/product_tag?post=11388"}],"curies":[{"name":"wp","href":"https:\/\/api.w.org\/{rel}","templated":true}]}}