{"id":11394,"date":"2026-03-25T09:59:40","date_gmt":"2026-03-25T08:59:40","guid":{"rendered":"https:\/\/labeltech.ch\/produkt\/solid-45et\/"},"modified":"2026-04-21T09:40:18","modified_gmt":"2026-04-21T07:40:18","slug":"solid-45et","status":"publish","type":"product","link":"https:\/\/labeltech.ch\/fr\/produkt\/solid-45et\/","title":{"rendered":"SOLID 45ET"},"content":{"rendered":"<p>En tant qu&#8217;imprimante thermique performante, la Microplex SOLID 45ET est l&#8217;imprimante d&#8217;\u00e9tiquettes id\u00e9ale pour les processus logistiques et de production exigeants. Qu&#8217;il s&#8217;agisse d&#8217;\u00e9tiquettes, de tags, de pages de garde ou de documents de flux de travail : La SOLID 45ET convainc par sa vitesse d&#8217;impression tr\u00e8s \u00e9lev\u00e9e et la s\u00e9curit\u00e9 du processus. Gr\u00e2ce \u00e0 sa compatibilit\u00e9 avec de nombreux syst\u00e8mes, elle assure une int\u00e9gration simple dans les processus existants et offre une s\u00e9curit\u00e9 de fonctionnement maximale.  <\/p>\n<p>Il s&#8217;agit d&#8217;un syst\u00e8me d&#8217;impression thermique qui convient \u00e0 la fois \u00e0 l&#8217;impression par transfert thermique et \u00e0 l&#8217;impression directe. En tant qu&#8217;imprimante thermique haut de gamme de 8 pouces, elle a \u00e9t\u00e9 con\u00e7ue pour supporter les charges les plus \u00e9lev\u00e9es en utilisation continue. <\/p>\n<h2>Int\u00e9gration en douceur dans des processus logistiques et de production exigeants<\/h2>\n<p>La technologie d&#8217;impression thermique fusionn\u00e9e avec &#8220;l&#8217;intelligence de l&#8217;imprimante laser&#8221; : l&#8217;imprimante est \u00e9quip\u00e9e du contr\u00f4leur Microplex et prend en charge les \u00e9mulations et diff\u00e9rents langages d&#8217;impression tels que MICROPLEX IDOL, HP PCL 5, ZPLII, EPL, Datamax, Epson FX-80 et IBM Proprinter. Gr\u00e2ce au PCL5, l&#8217;imprimante est compatible avec les imprimantes laser standard et s&#8217;int\u00e8gre facilement dans les environnements SAP et AS\/400 existants, ce qui permet d&#8217;imprimer directement depuis SAP. D&#8217;autres langages d&#8217;impression peuvent \u00eatre ajout\u00e9s sur demande.  <\/p>\n<p>L&#8217;installation des pilotes et des logiciels n\u00e9cessaires est simple et rapide. La prise en charge de plusieurs \u00e9mulations et langages d&#8217;impression facilite l&#8217;int\u00e9gration dans diff\u00e9rents environnements informatiques. <\/p>\n<h3>Domaines d&#8217;application de l&#8217;imprimante thermique<\/h3>\n<p>La SOLID 45ET est polyvalente, notamment pour l&#8217;impression de couvertures et d&#8217;\u00e9tiquettes. Elle est particuli\u00e8rement adapt\u00e9e pour : <\/p>\n<ul>\n<li>\u00c9tiquettes d&#8217;exp\u00e9dition<\/li>\n<li>Etiquettes de prix<\/li>\n<li>\u00c9tiquettes A5<\/li>\n<\/ul>\n<p>De m\u00eame, il est utilis\u00e9 dans de nombreux secteurs tels que la logistique, la production, la pr\u00e9paration de commandes et la distribution.<\/p>\n<h2>  Efficacit\u00e9 et performance<\/h2>\n<p>La Microplex SOLID 45ET \u00e9tablit de nouvelles normes en mati\u00e8re d&#8217;efficacit\u00e9 et de performance dans le domaine de l&#8217;impression thermique. Quelques secondes seulement apr\u00e8s son d\u00e9marrage, elle imprime la premi\u00e8re page et, avec une <strong> <\/strong>impressionnante de jusqu&#8217;\u00e0 300 mm\/s, la SOLID 45ET imprime des \u00e9tiquettes en un temps record. Cela correspond \u00e0 une vitesse d&#8217;impression de 45 pages A4 sur chant par minute avec une r\u00e9solution d&#8217;impression de 300 dpi. Cette vitesse \u00e9lev\u00e9e, combin\u00e9e \u00e0 un d\u00e9marrage rapide de l&#8217;impression et \u00e0 la robustesse de l&#8217;appareil, en fait l&#8217;imprimante parfaite pour les charges permanentes les plus lourdes.  <\/p>\n<h3>Un guidage propre du papier gr\u00e2ce au syst\u00e8me du tracteur<\/h3>\n<p>L&#8217;imprimante Microplex SOLID 45ET est \u00e9quip\u00e9e en standard d&#8217;un tracteur qui assure une alimentation fiable du papier. Les supports \u00e0 imprimer doivent \u00eatre pourvus de perforations sur les bords pour le guidage du tracteur. Ainsi, la bande de papier est guid\u00e9e avec pr\u00e9cision et sans glissement \u00e0 travers l&#8217;imprimante pendant de longues p\u00e9riodes.  <\/p>\n<h3>Double alimentation papier ou alimentation parall\u00e8le<\/h3>\n<p>L&#8217;imprimante d&#8217;\u00e9tiquettes est \u00e9galement disponible en option d&#8217;usine avec un double tracteur. Elle est alors \u00e9quip\u00e9e \u00e0 la fois du double tracteur et d&#8217;un cutter. Gr\u00e2ce aux deux alimentations papier, elle garantit une impression ininterrompue ou une impression &#8220;parall\u00e8le&#8221; sur deux formats de papier diff\u00e9rents (largeur et\/ou longueur).  <\/p>\n<p>Les deux tracteurs peuvent \u00eatre command\u00e9s individuellement, ce qui permet de passer de mani\u00e8re cibl\u00e9e d&#8217;un format de papier \u00e0 l&#8217;autre et\/ou d&#8217;une alimentation \u00e0 l&#8217;autre. En option, le syst\u00e8me &#8220;Dual Traktor&#8221; permet d&#8217;imprimer sans interruption sur diff\u00e9rents supports et dans diff\u00e9rents formats. Ainsi, m\u00eame des formats de papier diff\u00e9rents peuvent \u00eatre trait\u00e9s sans interruption. La SOLID 45ET imprime efficacement avec 1 ou 2 sources de papier.   <\/p>\n<h2>Utilisation et manipulation<\/h2>\n<p>L&#8217;imprimante d&#8217;\u00e9tiquettes Microplex SOLID 45ET est facile \u00e0 utiliser et \u00e0 manipuler. Gr\u00e2ce \u00e0 son panneau de commande intuitif, l&#8217;imprimante peut \u00eatre configur\u00e9e rapidement et facilement. Gr\u00e2ce \u00e0 sa  <strong> <\/strong>Gr\u00e2ce \u00e0 sa conception robuste et \u00e0 ses composants de haute qualit\u00e9, l&#8217;imprimante n\u00e9cessite peu d&#8217;entretien et est fiable au quotidien. Cela permet de minimiser les temps d&#8217;arr\u00eat et d&#8217;assurer un fonctionnement sans faille de l&#8217;imprimante. <\/p>\n<h2>Microplex : Des imprimantes sur mesure pour vos applications industrielles<\/h2>\n<p>Avec plus de 40 ans d&#8217;exp\u00e9rience <a title=\"Cliquez ici pour acc\u00e9der \u00e0 Microplex\" href=\"https:\/\/microplex.de\/de\/\" target=\"_blank\" rel=\"noopener noreferrer nofollow\">, Microplex<\/a> est votre partenaire pour les solutions d&#8217;impression industrielle. Avec pr\u00e9cision, comp\u00e9tence et qualit\u00e9, cette entreprise du nord de l&#8217;Allemagne propose des imprimantes adapt\u00e9es aux processus de travail sp\u00e9cialis\u00e9s. Avec la SOLID 35ET, vous disposez d&#8217;une imprimante d&#8217;\u00e9tiquettes performante pour la logistique, la production et le commerce, qui a \u00e9t\u00e9 con\u00e7ue pr\u00e9cis\u00e9ment pour ces t\u00e2ches. Rapidement int\u00e9gr\u00e9e dans le quotidien, durable et robuste, elle soutient vos collaborateurs et offre ainsi une solution d&#8217;avenir pour votre entreprise.   <\/p>\n<h3>Caract\u00e9ristiques techniques et t\u00e9l\u00e9chargements pour plus d&#8217;informations<\/h3>\n<p>Pour plus d&#8217;informations, nous mettons \u00e0 votre disposition la fiche technique \u00e0 <a title=\"Fiche technique du Microplex SOLID 45ET\" href=\"https:\/\/labeltech.ch\/wp-content\/uploads\/2026\/03\/Datenblatt-Microplex-SOLID-45ET.pdf\" target=\"_blank\" rel=\"noopener\">t\u00e9l\u00e9charger<\/a>.<\/p>\n<p>Contactez-nous pour d\u00e9terminer la configuration la mieux adapt\u00e9e \u00e0 vos besoins.  <a title=\"Contacter Labeltech AG\" href=\"https:\/\/labeltech.ch\/fr\/contact\/\">N&#8217;h\u00e9sitez pas \u00e0 nous demander conseil.<\/a><\/p>\n","protected":false},"excerpt":{"rendered":"<p>En tant qu&#8217;imprimante thermique performante, la Microplex SOLID 45ET est  [&#8230;]<\/p>\n","protected":false},"featured_media":11396,"comment_status":"closed","ping_status":"closed","template":"","meta":[],"product_brand":[],"product_cat":[83,80],"product_tag":[],"class_list":{"0":"post-11394","1":"product","2":"type-product","3":"status-publish","4":"has-post-thumbnail","6":"product_cat-imprimantes-thermique","7":"product_cat-microplex-fr","9":"first","10":"instock","11":"shipping-taxable","12":"product-type-external"},"_links":{"self":[{"href":"https:\/\/labeltech.ch\/fr\/wp-json\/wp\/v2\/product\/11394","targetHints":{"allow":["GET"]}}],"collection":[{"href":"https:\/\/labeltech.ch\/fr\/wp-json\/wp\/v2\/product"}],"about":[{"href":"https:\/\/labeltech.ch\/fr\/wp-json\/wp\/v2\/types\/product"}],"replies":[{"embeddable":true,"href":"https:\/\/labeltech.ch\/fr\/wp-json\/wp\/v2\/comments?post=11394"}],"wp:featuredmedia":[{"embeddable":true,"href":"https:\/\/labeltech.ch\/fr\/wp-json\/wp\/v2\/media\/11396"}],"wp:attachment":[{"href":"https:\/\/labeltech.ch\/fr\/wp-json\/wp\/v2\/media?parent=11394"}],"wp:term":[{"taxonomy":"product_brand","embeddable":true,"href":"https:\/\/labeltech.ch\/fr\/wp-json\/wp\/v2\/product_brand?post=11394"},{"taxonomy":"product_cat","embeddable":true,"href":"https:\/\/labeltech.ch\/fr\/wp-json\/wp\/v2\/product_cat?post=11394"},{"taxonomy":"product_tag","embeddable":true,"href":"https:\/\/labeltech.ch\/fr\/wp-json\/wp\/v2\/product_tag?post=11394"}],"curies":[{"name":"wp","href":"https:\/\/api.w.org\/{rel}","templated":true}]}}