{"id":11405,"date":"2026-03-25T10:05:39","date_gmt":"2026-03-25T09:05:39","guid":{"rendered":"https:\/\/labeltech.ch\/produkt\/solid-60a3\/"},"modified":"2026-04-21T14:30:07","modified_gmt":"2026-04-21T12:30:07","slug":"solid-60a3","status":"publish","type":"product","link":"https:\/\/labeltech.ch\/fr\/produkt\/solid-60a3\/","title":{"rendered":"SOLID 60A3"},"content":{"rendered":"<p>La SOLID 60A3 de Microplex est une imprimante laser feuille \u00e0 feuille performante, optimis\u00e9e pour les applications en flux tendu dans la production, la logistique et l&#8217;exp\u00e9dition. L&#8217;appareil traite des formats de papier allant de DIN A6 \u00e0 DIN A3 et couvre ainsi une diversit\u00e9 de formats exceptionnellement large. Les \u00e9paisseurs de papier de 60 \u00e0 300 g\/m\u00b2 &#8211; jusqu&#8217;\u00e0 256 g\/m\u00b2 en recto verso &#8211; permettent d&#8217;utiliser des supports exigeants qui pousseraient les imprimantes de bureau \u00e0 leurs limites.  <\/p>\n<blockquote>\n<p><a title=\"Vous avez des questions ? Nous vous aidons.\" href=\"https:\/\/labeltech.ch\/fr\/contact\/\">Vous avez des questions ? Nous vous aidons. <\/a><\/p>\n<\/blockquote>\n<h2>Premi\u00e8re sortie rapide et haut d\u00e9bit<\/h2>\n<p>Pour les syst\u00e8mes d&#8217;impression proches du processus, la vitesse de la premi\u00e8re page est souvent plus d\u00e9cisive que la cadence d&#8217;impression continue. La SOLID 60A3 convainc ici par un temps de premi\u00e8re sortie tr\u00e8s rapide, qui permet des cycles courts dans les processus automatis\u00e9s. Le volume d&#8217;impression mensuel recommand\u00e9 peut atteindre 53 000 pages, ce qui la qualifie pour les environnements de production ou d&#8217;exp\u00e9dition de taille moyenne \u00e0 grande.  <\/p>\n<p>Deux bacs \u00e0 papier int\u00e9gr\u00e9s de 550 feuilles et un bac multifonction permettent de disposer de suffisamment de supports et de r\u00e9duire les interruptions de rechargement en cours d&#8217;utilisation. La <a title=\"Microplex SOLID 52A4 Imprimante laser feuille \u00e0 feuille\" href=\"https:\/\/labeltech.ch\/fr\/produkt\/solid-52a4-imprimante-laser-feuille-a-feuille\/\">SOLID 52A4<\/a> offre une alternative plus compacte pour les applications o\u00f9 le format A3 n&#8217;est pas indispensable. <\/p>\n<h2>Impression recto verso et sortie papier flexible<\/h2>\n<p>L&#8217;impression recto verso int\u00e9gr\u00e9e permet d&#8217;imprimer automatiquement sur les deux faces, sans avoir \u00e0 retourner les pages manuellement. Cela est particuli\u00e8rement utile pour les documents d&#8217;accompagnement, les bons de livraison et la documentation de production, pour lesquels les co\u00fbts de papier et les efforts d&#8217;archivage sont importants. Un bac de r\u00e9ception en option permet d&#8217;\u00e9jecter les supports fragiles ou les cartons \u00e9pais en douceur, sans retourner le papier.  <\/p>\n<p>Pour les lignes de production automatis\u00e9es, la SOLID 60A3 offre une option de contr\u00f4le par API GPIO. L&#8217;imprimante peut ainsi \u00eatre directement int\u00e9gr\u00e9e dans des syst\u00e8mes de commande sup\u00e9rieurs et fonctionner comme partie int\u00e9grante d&#8217;une ligne de production ou d&#8217;emballage automatis\u00e9e. Si vous avez besoin de formats encore plus grands et de volumes d&#8217;impression plus importants, la <a title=\"Microplex SOLID 120A3 Imprimante laser feuille \u00e0 feuille\" href=\"https:\/\/labeltech.ch\/fr\/produkt\/solid-120a3\/\">SOLID 120A3<\/a> est une variante plus performante de notre gamme.  <\/p>\n<p>Pour la sortie de formulaires en continu et de papier tracteur perfor\u00e9, la <a href=\"https:\/\/labeltech.ch\/fr\/produkt\/solid-45et\/\" title=\"SOLID 45ET - Imprimante thermique \u00e0 tracteur pour formulaires continus chez Labeltech\">SOLID 45ET<\/a> est recommand\u00e9e comme solution compl\u00e9mentaire de la famille de produits Microplex.<\/p>\n<h2>Traitement de supports d&#8217;impression exigeants<\/h2>\n<p>Une caract\u00e9ristique souvent sous-estim\u00e9e de la SOLID 60A3 est sa capacit\u00e9 \u00e0 traiter des papiers lourds et \u00e9pais. De nombreuses imprimantes laser \u00e9chouent avec des supports d\u00e9passant 200 g\/m\u00b2, car l&#8217;unit\u00e9 de fusion et le guide-papier ne sont pas con\u00e7us pour supporter de telles charges. La SOLID 60A3 traite sans probl\u00e8me les cartons jusqu&#8217;\u00e0 300 g\/m\u00b2, ce qui la qualifie pour les impressions de haute qualit\u00e9, les certificats, les cartes d&#8217;identification et les encarts produits. L&#8217;impression recto verso reste \u00e9galement pleinement op\u00e9rationnelle jusqu&#8217;\u00e0 256 g\/m\u00b2, ce qui permet m\u00eame d&#8217;imprimer sur les deux faces d&#8217;un support lourd.   <\/p>\n<h2>Conclusion : Imprimante laser feuille \u00e0 feuille SOLID 60A3 pour les exigences de format large<\/h2>\n<p>La SOLID 60A3 fait le lien entre les imprimantes laser de bureau compactes et les syst\u00e8mes industriels massifs. Si vous avez besoin d&#8217;une imprimante laser feuille \u00e0 feuille fiable, capable d&#8217;imprimer jusqu&#8217;au format A3, de traiter des supports lourds et de s&#8217;int\u00e9grer dans des processus automatis\u00e9s, vous trouverez ici une solution convaincante.  N&#8217;h\u00e9sitez pas \u00e0 nous contacter pour un conseil personnalis\u00e9 et une comparaison avec d&#8217;autres mod\u00e8les de la famille Microplex.  <a title=\"Contacter Labeltech AG\" href=\"https:\/\/labeltech.ch\/fr\/contact\/\">Contactez-nous d\u00e8s maintenant.<\/a><\/p>\n","protected":false},"excerpt":{"rendered":"<p>La SOLID 60A3 de Microplex est une imprimante laser feuille  [&#8230;]<\/p>\n","protected":false},"featured_media":11404,"comment_status":"closed","ping_status":"closed","template":"","meta":[],"product_brand":[],"product_cat":[81,80],"product_tag":[],"class_list":{"0":"post-11405","1":"product","2":"type-product","3":"status-publish","4":"has-post-thumbnail","6":"product_cat-einzelblatt-laserdrucker-fr","7":"product_cat-microplex-fr","9":"first","10":"instock","11":"shipping-taxable","12":"product-type-external"},"_links":{"self":[{"href":"https:\/\/labeltech.ch\/fr\/wp-json\/wp\/v2\/product\/11405","targetHints":{"allow":["GET"]}}],"collection":[{"href":"https:\/\/labeltech.ch\/fr\/wp-json\/wp\/v2\/product"}],"about":[{"href":"https:\/\/labeltech.ch\/fr\/wp-json\/wp\/v2\/types\/product"}],"replies":[{"embeddable":true,"href":"https:\/\/labeltech.ch\/fr\/wp-json\/wp\/v2\/comments?post=11405"}],"wp:featuredmedia":[{"embeddable":true,"href":"https:\/\/labeltech.ch\/fr\/wp-json\/wp\/v2\/media\/11404"}],"wp:attachment":[{"href":"https:\/\/labeltech.ch\/fr\/wp-json\/wp\/v2\/media?parent=11405"}],"wp:term":[{"taxonomy":"product_brand","embeddable":true,"href":"https:\/\/labeltech.ch\/fr\/wp-json\/wp\/v2\/product_brand?post=11405"},{"taxonomy":"product_cat","embeddable":true,"href":"https:\/\/labeltech.ch\/fr\/wp-json\/wp\/v2\/product_cat?post=11405"},{"taxonomy":"product_tag","embeddable":true,"href":"https:\/\/labeltech.ch\/fr\/wp-json\/wp\/v2\/product_tag?post=11405"}],"curies":[{"name":"wp","href":"https:\/\/api.w.org\/{rel}","templated":true}]}}