{"id":11472,"date":"2026-03-27T09:55:42","date_gmt":"2026-03-27T08:55:42","guid":{"rendered":"https:\/\/labeltech.ch\/produkt\/logijet-t4-hs\/"},"modified":"2026-04-21T15:25:03","modified_gmt":"2026-04-21T13:25:03","slug":"logijet-t4-hs","status":"publish","type":"product","link":"https:\/\/labeltech.ch\/fr\/produkt\/logijet-t4-hs\/","title":{"rendered":"logiJET T4-HS"},"content":{"rendered":"<h2>Imprimante d&#8217;\u00e9tiquettes Microplex LogiJET T4-HS<\/h2>\n<p>L&#8217;imprimante d&#8217;\u00e9tiquettes LogiJET T4-HS de Microplex est une imprimante thermique moderne et performante, sp\u00e9cialement con\u00e7ue pour les applications exigeantes de la production et de la logistique. L&#8217;imprimante Microplex allie ainsi haute performance, traitement fiable et flexibilit\u00e9 maximale en mati\u00e8re d&#8217;int\u00e9gration. Que ce soit dans la production industrielle, la distribution ou dans votre propre domaine d&#8217;application, l&#8217;imprimante garantit des processus efficaces, une qualit\u00e9 \u00e9lev\u00e9e constante et un marquage s\u00fbr de vos produits. L&#8217;imprimante thermique LogiJET T4-HS est donc la solution id\u00e9ale pour les entreprises qui souhaitent optimiser durablement leurs processus.   <\/p>\n<h2>Efficacit\u00e9 maximale gr\u00e2ce \u00e0 une vitesse d&#8217;impression \u00e9lev\u00e9e<\/h2>\n<p>L&#8217;un des principaux avantages du syst\u00e8me est sa vitesse d&#8217;impression impressionnante. Avec des vitesses allant jusqu&#8217;\u00e0 12 pouces (30,48 cm) par seconde ou 300 mm par seconde, la LogiJET T4-HS traite de gros volumes d&#8217;impression en un temps record. Ce rendement \u00e9lev\u00e9 permet d&#8217;imprimer des \u00e9tiquettes de mani\u00e8re efficace et au bon moment. Les processus en flux tendu sont faciles \u00e0 mettre en \u0153uvre, ce qui permet de r\u00e9duire les stocks et d&#8217;acc\u00e9l\u00e9rer les processus.   <\/p>\n<h2>Polyvalence dans diff\u00e9rents secteurs<\/h2>\n<p>La LogiJET T4-HS est une v\u00e9ritable machine polyvalente pour les applications industrielles. Elle convient pour les \u00e9tiquettes, les tags et les applications d&#8217;\u00e9tiquetage classiques et est utilis\u00e9e partout o\u00f9 de grandes quantit\u00e9s doivent \u00eatre trait\u00e9es de mani\u00e8re fiable. Les domaines d&#8217;application typiques sont la production, la logistique, la pr\u00e9paration de commandes ainsi que la distribution.  <\/p>\n<p>Gr\u00e2ce \u00e0 sa grande flexibilit\u00e9, l&#8217;imprimante d&#8217;\u00e9tiquettes thermiques peut \u00eatre utilis\u00e9e seule ou int\u00e9gr\u00e9e dans des syst\u00e8mes automatis\u00e9s. L&#8217;imprimante d&#8217;\u00e9tiquettes thermiques convient donc parfaitement aux entreprises dont les besoins \u00e9voluent. <\/p>\n<h2>Int\u00e9gration transparente gr\u00e2ce \u00e0 des langages d&#8217;impression complets<\/h2>\n<p>L&#8217;un des grands avantages de la Microplex LogiJET T4-HS r\u00e9side dans la prise en charge de nombreux langages et \u00e9mulations. Au total, une quarantaine de langages d&#8217;impression sont disponibles, dont PCL5, IGP, ZPL II ou PDF. De plus, des \u00e9mulations optionnelles telles que Prescribe ou IPDS sont prises en charge.  <\/p>\n<p>Cette large compatibilit\u00e9 permet de continuer \u00e0 utiliser les syst\u00e8mes existants sans grand effort. L&#8217;imprimante peut facilement remplacer les imprimantes laser existantes et s&#8217;int\u00e9grer aux syst\u00e8mes ERP et de production. <\/p>\n<h2>Des interfaces modernes pour une connectivit\u00e9 maximale<\/h2>\n<p>L&#8217;imprimante thermique T4-HS offre un grand nombre d&#8217;interfaces qui permettent une int\u00e9gration flexible. Il s&#8217;agit notamment d&#8217;interfaces USB, LAN et d&#8217;interfaces optionnelles telles que RS232, RS422 et Centronics. Le WLAN est \u00e9galement disponible en option, ce qui rend l&#8217;imprimante thermique d&#8217;\u00e9tiquettes encore plus flexible pour s&#8217;int\u00e9grer dans les infrastructures existantes.  <\/p>\n<h2>Une qualit\u00e9 d&#8217;impression pr\u00e9cise pour des processus fiables<\/h2>\n<p>Outre sa vitesse, l&#8217;imprimante se distingue par une excellente r\u00e9solution d&#8217;impression de 300 dpi. Cela garantit une impression pr\u00e9cise des textes, des codes \u00e0 barres et des graphiques. Dans les processus automatis\u00e9s, une lisibilit\u00e9 claire est essentielle pour \u00e9viter les erreurs et maintenir la stabilit\u00e9 des processus. L&#8217;imprimante d&#8217;\u00e9tiquettes thermiques assure ainsi une qualit\u00e9 \u00e9lev\u00e9e et constante et soutient un traitement ult\u00e9rieur fiable des donn\u00e9es.   <\/p>\n<p>Pour les applications \u00e0 haute vitesse utilisant la technologie du transfert thermique, nous recommandons la <a href=\"https:\/\/labeltech.ch\/fr\/produkt\/logijet-tt8\/\" title=\"logiJET TT8 - Mise \u00e0 niveau du transfert thermique pour l'impression \u00e0 grande vitesse\">logiJET TT8<\/a> comme compl\u00e9ment de transfert thermique de la ligne Microplex.<\/p>\n<h2>Un traitement flexible des m\u00e9dias pour r\u00e9pondre \u00e0 diff\u00e9rents besoins<\/h2>\n<p>L&#8217;imprimante d&#8217;\u00e9tiquettes T4-HS est con\u00e7ue pour une grande vari\u00e9t\u00e9 de mat\u00e9riaux. Elle traite des mat\u00e9riaux tels que le papier et le plastique et convient aux mat\u00e9riaux couch\u00e9s et pr\u00e9imprim\u00e9s. Avec une largeur d&#8217;impression maximale de 105,7 mm et une largeur de support allant jusqu&#8217;\u00e0 118 mm, l&#8217;imprimante offre une marge de man\u0153uvre suffisante pour les applications les plus diverses. Le syst\u00e8me se montre \u00e9galement flexible en ce qui concerne l&#8217;alimentation en supports. Qu&#8217;il s&#8217;agisse d&#8217;un rouleau ou d&#8217;une alimentation externe, l&#8217;imprimante d&#8217;\u00e9tiquettes s&#8217;adapte \u00e0 vos besoins et assure un fonctionnement sans faille.    <\/p>\n<h2>Un contr\u00f4leur puissant pour les t\u00e2ches d&#8217;impression complexes<\/h2>\n<p>Un puissant contr\u00f4leur Flexible Microplex sous la forme du contr\u00f4leur haut de gamme MPC 8.x fonctionne \u00e0 l&#8217;int\u00e9rieur. Celui-ci assure un traitement rapide des donn\u00e9es d&#8217;impression et permet de r\u00e9aliser efficacement les travaux d&#8217;impression les plus complexes. Des fonctions telles que la g\u00e9n\u00e9ration automatique de codes \u00e0 barres ou la gestion interne des formulaires d\u00e9chargent les syst\u00e8mes externes et augmentent la s\u00e9curit\u00e9 des processus. L&#8217;imprimante est donc parfaitement adapt\u00e9e aux applications exigeantes qui requi\u00e8rent vitesse et pr\u00e9cision.   <\/p>\n<h2>Robustesse et fiabilit\u00e9 en milieu industriel<\/h2>\n<p>Microplex a con\u00e7u cette imprimante d&#8217;\u00e9tiquettes pour une utilisation durable dans des environnements industriels. Sa robustesse lui permet de fonctionner de mani\u00e8re fiable, m\u00eame dans les conditions les plus exigeantes. La dur\u00e9e de vie de la t\u00eate d&#8217;impression peut atteindre 50.000 m\u00e8tres en transfert thermique et 25.000 m\u00e8tres en thermique direct. Cela r\u00e9duit les co\u00fbts de maintenance et assure une grande disponibilit\u00e9 au quotidien. Les entreprises b\u00e9n\u00e9ficient de processus stables et d&#8217;une solution \u00e9conomique \u00e0 long terme.    <\/p>\n<h2>Conception compacte et facilit\u00e9 d&#8217;utilisation<\/h2>\n<p>Avec ses dimensions compactes, l&#8217;imprimante thermique T4-HS s&#8217;int\u00e8gre facilement dans les environnements de travail existants. L&#8217;utilisation est simple et pratique, ce qui permet aux employ\u00e9s d&#8217;utiliser l&#8217;imprimante rapidement et efficacement. Cela r\u00e9duit les temps d&#8217;arr\u00eat et assure un fonctionnement sans probl\u00e8me.  <\/p>\n<h2>T\u00e9l\u00e9chargements et informations compl\u00e9mentaires<\/h2>\n<p>Pour des informations techniques d\u00e9taill\u00e9es, vous pouvez <a href=\"https:\/\/labeltech.ch\/wp-content\/uploads\/2026\/03\/Datenblatt-Microplex-logiJET-T4-HS.pdf\">t\u00e9l\u00e9charger<\/a> la fiche technique du produit.<\/p>\n<h2>  Microplex : votre partenaire pour les solutions d&#8217;impression industrielle<\/h2>\n<p><a title=\"Voir le site du fabricant\" href=\"https:\/\/microplex.de\/de\/\" target=\"_blank\" rel=\"noopener noreferrer nofollow\">Microplex<\/a> est un fabricant bien \u00e9tabli de syst\u00e8mes d&#8217;impression industriels et est synonyme de solutions innovantes et de pointe. L&#8217;entreprise accorde une grande importance \u00e0 la qualit\u00e9, \u00e0 l&#8217;int\u00e9gration et \u00e0 la durabilit\u00e9. Avec la Microplex LogiJET T4-HS, vous disposez d&#8217;une imprimante d&#8217;\u00e9tiquettes performante, sp\u00e9cialement con\u00e7ue pour les applications exigeantes de la production et de la logistique. La combinaison de ses performances, de sa flexibilit\u00e9 et de sa robustesse en fait une solution d&#8217;avenir pour votre entreprise.   <\/p>\n","protected":false},"excerpt":{"rendered":"<p>Imprimante d&#8217;\u00e9tiquettes Microplex LogiJET T4-HS L&#8217;imprimante d&#8217;\u00e9tiquettes LogiJET T4-HS de  [&#8230;]<\/p>\n","protected":false},"featured_media":11474,"comment_status":"closed","ping_status":"closed","template":"","meta":[],"product_brand":[],"product_cat":[83,80],"product_tag":[],"class_list":{"0":"post-11472","1":"product","2":"type-product","3":"status-publish","4":"has-post-thumbnail","6":"product_cat-imprimantes-thermique","7":"product_cat-microplex-fr","9":"first","10":"instock","11":"shipping-taxable","12":"product-type-external"},"_links":{"self":[{"href":"https:\/\/labeltech.ch\/fr\/wp-json\/wp\/v2\/product\/11472","targetHints":{"allow":["GET"]}}],"collection":[{"href":"https:\/\/labeltech.ch\/fr\/wp-json\/wp\/v2\/product"}],"about":[{"href":"https:\/\/labeltech.ch\/fr\/wp-json\/wp\/v2\/types\/product"}],"replies":[{"embeddable":true,"href":"https:\/\/labeltech.ch\/fr\/wp-json\/wp\/v2\/comments?post=11472"}],"wp:featuredmedia":[{"embeddable":true,"href":"https:\/\/labeltech.ch\/fr\/wp-json\/wp\/v2\/media\/11474"}],"wp:attachment":[{"href":"https:\/\/labeltech.ch\/fr\/wp-json\/wp\/v2\/media?parent=11472"}],"wp:term":[{"taxonomy":"product_brand","embeddable":true,"href":"https:\/\/labeltech.ch\/fr\/wp-json\/wp\/v2\/product_brand?post=11472"},{"taxonomy":"product_cat","embeddable":true,"href":"https:\/\/labeltech.ch\/fr\/wp-json\/wp\/v2\/product_cat?post=11472"},{"taxonomy":"product_tag","embeddable":true,"href":"https:\/\/labeltech.ch\/fr\/wp-json\/wp\/v2\/product_tag?post=11472"}],"curies":[{"name":"wp","href":"https:\/\/api.w.org\/{rel}","templated":true}]}}