{"id":2619,"date":"2019-07-29T12:39:36","date_gmt":"2019-07-29T10:39:36","guid":{"rendered":"https:\/\/labeltech.ch\/produkt\/epson-c831\/"},"modified":"2026-04-17T16:57:54","modified_gmt":"2026-04-17T14:57:54","slug":"epson-c831","status":"publish","type":"product","link":"https:\/\/labeltech.ch\/fr\/produkt\/epson-c831\/","title":{"rendered":"Epson ColorWorks C831"},"content":{"rendered":"<ul>\n<li>Imprimante d&#8217;\u00e9tiquettes GHS<\/li>\n<li class=\"even\">Id\u00e9al pour les grandes \u00e9tiquettes, y compris les grands f\u00fbts et l&#8217;\u00e9tiquetage de produits chimiques<\/li>\n<li class=\"odd\">Imprimante industrielle \u00e0 jet d&#8217;encre avec alimentation par tracteur<\/li>\n<li class=\"even\">Vitesse d&#8217;impression \u00e9lev\u00e9e, jusqu&#8217;\u00e0 91,7 mm\/sec.<\/li>\n<li class=\"odd\">Haute r\u00e9solution d&#8217;impression jusqu&#8217;\u00e0 5 760 \u00d7 1 440 dpi<\/li>\n<li class=\"even\">Conforme aux exigences de la norme BS5609<\/li>\n<li class=\"odd\">Cartouches individuelles s\u00e9par\u00e9es de grande capacit\u00e9<\/li>\n<\/ul>\n<p>L&#8217;Epson ColorWorks C831 est une imprimante d&#8217;\u00e9tiquettes industrielle \u00e0 jet d&#8217;encre, id\u00e9ale pour l&#8217;\u00e9tiquetage de grands f\u00fbts et de produits chimiques. Conforme aux normes GHS et BS5609, elle combine tous les avantages d&#8217;une imprimante \u00e0 jet d&#8217;encre robuste avec la pr\u00e9cision d&#8217;un tracteur \u00e0 8 aiguilles. <\/p>\n<h2>Qu&#8217;est-ce qu&#8217;une imprimante d&#8217;\u00e9tiquettes \u00e0 jet d&#8217;encre Micro Piezo ?<\/h2>\n<p style=\"font-weight: 400\">L&#8217;Epson ColorWorks C831 est une imprimante d&#8217;\u00e9tiquettes \u00e0 jet d&#8217;encre Micro Piezo, mais qu&#8217;est-ce que cela signifie exactement ? La technologie utilis\u00e9e par l&#8217;imprimante est appel\u00e9e Micro Piezo. Elle utilise de minuscules cristaux pi\u00e9zo\u00e9lectriques dans la buse d&#8217;impression. Ils assurent la pulv\u00e9risation pr\u00e9cise des gouttelettes d&#8217;encre sur l&#8217;\u00e9tiquette. Gr\u00e2ce \u00e0 cette technique d&#8217;impression, l&#8217;imprimante d&#8217;\u00e9tiquettes couleur Epson offre une pr\u00e9cision et une qualit\u00e9 d&#8217;impression maximales.    <\/p>\n<p style=\"font-weight: 400\">Ainsi, l&#8217;Epson ColorWorks C381 permet d&#8217;imprimer des codes \u00e0 barres avanc\u00e9s et des textes et photos d&#8217;une grande nettet\u00e9. Vous obtenez ainsi des \u00e9tiquettes couleur pr\u00e9cises de la plus haute qualit\u00e9. <\/p>\n<h2>Haute fiabilit\u00e9 de la ColorWorks C831<\/h2>\n<p style=\"font-weight: 400\">En outre, la ColorWorks C831 d&#8217;Epson offre une vitesse d&#8217;impression particuli\u00e8rement \u00e9lev\u00e9e. L&#8217;imprimante r\u00e9pond ainsi aux exigences \u00e9lev\u00e9es des lignes de production industrielles. Gr\u00e2ce \u00e0 sa conception robuste, l&#8217;imprimante d&#8217;\u00e9tiquettes ColorWorks offre une long\u00e9vit\u00e9 et une fiabilit\u00e9 exceptionnelles. M\u00eame en cas de gros volumes d&#8217;impression, l&#8217;imprimante Epson peut fournir jusqu&#8217;\u00e0 cinq ans d&#8217;impression sans perte de qualit\u00e9. Gr\u00e2ce \u00e0 la technologie brevet\u00e9e d&#8217;Epson, les buses de la t\u00eate d&#8217;impression sont prot\u00e9g\u00e9es. Ainsi, l&#8217;imprimante peut \u00eatre utilis\u00e9e sans probl\u00e8me dans des environnements exigeants.     <\/p>\n<h2>Un v\u00e9ritable concentr\u00e9 de puissance<\/h2>\n<p style=\"font-weight: 400\">M\u00eame dans le monde en constante \u00e9volution de la technologie d&#8217;impression, l&#8217;Epson ColorWorks C831 est un v\u00e9ritable concentr\u00e9 de puissance qui offre des performances et une pr\u00e9cision impressionnantes. L&#8217;imprimante est con\u00e7ue pour \u00eatre efficace et peut imprimer \u00e0 une vitesse allant jusqu&#8217;\u00e0 19,7 pages par minute en mode dit Super Draft. Cela signifie que vous pouvez r\u00e9aliser les travaux d&#8217;impression les plus volumineux en un temps record, sans faire de compromis sur la qualit\u00e9.  <\/p>\n<p>L&#8217;<a href=\"https:\/\/labeltech.ch\/fr\/produkt\/epson-colorworks-c4000e\/\" title=\"Epson ColorWorks C4000e - Successeur modernis\u00e9 de la ligne C831\">Epson ColorWorks C4000e<\/a> est le successeur actuel de la gamme Epson ColorWorks de bureau et offre une meilleure brillance des couleurs et une chimie des encres modernis\u00e9e.<\/p>\n<p style=\"font-weight: 400\">L&#8217;une des caract\u00e9ristiques remarquables de la C831 est sa capacit\u00e9 \u00e0 g\u00e9rer les bourrages papier en quelques secondes. D\u00e8s qu&#8217;une erreur se produit, le papier est automatiquement lib\u00e9r\u00e9 et le flux de travail peut reprendre sans interruption. Vous pouvez \u00e9galement contr\u00f4ler le papier en appuyant sur un bouton.  <\/p>\n<h2>Ma\u00eetre des t\u00e2ches exigeantes<\/h2>\n<p style=\"font-weight: 400\">L&#8217;Epson ColorWorks C381 est id\u00e9ale pour les entreprises qui ont besoin d&#8217;\u00e9tiquettes de grande taille, que ce soit pour l&#8217;identification de grands f\u00fbts ou pour des t\u00e2ches exigeantes d&#8217;\u00e9tiquetage chimique. Avec sa certification BS5609, elle est conforme aux derni\u00e8res normes SGH en mati\u00e8re d&#8217;\u00e9tiquetage chimique et garantit que vos \u00e9tiquettes r\u00e9pondent aux exigences de s\u00e9curit\u00e9 et de conformit\u00e9 requises. <\/p>\n<p style=\"font-weight: 400\">De m\u00eame, l&#8217;utilisation de cartouches individuelles s\u00e9par\u00e9es de grande capacit\u00e9 vous permet de r\u00e9aliser des \u00e9conomies, car vous ne remplacez que l&#8217;encre n\u00e9cessaire, sans produire de d\u00e9chets inutiles. Avec l&#8217;Epson ColorWorks C831, vous b\u00e9n\u00e9ficiez non seulement de performances de qualit\u00e9, mais aussi d&#8217;une solution \u00e9conomique qui r\u00e9pond aux besoins de votre entreprise. <\/p>\n<h2>Int\u00e9gration transparente<\/h2>\n<p style=\"font-weight: 400\">Il est essentiel d&#8217;int\u00e9grer en toute transparence une imprimante d&#8217;\u00e9tiquettes couleur dans votre environnement de travail existant. Avec l&#8217;Epson ColorWorks C831, cette int\u00e9gration se fait sans effort. Avec ses interfaces standard, notamment parall\u00e8le, USB et LAN 100\/10BASE, l&#8217;imprimante offre un large \u00e9ventail d&#8217;options pour s&#8217;assurer qu&#8217;elle s&#8217;int\u00e8gre parfaitement \u00e0 votre syst\u00e8me.  <\/p>\n<p style=\"font-weight: 400\">Que vous ayez besoin d&#8217;une connexion rapide via USB ou d&#8217;une connexion r\u00e9seau pour plusieurs utilisateurs, la C831 vous offre la flexibilit\u00e9 dont vous avez besoin. Vous b\u00e9n\u00e9ficiez ainsi d&#8217;une polyvalence fiable qui optimise votre impression d&#8217;\u00e9tiquettes. <\/p>\n<h2>Encre pigment\u00e9e Epson DURABrite Ultra<\/h2>\n<p style=\"font-weight: 400\">L&#8217;utilisation de l&#8217;encre pigment\u00e9e DURABrite Ultra d&#8217;Epson produit des impressions durables sur tous les supports, qui sont non seulement r\u00e9sistantes au maculage et \u00e0 l&#8217;eau, mais aussi \u00e0 la lumi\u00e8re. Ces caract\u00e9ristiques garantissent que vos \u00e9tiquettes et marquages restent lisibles et de qualit\u00e9, m\u00eame dans les conditions les plus exigeantes. Avec l&#8217;Epson ColorWorks C831, vous obtenez non seulement des impressions pr\u00e9cises et de haute qualit\u00e9, mais aussi la certitude qu&#8217;elles r\u00e9sisteront aux environnements les plus difficiles.  <\/p>\n","protected":false},"excerpt":{"rendered":"<p>Imprimante d&#8217;\u00e9tiquettes GHS Id\u00e9al pour les grandes \u00e9tiquettes, y compris  [&#8230;]<\/p>\n","protected":false},"featured_media":1796,"comment_status":"closed","ping_status":"closed","template":"","meta":[],"product_brand":[],"product_cat":[104,68,120],"product_tag":[],"class_list":{"0":"post-2619","1":"product","2":"type-product","3":"status-publish","4":"has-post-thumbnail","6":"product_cat-epson-fr","7":"product_cat-imprimantes-couleur","8":"product_cat-les-solutions","10":"first","11":"instock","12":"shipping-taxable","13":"product-type-external"},"_links":{"self":[{"href":"https:\/\/labeltech.ch\/fr\/wp-json\/wp\/v2\/product\/2619","targetHints":{"allow":["GET"]}}],"collection":[{"href":"https:\/\/labeltech.ch\/fr\/wp-json\/wp\/v2\/product"}],"about":[{"href":"https:\/\/labeltech.ch\/fr\/wp-json\/wp\/v2\/types\/product"}],"replies":[{"embeddable":true,"href":"https:\/\/labeltech.ch\/fr\/wp-json\/wp\/v2\/comments?post=2619"}],"wp:featuredmedia":[{"embeddable":true,"href":"https:\/\/labeltech.ch\/fr\/wp-json\/wp\/v2\/media\/1796"}],"wp:attachment":[{"href":"https:\/\/labeltech.ch\/fr\/wp-json\/wp\/v2\/media?parent=2619"}],"wp:term":[{"taxonomy":"product_brand","embeddable":true,"href":"https:\/\/labeltech.ch\/fr\/wp-json\/wp\/v2\/product_brand?post=2619"},{"taxonomy":"product_cat","embeddable":true,"href":"https:\/\/labeltech.ch\/fr\/wp-json\/wp\/v2\/product_cat?post=2619"},{"taxonomy":"product_tag","embeddable":true,"href":"https:\/\/labeltech.ch\/fr\/wp-json\/wp\/v2\/product_tag?post=2619"}],"curies":[{"name":"wp","href":"https:\/\/api.w.org\/{rel}","templated":true}]}}