{"id":2625,"date":"2019-07-29T12:42:38","date_gmt":"2019-07-29T10:42:38","guid":{"rendered":"https:\/\/labeltech.ch\/produkt\/primera-lx2000e\/"},"modified":"2026-04-17T16:57:58","modified_gmt":"2026-04-17T14:57:58","slug":"primera-lx3000e","status":"publish","type":"product","link":"https:\/\/labeltech.ch\/fr\/produkt\/primera-lx3000e\/","title":{"rendered":"LX4000e"},"content":{"rendered":"<h2>Le nouveau syst\u00e8me Big Ink\u2122 assure un faible co\u00fbt par \u00e9tiquette tout en offrant une vitesse et une qualit\u00e9 d&#8217;impression exceptionnelles.<\/h2>\n<p>L&#8217;<strong>imprimante d&#8217;\u00e9tiquettes couleur LX4000e<\/strong> est dot\u00e9e du syst\u00e8me innovant Big Ink\u2122 qui permet de r\u00e9duire les co\u00fbts d&#8217;impression tout en garantissant une excellente vitesse d&#8217;impression et une qualit\u00e9 exceptionnelle. Bas\u00e9e sur le mod\u00e8le \u00e9prouv\u00e9 LX910e de Primera\u00ae, la LX4000e dispose en plus de grands r\u00e9servoirs d&#8217;encre s\u00e9par\u00e9s pour les couleurs cyan, magenta et jaune, ainsi que d&#8217;une t\u00eate d&#8217;impression \u00e0 jet d&#8217;encre thermique r\u00e9utilisable de longue dur\u00e9e. <\/p>\n<p>Gr\u00e2ce \u00e0 l&#8217;astucieux syst\u00e8me ClearView, vous pouvez facilement et \u00e0 tout moment garder un \u0153il sur votre consommation d&#8217;encre sans avoir \u00e0 ouvrir l&#8217;imprimante. La LX4000e produit des \u00e9tiquettes photor\u00e9alistes en couleurs, avec des codes-barres et des graphiques d&#8217;une grande nettet\u00e9 sur des \u00e9tiquettes qui r\u00e9sistent particuli\u00e8rement bien \u00e0 l&#8217;eau et aux rayures. <\/p>\n<p data-pm-slice=\"1 1 []\">Choisissez entre l&#8217;encre \u00e0 base de colorants et l&#8217;encre pigment\u00e9e, selon vos besoins. Les deux types d&#8217;encre offrent des couleurs brillantes, une longue dur\u00e9e de vie et une densit\u00e9 optique \u00e9lev\u00e9e. Vos \u00e9tiquettes sont impressionnantes avec des photos brillantes, des illustrations vivantes, des graphiques, du texte net et des codes \u00e0 barres. Imprimez vos \u00e9tiquettes de mani\u00e8re flexible et personnalis\u00e9e, au moment o\u00f9 vous en avez besoin et en quantit\u00e9 suffisante.   <\/p>\n<h2>Efficace, \u00e9conomique et facile \u00e0 utiliser<\/h2>\n<p>Avec ses r\u00e9servoirs d&#8217;encre de grande capacit\u00e9 et sa t\u00eate d&#8217;impression robuste et r\u00e9utilisable, la LX4000e est l&#8217;une des imprimantes les plus \u00e9conomiques de sa cat\u00e9gorie. La LX4000e est \u00e9galement facile \u00e0 utiliser et intuitive, de l&#8217;installation initiale rapide \u00e0 l&#8217;utilisation quotidienne. <\/p>\n<p>En tant que successeur actuel de la ligne de produits LX, la <a href=\"https:\/\/labeltech.ch\/fr\/produkt\/lx910e\/\" title=\"LX910e - Successeur actuel dans la ligne d'impression couleur LX\">LX910e<\/a> offre une meilleure brillance des couleurs et une vitesse d&#8217;impression plus \u00e9lev\u00e9e.<\/p>\n<p>Tout ce dont vous avez besoin pour commencer est inclus : un rouleau de d\u00e9marrage d&#8217;\u00e9tiquettes, une t\u00eate d&#8217;impression r\u00e9utilisable (encre \u00e0 base de colorant ou de pigment, au choix), des r\u00e9servoirs d&#8217;encre CMY (\u00e9galement \u00e0 base de colorant ou de pigment, au choix) et un c\u00e2ble USB. Des logiciels de conception gratuits pour Windows (BarTender\u00ae UltraLite DTM Edition et NiceLabel Free DTM Edition) et Mac (Belight Swift Publisher 5) sont disponibles sur notre site web pour un t\u00e9l\u00e9chargement facile. <\/p>\n<p><strong>Quelques minutes apr\u00e8s le d\u00e9ballage, vous cr\u00e9ez d\u00e9j\u00e0 des \u00e9tiquettes professionnelles d&#8217;une qualit\u00e9 de couleur brillante !<\/strong><\/p>\n<h3>Caract\u00e9ristiques<\/h3>\n<ul>\n<li><strong>Vitesse d&#8217;impression rapide<\/strong> &#8211; jusqu&#8217;\u00e0 114 mm par seconde assurent une production d&#8217;\u00e9tiquettes rapide et efficace.<\/li>\n<li><strong>Une qualit\u00e9 d&#8217;impression \u00e9clatante<\/strong> &#8211; 4800 ppp d&#8217;impression en quadrichromie avec un impressionnant 16,7 millions de couleurs.<\/li>\n<li><strong>R\u00e9servoirs d&#8217;encre individuels haute capacit\u00e9<\/strong> &#8211; Syst\u00e8me d&#8217;encre innovant avec trois r\u00e9servoirs d&#8217;encre CMY s\u00e9par\u00e9s (60 ml chacun) et t\u00eate d&#8217;impression r\u00e9utilisable \u00e0 longue dur\u00e9e de vie.<\/li>\n<li><strong>Bo\u00eetier m\u00e9tallique robuste<\/strong> &#8211; Bo\u00eetier m\u00e9tallique certifi\u00e9 avec rev\u00eatement par poudre, id\u00e9al pour la construction de machines et d&#8217;installations ainsi que pour les zones soumises \u00e0 des exigences de compatibilit\u00e9 \u00e9lectromagn\u00e9tique.<\/li>\n<li><strong>Cutter int\u00e9gr\u00e9<\/strong> &#8211; Coupe-\u00e9tiquette int\u00e9gr\u00e9 avec lame circulaire fiable.<\/li>\n<li><strong>Connectivit\u00e9 flexible<\/strong> &#8211; USB 2.0 et connexion r\u00e9seau via Ethernet.<\/li>\n<li><strong>Grands formats d&#8217;\u00e9tiquettes<\/strong> &#8211; des largeurs d&#8217;impression allant jusqu&#8217;\u00e0 210 mm permettent de nombreuses applications.<\/li>\n<\/ul>\n<p>&nbsp;<\/p>\n<p>&nbsp;<\/p><\/p>\n","protected":false},"excerpt":{"rendered":"<p>Le nouveau syst\u00e8me Big Ink\u2122 assure un faible co\u00fbt par  [&#8230;]<\/p>\n","protected":false},"featured_media":11190,"comment_status":"closed","ping_status":"closed","template":"","meta":[],"product_brand":[],"product_cat":[68],"product_tag":[],"class_list":{"0":"post-2625","1":"product","2":"type-product","3":"status-publish","4":"has-post-thumbnail","6":"product_cat-imprimantes-couleur","8":"first","9":"instock","10":"shipping-taxable","11":"product-type-external"},"_links":{"self":[{"href":"https:\/\/labeltech.ch\/fr\/wp-json\/wp\/v2\/product\/2625","targetHints":{"allow":["GET"]}}],"collection":[{"href":"https:\/\/labeltech.ch\/fr\/wp-json\/wp\/v2\/product"}],"about":[{"href":"https:\/\/labeltech.ch\/fr\/wp-json\/wp\/v2\/types\/product"}],"replies":[{"embeddable":true,"href":"https:\/\/labeltech.ch\/fr\/wp-json\/wp\/v2\/comments?post=2625"}],"wp:featuredmedia":[{"embeddable":true,"href":"https:\/\/labeltech.ch\/fr\/wp-json\/wp\/v2\/media\/11190"}],"wp:attachment":[{"href":"https:\/\/labeltech.ch\/fr\/wp-json\/wp\/v2\/media?parent=2625"}],"wp:term":[{"taxonomy":"product_brand","embeddable":true,"href":"https:\/\/labeltech.ch\/fr\/wp-json\/wp\/v2\/product_brand?post=2625"},{"taxonomy":"product_cat","embeddable":true,"href":"https:\/\/labeltech.ch\/fr\/wp-json\/wp\/v2\/product_cat?post=2625"},{"taxonomy":"product_tag","embeddable":true,"href":"https:\/\/labeltech.ch\/fr\/wp-json\/wp\/v2\/product_tag?post=2625"}],"curies":[{"name":"wp","href":"https:\/\/api.w.org\/{rel}","templated":true}]}}