{"id":2631,"date":"2019-07-29T12:36:54","date_gmt":"2019-07-29T10:36:54","guid":{"rendered":"https:\/\/labeltech.ch\/produkt\/vip-vp600\/"},"modified":"2026-04-17T16:57:46","modified_gmt":"2026-04-17T14:57:46","slug":"vip-vp600","status":"publish","type":"product","link":"https:\/\/labeltech.ch\/fr\/produkt\/vip-vp600\/","title":{"rendered":"VIP VP610"},"content":{"rendered":"<p>L&#8217;imprimante d&#8217;\u00e9tiquettes couleur VP610 est sp\u00e9cialement con\u00e7ue pour les petites et moyennes entreprises et offre une technologie d&#8217;impression \u00e0 jet d&#8217;encre avanc\u00e9e \u00e0 une fraction du co\u00fbt des imprimantes d&#8217;\u00e9tiquettes couleur industrielles traditionnelles.<\/p>\n<p>Mod\u00e8le plus puissant de la gamme VIPColor, la <a href=\"https:\/\/labeltech.ch\/fr\/produkt\/vip-vp700\/\" title=\"VIP VP700 - Extension puissante de la ligne VIPColor\">VIP VP700<\/a> offre une vitesse d&#8217;impression accrue et des options d&#8217;encre avanc\u00e9es.<\/p>\n<h2>Principaux avantages du VIP VP610<\/h2>\n<ul>\n<li><strong>Vitesse d&#8217;impression \u00e9lev\u00e9e :<\/strong> avec jusqu&#8217;\u00e0 12 pouces par seconde (305 mm\/s), vous pouvez imprimer jusqu&#8217;\u00e0 1 800 \u00e9tiquettes de 6\u00d74 pouces en moins de 10 minutes.<\/li>\n<li><strong>Qualit\u00e9 d&#8217;impression exceptionnelle :<\/strong> une r\u00e9solution de 1 600 x 1 600 dpi garantit des couleurs \u00e9clatantes et un texte d&#8217;une grande nettet\u00e9, ce qui renforce votre image de marque.<\/li>\n<li><strong>Rentabilit\u00e9 :<\/strong> les r\u00e9servoirs d&#8217;encre individuels de 250 ml r\u00e9duisent les co\u00fbts de remplacement et permettent des impressions plus longues entre les changements d&#8217;encre.<\/li>\n<li><strong>Flexibilit\u00e9 :<\/strong> imprimez de 1 \u00e0 10 000 \u00e9tiquettes \u00e0 la demande, sans avoir \u00e0 attendre des stocks pr\u00e9-imprim\u00e9s.<\/li>\n<li><strong>Design compact :<\/strong> le VP610 s&#8217;adapte aux espaces restreints, ce qui le rend id\u00e9al pour une utilisation sur un bureau.<\/li>\n<\/ul>\n<h2>Sp\u00e9cifications techniques du VIP VP610<\/h2>\n<ul>\n<li><strong>Vitesse d&#8217;impression :<\/strong> 6 pouces par seconde (152 mm\/s) pour la meilleure qualit\u00e9 ; 12 pouces par seconde (305 mm\/s) pour une qualit\u00e9 standard.<\/li>\n<li><strong>R\u00e9solution d&#8217;impression :<\/strong> 1 600 x 1 600 dpi ou 1 600 x 800 dpi.<\/li>\n<li><strong>Compatibilit\u00e9 des supports :<\/strong> papier brillant, mat et plastique ; largeur imprimable de 2 \u00e0 8,5 pouces ; \u00e9paisseur maximale du support de 0,3 mm.<\/li>\n<li><strong>Fonctions :<\/strong> Cinq r\u00e9servoirs d&#8217;encre CYMKK individuels de 250 ml, m\u00e9canisme d&#8217;impression et de maintien brevet\u00e9, d\u00e9rouleur externe pour rouleaux de 8 pouces de diam\u00e8tre ext\u00e9rieur et de 3 pouces de diam\u00e8tre du mandrin, t\u00eate d&#8217;impression rempla\u00e7able et massicot int\u00e9gr\u00e9.<\/li>\n<li><strong>Garantie :<\/strong> 5 millions de pouces ou 1 an, selon la premi\u00e8re \u00e9ventualit\u00e9.<\/li>\n<li><strong>Compatibilit\u00e9 logicielle :<\/strong> prend en charge toutes les applications compatibles MS Windows telles qu&#8217;Adobe Illustrator, Bartender, <a title=\"En savoir plus sur Loftware Nicelabel\" href=\"https:\/\/labeltech.ch\/fr\/produkt\/loftware-nicelabel\/\" target=\"_blank\" rel=\"noopener\">Nicelabel<\/a> et CorelDRAW.<\/li>\n<\/ul>\n<p>La VP610 vous permet d&#8217;imprimer des \u00e9tiquettes avec des informations variables, telles que des codes QR ou des codes de date, en une seule \u00e9tape, ce qui augmente l&#8217;efficacit\u00e9 et \u00e9limine les temps d&#8217;attente pour les \u00e9tiquettes pr\u00e9-imprim\u00e9es. De plus, l&#8217;imprimante utilise des encres \u00e0 colorant non toxiques et \u00e0 base d&#8217;eau, sans danger pour les \u00e9tiquettes alimentaires \u00e0 contact indirect. <\/p>\n<p>La VP610 est la solution id\u00e9ale pour les entreprises qui ont besoin de commandes dynamiques ou saisonni\u00e8res, de donn\u00e9es variables ou de plusieurs variantes et langues sur leurs \u00e9tiquettes. Elle convient aux applications dans les secteurs de la chimie, du bricolage, de l&#8217;alimentation et des boissons, de la nutraceutique, de la m\u00e9decine, de la logistique et de la vente au d\u00e9tail. <\/p>\n<p>D\u00e9couvrez les avantages de l&#8217;imprimante d&#8217;\u00e9tiquettes couleur VP610 et mettez en valeur votre image de marque avec des \u00e9tiquettes personnalis\u00e9es de haute qualit\u00e9.<\/p>\n<p><strong>Si vous avez des questions sur le VIP VP610, n&#8217;h\u00e9sitez pas \u00e0 nous contacter.<\/strong><\/p>\n<p><a title=\"Si vous avez des questions sur le VIP VP610, n'h\u00e9sitez pas \u00e0 nous contacter.\" href=\"https:\/\/labeltech.ch\/fr\/contact\/\">Obtenez un conseil complet d\u00e8s maintenant !<\/a><\/p>\n","protected":false},"excerpt":{"rendered":"<p>L&#8217;imprimante d&#8217;\u00e9tiquettes couleur VP610 est sp\u00e9cialement con\u00e7ue pour les petites  [&#8230;]<\/p>\n","protected":false},"featured_media":10703,"comment_status":"closed","ping_status":"closed","template":"","meta":[],"product_brand":[],"product_cat":[132,68],"product_tag":[],"class_list":{"0":"post-2631","1":"product","2":"type-product","3":"status-publish","4":"has-post-thumbnail","6":"product_cat-couleur-vip","7":"product_cat-imprimantes-couleur","9":"first","10":"instock","11":"shipping-taxable","12":"product-type-external"},"_links":{"self":[{"href":"https:\/\/labeltech.ch\/fr\/wp-json\/wp\/v2\/product\/2631","targetHints":{"allow":["GET"]}}],"collection":[{"href":"https:\/\/labeltech.ch\/fr\/wp-json\/wp\/v2\/product"}],"about":[{"href":"https:\/\/labeltech.ch\/fr\/wp-json\/wp\/v2\/types\/product"}],"replies":[{"embeddable":true,"href":"https:\/\/labeltech.ch\/fr\/wp-json\/wp\/v2\/comments?post=2631"}],"wp:featuredmedia":[{"embeddable":true,"href":"https:\/\/labeltech.ch\/fr\/wp-json\/wp\/v2\/media\/10703"}],"wp:attachment":[{"href":"https:\/\/labeltech.ch\/fr\/wp-json\/wp\/v2\/media?parent=2631"}],"wp:term":[{"taxonomy":"product_brand","embeddable":true,"href":"https:\/\/labeltech.ch\/fr\/wp-json\/wp\/v2\/product_brand?post=2631"},{"taxonomy":"product_cat","embeddable":true,"href":"https:\/\/labeltech.ch\/fr\/wp-json\/wp\/v2\/product_cat?post=2631"},{"taxonomy":"product_tag","embeddable":true,"href":"https:\/\/labeltech.ch\/fr\/wp-json\/wp\/v2\/product_tag?post=2631"}],"curies":[{"name":"wp","href":"https:\/\/api.w.org\/{rel}","templated":true}]}}