{"id":2643,"date":"2019-07-29T15:35:35","date_gmt":"2019-07-29T13:35:35","guid":{"rendered":"https:\/\/labeltech.ch\/produkt\/barcode-etiketten\/"},"modified":"2026-04-17T17:00:21","modified_gmt":"2026-04-17T15:00:21","slug":"etiquettes-promotionnelles","status":"publish","type":"product","link":"https:\/\/labeltech.ch\/fr\/produkt\/etiquettes-promotionnelles\/","title":{"rendered":"\u00c9tiquettes \u00e0 code-barres"},"content":{"rendered":"<ul class=\"csc-bulletlist csc-bulletlist-0\">\n<li class=\"odd\">Petits et grands tirages (500 ex. &#8211; millions de tirages)<\/li>\n<li class=\"even\">Disponible en impression monochrome ou polychrome<\/li>\n<li class=\"odd\">4&#8217;000 outils de d\u00e9coupe diff\u00e9rents en stock<\/li>\n<li class=\"even\">Vaste choix de papiers standard et de mat\u00e9riaux synth\u00e9tiques<\/li>\n<li class=\"odd\">Adh\u00e9sif fort, adh\u00e9sif permanent, d\u00e9tachable, facile \u00e0 d\u00e9tacher, cong\u00e9lation<\/li>\n<li class=\"even\">Adh\u00e9sifs conformes aux normes alimentaires<\/li>\n<li class=\"odd\">Disponible \u00e9galement en version partiellement gomm\u00e9e et avec d\u00e9coupe de s\u00e9paration dans l&#8217;\u00e9tiquette<\/li>\n<li class=\"even\">Livraison en rouleaux, en kits, \u00e0 l&#8217;unit\u00e9 et en bo\u00eetes en carton<\/li>\n<\/ul>\n<p>Les \u00e9tiquettes \u00e0 code-barres sont aujourd&#8217;hui indispensables dans la logistique moderne et le commerce de d\u00e9tail. En tant qu&#8217;expert en \u00e9tiquetage et en impression, nous vous proposons une large gamme d&#8217;\u00e9tiquettes adapt\u00e9es \u00e0 une multitude d&#8217;applications. Vous trouverez ainsi dans notre gamme la solution parfaite pour votre \u00e9tiquetage.  <\/p>\n<h2>Comment fonctionnent les \u00e9tiquettes \u00e0 code-barres ?<\/h2>\n<p>Les \u00e9tiquettes \u00e0 codes-barres sont des \u00e9tiquettes sp\u00e9ciales imprim\u00e9es avec un code unique lisible par une machine. Ces codes-barres sont constitu\u00e9s d&#8217;une combinaison de barres noires et d&#8217;espaces blancs de diff\u00e9rentes largeurs qui peuvent \u00eatre lus rapidement et avec pr\u00e9cision \u00e0 l&#8217;aide de scanners ou de lecteurs de codes-barres. <\/p>\n<p>Les codes \u00e0 barres contiennent des informations importantes sur le produit, telles que le prix, la r\u00e9f\u00e9rence ou l&#8217;emplacement de stockage, et sont un outil indispensable dans la gestion moderne des stocks et la logistique. Gr\u00e2ce \u00e0 leur facilit\u00e9 d&#8217;utilisation et \u00e0 leur capacit\u00e9 \u00e0 traiter efficacement de grandes quantit\u00e9s de donn\u00e9es, les \u00e9tiquettes \u00e0 codes \u00e0 barres sont devenues la norme dans de nombreux secteurs. <\/p>\n<p>Pour une impression fiable d&#8217;\u00e9tiquettes \u00e0 codes \u00e0 barres dans un environnement industriel, nous recommandons nos <a href=\"https:\/\/labeltech.ch\/fr\/produits\/systemes-dimpression\/industriel\/\" title=\"Syst\u00e8mes d'impression industriels - Imprimante haute performance pour \u00e9tiquettes codes \u00e0 barres\">syst\u00e8mes d&#8217;impression industriels<\/a>.<\/p>\n<div class=\"flex-1 overflow-hidden\">\n<div class=\"h-full\">\n<div class=\"react-scroll-to-bottom--css-ncxma-79elbk h-full\">\n<div class=\"react-scroll-to-bottom--css-ncxma-1n7m0yu\">\n<div class=\"flex flex-col text-sm md:pb-9\">\n<div class=\"w-full text-token-text-primary\" dir=\"auto\" data-testid=\"conversation-turn-23\" data-scroll-anchor=\"true\">\n<div class=\"text-base py-[18px] px-3 md:px-4 m-auto md:px-5 lg:px-1 xl:px-5\">\n<div class=\"mx-auto flex flex-1 gap-4 text-base md:gap-5 lg:gap-6 md:max-w-3xl lg:max-w-[40rem] xl:max-w-[48rem]\">\n<div class=\"group\/conversation-turn relative flex w-full min-w-0 flex-col agent-turn\">\n<div class=\"flex-col gap-1 md:gap-3\">\n<div class=\"flex flex-grow flex-col max-w-full\">\n<div class=\"min-h-[20px] text-message flex w-full flex-col items-end gap-2 whitespace-pre-wrap break-words [.text-message+&amp;]:mt-5 overflow-x-auto\" dir=\"auto\" data-message-author-role=\"assistant\" data-message-id=\"f25e3703-d383-46d4-ab4c-6412ea16fdda\">\n<div class=\"flex w-full flex-col gap-1 empty:hidden first:pt-[3px]\">\n<div class=\"markdown prose w-full break-words dark:prose-invert dark\">\n<h2>Avantages des \u00e9tiquettes \u00e0 code-barres<\/h2>\n<\/div>\n<\/div>\n<\/div>\n<\/div>\n<\/div>\n<\/div>\n<\/div>\n<\/div>\n<\/div>\n<\/div>\n<\/div>\n<\/div>\n<\/div>\n<\/div>\n<ul>\n<li><strong>Gestion efficace des stocks :<\/strong> les \u00e9tiquettes \u00e0 code-barres permettent un suivi rapide et pr\u00e9cis des stocks, facilitent les inventaires et r\u00e9duisent les erreurs humaines gr\u00e2ce \u00e0 la saisie automatique des donn\u00e9es.<\/li>\n<li><strong>Gain de temps :<\/strong> la num\u00e9risation des codes \u00e0 barres est beaucoup plus rapide que la saisie manuelle des donn\u00e9es. Cela r\u00e9duit les temps de traitement et am\u00e9liore l&#8217;efficacit\u00e9 op\u00e9rationnelle. <\/li>\n<li><strong>R\u00e9duction des co\u00fbts :<\/strong> l&#8217;automatisation de la saisie des donn\u00e9es permet de r\u00e9duire les co\u00fbts de main-d&#8217;\u0153uvre et de minimiser les co\u00fbts li\u00e9s aux erreurs en r\u00e9duisant le nombre d&#8217;interventions manuelles.<\/li>\n<li><strong>Pr\u00e9cision am\u00e9lior\u00e9e :<\/strong> les codes \u00e0 barres r\u00e9duisent les erreurs gr\u00e2ce \u00e0 un transfert d&#8217;informations pr\u00e9cis et automatis\u00e9. Chaque code-barres est unique et fournit des donn\u00e9es pr\u00e9cises sur un produit sp\u00e9cifique. <\/li>\n<li><strong>Int\u00e9gration facile :<\/strong> les syst\u00e8mes de codes \u00e0 barres s&#8217;int\u00e8grent facilement dans les infrastructures informatiques existantes, car ils sont compatibles avec les syst\u00e8mes ERP ou de gestion d&#8217;entrep\u00f4t courants.<\/li>\n<li><strong>Productivit\u00e9 accrue :<\/strong> la saisie rapide et pr\u00e9cise des donn\u00e9es gr\u00e2ce aux codes \u00e0 barres am\u00e9liore la productivit\u00e9 des employ\u00e9s, qui passent moins de temps \u00e0 effectuer des t\u00e2ches manuelles.<\/li>\n<\/ul>\n<h2>Des \u00e9tiquettes personnalis\u00e9es pour chaque projet<\/h2>\n<p>Chez Labeltech, vous trouverez une large gamme de diff\u00e9rentes \u00e9tiquettes \u00e0 code-barres pour votre entreprise. Que vous ayez besoin d&#8217;un petit tirage de 500 exemplaires ou d&#8217;une grande production de millions d&#8217;\u00e9tiquettes, nous avons la solution qui vous convient. Nos \u00e9tiquettes peuvent \u00eatre imprim\u00e9es en une ou plusieurs couleurs et sont disponibles dans diff\u00e9rents formats et mat\u00e9riaux. Avec plus de 4.000 outils de d\u00e9coupe en stock, nous vous offrons un large choix de papiers standard et de mat\u00e9riaux synth\u00e9tiques.   <\/p>\n<p>Pour le secteur alimentaire, nous proposons des adh\u00e9sifs conformes aux normes alimentaires. En outre, nos \u00e9tiquettes sont \u00e9galement disponibles partiellement gomm\u00e9es et avec des d\u00e9coupes de s\u00e9paration pour r\u00e9pondre \u00e0 vos besoins sp\u00e9cifiques. Nous fournissons des \u00e9tiquettes dans diff\u00e9rents formats, y compris des rouleaux, des kits, \u00e0 l&#8217;unit\u00e9 ou dans des bo\u00eetes en carton, afin que vous puissiez les utiliser de mani\u00e8re pratique et efficace.  <\/p>\n<h2>Une utilisation polyvalente<\/h2>\n<p>Les \u00e9tiquettes \u00e0 code-barres sont indispensables dans de nombreux secteurs et offrent de nombreuses possibilit\u00e9s d&#8217;utilisation :<\/p>\n<ul>\n<li><strong>Commerce de d\u00e9tail :<\/strong> encaissement rapide et pr\u00e9cis, suivi des stocks et tarification.<\/li>\n<li><strong>Logistique et entreposage :<\/strong> contr\u00f4les efficaces des marchandises entrantes et sortantes, suivi des envois et gestion des stocks.<\/li>\n<li><strong>Production :<\/strong> suivi des processus de fabrication, des composants et des \u00e9tapes de production.<\/li>\n<li><strong>Services de soins de sant\u00e9 :<\/strong> Gestion des m\u00e9dicaments, des dossiers des patients et des \u00e9quipements m\u00e9dicaux.<\/li>\n<li><strong>Industrie alimentaire :<\/strong> garantir la tra\u00e7abilit\u00e9, la s\u00e9curit\u00e9 alimentaire et la dur\u00e9e de conservation.<\/li>\n<li><strong>Biblioth\u00e8ques :<\/strong> gestion et pr\u00eat de livres et de m\u00e9dias.<\/li>\n<li><strong>Gestion des outils et des machines :<\/strong> suivi et gestion des \u00e9quipements, des outils et des pi\u00e8ces de rechange.<\/li>\n<\/ul>\n<h2>Diff\u00e9rents types de codes \u00e0 barres<\/h2>\n<p>Il existe de nombreux formats de codes \u00e0 barres, chacun \u00e9tant optimis\u00e9 pour des applications diff\u00e9rentes. <strong>Les codes EAN <\/strong>(European Article Number) sont tr\u00e8s r\u00e9pandus dans le commerce de d\u00e9tail et permettent d&#8217;identifier clairement les produits dans le monde entier. <strong>Les codes QR<\/strong> permettent de scanner rapidement et facilement des donn\u00e9es complexes telles que des URL, du texte ou des informations de contact et sont particuli\u00e8rement utiles dans les applications num\u00e9riques et mobiles.<\/p>\n<p><strong>Le code 128<\/strong> est un syst\u00e8me de code \u00e0 barres alphanum\u00e9rique haute densit\u00e9, adapt\u00e9 au codage complet de lettres, de chiffres et de caract\u00e8res de contr\u00f4le, id\u00e9al pour la logistique et l&#8217;exp\u00e9dition. <strong>Le code 39<\/strong>, quant \u00e0 lui, est un code \u00e0 barres alphanum\u00e9rique plus simple, souvent utilis\u00e9 dans les secteurs de l&#8217;industrie et de la sant\u00e9 pour identifier des donn\u00e9es telles que les num\u00e9ros de s\u00e9rie et les num\u00e9ros d&#8217;article. Il existe \u00e9galement de nombreux autres types de codes \u00e0 barres. Chacun de ces types de codes-barres poss\u00e8de des caract\u00e9ristiques sp\u00e9cifiques qui les rendent particuli\u00e8rement adapt\u00e9s \u00e0 diff\u00e9rents domaines d&#8217;application. Que vous choisissiez le code EAN, le code QR ou d&#8217;autres codes, nous fournissons les \u00e9tiquettes appropri\u00e9es.   <\/p>\n<h2>Commande et service<\/h2>\n<p>Avec plus de 20 ans d&#8217;exp\u00e9rience dans le secteur, Labeltech est votre interlocuteur professionnel pour tous vos besoins en mati\u00e8re de syst\u00e8mes d&#8217;\u00e9tiquetage et d&#8217;impression. Que vous ayez besoin d&#8217;\u00e9tiquettes \u00e0 code-barres sur mesure r\u00e9pondant aux exigences sp\u00e9cifiques de votre secteur ou que vous recherchiez des solutions d&#8217;impression compl\u00e8tes pour vos produits, nous vous offrons la meilleure qualit\u00e9 et la plus grande fiabilit\u00e9. <\/p>\n<p>Ensemble, optimisons vos processus d&#8217;\u00e9tiquetage et rendons votre logistique plus efficace. <a title=\"Contacter maintenant\" href=\"https:\/\/labeltech.ch\/fr\/contact\/\">Contactez-nous<\/a> d\u00e8s aujourd&#8217;hui pour en savoir plus sur nos nombreuses options d&#8217;\u00e9tiquetage et nos solutions sur mesure. Nous sommes impatients de r\u00e9aliser vos projets et de vous aider \u00e0 r\u00e9pondre \u00e0 vos besoins en mati\u00e8re d&#8217;\u00e9tiquetage ! <\/p>\n","protected":false},"excerpt":{"rendered":"<p>Petits et grands tirages (500 ex. &#8211; millions de tirages)  [&#8230;]<\/p>\n","protected":false},"featured_media":1865,"comment_status":"closed","ping_status":"closed","template":"","meta":[],"product_brand":[],"product_cat":[78],"product_tag":[],"class_list":{"0":"post-2643","1":"product","2":"type-product","3":"status-publish","4":"has-post-thumbnail","6":"product_cat-etiquettes","8":"first","9":"instock","10":"shipping-taxable","11":"product-type-simple"},"_links":{"self":[{"href":"https:\/\/labeltech.ch\/fr\/wp-json\/wp\/v2\/product\/2643","targetHints":{"allow":["GET"]}}],"collection":[{"href":"https:\/\/labeltech.ch\/fr\/wp-json\/wp\/v2\/product"}],"about":[{"href":"https:\/\/labeltech.ch\/fr\/wp-json\/wp\/v2\/types\/product"}],"replies":[{"embeddable":true,"href":"https:\/\/labeltech.ch\/fr\/wp-json\/wp\/v2\/comments?post=2643"}],"wp:featuredmedia":[{"embeddable":true,"href":"https:\/\/labeltech.ch\/fr\/wp-json\/wp\/v2\/media\/1865"}],"wp:attachment":[{"href":"https:\/\/labeltech.ch\/fr\/wp-json\/wp\/v2\/media?parent=2643"}],"wp:term":[{"taxonomy":"product_brand","embeddable":true,"href":"https:\/\/labeltech.ch\/fr\/wp-json\/wp\/v2\/product_brand?post=2643"},{"taxonomy":"product_cat","embeddable":true,"href":"https:\/\/labeltech.ch\/fr\/wp-json\/wp\/v2\/product_cat?post=2643"},{"taxonomy":"product_tag","embeddable":true,"href":"https:\/\/labeltech.ch\/fr\/wp-json\/wp\/v2\/product_tag?post=2643"}],"curies":[{"name":"wp","href":"https:\/\/api.w.org\/{rel}","templated":true}]}}