{"id":2657,"date":"2019-07-29T15:39:05","date_gmt":"2019-07-29T13:39:05","guid":{"rendered":"https:\/\/labeltech.ch\/produkt\/rouleaux-en-continu-non-adhesif\/"},"modified":"2026-04-17T17:07:35","modified_gmt":"2026-04-17T15:07:35","slug":"rouleaux-en-continu-non-adhesif","status":"publish","type":"product","link":"https:\/\/labeltech.ch\/fr\/produkt\/rouleaux-en-continu-non-adhesif\/","title":{"rendered":"Rouleaux continus non adh\u00e9sifs"},"content":{"rendered":"<ul class=\"csc-bulletlist csc-bulletlist-0\">\n<li class=\"odd\">Qualit\u00e9s de papier et de plastique de diff\u00e9rentes \u00e9paisseurs<\/li>\n<li class=\"even\">Impression thermique directe et par transfert thermique<\/li>\n<li class=\"odd\">Impression en une ou plusieurs couleurs<\/li>\n<li class=\"even\">Entailles d\u00e9coup\u00e9es<\/li>\n<li class=\"odd\">Impression possible au recto et au verso<\/li>\n<li class=\"even\">Blackmark ou encoches pour le capteur<\/li>\n<li class=\"odd\">Perforations pour les \u00e9tiquettes volantes<\/li>\n<li class=\"even\">\u00c9galement en mat\u00e9riaux r\u00e9sistants \u00e0 la d\u00e9chirure<\/li>\n<li class=\"odd\">Avec d\u00e9coupe pour le fil<\/li>\n<\/ul>\n<p>Chez Labeltech, nous proposons des rouleaux continus d&#8217;\u00e9tiquettes non adh\u00e9sives de haute qualit\u00e9, sp\u00e9cialement con\u00e7us pour r\u00e9pondre aux besoins d&#8217;une grande vari\u00e9t\u00e9 d&#8217;industries, notamment pharmaceutiques, commerciales et industrielles. Nos rouleaux d&#8217;\u00e9tiquettes sont polyvalents et conviennent \u00e0 la fois aux imprimantes thermiques et aux imprimantes couleur. La longueur continue des rouleaux permet d&#8217;adapter les \u00e9tiquettes de mani\u00e8re flexible, ce qui vous permet de r\u00e9aliser les formats les plus divers dans votre imprimante d&#8217;\u00e9tiquettes.  <\/p>\n<h2>Options de personnalisation et mat\u00e9riaux<\/h2>\n<p>Nos rouleaux continus non adh\u00e9sifs sont disponibles dans divers mod\u00e8les afin que vous puissiez trouver la solution adapt\u00e9e \u00e0 vos besoins. Qu&#8217;il s&#8217;agisse d&#8217;\u00e9tiquettes en papier classiques ou de variantes sp\u00e9ciales avec blackmark ou encoches pour capteurs, nous vous aidons \u00e0 trouver le produit qui vous convient. De plus, les \u00e9tiquettes peuvent \u00eatre fournies en diff\u00e9rentes largeurs et longueurs afin de s&#8217;adapter parfaitement \u00e0 vos besoins. Si vous avez des besoins sp\u00e9cifiques, nous serons heureux de vous conseiller afin de vous apporter le meilleur soutien pour vos applications.   <\/p>\n<p>Pour l&#8217;impression professionnelle sur supports continus, nous vous recommandons de jeter un coup d&#8217;\u0153il \u00e0 nos <a href=\"https:\/\/labeltech.ch\/fr\/produits\/microplex\/\" title=\"Imprimante Microplex - Solutions sp\u00e9ciales pour les mat\u00e9riaux continus\">imprimantes Microplex<\/a> \u00e0 technologie laser et thermique en continu.<\/p>\n<h2>Polyvalence et possibilit\u00e9s d&#8217;utilisation<\/h2>\n<p>Les possibilit\u00e9s d&#8217;utilisation de nos rouleaux sont pratiquement illimit\u00e9es. Ils conviennent parfaitement \u00e0 l&#8217;<a title=\"Nos solutions pour l'industrie alimentaire\" href=\"https:\/\/labeltech.ch\/fr\/solutions-dimpression\/alimentation\/\">industrie alimentaire<\/a>, <a title=\"Nos solutions pour l'industrie pharmaceutique\" href=\"https:\/\/labeltech.ch\/fr\/solutions-dimpression\/industrie-pharmaceutique\/\">aux soins de sant\u00e9<\/a> et \u00e0 la <a title=\"Nos solutions pour la logistique\" href=\"https:\/\/labeltech.ch\/fr\/solutions-dimpression\/secteur-de-la-logistique\/\">logistique<\/a>. Dans le secteur pharmaceutique en particulier, il est crucial que les \u00e9tiquettes soient conformes aux r\u00e9glementations les plus strictes. Nos produits r\u00e9pondent aux normes de qualit\u00e9 les plus \u00e9lev\u00e9es et conviennent \u00e0 une utilisation dans des zones sensibles.   <\/p>\n<h2>Conseil et assistance personnalis\u00e9s<\/h2>\n<p>Nous savons que chaque secteur et chaque entreprise a des besoins uniques. C&#8217;est pourquoi, chez Labeltech, nous vous offrons des conseils complets pour vous aider \u00e0 trouver la meilleure solution possible \u00e0 vos besoins d&#8217;\u00e9tiquetage. Que vous ayez des questions sp\u00e9cifiques ou que vous ayez besoin d&#8217;aide pour choisir le produit qui vous convient, nous sommes l\u00e0 pour vous aider. Il vous suffit de nous faire part de vos besoins et notre \u00e9quipe s&#8217;assurera que vous obtenez la meilleure solution, adapt\u00e9e \u00e0 vos besoins.   <\/p>\n<h2>Vos rouleaux continus de Labeltech<\/h2>\n<p>Si vous recherchez une solution fiable et flexible pour vos besoins d&#8217;impression d&#8217;\u00e9tiquettes, Labeltech est la bonne adresse. Nos rouleaux vous permettent de cr\u00e9er des \u00e9tiquettes de diff\u00e9rents formats, adapt\u00e9es \u00e0 vos besoins. Nous sommes impatients de vous fournir la solution d&#8217;\u00e9tiquetage parfaite pour votre entreprise.  <\/p>\n","protected":false},"excerpt":{"rendered":"<p>Qualit\u00e9s de papier et de plastique de diff\u00e9rentes \u00e9paisseurs Impression  [&#8230;]<\/p>\n","protected":false},"featured_media":1870,"comment_status":"closed","ping_status":"closed","template":"","meta":[],"product_brand":[],"product_cat":[78],"product_tag":[],"class_list":{"0":"post-2657","1":"product","2":"type-product","3":"status-publish","4":"has-post-thumbnail","6":"product_cat-etiquettes","8":"first","9":"instock","10":"shipping-taxable","11":"product-type-simple"},"_links":{"self":[{"href":"https:\/\/labeltech.ch\/fr\/wp-json\/wp\/v2\/product\/2657","targetHints":{"allow":["GET"]}}],"collection":[{"href":"https:\/\/labeltech.ch\/fr\/wp-json\/wp\/v2\/product"}],"about":[{"href":"https:\/\/labeltech.ch\/fr\/wp-json\/wp\/v2\/types\/product"}],"replies":[{"embeddable":true,"href":"https:\/\/labeltech.ch\/fr\/wp-json\/wp\/v2\/comments?post=2657"}],"wp:featuredmedia":[{"embeddable":true,"href":"https:\/\/labeltech.ch\/fr\/wp-json\/wp\/v2\/media\/1870"}],"wp:attachment":[{"href":"https:\/\/labeltech.ch\/fr\/wp-json\/wp\/v2\/media?parent=2657"}],"wp:term":[{"taxonomy":"product_brand","embeddable":true,"href":"https:\/\/labeltech.ch\/fr\/wp-json\/wp\/v2\/product_brand?post=2657"},{"taxonomy":"product_cat","embeddable":true,"href":"https:\/\/labeltech.ch\/fr\/wp-json\/wp\/v2\/product_cat?post=2657"},{"taxonomy":"product_tag","embeddable":true,"href":"https:\/\/labeltech.ch\/fr\/wp-json\/wp\/v2\/product_tag?post=2657"}],"curies":[{"name":"wp","href":"https:\/\/api.w.org\/{rel}","templated":true}]}}