{"id":2661,"date":"2019-07-29T15:31:04","date_gmt":"2019-07-29T13:31:04","guid":{"rendered":"https:\/\/labeltech.ch\/produkt\/etiquettes\/"},"modified":"2026-04-17T16:59:44","modified_gmt":"2026-04-17T14:59:44","slug":"etiquettes","status":"publish","type":"product","link":"https:\/\/labeltech.ch\/fr\/produkt\/etiquettes\/","title":{"rendered":"\u00c9tiquettes"},"content":{"rendered":"<ul class=\"csc-bulletlist csc-bulletlist-0\">\n<li class=\"odd\">Petits et grands tirages (500 ex. &#8211; millions de tirages)<\/li>\n<li class=\"even\">Vierge ou avec impression<\/li>\n<li class=\"odd\">\u00c9galement avec impression au verso (Blackmark)<\/li>\n<li class=\"even\">4&#8217;000 outils de d\u00e9coupe diff\u00e9rents en stock<\/li>\n<li class=\"odd\">Perfor\u00e9es, fendues ou jeux d&#8217;\u00e9tiquettes<\/li>\n<li class=\"even\">Pour toutes les m\u00e9thodes d&#8217;impression : Transfert thermique, thermique direct, jet d&#8217;encre, laser<\/li>\n<li class=\"odd\">Large choix de papiers standard et synth\u00e9tiques, textile et duplex<\/li>\n<li class=\"even\">Fortement adh\u00e9sif, adh\u00e9sif permanent, d\u00e9tachable, facilement d\u00e9tachable, soluble dans l&#8217;eau<\/li>\n<li class=\"odd\">Disponible \u00e9galement en version partiellement caoutchout\u00e9e<\/li>\n<li class=\"even\">Livraison en rouleaux ou pli\u00e9 en zigzag<\/li>\n<li class=\"odd\">Garantie de fonctionnement pour tous les types d&#8217;imprimantes<\/li>\n<\/ul>\n<p>Lorsqu&#8217;il s&#8217;agit d&#8217;\u00e9tiqueter et d&#8217;imprimer des \u00e9tiquettes, Labeltech est votre interlocuteur professionnel. Chez nous, vous trouverez tout ce dont vous avez besoin pour vos projets d&#8217;\u00e9tiquetage, qu&#8217;il s&#8217;agisse de petits ou de grands tirages. Avec plus de 4000 outils de d\u00e9coupe diff\u00e9rents en stock, nous pouvons proposer presque toutes les tailles et formes que vous pouvez imaginer. Nos \u00e9tiquettes sont disponibles \u00e0 la fois en blanc et avec une impression personnalis\u00e9e. Que vous ayez besoin d&#8217;\u00e9tiquettes d&#8217;exp\u00e9dition, d&#8217;\u00e9tiquettes d&#8217;adresse ou d&#8217;\u00e9tiquettes universelles, nous avons le produit qu&#8217;il vous faut.    <\/p>\n<h2>Les \u00e9tiquettes auto-adh\u00e9sives et leurs avantages<\/h2>\n<p>Nos \u00e9tiquettes sont disponibles dans diff\u00e9rents formats et mat\u00e9riaux afin de r\u00e9pondre \u00e0 tous vos besoins. Nous proposons aussi bien du papier standard que des mat\u00e9riaux synth\u00e9tiques, du textile et du duplex. Nos \u00e9tiquettes sont disponibles en diff\u00e9rentes forces d&#8217;adh\u00e9rence : de l&#8217;adh\u00e9sif fort et permanent aux variantes facilement d\u00e9tachables et solubles \u00e0 l&#8217;eau. Nous proposons \u00e9galement des \u00e9tiquettes partiellement gomm\u00e9es. Vous pouvez ainsi \u00eatre s\u00fbr que vos \u00e9tiquettes sont parfaitement adapt\u00e9es \u00e0 vos applications sp\u00e9cifiques. Que vous souhaitiez acheter des \u00e9tiquettes \u00e0 bas prix ou que vous recherchiez des solutions sp\u00e9cifiques de haute qualit\u00e9, nous vous proposons un large choix.     <\/p>\n<p>Pour l&#8217;impression professionnelle de ces \u00e9tiquettes, vous trouverez dans l&#8217;<a href=\"https:\/\/labeltech.ch\/fr\/produits\/systemes-dimpression\/\" title=\"Syst\u00e8mes d'impression - Toutes les imprimantes d'\u00e9tiquettes de Labeltech\">aper\u00e7u des syst\u00e8mes d&#8217;impression<\/a> l&#8217;imprimante d&#8217;\u00e9tiquettes adapt\u00e9e \u00e0 vos besoins.<\/p>\n<h2>Imprimer des \u00e9tiquettes pour tous les besoins<\/h2>\n<p>Nos \u00e9tiquettes sont compatibles avec une grande vari\u00e9t\u00e9 de m\u00e9thodes d&#8217;impression, y compris le transfert thermique, le thermique direct, le jet d&#8217;encre et le laser. Cela signifie que vous pouvez obtenir d&#8217;excellents r\u00e9sultats avec n&#8217;importe quelle imprimante, quel que soit le type d&#8217;\u00e9tiquette dont vous avez besoin. De plus, nous proposons nos \u00e9tiquettes \u00e0 la fois sous forme de rouleaux et pli\u00e9es en zigzag pour vous offrir une flexibilit\u00e9 de traitement maximale. Vous pouvez \u00e9galement acheter des \u00e9tiquettes imprim\u00e9es sp\u00e9cialement adapt\u00e9es \u00e0 vos besoins.   <\/p>\n<h2>\u00c9tiquettes en rouleau et \u00e9tiquettes universelles pour la logistique<\/h2>\n<p>Notre gamme de produits comprend les solutions d&#8217;\u00e9tiquetage les plus diverses de marques connues, r\u00e9put\u00e9es pour leur durabilit\u00e9 et leur facilit\u00e9 d&#8217;utilisation. Ces \u00e9tiquettes de haute qualit\u00e9 sont parfaites pour l&#8217;exp\u00e9dition ou l&#8217;identification de produits et offrent une adh\u00e9rence fiable sur une grande vari\u00e9t\u00e9 de surfaces. Que vous recherchiez des \u00e9tiquettes transparentes, des variantes autocollantes ou des \u00e9tiquettes d&#8217;application sp\u00e9ciales, vous trouverez chez nous exactement ce dont vous avez besoin. Nos <a title=\"Vers nos \u00e9tiquettes jet d'encre en rouleau\" href=\"https:\/\/labeltech.ch\/fr\/produkt\/etiquettes-jet-dencre-en-rouleaux\/\">\u00e9tiquettes en rouleau <\/a>, par exemple, conviennent parfaitement \u00e0 la logistique et \u00e0 l&#8217;exp\u00e9dition de colis.   <\/p>\n<h2>Votre interlocuteur pour des solutions d&#8217;\u00e9tiquetage de qualit\u00e9<\/h2>\n<p>Notre vaste gamme d&#8217;\u00e9tiquettes universelles vous permet d&#8217;accomplir presque toutes les t\u00e2ches. Nos \u00e9tiquettes ne sont pas seulement faciles \u00e0 imprimer, elles sont aussi extr\u00eamement robustes et faciles \u00e0 utiliser. D\u00e9couvrez en ligne la multitude de solutions d&#8217;\u00e9tiquettes que nous mettons \u00e0 votre disposition. Si vous avez des questions ou si vous souhaitez un conseil personnalis\u00e9, contactez-nous d\u00e8s aujourd&#8217;hui. Que vous ayez besoin d&#8217;\u00e9tiquettes pour l&#8217;exp\u00e9dition, le marquage ou des applications sp\u00e9cifiques, nous avons la solution qui vous convient. <a title=\"Contacter maintenant\" href=\"https:\/\/labeltech.ch\/fr\/contact\/\">Contactez-nous maintenant<\/a>.    <\/p>\n","protected":false},"excerpt":{"rendered":"<p>Petits et grands tirages (500 ex. &#8211; millions de tirages)  [&#8230;]<\/p>\n","protected":false},"featured_media":1858,"comment_status":"closed","ping_status":"closed","template":"","meta":[],"product_brand":[],"product_cat":[78],"product_tag":[],"class_list":{"0":"post-2661","1":"product","2":"type-product","3":"status-publish","4":"has-post-thumbnail","6":"product_cat-etiquettes","8":"first","9":"instock","10":"shipping-taxable","11":"product-type-simple"},"_links":{"self":[{"href":"https:\/\/labeltech.ch\/fr\/wp-json\/wp\/v2\/product\/2661","targetHints":{"allow":["GET"]}}],"collection":[{"href":"https:\/\/labeltech.ch\/fr\/wp-json\/wp\/v2\/product"}],"about":[{"href":"https:\/\/labeltech.ch\/fr\/wp-json\/wp\/v2\/types\/product"}],"replies":[{"embeddable":true,"href":"https:\/\/labeltech.ch\/fr\/wp-json\/wp\/v2\/comments?post=2661"}],"wp:featuredmedia":[{"embeddable":true,"href":"https:\/\/labeltech.ch\/fr\/wp-json\/wp\/v2\/media\/1858"}],"wp:attachment":[{"href":"https:\/\/labeltech.ch\/fr\/wp-json\/wp\/v2\/media?parent=2661"}],"wp:term":[{"taxonomy":"product_brand","embeddable":true,"href":"https:\/\/labeltech.ch\/fr\/wp-json\/wp\/v2\/product_brand?post=2661"},{"taxonomy":"product_cat","embeddable":true,"href":"https:\/\/labeltech.ch\/fr\/wp-json\/wp\/v2\/product_cat?post=2661"},{"taxonomy":"product_tag","embeddable":true,"href":"https:\/\/labeltech.ch\/fr\/wp-json\/wp\/v2\/product_tag?post=2661"}],"curies":[{"name":"wp","href":"https:\/\/api.w.org\/{rel}","templated":true}]}}