{"id":2665,"date":"2019-07-29T15:39:36","date_gmt":"2019-07-29T13:39:36","guid":{"rendered":"https:\/\/labeltech.ch\/produkt\/etiquettes-pour-lindustrie-du-verre\/"},"modified":"2026-04-17T17:00:56","modified_gmt":"2026-04-17T15:00:56","slug":"etiquettes-pour-lindustrie-du-verre","status":"publish","type":"product","link":"https:\/\/labeltech.ch\/fr\/produkt\/etiquettes-pour-lindustrie-du-verre\/","title":{"rendered":"\u00c9tiquettes en verre"},"content":{"rendered":"<ul class=\"csc-bulletlist csc-bulletlist-0\">\n<li class=\"odd\">En papier ou en plastique<\/li>\n<li class=\"even\">Avec ou sans impression<\/li>\n<li class=\"odd\">Adh\u00e9sif d\u00e9tachable sans laisser de traces (r\u00e9sistant aux UV)<\/li>\n<li class=\"even\">Pour les imprimantes \u00e0 transfert thermique ou laser<\/li>\n<li class=\"odd\">Impression publicitaire au verso (lisible sur 1 ou 2 c\u00f4t\u00e9s !)<\/li>\n<li class=\"even\">Neutralisation de la colle (possibilit\u00e9 de collage partiel)<\/li>\n<li class=\"odd\">D\u00e9coupage sp\u00e9cial et perforations de tout type<\/li>\n<\/ul>\n<h2>\u00c9tiquettes en verre pour vos produits<\/h2>\n<p>Chez Labeltech, nous proposons une large gamme d&#8217;\u00e9tiquettes pour verre destin\u00e9es \u00e0 diff\u00e9rentes applications. Nos \u00e9tiquettes pour verre peuvent \u00eatre utilis\u00e9es sur une grande vari\u00e9t\u00e9 de verres, y compris les vitres, les bocaux de produits, les bouteilles et autres. Nos \u00e9tiquettes sont personnalisables et conviennent parfaitement \u00e0 une grande vari\u00e9t\u00e9 d&#8217;industries. Nos \u00e9tiquettes autocollantes sont faciles et rapides \u00e0 appliquer et ne laissent aucun r\u00e9sidu de colle lorsqu&#8217;elles sont retir\u00e9es.  <\/p>\n<h2>Les avantages des \u00e9tiquettes pour les verres<\/h2>\n<p>Nos \u00e9tiquettes pour le verre sont id\u00e9ales pour diff\u00e9rentes applications et pr\u00e9sentent de nombreux avantages. Pour une application sur le verre, les \u00e9tiquettes doivent r\u00e9pondre \u00e0 des exigences particuli\u00e8res, car le verre a une surface lisse et non poreuse, ce qui impose des exigences particuli\u00e8res en mati\u00e8re d&#8217;adh\u00e9rence et de durabilit\u00e9 des autocollants. De plus, il est important qu&#8217;elles puissent \u00eatre enlev\u00e9es sans laisser de traces, sans endommager le verre et sans laisser de r\u00e9sidus collants.  <\/p>\n<p>Pour une impression pr\u00e9cise sur des \u00e9tiquettes en verre, nous recommandons nos <a href=\"https:\/\/labeltech.ch\/fr\/produits\/systemes-dimpression\/bureau\/\" title=\"Syst\u00e8mes d'impression de bureau - Imprimantes haute r\u00e9solution pour \u00e9tiquettes en verre\">syst\u00e8mes d&#8217;impression de bureau<\/a> avec une r\u00e9solution de 600 dpi.<\/p>\n<h2>Des mat\u00e9riaux haut de gamme pour une qualit\u00e9 sup\u00e9rieure<\/h2>\n<p>Nous attachons une grande importance \u00e0 la qualit\u00e9 de nos produits. Nos \u00e9tiquettes en verre sont fabriqu\u00e9es \u00e0 partir de mat\u00e9riaux de haute qualit\u00e9 qui sont durables, r\u00e9sistants \u00e0 l&#8217;eau, aux UV et effa\u00e7ables. Ces caract\u00e9ristiques garantissent la long\u00e9vit\u00e9 de vos \u00e9tiquettes, m\u00eame dans des conditions difficiles. Vous pouvez choisir entre diff\u00e9rents types de mat\u00e9riaux, dont le plastique et le papier.   <\/p>\n<h2>Des options flexibles pour r\u00e9pondre \u00e0 vos besoins<\/h2>\n<p>Nos \u00e9tiquettes sont disponibles dans diff\u00e9rentes formes et tailles, ce qui vous permet de trouver le produit adapt\u00e9 \u00e0 chaque application. Nous pouvons \u00e9galement commander des d\u00e9coupes sp\u00e9ciales et des perforations de toutes sortes. Vous pouvez ainsi personnaliser vos \u00e9tiquettes afin de vous assurer qu&#8217;elles correspondent exactement \u00e0 votre marque.  <\/p>\n<h2>Faites confiance \u00e0 Labeltech<\/h2>\n<p>Avec Labeltech, vous avez un partenaire fiable \u00e0 vos c\u00f4t\u00e9s pour des \u00e9tiquettes en verre de haute qualit\u00e9. Notre engagement envers la qualit\u00e9 et la satisfaction du client vous garantit les meilleures \u00e9tiquettes pour vos besoins. Faites confiance \u00e0 notre exp\u00e9rience et \u00e0 notre expertise en mati\u00e8re d&#8217;impression d&#8217;\u00e9tiquettes et profitez de notre livraison rapide et de la qualit\u00e9 sup\u00e9rieure de nos produits.  <\/p>\n<p>Contactez-nous d\u00e8s aujourd&#8217;hui pour une demande personnalis\u00e9e concernant nos \u00e9tiquettes en verre. Vous trouverez <a title=\"Vers nos coordonn\u00e9es\" href=\"https:\/\/labeltech.ch\/fr\/contact\/\">ici<\/a> nos coordonn\u00e9es. Nous nous ferons un plaisir de vous conseiller personnellement sur notre large gamme de produits et de trouver avec vous la solution adapt\u00e9e \u00e0 vos projets. Nous attendons votre demande avec impatience !  <\/p>\n","protected":false},"excerpt":{"rendered":"<p>En papier ou en plastique Avec ou sans impression Adh\u00e9sif  [&#8230;]<\/p>\n","protected":false},"featured_media":1871,"comment_status":"closed","ping_status":"closed","template":"","meta":[],"product_brand":[],"product_cat":[78],"product_tag":[],"class_list":{"0":"post-2665","1":"product","2":"type-product","3":"status-publish","4":"has-post-thumbnail","6":"product_cat-etiquettes","8":"first","9":"instock","10":"shipping-taxable","11":"product-type-simple"},"_links":{"self":[{"href":"https:\/\/labeltech.ch\/fr\/wp-json\/wp\/v2\/product\/2665","targetHints":{"allow":["GET"]}}],"collection":[{"href":"https:\/\/labeltech.ch\/fr\/wp-json\/wp\/v2\/product"}],"about":[{"href":"https:\/\/labeltech.ch\/fr\/wp-json\/wp\/v2\/types\/product"}],"replies":[{"embeddable":true,"href":"https:\/\/labeltech.ch\/fr\/wp-json\/wp\/v2\/comments?post=2665"}],"wp:featuredmedia":[{"embeddable":true,"href":"https:\/\/labeltech.ch\/fr\/wp-json\/wp\/v2\/media\/1871"}],"wp:attachment":[{"href":"https:\/\/labeltech.ch\/fr\/wp-json\/wp\/v2\/media?parent=2665"}],"wp:term":[{"taxonomy":"product_brand","embeddable":true,"href":"https:\/\/labeltech.ch\/fr\/wp-json\/wp\/v2\/product_brand?post=2665"},{"taxonomy":"product_cat","embeddable":true,"href":"https:\/\/labeltech.ch\/fr\/wp-json\/wp\/v2\/product_cat?post=2665"},{"taxonomy":"product_tag","embeddable":true,"href":"https:\/\/labeltech.ch\/fr\/wp-json\/wp\/v2\/product_tag?post=2665"}],"curies":[{"name":"wp","href":"https:\/\/api.w.org\/{rel}","templated":true}]}}