{"id":2669,"date":"2019-07-29T15:37:06","date_gmt":"2019-07-29T13:37:06","guid":{"rendered":"https:\/\/labeltech.ch\/produkt\/etiquettes-jet-dencre-en-rouleaux\/"},"modified":"2026-04-17T17:07:17","modified_gmt":"2026-04-17T15:07:17","slug":"etiquettes-jet-dencre-en-rouleaux","status":"publish","type":"product","link":"https:\/\/labeltech.ch\/fr\/produkt\/etiquettes-jet-dencre-en-rouleaux\/","title":{"rendered":"\u00c9tiquettes jet d&#8217;encre en rouleaux"},"content":{"rendered":"<ul class=\"csc-bulletlist csc-bulletlist-0\">\n<li class=\"odd\">Gamme standard<\/li>\n<li class=\"even\">de nombreuses tailles standard diff\u00e9rentes<\/li>\n<li class=\"odd\">Grand choix de papiers standard et de mat\u00e9riaux synth\u00e9tiques<\/li>\n<li class=\"even\">Gommage permanent, amovible, soluble dans l&#8217;eau<\/li>\n<li class=\"odd\">Livraison en rouleaux<\/li>\n<li class=\"even\">Avec garantie de fonctionnement sur toutes les imprimantes \u00e0 jet d&#8217;encre courantes<\/li>\n<\/ul>\n<h2>\u00c9tiquettes jet d&#8217;encre en rouleaux<\/h2>\n<p>Les \u00e9tiquettes jet d&#8217;encre en rouleau sont un type d&#8217;\u00e9tiquette populaire sp\u00e9cialement con\u00e7u pour \u00eatre utilis\u00e9 dans les imprimantes jet d&#8217;encre. Ces \u00e9tiquettes sont dispos\u00e9es sur un rouleau et peuvent \u00eatre produites dans une grande vari\u00e9t\u00e9 de tailles et de formes. L&#8217;un des principaux avantages des \u00e9tiquettes jet d&#8217;encre en rouleau est qu&#8217;elles peuvent \u00eatre imprim\u00e9es rapidement et facilement par des imprimantes jet d&#8217;encre. Elles sont rapidement plac\u00e9es dans l&#8217;imprimante et l&#8217;impression peut commencer imm\u00e9diatement.   <\/p>\n<p>Un autre avantage des \u00e9tiquettes jet d&#8217;encre en rouleaux est qu&#8217;elles sont produites en grandes quantit\u00e9s et qu&#8217;elles peuvent \u00eatre utilis\u00e9es rapidement et efficacement sur de grandes lignes de production. Cela les rend id\u00e9ales pour les entreprises qui ont besoin de grandes quantit\u00e9s d&#8217;\u00e9tiquettes, comme les fabricants de produits alimentaires, de boissons de toutes sortes, de cosm\u00e9tiques et dans le secteur de la logistique. Les \u00e9tiquettes vierges en rouleaux sont id\u00e9ales pour les commer\u00e7ants qui proposent des produits saisonniers et qui ont donc toujours besoin d&#8217;un marquage de prix diff\u00e9rent sous forme d&#8217;\u00e9tiquettes. Les \u00e9tiquettes jet d&#8217;encre en rouleaux sont disponibles dans une grande vari\u00e9t\u00e9 de mat\u00e9riaux, notamment le papier, le polyester et le vinyle. Chaque mat\u00e9riau a ses propres avantages et convient \u00e0 diff\u00e9rentes applications.    <\/p>\n<p>Les \u00e9tiquettes en polyester, par exemple, sont tr\u00e8s r\u00e9sistantes \u00e0 l&#8217;usure et \u00e0 l&#8217;eau, tandis que les \u00e9tiquettes en papier sont id\u00e9ales pour les produits de l&#8217;industrie alimentaire. Dans l&#8217;ensemble, les \u00e9tiquettes jet d&#8217;encre en rouleaux sont un choix populaire pour les entreprises qui souhaitent imprimer des \u00e9tiquettes rapidement et efficacement. Avec une large gamme de mat\u00e9riaux et de tailles au choix, elles conviennent \u00e0 une grande vari\u00e9t\u00e9 d&#8217;applications et offrent un moyen simple de marquer et d&#8217;identifier les produits. Avantages et inconv\u00e9nients des \u00e9tiquettes jet d&#8217;encre en rouleaux, Les \u00e9tiquettes jet d&#8217;encre en rouleaux offrent une multitude d&#8217;avantages et d&#8217;inconv\u00e9nients que les entreprises doivent prendre en compte lorsqu&#8217;elles choisissent ce type d&#8217;\u00e9tiquettes.   <\/p>\n<h3>Les principaux avantages des \u00e9tiquettes jet d&#8217;encre en rouleaux sont les suivants<\/h3>\n<p><strong>Production rapide :<\/strong> les \u00e9tiquettes jet d&#8217;encre en rouleaux peuvent \u00eatre imprim\u00e9es rapidement et facilement dans des imprimantes jet d&#8217;encre, ce qui r\u00e9duit consid\u00e9rablement le temps de production.<\/p>\n<p><strong>Co\u00fbts r\u00e9duits :<\/strong> l&#8217;impression d&#8217;\u00e9tiquettes jet d&#8217;encre en rouleaux est souvent moins co\u00fbteuse que d&#8217;autres m\u00e9thodes d&#8217;impression comme l&#8217;offset, en particulier pour les petites quantit\u00e9s.<\/p>\n<p><strong>Haute r\u00e9solution :<\/strong> Les imprimantes \u00e0 jet d&#8217;encre offrent une haute r\u00e9solution et peuvent imprimer des d\u00e9tails fins et des d\u00e9grad\u00e9s de couleurs sur les \u00e9tiquettes, ce qui permet d&#8217;obtenir un aspect visuel attrayant.<\/p>\n<p><strong>Flexibilit\u00e9 :<\/strong> les \u00e9tiquettes jet d&#8217;encre en rouleau peuvent \u00eatre produites dans diff\u00e9rentes tailles et formes pour r\u00e9pondre aux besoins sp\u00e9cifiques du client.<\/p>\n<p>Pour l&#8217;impression couleur professionnelle \u00e0 jet d&#8217;encre sur des supports en rouleau, nous recommandons nos <a href=\"https:\/\/labeltech.ch\/fr\/produits\/imprimante-couleur\/\" title=\"Imprimantes couleur - Imprimantes couleur \u00e0 jet d'encre de haute qualit\u00e9 pour \u00e9tiquettes en rouleau\">imprimantes couleur<\/a> de la s\u00e9rie ColorWorks d&#8217;Epson.<\/p>\n<p><strong>Pas besoin de plaques ou de pochoirs :<\/strong> Contrairement aux autres m\u00e9thodes d&#8217;impression, les imprimantes \u00e0 jet d&#8217;encre ne n\u00e9cessitent pas de plaques ou de pochoirs co\u00fbteux.<\/p>\n<h2>A quoi devez-vous faire attention avec les \u00e9tiquettes jet d&#8217;encre ?<\/h2>\n<p><strong>Durabilit\u00e9 limit\u00e9e :<\/strong> les \u00e9tiquettes jet d&#8217;encre en rouleau peuvent \u00eatre plus sensibles \u00e0 l&#8217;usure, aux rayures et \u00e0 l&#8217;humidit\u00e9, en fonction de la nature du mat\u00e9riau, ce qui limite leur durabilit\u00e9.<\/p>\n<p><strong>Limitations dans le choix des mat\u00e9riaux :<\/strong> Les imprimantes \u00e0 jet d&#8217;encre ne sont pas adapt\u00e9es \u00e0 tous les mat\u00e9riaux, et certains mat\u00e9riaux peuvent n\u00e9cessiter un rev\u00eatement sp\u00e9cial pour garantir une qualit\u00e9 d&#8217;impression optimale.<\/p>\n<p>Les cartouches <strong>d&#8217;encre sont co\u00fbteuses :<\/strong> le co\u00fbt des cartouches d&#8217;encre pour les imprimantes \u00e0 jet d&#8217;encre peut \u00eatre plus \u00e9lev\u00e9 par rapport \u00e0 d&#8217;autres m\u00e9thodes d&#8217;impression, principalement pour les gros volumes d&#8217;impression.<\/p>\n<p><strong>Vitesse d&#8217;impression limit\u00e9e :<\/strong> les imprimantes \u00e0 jet d&#8217;encre ne sont pas aussi rapides que d&#8217;autres m\u00e9thodes d&#8217;impression telles que l&#8217;offset, ce qui peut affecter le temps de production total.<\/p>\n<p><strong>\u00c9coulement de l&#8217;encre et maculage :<\/strong> Avec certains mat\u00e9riaux, l&#8217;encre peut couler ou maculer les \u00e9tiquettes, ce qui peut nuire \u00e0 la lisibilit\u00e9 de l&#8217;\u00e9tiquette. Dans l&#8217;ensemble, les \u00e9tiquettes jet d&#8217;encre en rouleaux offrent de nombreux avantages qui peuvent \u00eatre b\u00e9n\u00e9fiques pour les entreprises qui doivent produire des \u00e9tiquettes rapidement et de mani\u00e8re rentable. <\/p>\n<p><strong>Il est toutefois important de prendre en compte les inconv\u00e9nients et de s&#8217;assurer que ce type d&#8217;\u00e9tiquette est adapt\u00e9 aux besoins sp\u00e9cifiques du client.<\/strong><\/p>\n<ol>\n<li><strong>\u00c9tiquettes en papier :<\/strong> les \u00e9tiquettes en papier sont les supports d&#8217;\u00e9tiquettes jet d&#8217;encre les plus courants et les plus \u00e9conomiques. Elles conviennent bien \u00e0 l&#8217;impression d&#8217;\u00e9tiquettes d&#8217;adresse, de badges et d&#8217;autres \u00e9tiquettes utilis\u00e9es en int\u00e9rieur. <\/li>\n<li><strong>\u00c9tiquettes en vinyle :<\/strong> les \u00e9tiquettes en vinyle sont plus r\u00e9sistantes que les \u00e9tiquettes en papier et peuvent \u00e9galement \u00eatre utilis\u00e9es en ext\u00e9rieur. Elles sont r\u00e9sistantes \u00e0 l&#8217;eau et aux intemp\u00e9ries et peuvent \u00e9galement adh\u00e9rer \u00e0 des surfaces courbes ou irr\u00e9guli\u00e8res. <\/li>\n<li><strong>\u00c9tiquettes en polyester :<\/strong> les \u00e9tiquettes en polyester sont tr\u00e8s r\u00e9sistantes et durables, ce qui les rend adapt\u00e9es \u00e0 une utilisation dans des environnements difficiles. Elles r\u00e9sistent \u00e0 l&#8217;eau et aux produits chimiques et peuvent \u00eatre utilis\u00e9es \u00e0 des temp\u00e9ratures \u00e9lev\u00e9es. <\/li>\n<li><strong>\u00c9tiquettes en polypropyl\u00e8ne :<\/strong> les \u00e9tiquettes en polypropyl\u00e8ne sont tr\u00e8s r\u00e9sistantes, durables et adapt\u00e9es \u00e0 une utilisation dans des environnements \u00e0 forte humidit\u00e9 ou \u00e0 haute temp\u00e9rature. Elles sont r\u00e9sistantes \u00e0 l&#8217;eau et \u00e0 l&#8217;huile et peuvent \u00e9galement adh\u00e9rer \u00e0 des surfaces courbes. <\/li>\n<li><strong>\u00c9tiquettes lumineuses :<\/strong> les \u00e9tiquettes lumineuses sont des \u00e9tiquettes sp\u00e9ciales qui brillent dans l&#8217;obscurit\u00e9. Elles sont id\u00e9ales pour une utilisation dans des pi\u00e8ces sombres ou pour l&#8217;identification des issues de secours. <\/li>\n<\/ol>\n","protected":false},"excerpt":{"rendered":"<p>Gamme standard de nombreuses tailles standard diff\u00e9rentes Grand choix de  [&#8230;]<\/p>\n","protected":false},"featured_media":1867,"comment_status":"closed","ping_status":"closed","template":"","meta":[],"product_brand":[],"product_cat":[78],"product_tag":[],"class_list":{"0":"post-2669","1":"product","2":"type-product","3":"status-publish","4":"has-post-thumbnail","6":"product_cat-etiquettes","8":"first","9":"instock","10":"shipping-taxable","11":"product-type-simple"},"_links":{"self":[{"href":"https:\/\/labeltech.ch\/fr\/wp-json\/wp\/v2\/product\/2669","targetHints":{"allow":["GET"]}}],"collection":[{"href":"https:\/\/labeltech.ch\/fr\/wp-json\/wp\/v2\/product"}],"about":[{"href":"https:\/\/labeltech.ch\/fr\/wp-json\/wp\/v2\/types\/product"}],"replies":[{"embeddable":true,"href":"https:\/\/labeltech.ch\/fr\/wp-json\/wp\/v2\/comments?post=2669"}],"wp:featuredmedia":[{"embeddable":true,"href":"https:\/\/labeltech.ch\/fr\/wp-json\/wp\/v2\/media\/1867"}],"wp:attachment":[{"href":"https:\/\/labeltech.ch\/fr\/wp-json\/wp\/v2\/media?parent=2669"}],"wp:term":[{"taxonomy":"product_brand","embeddable":true,"href":"https:\/\/labeltech.ch\/fr\/wp-json\/wp\/v2\/product_brand?post=2669"},{"taxonomy":"product_cat","embeddable":true,"href":"https:\/\/labeltech.ch\/fr\/wp-json\/wp\/v2\/product_cat?post=2669"},{"taxonomy":"product_tag","embeddable":true,"href":"https:\/\/labeltech.ch\/fr\/wp-json\/wp\/v2\/product_tag?post=2669"}],"curies":[{"name":"wp","href":"https:\/\/api.w.org\/{rel}","templated":true}]}}