{"id":2673,"date":"2019-07-29T15:31:51","date_gmt":"2019-07-29T13:31:51","guid":{"rendered":"https:\/\/labeltech.ch\/produkt\/etiquettes-en-continu\/"},"modified":"2026-04-17T16:59:50","modified_gmt":"2026-04-17T14:59:50","slug":"etiquettes-en-continu","status":"publish","type":"product","link":"https:\/\/labeltech.ch\/fr\/produkt\/etiquettes-en-continu\/","title":{"rendered":"Etiquettes en carton"},"content":{"rendered":"<ul class=\"csc-bulletlist csc-bulletlist-0\">\n<li class=\"odd\">Petits et grands tirages (500 ex. &#8211; millions de tirages)<\/li>\n<li class=\"even\">Vierge ou avec impression<\/li>\n<li class=\"odd\">de nombreuses tailles standard diff\u00e9rentes<\/li>\n<li class=\"even\">Avec encoches de contr\u00f4le ou Blackmark<\/li>\n<li class=\"odd\">En papier ou en plastique<\/li>\n<li class=\"even\">Livraison en rouleaux ou pli\u00e9s en zigzag<\/li>\n<li class=\"odd\">Garantie de fonctionnement pour tous les types d&#8217;imprimantes<\/li>\n<\/ul>\n<div class=\"flex-1 overflow-hidden\">\n<div class=\"h-full\">\n<div class=\"react-scroll-to-bottom--css-tbndp-79elbk h-full\">\n<div class=\"react-scroll-to-bottom--css-tbndp-1n7m0yu\">\n<div class=\"flex flex-col text-sm md:pb-9\">\n<div class=\"w-full text-token-text-primary\" dir=\"auto\" data-testid=\"conversation-turn-33\" data-scroll-anchor=\"true\">\n<div class=\"py-2 juice:py-[18px] px-3 text-base md:px-4 m-auto md:px-5 lg:px-1 xl:px-5\">\n<div class=\"mx-auto flex flex-1 gap-3 text-base juice:gap-4 juice:md:gap-5 juice:lg:gap-6 md:max-w-3xl lg:max-w-[40rem] xl:max-w-[48rem]\">\n<div class=\"group\/conversation-turn relative flex w-full min-w-0 flex-col agent-turn\">\n<div class=\"flex-col gap-1 md:gap-3\">\n<div class=\"flex flex-grow flex-col max-w-full\">\n<div class=\"min-h-[20px] text-message flex flex-col items-start whitespace-pre-wrap break-words [.text-message+&amp;]:mt-5 juice:w-full juice:items-end overflow-x-auto gap-2\" dir=\"auto\" data-message-author-role=\"assistant\" data-message-id=\"5d08209a-d0a9-44b3-8fba-3eb85e1b447b\">\n<div class=\"flex w-full flex-col gap-1 juice:empty:hidden juice:first:pt-[3px]\">\n<div class=\"markdown prose w-full break-words dark:prose-invert dark\">\n<div class=\"flex-1 overflow-hidden\">\n<div class=\"h-full\">\n<div class=\"react-scroll-to-bottom--css-tbndp-79elbk h-full\">\n<div class=\"react-scroll-to-bottom--css-tbndp-1n7m0yu\">\n<div class=\"flex flex-col text-sm md:pb-9\">\n<div class=\"w-full text-token-text-primary\" dir=\"auto\" data-testid=\"conversation-turn-35\" data-scroll-anchor=\"true\">\n<div class=\"py-2 juice:py-[18px] px-3 text-base md:px-4 m-auto md:px-5 lg:px-1 xl:px-5\">\n<div class=\"mx-auto flex flex-1 gap-3 text-base juice:gap-4 juice:md:gap-5 juice:lg:gap-6 md:max-w-3xl lg:max-w-[40rem] xl:max-w-[48rem]\">\n<div class=\"group\/conversation-turn relative flex w-full min-w-0 flex-col agent-turn\">\n<div class=\"flex-col gap-1 md:gap-3\">\n<div class=\"flex flex-grow flex-col max-w-full\">\n<div class=\"min-h-[20px] text-message flex flex-col items-start whitespace-pre-wrap break-words [.text-message+&amp;]:mt-5 juice:w-full juice:items-end overflow-x-auto gap-2\" dir=\"auto\" data-message-author-role=\"assistant\" data-message-id=\"e711781a-da4b-499f-b4dc-c1f6900573bf\">\n<div class=\"flex w-full flex-col gap-1 juice:empty:hidden juice:first:pt-[3px]\">\n<div class=\"markdown prose w-full break-words dark:prose-invert dark\">\n<h2>Etiquettes en carton : vos \u00e9tiquettes polyvalentes en carton<\/h2>\n<\/div>\n<\/div>\n<\/div>\n<\/div>\n<div class=\"mt-1 flex gap-3 empty:hidden juice:-ml-3\">D\u00e9couvrez les \u00e9tiquettes en carton de haute qualit\u00e9 de Labeltech, qui peuvent \u00eatre utilis\u00e9es individuellement pour une grande vari\u00e9t\u00e9 d&#8217;applications. Que vous soyez \u00e0 la recherche de solutions personnalis\u00e9es pour vos produits ou que vous ayez besoin d&#8217;\u00e9tiquettes standard, chez Labeltech, nous proposons une large gamme d&#8217;\u00e9tiquettes en carton qui r\u00e9pondront \u00e0 vos attentes. <\/div>\n<\/div>\n<\/div>\n<\/div>\n<\/div>\n<\/div>\n<\/div>\n<\/div>\n<\/div>\n<\/div>\n<\/div>\n<\/div>\n<\/div>\n<\/div>\n<\/div>\n<\/div>\n<\/div>\n<\/div>\n<\/div>\n<\/div>\n<\/div>\n<\/div>\n<\/div>\n<\/div>\n<\/div>\n<h2>Une grande vari\u00e9t\u00e9 d&#8217;utilisations et de tailles<\/h2>\n<p>Nos \u00e9tiquettes en carton sont id\u00e9ales pour le marquage des textiles, l&#8217;affichage des prix et comme \u00e9tiquettes \u00e0 suspendre. Les \u00e9tiquettes en carton en rouleau sont particuli\u00e8rement pratiques pour une utilisation rapide dans les magasins et les entrep\u00f4ts. Nous proposons des \u00e9tiquettes de diff\u00e9rentes tailles et formes pour r\u00e9pondre \u00e0 tous vos besoins. Des petites \u00e9tiquettes de prix aux grandes \u00e9tiquettes d&#8217;identification, nous avons tout dans notre gamme.   <\/p>\n<p>Pour une impression professionnelle de ces tags en carton, nous vous recommandons de jeter un \u0153il \u00e0 nos <a href=\"https:\/\/labeltech.ch\/fr\/produits\/systemes-dimpression\/industriel\/\" title=\"Syst\u00e8mes d'impression industriels - Imprimantes robustes pour \u00e9tiquettes en carton\">syst\u00e8mes d&#8217;impression industriels<\/a> prenant en charge les supports lourds.<\/p>\n<ul>\n<li>\u00c9tiquettes en carton individuelles pour des besoins sp\u00e9cifiques<\/li>\n<li>\u00c9tiquettes en carton avec perforations pour une fixation facile<\/li>\n<li>\u00c9tiquettes en carton dans de nombreuses couleurs pour diff\u00e9rents usages<\/li>\n<\/ul>\n<h2>Personnaliser<\/h2>\n<p>Nos \u00e9tiquettes sont disponibles dans de nombreuses variantes, ce qui vous permet de les personnaliser \u00e0 votre guise. Vous avez le choix entre des \u00e9tiquettes vierges classiques ou des \u00e9tiquettes avec impression, encoches de contr\u00f4le ou blackmark. <\/p>\n<p>Que ce soit avec un logo, du texte ou d&#8217;autres designs, nos \u00e9tiquettes offrent une surface parfaite pour \u00eatre imprim\u00e9es sur mesure. Les \u00e9tiquettes en carton avec perforation sont particuli\u00e8rement appr\u00e9ci\u00e9es car elles sont faciles \u00e0 appliquer. Nos \u00e9tiquettes vous permettent de marquer clairement vos produits et de les rendre facilement identifiables par le consommateur.  <\/p>\n<h2>Commande facile et exp\u00e9dition rapide<\/h2>\n<p>Commandez vos \u00e9tiquettes en carton facilement et confortablement en ligne sur <a href=\"https:\/\/labeltech.ch\/fr\/produkt\/etiquettes-en-continu\/\" target=\"_new\" rel=\"noreferrer noopener\">Labeltech<\/a>. Nos \u00e9tiquettes en carton sont disponibles en petits et grands tirages, qui commencent \u00e0 500 exemplaires et peuvent \u00eatre command\u00e9s jusqu&#8217;\u00e0 des millions d&#8217;exemplaires. Les \u00e9tiquettes sont livr\u00e9es en rouleaux ou pli\u00e9es en accord\u00e9on.  <\/p>\n<h2>Mat\u00e9riaux et finition de haute qualit\u00e9<\/h2>\n<p>Nous attachons une grande importance \u00e0 la qualit\u00e9 de nos produits. Nos \u00e9tiquettes en carton sont fabriqu\u00e9es \u00e0 partir de papier \u00e0 \u00e9tiquettes robuste et offrent une excellente qualit\u00e9 d&#8217;impression. Elles sont disponibles en diff\u00e9rentes couleurs, formes et tailles et offrent une garantie de fonctionnement pour tous les types d&#8217;imprimantes. Notre large gamme d&#8217;\u00e9tiquettes vous permet d&#8217;identifier vos produits de mani\u00e8re optimale et d&#8217;offrir une impression irr\u00e9prochable. Les \u00e9tiquettes sont stables et peuvent donc \u00eatre utilis\u00e9es dans diff\u00e9rents secteurs.    <\/p>\n<ul>\n<li>Logistique et exp\u00e9dition<\/li>\n<li>Commerce de d\u00e9tail<\/li>\n<li>Industrie alimentaire<\/li>\n<li>Industrie du textile et de l&#8217;habillement<\/li>\n<li>Industrie cosm\u00e9tique<\/li>\n<li>Fournitures de bureau<\/li>\n<li>et bien d&#8217;autres<\/li>\n<\/ul>\n<h2>Votre partenaire pour des tags en carton de qualit\u00e9<\/h2>\n<p>D\u00e9couvrez les \u00e9tiquettes en carton polyvalentes de Labeltech et trouvez les \u00e9tiquettes en carton qui r\u00e9pondent \u00e0 vos besoins et \u00e0 vos souhaits. Contactez-nous d\u00e8s aujourd&#8217;hui pour une demande personnalis\u00e9e. <a title=\"Vers nos coordonn\u00e9es\" href=\"https:\/\/labeltech.ch\/fr\/contact\/\" target=\"_blank\" rel=\"noopener\">Cliquez ici<\/a> pour acc\u00e9der \u00e0 notre contact. Nous serons heureux de vous conseiller personnellement sur nos produits et de trouver ensemble la solution optimale pour vos projets.  <\/p>\n","protected":false},"excerpt":{"rendered":"<p>Petits et grands tirages (500 ex. &#8211; millions de tirages)  [&#8230;]<\/p>\n","protected":false},"featured_media":1859,"comment_status":"closed","ping_status":"closed","template":"","meta":[],"product_brand":[],"product_cat":[78],"product_tag":[],"class_list":{"0":"post-2673","1":"product","2":"type-product","3":"status-publish","4":"has-post-thumbnail","6":"product_cat-etiquettes","8":"first","9":"instock","10":"shipping-taxable","11":"product-type-simple"},"_links":{"self":[{"href":"https:\/\/labeltech.ch\/fr\/wp-json\/wp\/v2\/product\/2673","targetHints":{"allow":["GET"]}}],"collection":[{"href":"https:\/\/labeltech.ch\/fr\/wp-json\/wp\/v2\/product"}],"about":[{"href":"https:\/\/labeltech.ch\/fr\/wp-json\/wp\/v2\/types\/product"}],"replies":[{"embeddable":true,"href":"https:\/\/labeltech.ch\/fr\/wp-json\/wp\/v2\/comments?post=2673"}],"wp:featuredmedia":[{"embeddable":true,"href":"https:\/\/labeltech.ch\/fr\/wp-json\/wp\/v2\/media\/1859"}],"wp:attachment":[{"href":"https:\/\/labeltech.ch\/fr\/wp-json\/wp\/v2\/media?parent=2673"}],"wp:term":[{"taxonomy":"product_brand","embeddable":true,"href":"https:\/\/labeltech.ch\/fr\/wp-json\/wp\/v2\/product_brand?post=2673"},{"taxonomy":"product_cat","embeddable":true,"href":"https:\/\/labeltech.ch\/fr\/wp-json\/wp\/v2\/product_cat?post=2673"},{"taxonomy":"product_tag","embeddable":true,"href":"https:\/\/labeltech.ch\/fr\/wp-json\/wp\/v2\/product_tag?post=2673"}],"curies":[{"name":"wp","href":"https:\/\/api.w.org\/{rel}","templated":true}]}}