{"id":2677,"date":"2019-07-29T15:37:48","date_gmt":"2019-07-29T13:37:48","guid":{"rendered":"https:\/\/labeltech.ch\/produkt\/etiquettes-de-laboratoire\/"},"modified":"2026-04-17T17:07:25","modified_gmt":"2026-04-17T15:07:25","slug":"etiquettes-de-laboratoire","status":"publish","type":"product","link":"https:\/\/labeltech.ch\/fr\/produkt\/etiquettes-de-laboratoire\/","title":{"rendered":"\u00c9tiquettes de laboratoire"},"content":{"rendered":"<p>&nbsp;<\/p>\n<ul>\n<li class=\"odd\">4.000 outils de d\u00e9coupe diff\u00e9rents en stock<\/li>\n<li class=\"even\">Grand choix de papiers et de mat\u00e9riaux synth\u00e9tiques<\/li>\n<li class=\"odd\">Gommage tr\u00e8s adh\u00e9rent, peut \u00eatre congel\u00e9<\/li>\n<li class=\"even\">Avec pr\u00e9-impression<\/li>\n<li class=\"odd\">Pour les seringues, les ampoules, les tubes \u00e0 essai<\/li>\n<li class=\"even\">Livraison en rouleaux<\/li>\n<li class=\"odd\">\u00c9galement pour une impression individuelle ult\u00e9rieure<\/li>\n<\/ul>\n<h2>\u00c9tiquettes pour laboratoires<\/h2>\n<p>Dans le monde de la recherche, les \u00e9tiquettes de laboratoire sont indispensables. Elles jouent un r\u00f4le crucial dans l&#8217;identification et le suivi des \u00e9chantillons, des tubes \u00e0 essai et d&#8217;autres ustensiles. Sans les bonnes \u00e9tiquettes, des \u00e9chantillons importants pourraient \u00eatre perdus ou mal identifi\u00e9s, ce qui pourrait entra\u00eener des retards et des erreurs consid\u00e9rables.  <\/p>\n<h2>Exigences sp\u00e9cifiques pour le laboratoire<\/h2>\n<p>Les \u00e9tiquettes de laboratoire doivent r\u00e9sister \u00e0 des conditions extr\u00eames telles que la temp\u00e9rature. C&#8217;est pourquoi nos \u00e9tiquettes pour le laboratoire sont dot\u00e9es d&#8217;un rev\u00eatement en caoutchouc tr\u00e8s adh\u00e9rent et peuvent \u00eatre congel\u00e9es sans probl\u00e8me et en toute s\u00e9curit\u00e9. Les \u00e9tiquettes de laboratoire peuvent ainsi \u00eatre utilis\u00e9es pour les seringues, les ampoules et les tubes \u00e0 essai.  <\/p>\n<h2>Diversit\u00e9 des \u00e9tiquettes de laboratoire<\/h2>\n<p>Chez Labeltech SA, nous vous proposons une large gamme d&#8217;\u00e9tiquettes. Nos \u00e9tiquettes de laboratoire sont disponibles dans diff\u00e9rents mat\u00e9riaux et tailles afin de r\u00e9pondre \u00e0 vos besoins sp\u00e9cifiques. Pour cela, nous avons plus de 4000 outils de d\u00e9coupe en stock et un grand choix de papiers et de mat\u00e9riaux synth\u00e9tiques. Une pr\u00e9-impression sur les \u00e9tiquettes est \u00e9galement disponible. Une fois imprim\u00e9es, les \u00e9tiquettes pour laboratoires peuvent en outre \u00eatre personnalis\u00e9es ult\u00e9rieurement, ce qui peut \u00eatre important pour les informations sur les patients, les dosages, etc.    <\/p>\n<p>Pour l&#8217;impression professionnelle d&#8217;\u00e9tiquettes de laboratoire, nous recommandons nos <a href=\"https:\/\/labeltech.ch\/fr\/produits\/systemes-dimpression\/bureau\/\" title=\"Syst\u00e8mes d'impression de bureau - Imprimantes adapt\u00e9es aux \u00e9tiquettes de laboratoire\">syst\u00e8mes d&#8217;impression de bureau<\/a> avec des t\u00eates d&#8217;impression haute r\u00e9solution de 600 dpi.<\/p>\n<h2>Solutions d&#8217;impression et logiciels<\/h2>\n<p>Pour maximiser l&#8217;efficacit\u00e9, nous ne proposons pas seulement des \u00e9tiquettes, mais aussi des imprimantes et des solutions logicielles adapt\u00e9es. Nos imprimantes d&#8217;\u00e9tiquettes sont sp\u00e9cialement con\u00e7ues pour r\u00e9pondre aux exigences des instituts de recherche et peuvent imprimer des \u00e9tiquettes de la plus haute qualit\u00e9. Nous proposons en outre des solutions logicielles qui optimisent le processus d&#8217;impression et simplifient la gestion des \u00e9tiquettes.  <\/p>\n<h2>Votre partenaire pour des \u00e9tiquettes de laboratoire de qualit\u00e9<\/h2>\n<p>Commandez d\u00e8s aujourd&#8217;hui vos \u00e9tiquettes de laboratoire chez Labeltech AG. Nos produits sont sp\u00e9cialement con\u00e7us pour am\u00e9liorer l&#8217;efficacit\u00e9 et la s\u00e9curit\u00e9. Profitez de nos \u00e9tiquettes de haute qualit\u00e9, parfaitement adapt\u00e9es aux conditions extr\u00eames et garantissant un marquage fiable.  <\/p>\n<ul>\n<li>Commande facile via notre site web<\/li>\n<li>Livraison rapide directement dans votre entreprise<\/li>\n<li>Possibilit\u00e9 de personnalisation et de fabrication sp\u00e9ciale<\/li>\n<\/ul>\n<p>Notre \u00e9quipe est toujours disponible pour vous aider \u00e0 choisir les bonnes \u00e9tiquettes et solutions d&#8217;impression. Nous offrons des conseils complets pour vous assurer d&#8217;obtenir les meilleurs produits pour vos besoins sp\u00e9cifiques. Vous pouvez nous contacter \u00e0 tout moment pour obtenir des conseils personnalis\u00e9s.  <\/p>\n<p><a title=\"Contacter maintenant\" href=\"https:\/\/labeltech.ch\/fr\/contact\/\">Contactez-nous<\/a> d\u00e8s aujourd&#8217;hui pour obtenir un devis personnalis\u00e9 sur nos \u00e9tiquettes de laboratoire. Nous nous ferons un plaisir de vous conseiller personnellement sur la solution la mieux adapt\u00e9e \u00e0 vos besoins. <\/p>\n","protected":false},"excerpt":{"rendered":"<p>&nbsp; 4.000 outils de d\u00e9coupe diff\u00e9rents en stock Grand choix  [&#8230;]<\/p>\n","protected":false},"featured_media":1868,"comment_status":"closed","ping_status":"closed","template":"","meta":[],"product_brand":[],"product_cat":[78],"product_tag":[],"class_list":{"0":"post-2677","1":"product","2":"type-product","3":"status-publish","4":"has-post-thumbnail","6":"product_cat-etiquettes","8":"first","9":"instock","10":"shipping-taxable","11":"product-type-simple"},"_links":{"self":[{"href":"https:\/\/labeltech.ch\/fr\/wp-json\/wp\/v2\/product\/2677","targetHints":{"allow":["GET"]}}],"collection":[{"href":"https:\/\/labeltech.ch\/fr\/wp-json\/wp\/v2\/product"}],"about":[{"href":"https:\/\/labeltech.ch\/fr\/wp-json\/wp\/v2\/types\/product"}],"replies":[{"embeddable":true,"href":"https:\/\/labeltech.ch\/fr\/wp-json\/wp\/v2\/comments?post=2677"}],"wp:featuredmedia":[{"embeddable":true,"href":"https:\/\/labeltech.ch\/fr\/wp-json\/wp\/v2\/media\/1868"}],"wp:attachment":[{"href":"https:\/\/labeltech.ch\/fr\/wp-json\/wp\/v2\/media?parent=2677"}],"wp:term":[{"taxonomy":"product_brand","embeddable":true,"href":"https:\/\/labeltech.ch\/fr\/wp-json\/wp\/v2\/product_brand?post=2677"},{"taxonomy":"product_cat","embeddable":true,"href":"https:\/\/labeltech.ch\/fr\/wp-json\/wp\/v2\/product_cat?post=2677"},{"taxonomy":"product_tag","embeddable":true,"href":"https:\/\/labeltech.ch\/fr\/wp-json\/wp\/v2\/product_tag?post=2677"}],"curies":[{"name":"wp","href":"https:\/\/api.w.org\/{rel}","templated":true}]}}