{"id":2681,"date":"2019-07-29T15:33:35","date_gmt":"2019-07-29T13:33:35","guid":{"rendered":"https:\/\/labeltech.ch\/produkt\/etiquettes-sur-feuilles-a4-pour-laser-et-jet-dencre\/"},"modified":"2026-04-17T16:59:58","modified_gmt":"2026-04-17T14:59:58","slug":"etiquettes-sur-feuilles-a4-pour-laser-et-jet-dencre","status":"publish","type":"product","link":"https:\/\/labeltech.ch\/fr\/produkt\/etiquettes-sur-feuilles-a4-pour-laser-et-jet-dencre\/","title":{"rendered":"\u00c9tiquettes laser et jet d&#8217;encre"},"content":{"rendered":"<p>&nbsp;<\/p>\n<ul>\n<li class=\"odd\">Taille des feuilles A6, A5, A4 et A3<\/li>\n<li class=\"even\">Tailles sp\u00e9ciales possibles<\/li>\n<li class=\"odd\">Gommage permanent ou amovible ou ultra-facile \u00e0 enlever<\/li>\n<li class=\"even\">En papier ou en plastique<\/li>\n<li class=\"odd\">Vierge ou avec impression<\/li>\n<li class=\"even\">Diverses divisions de poin\u00e7onnage sont possibles<\/li>\n<li class=\"odd\">Large gamme de produits en stock<\/li>\n<li class=\"even\">Fonctionnement garanti sur toutes les imprimantes laser et jet d&#8217;encre courantes<\/li>\n<\/ul>\n<p>Si vous recherchez des \u00e9tiquettes laser et jet d&#8217;encre de haute qualit\u00e9 adapt\u00e9es \u00e0 vos imprimantes laser et jet d&#8217;encre, vous \u00eates \u00e0 la bonne adresse chez Labeltech. Nous vous proposons une large gamme d&#8217;\u00e9tiquettes dans diff\u00e9rentes tailles telles que A4, A5, A6 et des tailles sp\u00e9ciales. Que vous ayez besoin d&#8217;\u00e9tiquettes permanentes ou d&#8217;\u00e9tiquettes amovibles, vous trouverez chez nous le produit qui r\u00e9pondra \u00e0 tous vos besoins.  <\/p>\n<h2><strong>D\u00e9couvrez la diversit\u00e9 de nos \u00e9tiquettes laser et jet d&#8217;encre<\/strong><\/h2>\n<p>Les \u00e9tiquettes de Labeltech sont sp\u00e9cialement con\u00e7ues pour \u00eatre utilis\u00e9es avec des imprimantes laser et \u00e0 jet d&#8217;encre et offrent une excellente qualit\u00e9 d&#8217;impression. Elles s&#8217;impriment facilement et sont id\u00e9ales pour diverses applications, qu&#8217;il s&#8217;agisse d&#8217;\u00e9tiqueter et d&#8217;adresser des lettres, des colis ou d&#8217;imprimer des codes \u00e0 barres et des num\u00e9ros de s\u00e9rie. Gr\u00e2ce \u00e0 leur finition pr\u00e9cise, elles garantissent une impression uniforme, sans risque d&#8217;erreur. Les \u00e9tiquettes sont fabriqu\u00e9es en papier ou en plastique r\u00e9sistant et peuvent \u00eatre utilis\u00e9es dans les secteurs les plus divers. De plus, elles sont disponibles en diff\u00e9rents formats et couleurs afin de r\u00e9pondre aux besoins individuels.    <\/p>\n<h2><strong>Des performances parfaites sur les imprimantes laser<\/strong><strong> imprimantes \u00e0 jet d&#8217;encre<\/strong><\/h2>\n<p>Nos \u00e9tiquettes sont con\u00e7ues pour offrir des performances optimales sur les imprimantes laser et jet d&#8217;encre. Cela signifie que vos impressions seront toujours claires et pr\u00e9cises, que vous imprimiez du texte, des images ou des marquages sp\u00e9ciaux comme des codes \u00e0 barres. Gr\u00e2ce aux mat\u00e9riaux de haute qualit\u00e9, l&#8217;adh\u00e9rence des \u00e9tiquettes reste stable, m\u00eame \u00e0 des temp\u00e9ratures d&#8217;impression \u00e9lev\u00e9es. De plus, nous proposons des \u00e9tiquettes qui s&#8217;enl\u00e8vent facilement sans laisser de traces, ce qui est id\u00e9al pour les applications n\u00e9cessitant de la flexibilit\u00e9. M\u00eame apr\u00e8s une utilisation prolong\u00e9e, les \u00e9tiquettes de Labeltech conservent leur forme et leur adh\u00e9rence.    <\/p>\n<p>Pour l&#8217;impression sur ces \u00e9tiquettes, Labeltech propose une large gamme de <a href=\"https:\/\/labeltech.ch\/fr\/produits\/systemes-dimpression\/bureau\/\" title=\"Syst\u00e8mes d'impression de bureau - Imprimantes adapt\u00e9es aux \u00e9tiquettes laser et jet d'encre\">syst\u00e8mes d&#8217;impression de bureau<\/a>.<\/p>\n<h2><strong>Acheter facilement en ligne chez Labeltech<\/strong><\/h2>\n<p>Sur notre site web, vous trouverez un vaste choix d&#8217;\u00e9tiquettes de diff\u00e9rentes tailles et couleurs, qui vous seront livr\u00e9es directement chez vous. Nous accordons une grande importance \u00e0 une navigation conviviale et \u00e0 un traitement rapide des commandes. Nos produits sont soigneusement s\u00e9lectionn\u00e9s afin de vous garantir la meilleure qualit\u00e9 possible. Que vous recherchiez des \u00e9tiquettes vierges ou pr\u00e9-imprim\u00e9es, vous trouverez votre bonheur chez Labeltech.   <\/p>\n<h2><strong>Contactez-nous pour toute question<\/strong><\/h2>\n<div class=\"flex-1 overflow-hidden\">\n<div class=\"h-full\">\n<div class=\"react-scroll-to-bottom--css-wtqdf-79elbk h-full\">\n<div class=\"react-scroll-to-bottom--css-wtqdf-1n7m0yu\">\n<div class=\"flex flex-col text-sm md:pb-9\">\n<article class=\"w-full text-token-text-primary focus-visible:outline-2 focus-visible:outline-offset-[-4px]\" dir=\"auto\" data-testid=\"conversation-turn-21\" data-scroll-anchor=\"true\">\n<div class=\"text-base py-[18px] px-3 md:px-4 m-auto md:px-5 lg:px-1 xl:px-5\">\n<div class=\"mx-auto flex flex-1 gap-4 text-base md:gap-5 lg:gap-6 md:max-w-3xl lg:max-w-[40rem] xl:max-w-[48rem]\">\n<div class=\"group\/conversation-turn relative flex w-full min-w-0 flex-col agent-turn\">\n<div class=\"flex-col gap-1 md:gap-3\">\n<div class=\"flex max-w-full flex-col flex-grow\">\n<div class=\"min-h-[20px] text-message flex w-full flex-col items-end gap-2 whitespace-pre-wrap break-words [.text-message+&amp;]:mt-5 overflow-x-auto\" dir=\"auto\" data-message-author-role=\"assistant\" data-message-id=\"8455c741-345f-4c57-a48f-e72a66092528\">\n<div class=\"flex w-full flex-col gap-1 empty:hidden first:pt-[3px]\">\n<div class=\"markdown prose w-full break-words dark:prose-invert dark\">\n<p>Notre \u00e9quipe est toujours disponible pour r\u00e9pondre \u00e0 vos questions et vous aider \u00e0 choisir les \u00e9tiquettes qui vous conviennent. Chez Labeltech, nous attachons une grande importance \u00e0 la satisfaction de nos clients et nous vous proposons des produits qui se distinguent \u00e0 la fois par leur prix et par leurs performances. Nous sommes impatients d&#8217;optimiser votre processus d&#8217;\u00e9tiquetage.   <a title=\"Contacter maintenant\" href=\"https:\/\/labeltech.ch\/fr\/contact\/\">Contactez-nous<\/a> maintenant.<\/p>\n<\/div>\n<\/div>\n<\/div>\n<\/div>\n<\/div>\n<\/div>\n<\/div>\n<\/div>\n<\/article>\n<\/div>\n<\/div>\n<\/div>\n<\/div>\n<\/div>\n","protected":false},"excerpt":{"rendered":"<p>&nbsp; Taille des feuilles A6, A5, A4 et A3 Tailles  [&#8230;]<\/p>\n","protected":false},"featured_media":1861,"comment_status":"closed","ping_status":"closed","template":"","meta":[],"product_brand":[],"product_cat":[78],"product_tag":[],"class_list":{"0":"post-2681","1":"product","2":"type-product","3":"status-publish","4":"has-post-thumbnail","6":"product_cat-etiquettes","8":"first","9":"instock","10":"shipping-taxable","11":"product-type-external"},"_links":{"self":[{"href":"https:\/\/labeltech.ch\/fr\/wp-json\/wp\/v2\/product\/2681","targetHints":{"allow":["GET"]}}],"collection":[{"href":"https:\/\/labeltech.ch\/fr\/wp-json\/wp\/v2\/product"}],"about":[{"href":"https:\/\/labeltech.ch\/fr\/wp-json\/wp\/v2\/types\/product"}],"replies":[{"embeddable":true,"href":"https:\/\/labeltech.ch\/fr\/wp-json\/wp\/v2\/comments?post=2681"}],"wp:featuredmedia":[{"embeddable":true,"href":"https:\/\/labeltech.ch\/fr\/wp-json\/wp\/v2\/media\/1861"}],"wp:attachment":[{"href":"https:\/\/labeltech.ch\/fr\/wp-json\/wp\/v2\/media?parent=2681"}],"wp:term":[{"taxonomy":"product_brand","embeddable":true,"href":"https:\/\/labeltech.ch\/fr\/wp-json\/wp\/v2\/product_brand?post=2681"},{"taxonomy":"product_cat","embeddable":true,"href":"https:\/\/labeltech.ch\/fr\/wp-json\/wp\/v2\/product_cat?post=2681"},{"taxonomy":"product_tag","embeddable":true,"href":"https:\/\/labeltech.ch\/fr\/wp-json\/wp\/v2\/product_tag?post=2681"}],"curies":[{"name":"wp","href":"https:\/\/api.w.org\/{rel}","templated":true}]}}