{"id":2685,"date":"2019-07-29T15:36:06","date_gmt":"2019-07-29T13:36:06","guid":{"rendered":"https:\/\/labeltech.ch\/produkt\/etiquettes-produit\/"},"modified":"2026-04-17T17:00:26","modified_gmt":"2026-04-17T15:00:26","slug":"etiquettes-produit","status":"publish","type":"product","link":"https:\/\/labeltech.ch\/fr\/produkt\/etiquettes-produit\/","title":{"rendered":"\u00c9tiquettes de produits"},"content":{"rendered":"<ul class=\"csc-bulletlist csc-bulletlist-0\">\n<li class=\"odd\">Petits et grands tirages (500 ex. &#8211; millions de tirages)<\/li>\n<li class=\"even\">Disponible en impression monochrome ou polychrome<\/li>\n<li class=\"odd\">4&#8217;000 tailles standard diff\u00e9rentes ( = outils de d\u00e9coupe)<\/li>\n<li class=\"even\">Grand choix de papiers standard et de mat\u00e9riaux synth\u00e9tiques<\/li>\n<li class=\"odd\">Livrets, \u00e9tiquettes multipages et dry peel<\/li>\n<li class=\"even\">Fortement adh\u00e9sif, adh\u00e9sif permanent, d\u00e9tachable, facilement d\u00e9tachable<\/li>\n<li class=\"odd\">caoutchoucs de qualit\u00e9 alimentaire<\/li>\n<li class=\"even\">Disponible \u00e9galement en version partiellement caoutchout\u00e9e<\/li>\n<li class=\"odd\">Avec des d\u00e9coupes sp\u00e9ciales dans la partie sup\u00e9rieure<\/li>\n<li class=\"even\">Livraison en rouleaux, en kits, \u00e0 l&#8217;unit\u00e9 et en bo\u00eetes en carton<\/li>\n<\/ul>\n<h2>\u00c9tiquettes de produits de Labeltech<\/h2>\n<p>Chez Labeltech, nous sommes des fabricants de premier plan d&#8217;\u00e9tiquettes de produits de haute qualit\u00e9. Notre soci\u00e9t\u00e9 propose une large gamme de solutions d&#8217;\u00e9tiquetage qui garantissent la qualit\u00e9 et la durabilit\u00e9 de chaque \u00e9tiquette. Nos \u00e9tiquettes donnent un visage \u00e0 vos biens et servent d&#8217;outils de communication importants pour les consommateurs. Que vous souhaitiez imprimer des \u00e9tiquettes pour des produits alimentaires, cosm\u00e9tiques ou autres, vous trouverez la solution parfaite chez Labeltech.   <\/p>\n<h2>Qualit\u00e9 et mat\u00e9riaux<\/h2>\n<p>Les \u00e9tiquettes de nos produits se distinguent par leur grande qualit\u00e9 et leur durabilit\u00e9. Elles sont fabriqu\u00e9es \u00e0 partir de diff\u00e9rents mat\u00e9riaux, notamment le carton, le plastique, le film transparent, etc. Cette vari\u00e9t\u00e9 de mat\u00e9riaux nous permet de proposer une finition adapt\u00e9e \u00e0 chaque emballage et de r\u00e9pondre aux besoins sp\u00e9cifiques de nos clients. <\/p>\n<h2>Personnalisation et conception de chaque \u00e9tiquette<\/h2>\n<p>Nous offrons de vastes possibilit\u00e9s de personnalisation des \u00e9tiquettes de vos produits. Vous pouvez ainsi cr\u00e9er des designs uniques qui r\u00e9pondent \u00e0 vos besoins. Nos \u00e9tiquettes peuvent \u00eatre personnalis\u00e9es et recevoir diff\u00e9rentes techniques de finition, comme le pelliculage et le vernis de protection.  <\/p>\n<h2>Avantages de nos \u00e9tiquettes de produits pour diff\u00e9rents produits<\/h2>\n<p>Nos \u00e9tiquettes de produits offrent de nombreux avantages et peuvent \u00eatre utilis\u00e9es dans diff\u00e9rents domaines. Qu&#8217;il s&#8217;agisse de produits alimentaires, de cosm\u00e9tiques, de spiritueux ou d&#8217;autres produits, vous trouverez chez Labeltech des \u00e9tiquettes adapt\u00e9es \u00e0 chaque domaine. Nos \u00e9tiquettes de produits peuvent ainsi \u00eatre utilis\u00e9es de mani\u00e8re optimale dans la vente au d\u00e9tail, le commerce \u00e9lectronique, la production et bien d&#8217;autres secteurs.  <\/p>\n<p>Vous trouverez les syst\u00e8mes d&#8217;impression adapt\u00e9s \u00e0 ces \u00e9tiquettes de produits dans diff\u00e9rentes quantit\u00e9s d&#8217;impression et r\u00e9solutions dans l&#8217;<a href=\"https:\/\/labeltech.ch\/fr\/produits\/systemes-dimpression\/\" title=\"Syst\u00e8mes d'impression - Toutes les imprimantes pour l'impression d'\u00e9tiquettes de produits\">aper\u00e7u des syst\u00e8mes d&#8217;impression<\/a>.<\/p>\n<h3>Avantages des \u00e9tiquettes de produits<\/h3>\n<ol>\n<li><strong>Qualit\u00e9 d&#8217;impression exceptionnelle :<\/strong> gr\u00e2ce \u00e0 des technologies d&#8217;impression de pointe, nous garantissons une qualit\u00e9 d&#8217;impression de premier ordre qui met en valeur vos produits et leur conf\u00e8re un aspect raffin\u00e9.<\/li>\n<li><strong>R\u00e9sistance :<\/strong> nous proposons des \u00e9tiquettes qui r\u00e9sistent \u00e0 l&#8217;humidit\u00e9, aux variations de temp\u00e9rature et \u00e0 d&#8217;autres facteurs environnementaux, ce qui prolonge leur dur\u00e9e de vie et garantit la qualit\u00e9 de l&#8217;emballage de vos produits.<\/li>\n<li><strong>Polyvalence :<\/strong> les \u00e9tiquettes de produits de Labeltech sont disponibles dans diff\u00e9rents mat\u00e9riaux, ce qui les rend adapt\u00e9es \u00e0 diff\u00e9rentes applications et surfaces.<\/li>\n<\/ol>\n<h3>Exemples d&#8217;applications<\/h3>\n<ul>\n<li><strong>Alimentaire :<\/strong> nos \u00e9tiquettes de qualit\u00e9 alimentaire sont parfaitement adapt\u00e9es \u00e0 l&#8217;\u00e9tiquetage des emballages alimentaires. Elles peuvent contenir des informations nutritionnelles, des codes \u00e0 barres et d&#8217;autres informations importantes. <\/li>\n<li><strong>Produits cosm\u00e9tiques :<\/strong> Pour les produits cosm\u00e9tiques, nous proposons des \u00e9tiquettes \u00e9l\u00e9gantes et durables qui r\u00e9sistent aux conditions les plus difficiles. Elles peuvent \u00eatre personnalis\u00e9es pour renforcer l&#8217;identit\u00e9 de la marque. <\/li>\n<li><strong>Spiritueux :<\/strong> nos \u00e9tiquettes de bouteilles de haute qualit\u00e9 donnent aux spiritueux une apparence raffin\u00e9e et assurent une pr\u00e9sentation attrayante dans les rayons.<\/li>\n<li><strong>D&#8217;autres applications sont possibles :<\/strong> Nos \u00e9tiquettes conviennent \u00e9galement \u00e0 d&#8217;autres produits de toutes sortes, qu&#8217;il s&#8217;agisse de conteneurs, d&#8217;emballages de produits ou d&#8217;exigences sp\u00e9cifiques comme les \u00e9tiquettes pour rouleaux.<\/li>\n<\/ul>\n<h2>Particularit\u00e9s pour les \u00e9tiquettes alimentaires<\/h2>\n<p>Pour pouvoir utiliser des \u00e9tiquettes pour les produits alimentaires, celles-ci doivent r\u00e9pondre \u00e0 certaines exigences importantes.<\/p>\n<ol>\n<li><strong>Aptitude au contact alimentaire<\/strong>: les \u00e9tiquettes et leurs encres doivent \u00eatre aptes au contact alimentaire. Cela signifie qu&#8217;elles ne doivent pas \u00e9mettre de substances nocives qui pourraient passer dans les aliments. Cela est garanti par des contr\u00f4les et des certifications stricts.  <\/li>\n<li><strong>Contenu informatif<\/strong>: conform\u00e9ment \u00e0 la l\u00e9gislation suisse sur les denr\u00e9es alimentaires, certaines informations doivent figurer clairement sur les \u00e9tiquettes. Il s&#8217;agit notamment du nom de l&#8217;aliment, de la liste des ingr\u00e9dients, des allerg\u00e8nes, des informations nutritionnelles, de la DLC ou de la date limite de consommation, du nom et de l&#8217;adresse du fabricant \/ emballeur ou du vendeur et de la quantit\u00e9 de l&#8217;aliment. <\/li>\n<li><strong>Durabilit\u00e9 et r\u00e9sistance<\/strong>: les \u00e9tiquettes doivent r\u00e9sister \u00e0 diff\u00e9rentes conditions de stockage et de transport. Elles ne doivent ni se d\u00e9colorer ni se d\u00e9tacher afin de garantir que les informations importantes restent lisibles \u00e0 tout moment. <\/li>\n<\/ol>\n<h2>Votre partenaire pour des \u00e9tiquettes de produits de qualit\u00e9<\/h2>\n<p>Labeltech est synonyme de qualit\u00e9 sup\u00e9rieure, de solutions innovantes et d&#8217;un excellent service client. Nos \u00e9tiquettes de produits sont le choix id\u00e9al pour une grande vari\u00e9t\u00e9 d&#8217;applications et offrent une solution professionnelle et durable \u00e0 vos besoins individuels. Faites confiance \u00e0 notre expertise pour donner \u00e0 vos produits ce petit quelque chose en plus qui fera une premi\u00e8re impression positive aux clients potentiels.  <\/p>\n","protected":false},"excerpt":{"rendered":"<p>Petits et grands tirages (500 ex. &#8211; millions de tirages)  [&#8230;]<\/p>\n","protected":false},"featured_media":11521,"comment_status":"closed","ping_status":"closed","template":"","meta":[],"product_brand":[],"product_cat":[78],"product_tag":[],"class_list":{"0":"post-2685","1":"product","2":"type-product","3":"status-publish","4":"has-post-thumbnail","6":"product_cat-etiquettes","8":"first","9":"instock","10":"shipping-taxable","11":"product-type-simple"},"_links":{"self":[{"href":"https:\/\/labeltech.ch\/fr\/wp-json\/wp\/v2\/product\/2685","targetHints":{"allow":["GET"]}}],"collection":[{"href":"https:\/\/labeltech.ch\/fr\/wp-json\/wp\/v2\/product"}],"about":[{"href":"https:\/\/labeltech.ch\/fr\/wp-json\/wp\/v2\/types\/product"}],"replies":[{"embeddable":true,"href":"https:\/\/labeltech.ch\/fr\/wp-json\/wp\/v2\/comments?post=2685"}],"wp:featuredmedia":[{"embeddable":true,"href":"https:\/\/labeltech.ch\/fr\/wp-json\/wp\/v2\/media\/11521"}],"wp:attachment":[{"href":"https:\/\/labeltech.ch\/fr\/wp-json\/wp\/v2\/media?parent=2685"}],"wp:term":[{"taxonomy":"product_brand","embeddable":true,"href":"https:\/\/labeltech.ch\/fr\/wp-json\/wp\/v2\/product_brand?post=2685"},{"taxonomy":"product_cat","embeddable":true,"href":"https:\/\/labeltech.ch\/fr\/wp-json\/wp\/v2\/product_cat?post=2685"},{"taxonomy":"product_tag","embeddable":true,"href":"https:\/\/labeltech.ch\/fr\/wp-json\/wp\/v2\/product_tag?post=2685"}],"curies":[{"name":"wp","href":"https:\/\/api.w.org\/{rel}","templated":true}]}}