{"id":2693,"date":"2019-07-29T15:32:40","date_gmt":"2019-07-29T13:32:40","guid":{"rendered":"https:\/\/labeltech.ch\/produkt\/etiquette-rfid\/"},"modified":"2026-04-17T16:59:54","modified_gmt":"2026-04-17T14:59:54","slug":"etiquette-rfid","status":"publish","type":"product","link":"https:\/\/labeltech.ch\/fr\/produkt\/etiquette-rfid\/","title":{"rendered":"\u00c9tiquettes RFID"},"content":{"rendered":"<p>Dans le monde moderne, les technologies RFID jouent un r\u00f4le crucial dans l&#8217;automatisation et l&#8217;optimisation des processus. Chez Labeltech, nous sommes fiers d&#8217;offrir \u00e0 nos clients des \u00e9tiquettes RFID de haute qualit\u00e9 et des syst\u00e8mes RFID personnalis\u00e9s qui r\u00e9pondent aux besoins vari\u00e9s d&#8217;un grand nombre de secteurs. Nos solutions sont indispensables dans un grand nombre de secteurs, de la logistique \u00e0 la vente au d\u00e9tail en passant par l&#8217;industrie. Nous mettons tout en \u0153uvre pour offrir \u00e0 nos clients les meilleurs produits et le meilleur service.   <\/p>\n<h2>Que sont les \u00e9tiquettes RFID ?<\/h2>\n<p>Les \u00e9tiquettes RFID que nous proposons chez Labeltech sont constitu\u00e9es d&#8217;une micropuce et d&#8217;une antenne int\u00e9gr\u00e9es dans une \u00e9tiquette. Ces \u00e9tiquettes permettent la transmission sans fil de donn\u00e9es qui peuvent \u00eatre lues par un lecteur RFID. Il existe diff\u00e9rents types d&#8217;\u00e9tiquettes RFID, notamment les \u00e9tiquettes passives, qui ne n\u00e9cessitent pas leur propre alimentation \u00e9lectrique, et les \u00e9tiquettes actives, qui sont \u00e9quip\u00e9es d&#8217;une batterie et offrent donc une plus grande port\u00e9e. Le choix de l&#8217;\u00e9tiquette RFID appropri\u00e9e d\u00e9pend de l&#8217;application sp\u00e9cifique, qu&#8217;il s&#8217;agisse de la port\u00e9e de lecture requise, de la fr\u00e9quence utilis\u00e9e ou de l&#8217;environnement dans lequel l&#8217;\u00e9tiquette est utilis\u00e9e.   <\/p>\n<h2>Notre s\u00e9lection de tags RFID<\/h2>\n<p>Vous trouverez dans notre gamme une grande vari\u00e9t\u00e9 de tags RFID r\u00e9pondant \u00e0 diff\u00e9rents besoins :<\/p>\n<ul>\n<li><strong>\u00c9tiquettes UHF (Ultra Haute Fr\u00e9quence)<\/strong>: Ces \u00e9tiquettes sont id\u00e9ales pour les applications n\u00e9cessitant une plus grande port\u00e9e de lecture, comme dans les grands entrep\u00f4ts. Ils fonctionnent dans la gamme de fr\u00e9quences de 865 \u00e0 960 MHz et offrent une identification fiable sur de plus longues distances. <\/li>\n<li><strong>Les tags HF (haute fr\u00e9quence)<\/strong>: Ces tags sont souvent utilis\u00e9s dans les syst\u00e8mes de contr\u00f4le d&#8217;acc\u00e8s et pour les paiements sans contact.<\/li>\n<li><strong>Les tags LF (basse fr\u00e9quence)<\/strong>: Ces tags sont particuli\u00e8rement utiles dans les environnements difficiles, comme l&#8217;identification des animaux ou le secteur industriel, o\u00f9 le couplage inductif est un avantage.<\/li>\n<\/ul>\n<p>Les \u00e9tiquettes RFID que nous proposons offrent des avantages sp\u00e9cifiques en termes de fr\u00e9quence, de port\u00e9e, de modulation et d&#8217;applications possibles.<\/p>\n<h2>\u00c9tiquettes RFID d&#8217;Avery Dennison<\/h2>\n<p class=\"bodytext\">En tant que fabricant d&#8217;inlays RFID, Avery Dennison travaille sans rel\u00e2che \u00e0 l&#8217;am\u00e9lioration de ses produits afin de relever les d\u00e9fis qui se pr\u00e9sentent sur le terrain et d&#8217;int\u00e9grer les derni\u00e8res technologies.<\/p>\n<p class=\"bodytext\">La technologie RFID d&#8217;Avery Dennison permet \u00e0 de nombreuses entreprises du monde entier de r\u00e9duire leurs co\u00fbts et d&#8217;augmenter leurs ventes et leur productivit\u00e9.<\/p>\n<p class=\"bodytext\">Nous fabriquons des \u00e9tiquettes et des tags intelligents RFID pour la gamme de fr\u00e9quences HF ou UHF, sp\u00e9cialement con\u00e7us pour \u00eatre utilis\u00e9s avec toutes les grandes marques d&#8217;imprimantes\/encodeurs RFID.<\/p>\n<p>Vous trouverez des imprimantes et des encodeurs adapt\u00e9s \u00e0 ces \u00e9tiquettes RFID dans la cat\u00e9gorie <a href=\"https:\/\/labeltech.ch\/fr\/produits\/systemes-dimpression\/rfid\/\" title=\"Syst\u00e8mes d'impression RFID - Imprimantes et encodeurs pour \u00e9tiquettes RFID\">Syst\u00e8mes d&#8217;impression RFID<\/a> de Labeltech.<\/p>\n<h2>Les avantages de la technologie RFID<\/h2>\n<p>Les \u00e9tiquettes RFID offrent de nombreux avantages par rapport aux m\u00e9thodes d&#8217;identification traditionnelles telles que les codes \u00e0 barres. Elles permettent de d\u00e9tecter plusieurs objets \u00e0 la fois, ne n\u00e9cessitent pas de contact visuel direct et peuvent \u00eatre utilis\u00e9es dans des environnements exigeants. De m\u00eame, elles fonctionnent dans diff\u00e9rentes gammes de fr\u00e9quences telles que LF, HF et UHF. Les \u00e9tiquettes RFID passives offrent \u00e9galement une solution \u00e9conomique, car elles ne n\u00e9cessitent pas d&#8217;alimentation \u00e9lectrique propre et tirent leur \u00e9nergie du champ \u00e9lectromagn\u00e9tique du lecteur.   <\/p>\n<p>Certains des principaux avantages de nos solutions RFID incluent<\/p>\n<ul>\n<li><strong>Grande port\u00e9e de lecture<\/strong>: nos tags UHF couvrent des distances de plusieurs m\u00e8tres, ce qui permet une grande flexibilit\u00e9.<\/li>\n<li><strong>Durabilit\u00e9<\/strong>: nos \u00e9tiquettes RFID sont robustes et peuvent \u00eatre utilis\u00e9es dans des conditions extr\u00eames.<\/li>\n<li><strong>Efficacit\u00e9<\/strong>: La RFID am\u00e9liore l&#8217;efficacit\u00e9 gr\u00e2ce \u00e0 une collecte rapide et pr\u00e9cise des donn\u00e9es.<\/li>\n<li><strong>Fiabilit\u00e9<\/strong>: nos \u00e9tiquettes RFID offrent une transmission stable des donn\u00e9es, m\u00eame dans des environnements \u00e0 fortes interf\u00e9rences \u00e9lectromagn\u00e9tiques.<\/li>\n<\/ul>\n<p>La fiabilit\u00e9 de nos syst\u00e8mes RFID fait que vous pouvez compter sur eux dans tous les environnements, qu&#8217;il s&#8217;agisse d&#8217;applications industrielles ou d&#8217;applications critiques en mati\u00e8re de s\u00e9curit\u00e9.<\/p>\n<h2>Applications de nos \u00e9tiquettes RFID dans diff\u00e9rents secteurs d&#8217;activit\u00e9<\/h2>\n<p>Nos \u00e9tiquettes et syst\u00e8mes RFID sont utilis\u00e9s dans de nombreux secteurs. Dans la logistique, ils permettent un suivi pr\u00e9cis des marchandises et des stocks. Dans le commerce de d\u00e9tail, ils am\u00e9liorent la gestion des stocks et offrent une meilleure exp\u00e9rience client. Dans l&#8217;industrie, ils aident \u00e0 identifier et \u00e0 suivre les outils et les machines. Dans l&#8217;agriculture, les syst\u00e8mes RFID sont \u00e9galement utilis\u00e9s pour l&#8217;identification et le suivi des animaux, ce qui am\u00e9liore l&#8217;efficacit\u00e9 et la s\u00e9curit\u00e9 de l&#8217;exploitation.    <\/p>\n<h2>Pourquoi vous devriez nous faire confiance pour les solutions RFID<\/h2>\n<p>Chez Labeltech, nous accordons une grande importance \u00e0 la qualit\u00e9 et \u00e0 la satisfaction de nos clients. Les \u00e9tiquettes RFID que nous proposons sont fabriqu\u00e9es selon les normes les plus strictes et vous offrent une solution fiable pour vos besoins d&#8217;identification. Gr\u00e2ce \u00e0 notre longue exp\u00e9rience dans le secteur et \u00e0 notre vaste savoir-faire en mati\u00e8re de technologie RFID, nous sommes en mesure de vous proposer les meilleurs produits et services. Les solutions RFID que nous proposons int\u00e8grent des transpondeurs et des lecteurs RFID de pointe, sp\u00e9cialement con\u00e7us pour r\u00e9pondre aux besoins de votre secteur. Nous proposons \u00e9galement une<a title=\"Contacter maintenant\" href=\"https:\/\/labeltech.ch\/fr\/contact\/\"> assistance<\/a> technique compl\u00e8te pour vous aider \u00e0 exploiter pleinement le potentiel de nos syst\u00e8mes RFID.    <\/p>\n","protected":false},"excerpt":{"rendered":"<p>Dans le monde moderne, les technologies RFID jouent un r\u00f4le  [&#8230;]<\/p>\n","protected":false},"featured_media":1860,"comment_status":"closed","ping_status":"closed","template":"","meta":[],"product_brand":[],"product_cat":[78],"product_tag":[],"class_list":{"0":"post-2693","1":"product","2":"type-product","3":"status-publish","4":"has-post-thumbnail","6":"product_cat-etiquettes","8":"first","9":"instock","10":"shipping-taxable","11":"product-type-simple"},"_links":{"self":[{"href":"https:\/\/labeltech.ch\/fr\/wp-json\/wp\/v2\/product\/2693","targetHints":{"allow":["GET"]}}],"collection":[{"href":"https:\/\/labeltech.ch\/fr\/wp-json\/wp\/v2\/product"}],"about":[{"href":"https:\/\/labeltech.ch\/fr\/wp-json\/wp\/v2\/types\/product"}],"replies":[{"embeddable":true,"href":"https:\/\/labeltech.ch\/fr\/wp-json\/wp\/v2\/comments?post=2693"}],"wp:featuredmedia":[{"embeddable":true,"href":"https:\/\/labeltech.ch\/fr\/wp-json\/wp\/v2\/media\/1860"}],"wp:attachment":[{"href":"https:\/\/labeltech.ch\/fr\/wp-json\/wp\/v2\/media?parent=2693"}],"wp:term":[{"taxonomy":"product_brand","embeddable":true,"href":"https:\/\/labeltech.ch\/fr\/wp-json\/wp\/v2\/product_brand?post=2693"},{"taxonomy":"product_cat","embeddable":true,"href":"https:\/\/labeltech.ch\/fr\/wp-json\/wp\/v2\/product_cat?post=2693"},{"taxonomy":"product_tag","embeddable":true,"href":"https:\/\/labeltech.ch\/fr\/wp-json\/wp\/v2\/product_tag?post=2693"}],"curies":[{"name":"wp","href":"https:\/\/api.w.org\/{rel}","templated":true}]}}